{"id":1012,"date":"2021-03-20T18:28:55","date_gmt":"2021-03-20T17:28:55","guid":{"rendered":"https:\/\/bis-art.com\/?page_id=1012"},"modified":"2024-08-03T09:35:48","modified_gmt":"2024-08-03T07:35:48","slug":"david-nash","status":"publish","type":"page","link":"https:\/\/bis-art.com\/index.php\/david-nash\/","title":{"rendered":"David Nash"},"content":{"rendered":"\n<div style=\"height:60px\" aria-hidden=\"true\" class=\"wp-block-spacer\"><\/div>\n\n\n<h3><span style=\"color: #b12763;\"><a style=\"color: #b12763;\" href=\"https:\/\/bis-art.com\/index.php\/edition-2018\/\">\u00c9dition 2018<\/a><\/span><\/h3>\n\n\n<div class=\"wp-block-columns\">\n<div class=\"wp-block-column\">\n<h2>David Nash<\/h2>\n<p>n\u00e9 en 1945 \u00e0 Esher (Angleterre). Vit et travaille \u00e0 Blaenau Ffestiniog (Pays de Galles).&nbsp;<\/p>\n<p>David Nash travaille depuis les ann\u00e9es 1970 \u00e0 Blaenau Ffestiniog, dans une ancienne chapelle qu\u2019il a convertie en studio. Sculpteur d\u2019atelier comme d\u2019ext\u00e9rieur \u2014 il travaille parfois directement en for\u00eat \u2014, toute sa cr\u00e9ation se con\u00e7oit comme un long dialogue avec la nature. David Nash n\u2019incarne pas cette figure de l\u2019artiste- d\u00e9miurge, insufflant la vie \u00e0 la mati\u00e8re, plut\u00f4t celle d\u2019un homme agissant en compl\u00e8te \u00e9conomie avec son mat\u00e9riau. Celui qu\u2019il privil\u00e9gie est le bois pour la diversit\u00e9 de ses essences et de ses propri\u00e9t\u00e9s : masse, densit\u00e9, texture, ligne, r\u00e9sistance, couleur.&nbsp;<\/p>\n<p>David Nash refuse de consid\u00e9rer la mati\u00e8re qu\u2019il emploie comme masse inerte. Ainsi, le bois lui fournit \u00e0 la fois une source d\u2019inspiration et d\u2019\u00e9tude, une mati\u00e8re premi\u00e8re et un horizon.&nbsp;<em>Torso&nbsp;<\/em>(2011) est une pi\u00e8ce en bronze repr\u00e9sentant un large tronc (l\u00e9g\u00e8rement vrill\u00e9 et tr\u00e8s nervur\u00e9) et \u00e0 l\u2019origine de ses deux branches radicales coup\u00e9es, joue avec les jeux d\u2019\u00e9vocation de la nature et de l\u2019histoire de l\u2019art. Ce faux-tronc \u00e9voque effectivement les torses vrill\u00e9s et expressifs de la sculpture grecque dans sa p\u00e9riode hell\u00e9nistique (peut-\u00eatre une r\u00e9f\u00e9rence au Laocoon).&nbsp;<\/p>\n<\/div>\n\n\n\n<div class=\"wp-block-column\">\n<p style=\"text-align: right;\"><strong data-rich-text-format-boundary=\"true\">Torso, 2011<\/strong><br data-rich-text-line-break=\"true\" \/>Bronze 4 exemplaires<br data-rich-text-line-break=\"true\" \/>196 x 94 x 61 cm<br data-rich-text-line-break=\"true\" \/>Courtesy de l\u2019artiste et de la Galerie Lelong &amp; Co<br data-rich-text-line-break=\"true\" \/>\u0152uvre install\u00e9e gr\u00e2ce au soutien de la Galerie Lelong &amp; Co<\/p>\n<\/div>\n<\/div>\n\n\n<h3 style=\"text-align: right;\"><span style=\"color: #b12763;\"><a style=\"color: #b12763;\" href=\"https:\/\/bis-art.com\/index.php\/edition-2018\/\">&gt; \u00c9dition 2018<\/a><\/span><\/h3>\n\n\n<div style=\"height:100px\" aria-hidden=\"true\" class=\"wp-block-spacer\"><\/div>\n","protected":false},"excerpt":{"rendered":"<p>\u00c9dition 2018 David Nash n\u00e9 en 1945 \u00e0 Esher (Angleterre). Vit et travaille \u00e0 Blaenau Ffestiniog (Pays de Galles).&nbsp; David Nash travaille depuis les ann\u00e9es 1970 \u00e0 Blaenau Ffestiniog, dans une ancienne chapelle qu\u2019il a convertie en studio. Sculpteur d\u2019atelier comme d\u2019ext\u00e9rieur \u2014 il travaille parfois directement en for\u00eat \u2014, toute sa cr\u00e9ation se con\u00e7oit &hellip;<\/p>\n<p class=\"read-more\"> <a class=\"\" href=\"https:\/\/bis-art.com\/index.php\/david-nash\/\"> <span class=\"screen-reader-text\">David Nash<\/span> Lire la suite \u00bb<\/a><\/p>\n","protected":false},"author":1,"featured_media":0,"parent":0,"menu_order":0,"comment_status":"closed","ping_status":"closed","template":"","meta":{"site-sidebar-layout":"default","site-content-layout":"default","ast-global-header-display":"","ast-main-header-display":"","ast-hfb-above-header-display":"","ast-hfb-below-header-display":"","ast-hfb-mobile-header-display":"","site-post-title":"disabled","ast-breadcrumbs-content":"","ast-featured-img":"","footer-sml-layout":"","theme-transparent-header-meta":"default","adv-header-id-meta":"","stick-header-meta":"default","header-above-stick-meta":"","header-main-stick-meta":"","header-below-stick-meta":""},"_links":{"self":[{"href":"https:\/\/bis-art.com\/index.php\/wp-json\/wp\/v2\/pages\/1012"}],"collection":[{"href":"https:\/\/bis-art.com\/index.php\/wp-json\/wp\/v2\/pages"}],"about":[{"href":"https:\/\/bis-art.com\/index.php\/wp-json\/wp\/v2\/types\/page"}],"author":[{"embeddable":true,"href":"https:\/\/bis-art.com\/index.php\/wp-json\/wp\/v2\/users\/1"}],"replies":[{"embeddable":true,"href":"https:\/\/bis-art.com\/index.php\/wp-json\/wp\/v2\/comments?post=1012"}],"version-history":[{"count":4,"href":"https:\/\/bis-art.com\/index.php\/wp-json\/wp\/v2\/pages\/1012\/revisions"}],"predecessor-version":[{"id":3580,"href":"https:\/\/bis-art.com\/index.php\/wp-json\/wp\/v2\/pages\/1012\/revisions\/3580"}],"wp:attachment":[{"href":"https:\/\/bis-art.com\/index.php\/wp-json\/wp\/v2\/media?parent=1012"}],"curies":[{"name":"wp","href":"https:\/\/api.w.org\/{rel}","templated":true}]}}