{"id":1035,"date":"2021-03-21T16:05:28","date_gmt":"2021-03-21T15:05:28","guid":{"rendered":"https:\/\/bis-art.com\/?page_id=1035"},"modified":"2024-08-03T09:50:58","modified_gmt":"2024-08-03T07:50:58","slug":"isabelle-giovacchini","status":"publish","type":"page","link":"https:\/\/bis-art.com\/index.php\/isabelle-giovacchini\/","title":{"rendered":"Isabelle Giovacchini"},"content":{"rendered":"\n<div style=\"height:60px\" aria-hidden=\"true\" class=\"wp-block-spacer\"><\/div>\n\n\n<h3><span style=\"color: #b12763;\"><a style=\"color: #b12763;\" href=\"https:\/\/bis-art.com\/index.php\/edition-2018\/\">\u00c9dition 2018<\/a><\/span><\/h3>\n\n\n<div class=\"wp-block-columns\">\n<div class=\"wp-block-column\">\n<h2>Isabelle Giovacchini<\/h2>\n<p>n\u00e9e en 1982. Vit et travaille dans la r\u00e9gion ni\u00e7oise.<\/p>\n<p>Dipl\u00f4m\u00e9e en 2006 de l\u2019\u00c9cole Nationale Sup\u00e9rieure de la Photographie d\u2019Arles, Isabelle Giovacchini a particip\u00e9 \u00e0 de nombreuses expositions, notamment&nbsp;au FRAC Languedoc-Roussillon (Montpellier), \u00e0 la galerie Xippas (Paris),&nbsp;\u00e0 l\u2019Espace de l\u2019Art Concret (Mouans- Sartoux), au CCC (Tours), au Mus\u00e9e d\u2019Art Moderne et d\u2019Art Contemporain (Nice),\u2028au Centre Photographique d\u2019Ile-de-France (Pontault- Combault), au Centre d\u2019Art Bernard Anthonioz (Nogent-sur-Marne), au FRAC Franche-Comt\u00e9&#8230;&nbsp;<\/p>\n<p>Plusieurs expositions personnelles lui&nbsp;ont \u00e9t\u00e9 consacr\u00e9es, \u00e0 la galerie Isabelle Gounod (Paris), la Biennale d\u2019Art Contemporain de Bourges, \u00e0 l\u2019Espace \u00c0 VENDRE (Nice), \u00e0 la galerie des Jours de Lune (Metz).&nbsp;<\/p>\n<p>Sollicitant une gestuelle faite d\u2019effacements et recouvrements, de coupes et d\u2019assemblages, elle exp\u00e9rimente \u00e0 partir d\u2019images impr\u00e9gn\u00e9es par la science, la narration, l\u2019immat\u00e9riel. Pour la Biennale, Isabelle Giovacchini r\u00e9alise G\u00e9omancie, une sculpture de sel et de marbre pos\u00e9e sur une plaque de pierre. En prenant pour origine \u00ab le fait qu\u2019en puissance, la mer M\u00e9diterran\u00e9e est autant un immense lac sal\u00e9 qu\u2019une cha\u00eene montagneuse \u00bb, elle a retourn\u00e9 ce lac imaginaire pour dresser son double en n\u00e9gatif.&nbsp;<\/p>\n<p><em>G\u00e9omancie :<\/em>&nbsp;Divination par la terre.&nbsp;<\/p>\n<p><em>\u00ab Comment te dire le bleu profond de cette mer ? C\u2019est du saphir, mais du saphir vivant ; [&#8230;] Et la cr\u00eate de cette houle de saphir est faite en poussi\u00e8re de diamants liquides, qui s\u2019envole comme une aigrette l\u00e9g\u00e8re, \u00e0 travers laquelle&nbsp;le soleil fait passer l\u2019arc-en-ciel. \u00bb\u2028&nbsp;<\/em>Marcel Schwob,&nbsp;<em>Le Voyage \u00e0 Samoa \u2013 Lettres&nbsp;\u00e0 Marguerite Moreno,<\/em>&nbsp;le 24 octobre 1901 \u00e0 10h du matin sur le paquebot Ville de la Ciotat.&nbsp;<\/p>\n<p>Pour les personnes qui connaissent la mer uniquement du point de vue des c\u00f4tes oc\u00e9aniques, le spectacle de la mer M\u00e9diterran\u00e9e a quelque chose de confondant du fait de son calme. Les oc\u00e9ans viennent se cogner contre les reliefs du littoral, comme pour le remodeler, et la mer M\u00e9diterran\u00e9e se tient l\u00e0, presque trop paisible. Ses vagues peuvent pr\u00eater \u00e0 sourire pour qui a crois\u00e9 d\u2019autres \u00e9tendues. Quasiment referm\u00e9e sur elle-m\u00eame, elle ressemble \u00e0 un grand lac sal\u00e9.&nbsp;<\/p>\n<p>C\u2019est par ses rebords et ses fonds que la M\u00e9diterran\u00e9e est anim\u00e9e. Elle vit \u00e0 cheval entre deux plaques : au Nord, l\u2019Eurasienne, au Sud, l\u2019Africaine. Elle est de fait \u00e0 la fois unie et divis\u00e9e, apparemment lisse mais en perp\u00e9tuel mouvement jusque dans ses fondements.&nbsp;<\/p>\n<p>Au gr\u00e9 des tremblements de terre et des s\u00e9ismes, la cro\u00fbte terrestre qui la tapisse change de forme ; une cha\u00eene montagneuse submerg\u00e9e se cr\u00e9e hors de notre vue. Les Alpes se sont form\u00e9es de cette fa\u00e7on. On y trouve encore des fossiles pour t\u00e9moigner de cette \u00e8re r\u00e9volue.&nbsp;<\/p>\n<p>\u00c0 l\u2019Ouest, la M\u00e9diterran\u00e9e s\u2019ouvre sur l\u2019oc\u00e9an Atlantique via le D\u00e9troit de Gibraltar. Un jour, les plaques Eurasienne et Africaine rentreront encore une fois en collision, et Gibraltar dispara\u00eetra pour laisser place \u00e0 un lac.&nbsp;<\/p>\n<p>Du fait de la mont\u00e9e des temp\u00e9ratures et de l\u2019\u00e9vaporation de l\u2019eau, celle qui le constituera sera tr\u00e8s dense et sal\u00e9e. Il ne faut pas pousser l\u2019imagination tr\u00e8s loin pour anticiper et se repr\u00e9senter, bien plus tard, un immense bassin contenant en son centre un nouveau massif montagneux qui un jour poindra et le divisera jusqu\u2019\u00e0 ce que toute l\u2019eau disparaisse, faisant place \u00e0 un paysage p\u00e9trifi\u00e9.&nbsp;<\/p>\n<p>Pour la Biennale internationale de Saint-Paul de Vence, Isabelle Giovacchini a r\u00e9pondu \u00e0&nbsp;la th\u00e9matique \u00ab M\u00e9dia-terra \u00bb, la mer entre deux terres en prenant pour point de d\u00e9part le fait qu\u2019en puissance, la mer M\u00e9diterran\u00e9e est autant un immense lac sal\u00e9 qu\u2019une cha\u00eene montagneuse. Elle contient d\u00e9j\u00e0 en son sein cette forme qui ne demande qu\u2019\u00e0 \u00eatre r\u00e9v\u00e9l\u00e9e.&nbsp;<\/p>\n<p>Elle a souhait\u00e9 retourner la M\u00e9diterran\u00e9e pour en faire une \u00eele montagneuse. L\u2019artiste a r\u00e9alis\u00e9, en imaginant le relief de ses fonds marins, un mod\u00e8le r\u00e9duit de sa masse.&nbsp;<\/p>\n<p>Sa forme est d\u00e9limit\u00e9e par les contours actuels de la M\u00e9diterran\u00e9e, referm\u00e9s de fa\u00e7on \u00e0 oblit\u00e9rer le D\u00e9troit de Gibraltar. Elle a pos\u00e9 le n\u00e9gatif obtenu sur une plaque de pierre bleue incrust\u00e9e de fossiles de coquillages. L\u2019ensemble est maintenu en hauteur comme d\u2019une table d\u2019orientation qui pr\u00e9senterait un paysage, invisible mais peut-\u00eatre \u00e0 venir.&nbsp;<\/p>\n<p><\/p>\n<\/div>\n\n\n\n<div class=\"wp-block-column\">\n<p style=\"text-align: right;\"><strong data-rich-text-format-boundary=\"true\">G\u00e9omancie, 2018<\/strong><br data-rich-text-line-break=\"true\" \/>Marbre, sel, quartz, peinture et r\u00e9sine sur plaque de pierre bleue, bois<br data-rich-text-line-break=\"true\" \/>87 x 112 x 82 cm<br data-rich-text-line-break=\"true\" \/>Courtesy de l\u2019artiste<br data-rich-text-line-break=\"true\" \/>\u0152uvre install\u00e9e gr\u00e2ce au soutien de J\u00e9r\u00f4me Avenoso<br data-rich-text-line-break=\"true\" \/>(Marbrerie de la Madeleine)<\/p>\n<\/div>\n<\/div>\n\n\n<h3 style=\"text-align: right;\"><span style=\"color: #b12763;\"><a style=\"color: #b12763;\" href=\"https:\/\/bis-art.com\/index.php\/edition-2018\/\">&gt; \u00c9dition 2018<\/a><\/span><\/h3>\n\n\n<div style=\"height:100px\" aria-hidden=\"true\" class=\"wp-block-spacer\"><\/div>\n","protected":false},"excerpt":{"rendered":"<p>\u00c9dition 2018 Isabelle Giovacchini n\u00e9e en 1982. Vit et travaille dans la r\u00e9gion ni\u00e7oise. Dipl\u00f4m\u00e9e en 2006 de l\u2019\u00c9cole Nationale Sup\u00e9rieure de la Photographie d\u2019Arles, Isabelle Giovacchini a particip\u00e9 \u00e0 de nombreuses expositions, notamment&nbsp;au FRAC Languedoc-Roussillon (Montpellier), \u00e0 la galerie Xippas (Paris),&nbsp;\u00e0 l\u2019Espace de l\u2019Art Concret (Mouans- Sartoux), au CCC (Tours), au Mus\u00e9e d\u2019Art Moderne &hellip;<\/p>\n<p class=\"read-more\"> <a class=\"\" href=\"https:\/\/bis-art.com\/index.php\/isabelle-giovacchini\/\"> <span class=\"screen-reader-text\">Isabelle Giovacchini<\/span> Lire la suite \u00bb<\/a><\/p>\n","protected":false},"author":1,"featured_media":0,"parent":0,"menu_order":0,"comment_status":"closed","ping_status":"closed","template":"","meta":{"site-sidebar-layout":"default","site-content-layout":"default","ast-global-header-display":"","ast-main-header-display":"","ast-hfb-above-header-display":"","ast-hfb-below-header-display":"","ast-hfb-mobile-header-display":"","site-post-title":"disabled","ast-breadcrumbs-content":"","ast-featured-img":"","footer-sml-layout":"","theme-transparent-header-meta":"default","adv-header-id-meta":"","stick-header-meta":"default","header-above-stick-meta":"","header-main-stick-meta":"","header-below-stick-meta":""},"_links":{"self":[{"href":"https:\/\/bis-art.com\/index.php\/wp-json\/wp\/v2\/pages\/1035"}],"collection":[{"href":"https:\/\/bis-art.com\/index.php\/wp-json\/wp\/v2\/pages"}],"about":[{"href":"https:\/\/bis-art.com\/index.php\/wp-json\/wp\/v2\/types\/page"}],"author":[{"embeddable":true,"href":"https:\/\/bis-art.com\/index.php\/wp-json\/wp\/v2\/users\/1"}],"replies":[{"embeddable":true,"href":"https:\/\/bis-art.com\/index.php\/wp-json\/wp\/v2\/comments?post=1035"}],"version-history":[{"count":4,"href":"https:\/\/bis-art.com\/index.php\/wp-json\/wp\/v2\/pages\/1035\/revisions"}],"predecessor-version":[{"id":3594,"href":"https:\/\/bis-art.com\/index.php\/wp-json\/wp\/v2\/pages\/1035\/revisions\/3594"}],"wp:attachment":[{"href":"https:\/\/bis-art.com\/index.php\/wp-json\/wp\/v2\/media?parent=1035"}],"curies":[{"name":"wp","href":"https:\/\/api.w.org\/{rel}","templated":true}]}}