{"id":1046,"date":"2021-03-21T16:18:56","date_gmt":"2021-03-21T15:18:56","guid":{"rendered":"https:\/\/bis-art.com\/?page_id=1046"},"modified":"2024-08-03T09:42:00","modified_gmt":"2024-08-03T07:42:00","slug":"quentin-spohn","status":"publish","type":"page","link":"https:\/\/bis-art.com\/index.php\/quentin-spohn\/","title":{"rendered":"Quentin Spohn"},"content":{"rendered":"\n<div style=\"height:60px\" aria-hidden=\"true\" class=\"wp-block-spacer\"><\/div>\n\n\n<h3><span style=\"color: #b12763;\"><a style=\"color: #b12763;\" href=\"https:\/\/bis-art.com\/index.php\/edition-2018\/\">\u00c9dition 2018<\/a><\/span><\/h3>\n\n\n<div class=\"wp-block-columns\">\n<div class=\"wp-block-column\">\n<h2><strong>Quentin Spohn<\/strong><\/h2>\n<p>n\u00e9 en 1984.<br>Vit et travaille \u00e0 Nice.&nbsp;<\/p>\n<p>Le travail de Quentin Spohn s\u2019articule autour du dessin \u00e0 la pierre noire ou au graphite, \u00e0 partir duquel il con\u00e7oit des paysages ou des portraits de grand format, entre vision critique sur le monde et distorsions surr\u00e9alistes. Des images narratives, dans un imaginaire naviguant entre Dado, la peinture am\u00e9ricaine des ann\u00e9es 30, les Bandes dessin\u00e9es de Crumb et la science-fiction.&nbsp;<\/p>\n<p>Pour la Biennale, il a r\u00e9activ\u00e9 une installation ant\u00e9rieure, un radeau peupl\u00e9 d\u2019\u00eatres anthropomorphes \u00e9tranges, dans une esth\u00e9tique high-tech, low life, convoquant \u00e0 la fois la culture cyberpunk et le mythe d\u2019Arcadie. L\u2019installation sera pr\u00e9sent\u00e9e dans la Chapelle Saint-George et sera accompagn\u00e9e d\u2019un dessin monumental, r\u00e9alis\u00e9 au cours de la r\u00e9sidence.&nbsp;<\/p>\n<p>Durant la Biennale, la r\u00e9sidence confi\u00e9e \u00e0 Quentin Spohn au Clos de Tantine, ancienne maison-atelier d\u2019Andr\u00e9 Verdet, permettra la rencontre avec les jeunes scolaires, la population locale et tous les publics.&nbsp;<\/p>\n<p>\u00ab Originaire de r\u00e9gion parisienne, je suis parti \u00e9tudier il y a une dizaine d\u2019ann\u00e9es \u00e0 la Villa Arson, l\u2019\u00e9cole d\u2019art de Nice, ville o\u00f9 je r\u00e9side depuis. Ayant une pratique essentiellement bas\u00e9e sur le dessin, j\u2019essaye de mettre en image ma perception de la soci\u00e9t\u00e9 et dans un m\u00eame temps de trouver un terrain d\u2019expression \u00e0 mes propres obsessions.&nbsp;<\/p>\n<p>De sorte, mon travail est \u00e0 la fois tr\u00e8s inspir\u00e9 de mouvements picturaux comme la Nouvelle Objectivit\u00e9 et l\u2019Ashcan School qui proposaient un point de vue critique sur le monde, de m\u00eame qu\u2019il se situe dans un certain h\u00e9ritage des recherches surr\u00e9alistes autour de l\u2019expression du refoul\u00e9 et de l\u2019obsessionnel. Les dessins que je r\u00e9alise peuvent par ailleurs renvoyer \u00e0 des iconographies assez \u00e9loign\u00e9es comme le dessin satirique ou l\u2019imagerie fantastique \u00bb.&nbsp;<\/p>\n<\/div>\n\n\n\n<div class=\"wp-block-column\">\n<p style=\"text-align: right;\"><strong data-rich-text-format-boundary=\"true\">Sans-titre, 2018<\/strong><br data-rich-text-line-break=\"true\" \/>Technique Mixte 245 x 370 cm<br data-rich-text-line-break=\"true\" \/>Courtesy de l\u2019artiste<br data-rich-text-line-break=\"true\" \/>\u0152uvre install\u00e9e gr\u00e2ce au soutien de Neness Capitaine Yachting<\/p>\n<\/div>\n<\/div>\n\n\n<h3 style=\"text-align: right;\"><span style=\"color: #b12763;\"><a style=\"color: #b12763;\" href=\"https:\/\/bis-art.com\/index.php\/edition-2018\/\">&gt; \u00c9dition 2018<\/a><\/span><\/h3>\n\n\n<div style=\"height:100px\" aria-hidden=\"true\" class=\"wp-block-spacer\"><\/div>\n","protected":false},"excerpt":{"rendered":"<p>\u00c9dition 2018 Quentin Spohn n\u00e9 en 1984.Vit et travaille \u00e0 Nice.&nbsp; Le travail de Quentin Spohn s\u2019articule autour du dessin \u00e0 la pierre noire ou au graphite, \u00e0 partir duquel il con\u00e7oit des paysages ou des portraits de grand format, entre vision critique sur le monde et distorsions surr\u00e9alistes. Des images narratives, dans un imaginaire &hellip;<\/p>\n<p class=\"read-more\"> <a class=\"\" href=\"https:\/\/bis-art.com\/index.php\/quentin-spohn\/\"> <span class=\"screen-reader-text\">Quentin Spohn<\/span> Lire la suite \u00bb<\/a><\/p>\n","protected":false},"author":1,"featured_media":0,"parent":0,"menu_order":0,"comment_status":"closed","ping_status":"closed","template":"","meta":{"site-sidebar-layout":"default","site-content-layout":"default","ast-global-header-display":"","ast-main-header-display":"","ast-hfb-above-header-display":"","ast-hfb-below-header-display":"","ast-hfb-mobile-header-display":"","site-post-title":"disabled","ast-breadcrumbs-content":"","ast-featured-img":"","footer-sml-layout":"","theme-transparent-header-meta":"default","adv-header-id-meta":"","stick-header-meta":"default","header-above-stick-meta":"","header-main-stick-meta":"","header-below-stick-meta":""},"_links":{"self":[{"href":"https:\/\/bis-art.com\/index.php\/wp-json\/wp\/v2\/pages\/1046"}],"collection":[{"href":"https:\/\/bis-art.com\/index.php\/wp-json\/wp\/v2\/pages"}],"about":[{"href":"https:\/\/bis-art.com\/index.php\/wp-json\/wp\/v2\/types\/page"}],"author":[{"embeddable":true,"href":"https:\/\/bis-art.com\/index.php\/wp-json\/wp\/v2\/users\/1"}],"replies":[{"embeddable":true,"href":"https:\/\/bis-art.com\/index.php\/wp-json\/wp\/v2\/comments?post=1046"}],"version-history":[{"count":4,"href":"https:\/\/bis-art.com\/index.php\/wp-json\/wp\/v2\/pages\/1046\/revisions"}],"predecessor-version":[{"id":3587,"href":"https:\/\/bis-art.com\/index.php\/wp-json\/wp\/v2\/pages\/1046\/revisions\/3587"}],"wp:attachment":[{"href":"https:\/\/bis-art.com\/index.php\/wp-json\/wp\/v2\/media?parent=1046"}],"curies":[{"name":"wp","href":"https:\/\/api.w.org\/{rel}","templated":true}]}}