{"id":1048,"date":"2021-03-21T16:23:04","date_gmt":"2021-03-21T15:23:04","guid":{"rendered":"https:\/\/bis-art.com\/?page_id=1048"},"modified":"2021-04-21T19:44:59","modified_gmt":"2021-04-21T17:44:59","slug":"simon-berard","status":"publish","type":"page","link":"https:\/\/bis-art.com\/index.php\/simon-berard\/","title":{"rendered":"Simon B\u00e9rard"},"content":{"rendered":"\n<div style=\"height:60px\" aria-hidden=\"true\" class=\"wp-block-spacer\"><\/div>\n\n\n<h3><span style=\"color: #b12763;\"><a style=\"color: #b12763;\" href=\"https:\/\/bis-art.com\/index.php\/edition-2018\/\">\u00c9dition 2018<\/a><\/span><\/h3>\n\n\n<div class=\"wp-block-columns\">\n<div class=\"wp-block-column\">\n<h2><strong>Simon B\u00e9rard<\/strong><\/h2>\n<p>n\u00e9 en 1993 \u00e0 Fr\u00e9jus (83)<br>vit et travaille \u00e0 Nice.<\/p>\n<p>Simon B\u00e9rard-Lecendre a r\u00e9alis\u00e9 ses \u00e9tudes \u00e0 la Villa Arson (Nice). Son travail s\u2019articule autour du concept et de la forme d\u2019un jardin, simonberard.garden. Le jardin, devenant m\u00e9taphore fil\u00e9e du travail plastique, lui permet de d\u00e9velopper des pratiques diverses, de la peinture au dessin num\u00e9rique, en passant par l\u2019\u00e9criture,\u2028la menuiserie, \u00e0 l\u2019instar des nombreux gestes qui coop\u00e8rent dans ce type d\u2019espace. Ce lieu entra\u00eene aussi son\u2028lot d\u2019images mentales (potager, jardin d\u2019agr\u00e9ment, lieu de r\u00e9flexion et de m\u00e9moire) et une iconographie \u00e0 travailler, arbres, l\u00e9gumes, fleurs&#8230; ; une histoire culturelle riche dans laquelle puiser des moteurs conceptuels et plastiques.\u2028Pour explorer un peu plus avant ce jardin et les productions qui en \u00e9mergent, il a con\u00e7u un site,&nbsp;<a href=\"https:\/\/simonberard.garden\/\">https:\/\/simonberard.garden<\/a>, sur lequel le visiteur est invit\u00e9 \u00e0 fl\u00e2ner au gr\u00e9 des pages, images et documents.&nbsp;<\/p>\n<p>Le dessin num\u00e9rique pens\u00e9 pour la biennale est issu d\u2019une des bases de donn\u00e9es de l\u2019artiste. Une pratique r\u00e9guli\u00e8re de collecte d\u2019images d\u2019horizons tr\u00e8s\u2028vari\u00e9s lui permet de d\u00e9velopper un travail de collage num\u00e9rique s\u2019adaptant aux contextes d\u2019expositions ; du jpeg au kak\u00e9mono, en passant par le papier peint, des \u00e9ditions, etc. Ces dessins sont aussi un moyen de faire r\u00e9-\u00e9merger des images oubli\u00e9es ou n\u00e9glig\u00e9es, parents pauvres de \u00ab&nbsp;la grande \u00bb histoire de l\u2019art.&nbsp;<\/p>\n<p>Ici, l\u2019impression sur b\u00e2che, con\u00e7ue comme un \u00e9tendard sur les remparts, image l\u2019expression bien connue \u00ab Scier la branche&#8230; \u00bb.&nbsp;<\/p>\n<p>Le c\u0153ur de l\u2019\u0153uvre est une enluminure tir\u00e9e du&nbsp;<em>Petit livre d\u2019amour<\/em>, manuscrit m\u00e9di\u00e9val r\u00e9dig\u00e9 peu ou prou en m\u00eame temps que la construction des remparts. Un paysage fait \u00e9cho \u00e0 celui de Saint-Paul, vallonn\u00e9 et ensoleill\u00e9, on y aper\u00e7oit la mer. Et au centre \u2028il scie ; on ne sait pas tr\u00e8s bien ce qu\u2019est cette branche mais l\u2019issue ne saurait tarder, sans nul doute. On reste suspendu dans cet avant- la-chute. Et il scie sans soucis, le sourire aux l\u00e8vres.&nbsp;<\/p>\n<p>Autour, un dr\u00f4le d\u2019encadrement, mauvais simulacre d\u2019une marqueterie en bois d\u2019olivier, \u00e9voque p\u00eale-m\u00eale des souvenirs de l\u2019art optique, une cible de fl\u00e9chettes, un damier pour un jeu inconnu.&nbsp;<\/p>\n<p>Il reprend ici un format, un support et un graphisme percutant, rappelant des usages de la publicit\u00e9, en y glissant une sorte de sabotage m\u00e9taphorique au sein m\u00eame de l\u2019image.&nbsp;<\/p>\n<p>Quand au titre,&nbsp;<em>Le raisonnement est la petite monnaie de l\u2019intelligence<\/em>,&nbsp;il s\u2019agit d\u2019un clin d\u2019\u0153il au contexte original de l\u2019image, un livre d\u2019embl\u00e8me o\u00f9 chaque enluminure est accompagn\u00e9e d\u2019un quatrain lui faisant \u00e9cho. La citation est emprunt\u00e9e \u00e0 Mes Inscriptions, un livre de Louis Scutenaire, \u00e9crivain ami de Ren\u00e9 Magritte ; livre dont l\u2019esprit unique irrigue sans retenue&nbsp;<em>simonberard.garden<\/em>.&nbsp;<\/p>\n<\/div>\n\n\n\n<div class=\"wp-block-column\">\n<div class=\"wp-block-image is-style-default\"><figure class=\"alignright size-large\"><img loading=\"lazy\" width=\"400\" height=\"600\" src=\"https:\/\/bis-art.com\/wp-content\/uploads\/2021\/03\/Photo-SimonBerard.jpg\" alt=\"\" class=\"wp-image-1043\" srcset=\"https:\/\/bis-art.com\/wp-content\/uploads\/2021\/03\/Photo-SimonBerard.jpg 400w, https:\/\/bis-art.com\/wp-content\/uploads\/2021\/03\/Photo-SimonBerard-200x300.jpg 200w\" sizes=\"(max-width: 400px) 100vw, 400px\" \/><figcaption><strong>Le raisonnement est la petite monnaie de l\u2019intelligence,<br>2018<\/strong><br>Dessin num\u00e9rique, impression sur b\u00e2che 260 x 230 cm<br>Courtesy de l\u2019artiste<br>\u0152uvre install\u00e9e gr\u00e2ce au soutien de Stamp Publicit\u00e9<\/figcaption><\/figure><\/div>\n<\/div>\n<\/div>\n\n\n<h3 style=\"text-align: right;\"><span style=\"color: #b12763;\"><a style=\"color: #b12763;\" href=\"https:\/\/bis-art.com\/index.php\/edition-2018\/\">&gt; \u00c9dition 2018<\/a><\/span><\/h3>\n\n\n<div style=\"height:100px\" aria-hidden=\"true\" class=\"wp-block-spacer\"><\/div>\n","protected":false},"excerpt":{"rendered":"<p>\u00c9dition 2018 Simon B\u00e9rard n\u00e9 en 1993 \u00e0 Fr\u00e9jus (83)vit et travaille \u00e0 Nice. Simon B\u00e9rard-Lecendre a r\u00e9alis\u00e9 ses \u00e9tudes \u00e0 la Villa Arson (Nice). Son travail s\u2019articule autour du concept et de la forme d\u2019un jardin, simonberard.garden. Le jardin, devenant m\u00e9taphore fil\u00e9e du travail plastique, lui permet de d\u00e9velopper des pratiques diverses, de la &hellip;<\/p>\n<p class=\"read-more\"> <a class=\"\" href=\"https:\/\/bis-art.com\/index.php\/simon-berard\/\"> <span class=\"screen-reader-text\">Simon B\u00e9rard<\/span> Lire la suite \u00bb<\/a><\/p>\n","protected":false},"author":1,"featured_media":0,"parent":0,"menu_order":0,"comment_status":"closed","ping_status":"closed","template":"","meta":{"site-sidebar-layout":"default","site-content-layout":"default","ast-global-header-display":"","ast-main-header-display":"","ast-hfb-above-header-display":"","ast-hfb-below-header-display":"","ast-hfb-mobile-header-display":"","site-post-title":"disabled","ast-breadcrumbs-content":"","ast-featured-img":"","footer-sml-layout":"","theme-transparent-header-meta":"default","adv-header-id-meta":"","stick-header-meta":"default","header-above-stick-meta":"","header-main-stick-meta":"","header-below-stick-meta":""},"_links":{"self":[{"href":"https:\/\/bis-art.com\/index.php\/wp-json\/wp\/v2\/pages\/1048"}],"collection":[{"href":"https:\/\/bis-art.com\/index.php\/wp-json\/wp\/v2\/pages"}],"about":[{"href":"https:\/\/bis-art.com\/index.php\/wp-json\/wp\/v2\/types\/page"}],"author":[{"embeddable":true,"href":"https:\/\/bis-art.com\/index.php\/wp-json\/wp\/v2\/users\/1"}],"replies":[{"embeddable":true,"href":"https:\/\/bis-art.com\/index.php\/wp-json\/wp\/v2\/comments?post=1048"}],"version-history":[{"count":4,"href":"https:\/\/bis-art.com\/index.php\/wp-json\/wp\/v2\/pages\/1048\/revisions"}],"predecessor-version":[{"id":1411,"href":"https:\/\/bis-art.com\/index.php\/wp-json\/wp\/v2\/pages\/1048\/revisions\/1411"}],"wp:attachment":[{"href":"https:\/\/bis-art.com\/index.php\/wp-json\/wp\/v2\/media?parent=1048"}],"curies":[{"name":"wp","href":"https:\/\/api.w.org\/{rel}","templated":true}]}}