{"id":1069,"date":"2021-03-21T16:41:51","date_gmt":"2021-03-21T15:41:51","guid":{"rendered":"https:\/\/bis-art.com\/?page_id=1069"},"modified":"2024-08-03T09:39:58","modified_gmt":"2024-08-03T07:39:58","slug":"morgane-tschiember","status":"publish","type":"page","link":"https:\/\/bis-art.com\/index.php\/morgane-tschiember\/","title":{"rendered":"Morgane Tschiember"},"content":{"rendered":"\n<div style=\"height:60px\" aria-hidden=\"true\" class=\"wp-block-spacer\"><\/div>\n\n\n<h3><span style=\"color: #b12763;\"><a style=\"color: #b12763;\" href=\"https:\/\/bis-art.com\/index.php\/edition-2018\/\">\u00c9dition 2018<\/a><\/span><\/h3>\n\n\n<div class=\"wp-block-columns\">\n<div class=\"wp-block-column\">\n<h2><strong>Morgane Tschiember<\/strong><\/h2>\n<p>n\u00e9e en 1976 \u00e0 Brest, Finist\u00e8re. Vit et travaille actuellement \u00e0 Paris.&nbsp;<\/p>\n<p>Mati\u00e8re, couleur, espace et mouvement sont, pourrait-on dire, les quatre ma\u00eetres-mots du travail de Morgane Tschiember. Questions essentielles s\u2019il en est, presque d\u00e9finitionnelles des arts que l\u2019on nomme plastiques, elles trouvent une dimension immersive dans les pi\u00e8ces, souvent monumentales, de la Fran\u00e7aise.&nbsp;<\/p>\n<p>Mati\u00e8re&nbsp;<br>Il y a \u00e0 l\u2019\u0153uvre chez Morgane Tschiember, un mati\u00e9risme \u2014 loin de celui, purement pictural, d\u00e9fini par Tapi\u00e9 \u2014 pragmatiste. Nous sommes, devant ses pi\u00e8ces \u2014 et d\u2019ailleurs plus souvent dedans, tant elles se donnent comme des environnements \u00e0 exp\u00e9rimenter \u2014 face \u00e0, et donc aussi au c\u0153ur de, la mati\u00e8re. Ce sont les qualit\u00e9s intrins\u00e8ques des mat\u00e9riaux auxquelles elle s\u2019attache et qui l\u2019inspirent. De cet empirisme, elle a fait le moteur de ses recherches mais aussi la sensation premi\u00e8re \u00e0 la r\u00e9ception de son travail. Ici, aucune th\u00e9orie n\u2019est impos\u00e9e au spectateur ; nous sommes guid\u00e9s par un donn\u00e9 sensoriel, plastique, formel, et seules les questions inh\u00e9rentes \u00e0 notre pr\u00e9sence face \u00e0 l\u2019\u0153uvre nous parviennent \u00e0 l\u2019esprit : des rapports de poids, de force, de surfaces, des rapports color\u00e9s, des rapports d\u2019ombre et de lumi\u00e8re&#8230;<\/p>\n<p>Couleur&nbsp;<br>\u00c0 l\u2019origine \u00e9tait la peinture, dans l\u2019histoire de l\u2019art comme dans celle du travail de Morgane Tschiember. La peinture, et pourtant, jamais toiles ni pinceaux n\u2019ont fait leur apparition dans l\u2019atelier de l\u2019artiste. \u00ab Je me bats contre la peinture, mais elle sait \u00eatre l\u00e0 \u00bb dit-elle. Couleurs pures, brillance, matit\u00e9, transparence, opacit\u00e9, oppositions franches et d\u00e9grad\u00e9s se m\u00ealent dans cette \u0153uvre prot\u00e9iforme qui finalement ne parle que de cela.&nbsp;<\/p>\n<p>Espace&nbsp;<br>Si la peinture est, pour Morgane Tschiember, avant tout un rapport \u00e0 la lumi\u00e8re et \u00e0 l\u2019ombre, elle est aussi un rapport \u00e0 l\u2019architecture. Nous sommes \u00e0 la fois dans une relation d\u2019envergures, celle de l\u2019espace et celle de l\u2019\u0153uvre, et dans une r\u00e9duction \u00e0 l\u2019essentiel.&nbsp;<\/p>\n<p>Mouvement&nbsp;<br>Le plan et le volume se r\u00e9solvent la plupart\u2028du temps dans le mouvement : mouvement des Iron Maiden qui ploient sous leur propre poids, s\u2019enroulent sur eux-m\u00eames ; mouvement des lames de Swing qui se courbent pour suivre la ligne des murs et du sol ; mouvement sous-entendu des Rolls qui a cr\u00e9\u00e9 les traces de cette lutte picturale ; mouvement interne aux Bubbles, celui du souffle qui leur a donn\u00e9 forme ; mouvement des Pop Up, m\u00eame, qui semblent surgir des murs ; mouvement, enfin, du corps de l\u2019artiste, dans une performance dans\u00e9e improvis\u00e9e au MOMA devant&nbsp;<em>Three Panels<\/em>d\u2019Ellsworth Kelly. \u00c0 la fois peintures volum\u00e9triques et volumes peints mais pas seulement ; la terminologie pour qualifier les \u0153uvres de Morgane Tschiember est insuffisante, les mots nous manquent.&nbsp;<\/p>\n<p><strong>Aude Launay, extrait de \u00ab Contre-\u00e9tude de la concr\u00e9tude \u00bb publi\u00e9 dans le num\u00e9ro 62 de la revue 02.<\/strong><\/p>\n<p>En hommage \u00e0 Joan Mir\u00f3, Morgane Tschiember r\u00e9active l\u2019action minimale et radicale que Joan Mir\u00f3 fit \u00e0 La fondation Maeght : tracer une ligne tout en se promenant, sans jamais perdre le fil&#8230;&nbsp;<\/p>\n<\/div>\n\n\n\n<div class=\"wp-block-column\">\n<p style=\"text-align: right;\"><strong data-rich-text-format-boundary=\"true\">\u201cThere\u2019s always been this problem of how to make colour and how to deal with it as a thing in itself, just as the material is.\u201d\u00a0<\/strong><br data-rich-text-line-break=\"true\" \/><strong>(Donald Judd), 2018<\/strong><br data-rich-text-line-break=\"true\" \/>Installation Pigments d\u2019algue<br data-rich-text-line-break=\"true\" \/>Courtesy de l\u2019artiste et de la Galerie Loevenbruck<\/p>\n<\/div>\n<\/div>\n\n\n<h3 style=\"text-align: right;\"><span style=\"color: #b12763;\"><a style=\"color: #b12763;\" href=\"https:\/\/bis-art.com\/index.php\/edition-2018\/\">&gt; \u00c9dition 2018<\/a><\/span><\/h3>\n\n\n<div style=\"height:100px\" aria-hidden=\"true\" class=\"wp-block-spacer\"><\/div>\n","protected":false},"excerpt":{"rendered":"<p>\u00c9dition 2018 Morgane Tschiember n\u00e9e en 1976 \u00e0 Brest, Finist\u00e8re. Vit et travaille actuellement \u00e0 Paris.&nbsp; Mati\u00e8re, couleur, espace et mouvement sont, pourrait-on dire, les quatre ma\u00eetres-mots du travail de Morgane Tschiember. Questions essentielles s\u2019il en est, presque d\u00e9finitionnelles des arts que l\u2019on nomme plastiques, elles trouvent une dimension immersive dans les pi\u00e8ces, souvent monumentales, &hellip;<\/p>\n<p class=\"read-more\"> <a class=\"\" href=\"https:\/\/bis-art.com\/index.php\/morgane-tschiember\/\"> <span class=\"screen-reader-text\">Morgane Tschiember<\/span> Lire la suite \u00bb<\/a><\/p>\n","protected":false},"author":1,"featured_media":0,"parent":0,"menu_order":0,"comment_status":"closed","ping_status":"closed","template":"","meta":{"site-sidebar-layout":"default","site-content-layout":"default","ast-global-header-display":"","ast-main-header-display":"","ast-hfb-above-header-display":"","ast-hfb-below-header-display":"","ast-hfb-mobile-header-display":"","site-post-title":"disabled","ast-breadcrumbs-content":"","ast-featured-img":"","footer-sml-layout":"","theme-transparent-header-meta":"default","adv-header-id-meta":"","stick-header-meta":"default","header-above-stick-meta":"","header-main-stick-meta":"","header-below-stick-meta":""},"_links":{"self":[{"href":"https:\/\/bis-art.com\/index.php\/wp-json\/wp\/v2\/pages\/1069"}],"collection":[{"href":"https:\/\/bis-art.com\/index.php\/wp-json\/wp\/v2\/pages"}],"about":[{"href":"https:\/\/bis-art.com\/index.php\/wp-json\/wp\/v2\/types\/page"}],"author":[{"embeddable":true,"href":"https:\/\/bis-art.com\/index.php\/wp-json\/wp\/v2\/users\/1"}],"replies":[{"embeddable":true,"href":"https:\/\/bis-art.com\/index.php\/wp-json\/wp\/v2\/comments?post=1069"}],"version-history":[{"count":3,"href":"https:\/\/bis-art.com\/index.php\/wp-json\/wp\/v2\/pages\/1069\/revisions"}],"predecessor-version":[{"id":3585,"href":"https:\/\/bis-art.com\/index.php\/wp-json\/wp\/v2\/pages\/1069\/revisions\/3585"}],"wp:attachment":[{"href":"https:\/\/bis-art.com\/index.php\/wp-json\/wp\/v2\/media?parent=1069"}],"curies":[{"name":"wp","href":"https:\/\/api.w.org\/{rel}","templated":true}]}}