{"id":1081,"date":"2021-03-21T16:52:51","date_gmt":"2021-03-21T15:52:51","guid":{"rendered":"https:\/\/bis-art.com\/?page_id=1081"},"modified":"2024-08-03T09:33:14","modified_gmt":"2024-08-03T07:33:14","slug":"vincent-mauger","status":"publish","type":"page","link":"https:\/\/bis-art.com\/index.php\/vincent-mauger\/","title":{"rendered":"Vincent Mauger"},"content":{"rendered":"\n<div style=\"height:60px\" aria-hidden=\"true\" class=\"wp-block-spacer\"><\/div>\n\n\n<h3><span style=\"color: #b12763;\"><a style=\"color: #b12763;\" href=\"https:\/\/bis-art.com\/index.php\/edition-2018\/\">\u00c9dition 2018<\/a><\/span><\/h3>\n\n\n<div class=\"wp-block-columns\">\n<div class=\"wp-block-column\">\n<h2><strong>Vincent Mauger<\/strong><\/h2>\n<p>n\u00e9 en 1976 \u00e0 Rennes. Vit et travaille \u00e0 Cholet.&nbsp;<\/p>\n<p>Sa sculpture a pour ambition de formaliser des \u00ab espaces mentaux \u00bb, projet qu\u2019il m\u00e8ne \u00e0 l\u2019aide de mat\u00e9riaux ordinaires le plus souvent associ\u00e9s \u00e0 l\u2019id\u00e9e de construction, donc\u2028de m\u00e9tamorphose. Les parpaings, tuyaux, tubes PVC, ou les morceaux de bois qu\u2019il utilise sont assembl\u00e9s, usin\u00e9s, superpos\u00e9s, accroch\u00e9s ou pos\u00e9s. Ces espaces mentaux prennent la forme \u00ab d\u2019imageries virtuelles ou scientifiques \u00bb, sortes de topographies ou de mod\u00e8les 3D qu\u2019il met en relation avec les espaces occup\u00e9s, du white cube \u00e0 la chapelle en passant par le jardin, sur des fa\u00e7ades XIXe comme modernes. Ses sculptures in situ s\u2019apparentent \u00e0 des excroissances. Un jeu entre urbanisme et organisme, motif et pattern, croissance et inertie.&nbsp;<\/p>\n<p>Essentiellement compos\u00e9e d\u2019installations in-situ, de dessins et de sculptures, son \u0153uvre confronte souvent un espace r\u00e9el avec une repr\u00e9sentation de la perception mentale d\u2019un autre espace.&nbsp;<\/p>\n<p>Ses propositions interrogent l\u2019id\u00e9e d\u2019architecture, d\u2019urbanisme et d\u2019organisme en utilisant des mat\u00e9riaux de construction pour formuler des fragments de paysage, jouant sur le d\u00e9calage des rapports d\u2019\u00e9chelle et invitant au d\u00e9placement aussi bien physique que mental.&nbsp;<\/p>\n<p>Form\u00e9 \u00e0 l\u2019\u00c9cole des Beaux-Arts d\u2019Angers et de Paris au sein de l\u2019atelier de Richard Deacon, Vincent Mauger fait une entr\u00e9e remarqu\u00e9e sur la sc\u00e8ne nationale lors de l\u2019exposition&nbsp;<em>Dynasty<\/em>&nbsp;au Mus\u00e9e d\u2019Art Moderne de la Ville de Paris en 2010. \u00c0 travers de nombreuses expositions personnelles au sein de mus\u00e9es, centres d\u2019art et fondations en France, ses installations\u2028in situ mettent \u00e0 l\u2019\u00e9preuve notre perception de l\u2019espace, notamment lors des expositions&nbsp;<em>Super Assymetry&nbsp;<\/em>(Mar\u00e9chalerie \u2014 Centre d\u2019art de l\u2019ENSA-V\u2028en 2012), S<em>yst\u00e8me Ad\u00e9quat\u2028&nbsp;<\/em>(la Maison Rouge, Paris, 2013),&nbsp;<em>Monument synth\u00e9tique<\/em>&nbsp;&nbsp;(caves de la Maison Ackerman, Saumur, 2016), ou avec des installations monumentales r\u00e9guli\u00e8rement pr\u00e9sent\u00e9es dans le cadre de la Fiac.&nbsp;<\/p>\n<p>Il est repr\u00e9sent\u00e9 par la Galerie Bertrand Grimont \u00e0 Paris, avec qui il pr\u00e9pare une exposition personnelle pour la rentr\u00e9e de septembre 2018.&nbsp;<\/p>\n<\/div>\n\n\n\n<div class=\"wp-block-column\">\n<p style=\"text-align: right;\"><strong data-rich-text-format-boundary=\"true\">Sans titre, 2017-2018<\/strong><br data-rich-text-line-break=\"true\" \/>Polystyr\u00e8ne, cha\u00eenes, acier Dimensions variables<br data-rich-text-line-break=\"true\" \/>Courtesy de l\u2019artiste\u00a0et de la Galerie Bertrand Grimont &#8211; Paris<\/p>\n<\/div>\n<\/div>\n\n\n<h3 style=\"text-align: right;\"><span style=\"color: #b12763;\"><a style=\"color: #b12763;\" href=\"https:\/\/bis-art.com\/index.php\/edition-2018\/\">&gt; \u00c9dition 2018<\/a><\/span><\/h3>\n\n\n<div style=\"height:100px\" aria-hidden=\"true\" class=\"wp-block-spacer\"><\/div>\n","protected":false},"excerpt":{"rendered":"<p>\u00c9dition 2018 Vincent Mauger n\u00e9 en 1976 \u00e0 Rennes. Vit et travaille \u00e0 Cholet.&nbsp; Sa sculpture a pour ambition de formaliser des \u00ab espaces mentaux \u00bb, projet qu\u2019il m\u00e8ne \u00e0 l\u2019aide de mat\u00e9riaux ordinaires le plus souvent associ\u00e9s \u00e0 l\u2019id\u00e9e de construction, donc\u2028de m\u00e9tamorphose. Les parpaings, tuyaux, tubes PVC, ou les morceaux de bois qu\u2019il &hellip;<\/p>\n<p class=\"read-more\"> <a class=\"\" href=\"https:\/\/bis-art.com\/index.php\/vincent-mauger\/\"> <span class=\"screen-reader-text\">Vincent Mauger<\/span> Lire la suite \u00bb<\/a><\/p>\n","protected":false},"author":1,"featured_media":0,"parent":0,"menu_order":0,"comment_status":"closed","ping_status":"closed","template":"","meta":{"site-sidebar-layout":"default","site-content-layout":"default","ast-global-header-display":"","ast-main-header-display":"","ast-hfb-above-header-display":"","ast-hfb-below-header-display":"","ast-hfb-mobile-header-display":"","site-post-title":"disabled","ast-breadcrumbs-content":"","ast-featured-img":"","footer-sml-layout":"","theme-transparent-header-meta":"default","adv-header-id-meta":"","stick-header-meta":"default","header-above-stick-meta":"","header-main-stick-meta":"","header-below-stick-meta":""},"_links":{"self":[{"href":"https:\/\/bis-art.com\/index.php\/wp-json\/wp\/v2\/pages\/1081"}],"collection":[{"href":"https:\/\/bis-art.com\/index.php\/wp-json\/wp\/v2\/pages"}],"about":[{"href":"https:\/\/bis-art.com\/index.php\/wp-json\/wp\/v2\/types\/page"}],"author":[{"embeddable":true,"href":"https:\/\/bis-art.com\/index.php\/wp-json\/wp\/v2\/users\/1"}],"replies":[{"embeddable":true,"href":"https:\/\/bis-art.com\/index.php\/wp-json\/wp\/v2\/comments?post=1081"}],"version-history":[{"count":3,"href":"https:\/\/bis-art.com\/index.php\/wp-json\/wp\/v2\/pages\/1081\/revisions"}],"predecessor-version":[{"id":3578,"href":"https:\/\/bis-art.com\/index.php\/wp-json\/wp\/v2\/pages\/1081\/revisions\/3578"}],"wp:attachment":[{"href":"https:\/\/bis-art.com\/index.php\/wp-json\/wp\/v2\/media?parent=1081"}],"curies":[{"name":"wp","href":"https:\/\/api.w.org\/{rel}","templated":true}]}}