{"id":1085,"date":"2021-03-21T17:02:47","date_gmt":"2021-03-21T16:02:47","guid":{"rendered":"https:\/\/bis-art.com\/?page_id=1085"},"modified":"2024-08-03T09:43:57","modified_gmt":"2024-08-03T07:43:57","slug":"wang-keping","status":"publish","type":"page","link":"https:\/\/bis-art.com\/index.php\/wang-keping\/","title":{"rendered":"Wang Keping"},"content":{"rendered":"\n<div style=\"height:60px\" aria-hidden=\"true\" class=\"wp-block-spacer\"><\/div>\n\n\n<h3><span style=\"color: #b12763;\"><a style=\"color: #b12763;\" href=\"https:\/\/bis-art.com\/index.php\/edition-2018\/\">\u00c9dition 2018<\/a><\/span><\/h3>\n\n\n<div class=\"wp-block-columns\">\n<div class=\"wp-block-column\">\n<h2><strong>Wang Keping<\/strong><\/h2>\n<p>n\u00e9 en 1949 \u00e0 P\u00e9kin. <br>Vit et travaille \u00e0 Paris depuis 1984.&nbsp;<\/p>\n<p>Wang Keping est l\u2019un des fondateurs de l\u2019art contemporain chinois, salu\u00e9 comme tel dans son pays d\u2019origine malgr\u00e9 son exil politique en 1984. Depuis, il r\u00e9alise, en France, son pays d\u2019accueil, une \u0153uvre reconnue internationalement comme l\u2019une des contributions les plus fortes et les plus originales \u00e0 la sculpture contemporaine.&nbsp;<\/p>\n<p>En 1979, \u00e0 la faveur du Printemps de P\u00e9kin, Wang Keping fonde, avec d\u2019autres artistes anticonformistes (dont Ma Desheng, Huang Rui et Ai Wei Wei), le groupe des \u00c9toiles (Xing Xing). \u00c0 travers deux expositions manifestes en 1979&nbsp;&nbsp;et en 1980, ce groupe devient l\u2019une des toutes premi\u00e8res expressions de l\u2019avant-garde artistique en Chine, tentant de remettre en question les canons du r\u00e9alisme socialiste dominant. Wang Keping se d\u00e9marque d\u00e8s 1979 avec une \u0153uvre pionni\u00e8re et engag\u00e9e, en bois, Silence.\u2028Les membres des \u00c9toiles sont rapidement contraints \u00e0 l\u2019exil et c\u2019est ainsi que Wang Keping s\u2019installe en France en 1984.&nbsp;<\/p>\n<p>L\u2019artiste se livre alors sans rel\u00e2che \u00e0 la sculpture, avec le bois comme mat\u00e9riau de pr\u00e9dilection.\u2028Il d\u00e9veloppe ainsi, pendant plus de quatre d\u00e9cennies, un langage virtuose dont t\u00e9moigne sa carri\u00e8re internationale. Son \u0153uvre est influenc\u00e9e par la d\u00e9couverte dans les mus\u00e9es fran\u00e7ais des arts premiers et de l\u2019art occidental moderne (Auguste Rodin, Henri Moore, Alberto Giacometti et surtout Constantin Brancusi, \u00e0 qui il est le plus souvent compar\u00e9 pour son art de la simplification des formes). Wang Keping est \u00e9galement marqu\u00e9 par la culture chinoise et notamment la philosophie Zen, qui lui permet de d\u00e9velopper une sensibilit\u00e9 qui va au plus simple, au plus direct, \u00e0 l\u2019essentiel \u00bb. Ses \u0153uvres, m\u00eame les plus symboliques, ne basculent jamais dans l\u2019abstraction mais conservent une dimension figurative qui ne se livre qu\u2019apr\u00e8s avoir pris le temps d\u2019interpr\u00e9ter les arcanes de la mati\u00e8re organique dont elles sont issues. Pour atteindre l\u2019\u00e9pure, Wang Keping se laisse ainsi avant tout guider par la nature, qui lui dicte son inspiration.&nbsp;<\/p>\n<p>De ce corps \u00e0 corps avec la mati\u00e8re vivante qu\u2019est le bois \u00e9mergent quelques th\u00e8mes r\u00e9currents comme la repr\u00e9sentation de la f\u00e9minit\u00e9, de l\u2019\u00e9treinte amoureuse, ou encore d\u2019oiseaux stylis\u00e9s.&nbsp;<\/p>\n<p>C\u2019est en 2003 que Wang Keping se rend dans le sud de la France pour r\u00e9aliser une sculpture monumentale en bois, pour un grand domaine viticole. Il trouve un tronc abandonn\u00e9 de peuplier au bord de la rivi\u00e8re proche du domaine.&nbsp;<\/p>\n<p>La forme de l\u2019arbre lui inspire aussit\u00f4t les courbes sensuelles de la sculpture Renaissance, dont l\u2019original a ainsi \u00e9t\u00e9 r\u00e9alis\u00e9 en bois, en un seul morceau d\u2019arbre taill\u00e9 directement dans le tronc. \u00c0 partir de cette sculpture originale, Wang Keping fait fabriquer un bronze \u00e0 la fonderie Susse en 2010, expos\u00e9 dans le jardin du Mus\u00e9e Zadkine la m\u00eame ann\u00e9e, \u00e0 l\u2019occasion de l\u2019exposition monographique \u00ab La Chair des For\u00eats \u00bb qui lui est consacr\u00e9e. Les courbes voluptueuses de la sculpture \u00e9voquent le corps d\u2019une femme. Sans chercher la ressemblance, Wang Keping en fait na\u00eetre l\u2019essence, en utilisant les formes primitives du tronc, ses n\u0153uds et ses branches. Il aime \u00e0 simplifier et m\u00e9langer les formes, une t\u00eate, un chignon, une nuque&#8230;&nbsp;<\/p>\n<p>Ce travail en harmonie avec le bois permet \u00e0 Wang Keping de d\u00e9velopper \u00e0 travers une sculpture contemporaine, un langage unique et singulier.&nbsp;<\/p>\n<\/div>\n\n\n\n<div class=\"wp-block-column\">\n<p style=\"text-align: right;\"><strong data-rich-text-format-boundary=\"true\">Renaissance, 2009<\/strong><br data-rich-text-line-break=\"true\" \/>Bronze 180 x 50 x 70 cm Edition de 8, Ed. 3\/8<br data-rich-text-line-break=\"true\" \/>Courtesy de l\u2019artiste et de la Galerie Nathalie Obadia, Paris\/Bruxelles<br data-rich-text-line-break=\"true\" \/>\u0152uvre install\u00e9e gr\u00e2ce au soutien de la Galerie Nathalie Obadia<\/p>\n<\/div>\n<\/div>\n\n\n<h3 style=\"text-align: right;\"><span style=\"color: #b12763;\"><a style=\"color: #b12763;\" href=\"_wp_link_placeholder\" data-wplink-edit=\"true\">&gt; \u00c9dition 2018<\/a><\/span><\/h3>\n\n\n<div style=\"height:100px\" aria-hidden=\"true\" class=\"wp-block-spacer\"><\/div>\n","protected":false},"excerpt":{"rendered":"<p>\u00c9dition 2018 Wang Keping n\u00e9 en 1949 \u00e0 P\u00e9kin. Vit et travaille \u00e0 Paris depuis 1984.&nbsp; Wang Keping est l\u2019un des fondateurs de l\u2019art contemporain chinois, salu\u00e9 comme tel dans son pays d\u2019origine malgr\u00e9 son exil politique en 1984. Depuis, il r\u00e9alise, en France, son pays d\u2019accueil, une \u0153uvre reconnue internationalement comme l\u2019une des contributions &hellip;<\/p>\n<p class=\"read-more\"> <a class=\"\" href=\"https:\/\/bis-art.com\/index.php\/wang-keping\/\"> <span class=\"screen-reader-text\">Wang Keping<\/span> Lire la suite \u00bb<\/a><\/p>\n","protected":false},"author":1,"featured_media":0,"parent":0,"menu_order":0,"comment_status":"closed","ping_status":"closed","template":"","meta":{"site-sidebar-layout":"default","site-content-layout":"default","ast-global-header-display":"","ast-main-header-display":"","ast-hfb-above-header-display":"","ast-hfb-below-header-display":"","ast-hfb-mobile-header-display":"","site-post-title":"disabled","ast-breadcrumbs-content":"","ast-featured-img":"","footer-sml-layout":"","theme-transparent-header-meta":"default","adv-header-id-meta":"","stick-header-meta":"default","header-above-stick-meta":"","header-main-stick-meta":"","header-below-stick-meta":""},"_links":{"self":[{"href":"https:\/\/bis-art.com\/index.php\/wp-json\/wp\/v2\/pages\/1085"}],"collection":[{"href":"https:\/\/bis-art.com\/index.php\/wp-json\/wp\/v2\/pages"}],"about":[{"href":"https:\/\/bis-art.com\/index.php\/wp-json\/wp\/v2\/types\/page"}],"author":[{"embeddable":true,"href":"https:\/\/bis-art.com\/index.php\/wp-json\/wp\/v2\/users\/1"}],"replies":[{"embeddable":true,"href":"https:\/\/bis-art.com\/index.php\/wp-json\/wp\/v2\/comments?post=1085"}],"version-history":[{"count":3,"href":"https:\/\/bis-art.com\/index.php\/wp-json\/wp\/v2\/pages\/1085\/revisions"}],"predecessor-version":[{"id":3588,"href":"https:\/\/bis-art.com\/index.php\/wp-json\/wp\/v2\/pages\/1085\/revisions\/3588"}],"wp:attachment":[{"href":"https:\/\/bis-art.com\/index.php\/wp-json\/wp\/v2\/media?parent=1085"}],"curies":[{"name":"wp","href":"https:\/\/api.w.org\/{rel}","templated":true}]}}