{"id":1442,"date":"2021-06-06T13:31:01","date_gmt":"2021-06-06T11:31:01","guid":{"rendered":"https:\/\/bis-art.com\/?page_id=1442"},"modified":"2023-01-11T12:31:24","modified_gmt":"2023-01-11T11:31:24","slug":"martine-feipel-jean-bechameil","status":"publish","type":"page","link":"https:\/\/bis-art.com\/index.php\/martine-feipel-jean-bechameil\/","title":{"rendered":"Martine Feipel Jean Bechameil"},"content":{"rendered":"\n<div style=\"height:61px\" aria-hidden=\"true\" class=\"wp-block-spacer\"><\/div>\n\n\n\n<div class=\"wp-block-columns\">\n<div class=\"wp-block-column\">\n<h2 class=\"p1\"><span style=\"color: #b12763;\"><b>Martine Feipel<\/b><\/span><\/h2>\n<p class=\"p1\">N\u00e9e \u00e0 Luxembourg en 1975<\/p>\n<h2 class=\"p1\"><span style=\"color: #b12763;\"><b>Jean Bechameil<\/b><\/span><\/h2>\n<p class=\"p2\">N\u00e9 \u00e0 Paris en 1964<\/p>\n<p class=\"p2\">Vivent et travaillent \u00e0 Luxembourg<\/p>\n<p class=\"p2\">Martine Feipel &amp; Jean Bechameil travaillent ensemble depuis 2008. N\u00e9e en 1975 \u00e0 Luxembourg, Martine Feipel a \u00e9t\u00e9 dipl\u00f4m\u00e9e en 2002 d\u2019un Master of Fine arts au Central St Martins College of Arts &amp; Design \u00e0 Londres.<\/p>\n<p class=\"p2\">N\u00e9 en 1964 \u00e0 Paris, Jean Bechameil travaille depuis 1990 comme sculpteur ind\u00e9pendant. Il a \u00e9galement travaill\u00e9 sur diff\u00e9rentes sc\u00e9nographies de th\u00e9\u00e2tre et de films et a aid\u00e9 \u00e0 la r\u00e9alisation de d\u00e9cors de plusieurs films de Lars von Trier.<\/p>\n<p style=\"font-weight: 400;\">Martine Feipel et Jean Bechameil r\u00e9alisent en duo des installations o\u00f9 se m\u00ealent l\u2019illusion, l\u2019imaginaire, l\u2019instable et l\u2019illogique, au sein des lieux quadrill\u00e9s et contr\u00f4l\u00e9s du monde contemporain. Sculpteurs mais aussi chercheurs et ing\u00e9nieurs amateurs, habit\u00e9s d\u2019une grande sensibilit\u00e9\u0301 \u00e0 la th\u00e9\u00e2tralit\u00e9\u0301 du monde et ses beaut\u00e9s, ils cr\u00e9ent des \u0153uvres dans une approche socio- historique, esth\u00e9tique, politique et technique.<\/p>\n<p style=\"font-weight: 400;\">Alliant leurs nombreux savoir-faire dans des domaines vari\u00e9s \u2013 le dessin, la sculpture, l\u2019ing\u00e9nierie, la mise en sc\u00e8ne, le son \u2013, Martine Feipel et Jean Bechameil produisent une \u0153uvre aussi formellement aboutie que fortement engag\u00e9e.<\/p>\n<p style=\"font-weight: 400;\">Hackers de la robotique, les artistes se r\u00e9approprient les domaines de la technologie<br>de mani\u00e8re sensible par un geste \u00e9minemment politique : s\u2019emparer des savoir-faire de la robotique industrielle pour les appliquer \u00e0 la cr\u00e9ation d\u2019\u0153uvres d\u2019art qui racontent autrement notre monde.<\/p>\n<p style=\"font-weight: 400;\">La notion d\u2019espace est centrale dans les travaux de Feipel &amp; Bechameil et avec elle l\u2019interrogation sur la modernit\u00e9 s\u2019impose, \u00e0 savoir comment celle-ci a boulevers\u00e9e notre rapport au monde, \u00e0 l\u2019espace, au temps et \u00e0 l\u2019autre. Ils cherchent \u00e0 travers ses formes, \u00e0 travers ses moyens, \u00e0 r\u00e9-imaginer cet modernit\u00e9 et \u00e0 d\u00e9fier les contraintes de notre soci\u00e9t\u00e9 contemporaine.&nbsp;<\/p>\n<p style=\"font-weight: 400;\"><em>Moon in the tree<\/em> est une sculpture qui fonctionne \u00e0 la fois comme une \u0153uvre d\u2019art et comme \u0153uvre fonctionnelle qui invite \u00e0 s\u2019asseoir et \u00e0 se r\u00e9unir autour d\u2019elle. Elle nous offre \u00e0 r\u00e9inventer une forme de convivialit\u00e9 et \u00e0 inspirer une vision po\u00e9tique de notre quotidien et du partage. Dans une continuit\u00e9 de la philosophie moderniste qui cr\u00e9e \u2018un art par le peuple pour le peuple\u2019 les artistes poursuivent \u00e0 travers cette sculpture la notion d\u2019usage et de fonction des \u0153uvres, qui participent au quotidien et qui s\u2019articulent autour d\u2019une id\u00e9e sociale et d\u00e9mocratique, d\u2019un art au service de la soci\u00e9t\u00e9.<\/p>\n<p style=\"font-weight: 400;\">Inspir\u00e9 par les volumes et la g\u00e9om\u00e9trie des formes modernistes, <em>Moon in the tree<\/em> invente un nouveau vocabulaire qui se d\u00e9ploie ici par une s\u00e9rie de modules qui semblent \u00e9voluer autour d\u2019un arbre imaginaire. L\u2019ensemble tient \u00e0 la fois de la peinture abstraite, du volume minimaliste et de l\u2019architecture modulaire. Les artistes pr\u00e9sentent dans leur travail certaines affinit\u00e9s avec les intentions du minimalisme. La sculpture est constitu\u00e9e d\u2019une multiplicit\u00e9 de formes g\u00e9om\u00e9triques et de couleurs pleines. Le blanc est la couleur dominante, les \u00e9l\u00e9ments color\u00e9s attirent l\u2019attention, guident l\u2019\u0153il et nous font lire les volumes.&nbsp;<\/p>\n<p style=\"font-weight: 400;\">L\u2019\u0153uvre de Martine Feipel &amp; Jean Bechameil cherche l\u2019\u00e9quilibre dans l\u2019association d\u2019id\u00e9es apparemment contradictoires avec, d\u2019une part, la simplification, l\u2019abstraction et le langage visuel minimaliste, et, de l\u2019autre, une r\u00e9flexion sur la soci\u00e9t\u00e9 de spectacle, technologique et ali\u00e9nante, dans laquelle nous vivons.<\/p>\n<p><\/p>\n\n\n\n<hr class=\"wp-block-separator has-text-color has-background has-ast-global-color-7-background-color has-ast-global-color-7-color is-style-wide\"\/>\n\n\n\n<p style=\"font-weight: 400;\"><em>Born in 1975 and 1964. Live and work in Brussels<\/em><\/p>\n<p style=\"font-weight: 400;\"><em>Martine Feipel &amp; Jean Bechameil have been working together since 2008. Born in 1975 in Luxembourg, Martine Feipel graduated in 2002 with a Master of Fine Arts from Central St Martins College of Arts &amp; Design in London. Born in 1964 in Paris, Jean Bechameil has been working as a freelance sculptor since 1990. He has also worked on various theatre and film sets and has helped to create the sets for several films by Lars von Trier.<\/em><\/p>\n<p style=\"font-weight: 400;\"><em>Working as a twosome, Feipel &amp; Bechameil produce installations where there is a mix of illusion, imagination, instability and illogicality within gridded and controlled places in the contemporary world. As sculptors but also amateur researchers and engineers, informed by a great sensibility with regard to the theatricality of the world and its various forms of beauty, they create works within a socio-historical, aesthetic, political and technical approach.<\/em><\/p>\n<p style=\"font-weight: 400;\"><em>In combining their many areas of know-how in various fields &#8211; drawing, sculpture, engineering, directing and presentation, and sets -, they are producing an oeuvre that is as formally accomplished as it is powerfully engaged.<\/em><\/p>\n<p style=\"font-weight: 400;\"><em>As robotics hackers Feipel &amp; Bechameil propose a re-appropriation of the realm of technology in a sensitive way, using an eminently political gesture: taking possession of the expertise and know-how of industrial robotics, to apply them to the creation of artworks which describe our world in a different way.<\/em><\/p>\n<p style=\"font-weight: 400;\"><em>The notion of space is central in the work of Martine Feipel &amp; Jean Bechameil and with it the interrogation of modernity enforces itself in a reflection on how modernity transformed our relation to the world, to the space, time and to the others. Throughout its own forms and means they try to re-invent this modernity and to challenge the constraints of our contemporary society.<\/em><\/p>\n<p style=\"font-weight: 400;\"><em>Moon in the tree is a sculpture that can be considered as an artwork, but at the same time it is a functional object, a furniture that invites people to sit on it and gather around it. It offers to reinvent a new kind of sociability and to inspire a poetic vision of the conviviality of our everyday life.<\/em><\/p>\n<p style=\"font-weight: 400;\"><em>In a continuity of the modernist thinking which aimed to create \u2018an art by the people for the people\u2019 the artist wish to pursuit through this sculpture the notion of functionality of the artworks, which participate in everyday life and articulate around a strong social and democratic idea of an art dedicated to the society.<\/em><\/p>\n<p style=\"font-weight: 400;\"><em>Inspired by the volumes and by the geometry of the modernist forms, Moon in the tree invents a new vocabulary unfolding in a set of modules that evolve around an imaginary tree. The unit is simultaneously an abstract painting, a minimalist volume and a piece of modular architecture. The artist\u2019s work shows certain affinities with the intentions of minimalism. The sculpture is built up from a multiplicity of geometric forms in solid colors. As white is the principal color, our attention is drawn to the colored elements, directing the eye and making us read the volumes.<\/em><\/p>\n<p style=\"font-weight: 400;\"><em>The work of Martine Feipel &amp; Jean Bechameil balances on the combination of seemingly contradictory ideas: stripping down abstraction and minimalist visual language on the one hand, and a reflection on our present technological, alienating society of the spectacle on the other.<\/em><\/p>\n\n\n\n<div style=\"height:30px\" aria-hidden=\"true\" class=\"wp-block-spacer\"><\/div>\n\n\n\n<figure class=\"wp-block-embed is-type-video is-provider-youtube wp-block-embed-youtube wp-embed-aspect-16-9 wp-has-aspect-ratio\"><div class=\"wp-block-embed__wrapper\">\n<div class=\"ast-oembed-container\" style=\"height: 100%;\"><iframe title=\"BIS 2021 - Entretien avec Martine Feipel &amp; Jean Bechameil\" width=\"500\" height=\"281\" src=\"https:\/\/www.youtube.com\/embed\/F2V71A9b5MI?feature=oembed\" frameborder=\"0\" allow=\"accelerometer; autoplay; clipboard-write; encrypted-media; gyroscope; picture-in-picture; web-share\" allowfullscreen><\/iframe><\/div>\n<\/div><\/figure>\n\n\n\n<hr class=\"wp-block-separator has-text-color has-background has-ast-global-color-7-background-color has-ast-global-color-7-color is-style-wide\"\/>\n\n\n\n<p><span style=\"color: #b12763;\"><a style=\"color: #b12763;\" href=\"https:\/\/bis-art.com\/index.php\/edition2021-artistes\/\"><strong>&gt; Retour Artistes 2021<\/strong><\/a><\/span><\/p>\n<\/div>\n\n\n\n<div class=\"wp-block-column\">\n<div class=\"wp-block-image is-style-default\"><figure class=\"alignright size-large\"><img loading=\"lazy\" width=\"400\" height=\"300\" src=\"https:\/\/bis-art.com\/wp-content\/uploads\/2021\/07\/BIS2021_Martine-FEIPEL-et-Jean-BECHAMEIL_Moon-in-the-Tree_2018_photo-Francois-Fernandez_BD.jpg\" alt=\"\" class=\"wp-image-1762\" srcset=\"https:\/\/bis-art.com\/wp-content\/uploads\/2021\/07\/BIS2021_Martine-FEIPEL-et-Jean-BECHAMEIL_Moon-in-the-Tree_2018_photo-Francois-Fernandez_BD.jpg 400w, https:\/\/bis-art.com\/wp-content\/uploads\/2021\/07\/BIS2021_Martine-FEIPEL-et-Jean-BECHAMEIL_Moon-in-the-Tree_2018_photo-Francois-Fernandez_BD-300x225.jpg 300w\" sizes=\"(max-width: 400px) 100vw, 400px\" \/><figcaption><strong>Moon in the Tree &#8211; 2018<\/strong><br>R\u00e9sine polyester<br>140 x 460 x 270 cm<br>Courtesy Martine Feipel &amp; Jean Bechameil<br>and <a href=\"https:\/\/bis-art.com\/index.php\/zidoun-bossuyt-gallery\/\"><span style=\"color:#b12763\" class=\"has-inline-color\">Zidoun-Bossuyt Gallery<\/span><\/a><br>Photo Fran\u00e7ois Fernandez<\/figcaption><\/figure><\/div>\n<\/div>\n<\/div>\n\n\n\n<div style=\"height:60px\" aria-hidden=\"true\" class=\"wp-block-spacer\"><\/div>\n","protected":false},"excerpt":{"rendered":"<p>Martine Feipel N\u00e9e \u00e0 Luxembourg en 1975 Jean Bechameil N\u00e9 \u00e0 Paris en 1964 Vivent et travaillent \u00e0 Luxembourg Martine Feipel &amp; Jean Bechameil travaillent ensemble depuis 2008. N\u00e9e en 1975 \u00e0 Luxembourg, Martine Feipel a \u00e9t\u00e9 dipl\u00f4m\u00e9e en 2002 d\u2019un Master of Fine arts au Central St Martins College of Arts &amp; Design \u00e0 &hellip;<\/p>\n<p class=\"read-more\"> <a class=\"\" href=\"https:\/\/bis-art.com\/index.php\/martine-feipel-jean-bechameil\/\"> <span class=\"screen-reader-text\">Martine Feipel Jean Bechameil<\/span> Lire la suite \u00bb<\/a><\/p>\n","protected":false},"author":1,"featured_media":0,"parent":0,"menu_order":0,"comment_status":"closed","ping_status":"closed","template":"","meta":{"site-sidebar-layout":"default","site-content-layout":"default","ast-global-header-display":"","ast-main-header-display":"","ast-hfb-above-header-display":"","ast-hfb-below-header-display":"","ast-hfb-mobile-header-display":"","site-post-title":"disabled","ast-breadcrumbs-content":"disabled","ast-featured-img":"","footer-sml-layout":"","theme-transparent-header-meta":"default","adv-header-id-meta":"","stick-header-meta":"default","header-above-stick-meta":"","header-main-stick-meta":"","header-below-stick-meta":""},"_links":{"self":[{"href":"https:\/\/bis-art.com\/index.php\/wp-json\/wp\/v2\/pages\/1442"}],"collection":[{"href":"https:\/\/bis-art.com\/index.php\/wp-json\/wp\/v2\/pages"}],"about":[{"href":"https:\/\/bis-art.com\/index.php\/wp-json\/wp\/v2\/types\/page"}],"author":[{"embeddable":true,"href":"https:\/\/bis-art.com\/index.php\/wp-json\/wp\/v2\/users\/1"}],"replies":[{"embeddable":true,"href":"https:\/\/bis-art.com\/index.php\/wp-json\/wp\/v2\/comments?post=1442"}],"version-history":[{"count":9,"href":"https:\/\/bis-art.com\/index.php\/wp-json\/wp\/v2\/pages\/1442\/revisions"}],"predecessor-version":[{"id":2363,"href":"https:\/\/bis-art.com\/index.php\/wp-json\/wp\/v2\/pages\/1442\/revisions\/2363"}],"wp:attachment":[{"href":"https:\/\/bis-art.com\/index.php\/wp-json\/wp\/v2\/media?parent=1442"}],"curies":[{"name":"wp","href":"https:\/\/api.w.org\/{rel}","templated":true}]}}