{"id":1466,"date":"2021-06-06T14:04:41","date_gmt":"2021-06-06T12:04:41","guid":{"rendered":"https:\/\/bis-art.com\/?page_id=1466"},"modified":"2024-08-03T08:59:09","modified_gmt":"2024-08-03T06:59:09","slug":"juliette-minchin","status":"publish","type":"page","link":"https:\/\/bis-art.com\/index.php\/juliette-minchin\/","title":{"rendered":"Juliette Minchin"},"content":{"rendered":"\n<div style=\"height:60px\" aria-hidden=\"true\" class=\"wp-block-spacer\"><\/div>\n\n\n\n<div class=\"wp-block-columns\">\n<div class=\"wp-block-column\">\n<h2 class=\"p1\"><span style=\"color: #b12763;\">Juliette Minchin<\/span><\/h2>\n<p class=\"p3\">N\u00e9e en 1992<br>Vit et travaille \u00e0 Paris<\/p>\n<div>\n<p>Juliette Minchin vit \u00e0 Paris o\u00f9 elle d\u00e9veloppe sa pratique de la sculpture, de l\u2019installation, de la vid\u00e9o et du dessin. Dipl\u00f4m\u00e9e de l\u2019\u00c9cole nationale Sup\u00e9rieure des Arts D\u00e9coratifs en sc\u00e9nographie et des Beaux-Arts de Paris, elle met en sc\u00e8ne ses \u0153uvres en travaillant la mati\u00e8re, la lumi\u00e8re, la dimension olfactive et le son.<\/p>\n<\/div>\n<div>\n<p>Dans son travail, elle explore principalement les concepts li\u00e9s \u00e0 la transformation. Marqueur du temps qui passe, chacune de ses \u0153uvres est le plus souvent d\u00e9clin\u00e9e en s\u00e9rie, pr\u00e9sent\u00e9e sous diff\u00e9rents \u00e9tats, jouant alors sur une ambigu\u00eft\u00e9 essentielle : naissance de la mati\u00e8re ou mort de la forme, ici, le d\u00e9but et la fin se confondent.&nbsp;L\u2019emploi de mat\u00e9riaux naturels (terre, cire ou liquide) conf\u00e8re \u00e0 ses sculptures une dimension ind\u00e9niablement organique, dont la surface est proche dans son aspect de la peau.&nbsp;<\/p>\n<\/div>\n<div>\n<p>La cire occupe aujourd\u2019hui la place centrale de son travail : r\u00e9activ\u00e9e \u00e0 l\u2019infini, la m\u00eame cire est utilis\u00e9e et refondue pour des pi\u00e8ces successives comme une \u00e2me quitterait un corps pour un autre. Son travail se d\u00e9truit et rena\u00eet ainsi comme un mandala tib\u00e9tain.&nbsp;La r\u00e9p\u00e9tition d\u2019un m\u00eame geste et l\u2019\u00e9volution al\u00e9atoire de la mati\u00e8re leur conf\u00e8rent un aspect processuel.&nbsp;<\/p>\n<\/div>\n<div>\n<p>Juliette Minchin immerge le visiteur en l\u2019invitant \u00e0 une introspection, de telle sorte que l\u2019exp\u00e9rience qu\u2019elles proposent, d\u2019apparence mat\u00e9rialiste, se r\u00e9v\u00e8le potentiellement \u00e9sot\u00e9rique. Les espaces fictifs que Juliette Minchin cr\u00e9e peuvent en effet \u00eatre per\u00e7us comme des lieux rituels.&nbsp;Le r\u00e9pertoire de formes hi\u00e9ratiques et sacr\u00e9s, qu\u2019elle emprunte \u00e0 des arch\u00e9types communs \u00e0 diff\u00e9rentes cultures, r\u00e9veille alors chez le spectateur des r\u00e9flexes animistes, mystiques ou spirituels, introduisant une forme de transcendance au c\u0153ur de la mati\u00e8re.<\/p>\n<\/div>\n<div>\n<p><i>Omphalos<\/i>&nbsp;appara\u00eet comme une architecture sacr\u00e9e, un sanctuaire imaginaire.&nbsp;<\/p>\n<\/div>\n<div>\n<p>L\u2019\u0153uvre s\u2019inspire des traditions qui c\u00e9l\u00e8brent le passage du temps au moyen de la cire. Elle puise son imaginaire \u00e0 l\u2019architecture des mausol\u00e9es, monuments comm\u00e9moratifs dans diff\u00e9rentes cultures.&nbsp;En r\u00e9f\u00e9rence aux bandelettes de laine qui prot\u00e9geaient l\u2019Omphalos&nbsp;dans l\u2019Antiquit\u00e9 grecque, Juliette Minchin enveloppe partiellement la structure de grands lambeaux de cire d\u00e9pos\u00e9s les uns apr\u00e8s les autres, alors qu\u2019ils \u00e9taient encore chauds et mall\u00e9ables.&nbsp;En \u00e9cho \u00e0 la tradition de la vanit\u00e9, l\u2019artiste met en \u0153uvre une plasticit\u00e9 destructrice, une fa\u00e7on de sculpter par effacement.<\/p>\n<\/div>\n<div>\n<p>Par les jeux de transparence, la teinte de carnation et le caract\u00e8re protecteur qu\u2019offrent la cire, la mani\u00e8re dont l&#8217;artiste la travaille s\u2019apparente \u00e0 celle des sculpteurs antiques&nbsp;qui cherchaient \u00e0 rendre au marbre un aspect proche de la peau.&nbsp;La cire, depuis toujours associ\u00e9e au visage et au corps humain, prend ici&nbsp;la forme d\u2019un v\u00eatement architectural.&nbsp;La structure m\u00e9tallique donne le mouvement et la volum\u00e9trie aux drap\u00e9s de cire, comme une ossature qui soutient la peau. La \u00ab peau \u00bb reprend alors le sens de sa d\u00e9finition dans l\u2019architecture o\u00f9 elle d\u00e9signe la surface nue du b\u00e2ti, la fa\u00e7ade.&nbsp;<\/p>\n<\/div>\n<p class=\"p3\">L&#8217;artiste manipule ainsi les mod\u00e8les architecturaux comme elle rassemble les rites qui l\u2019inspirent.&nbsp;Le croisement de cultures est une fa\u00e7on de redonner de la modernit\u00e9 \u00e0 un d\u00e9cor ancien, \u00e0 des rites disparus tout en offrant un visage nouveau \u00e0 l\u2019architecture o\u00f9 plusieurs formes arch\u00e9typales se rencontrent librement.&nbsp;<\/p>\n<p><\/p>\n\n\n\n<hr class=\"wp-block-separator has-text-color has-background has-ast-global-color-7-background-color has-ast-global-color-7-color is-style-wide\"\/>\n\n\n\n<div>\n<p><em><span lang=\"EN-US\">Juliette Minchin lives in Paris where she develops her practice of sculpture, installation, video and drawing. Graduated of l\u2019Ecole Nationale Sup\u00e9rieure des Arts D\u00e9coratifs in set design and les Beaux Arts de Paris, she has an immersive approach staging her works by working on matter, light, sense of smell and sound.<\/span><\/em><\/p>\n<\/div>\n<div>\n<p><em><span lang=\"EN-US\">In her work, she mainly explores concepts related to transformation and cyclic time. Most often revealed in series, her artworks are presented under different states, playing then on an essential ambiguity: birth of the matter or death of the form, here, the beginning and the end are confused. The use of natural materials (clay, wax or liquid) gives her sculptures an undeniably organic dimension, whose surface is close in its appearance of the skin. Wax is central in her work: reactivated ad infinitum, the same wax is used and remelted for successive pieces as a soul leaves one body for another. Her work is destroyed and thus reborn as a Tibetan mandala. The repetition of the same gesture and the random evolution of the material give them a processual aspect.<\/span><\/em><\/p>\n<\/div>\n<div>\n<p><em><span lang=\"EN-US\">Juliette Minchin finally includes the viewer by inviting him to an introspection, so that the experience she proposes, seemingly materialistic, is potentially esoteric. The fictional spaces that she creates can indeed be perceived as ritual places. The range of hieratic and sacred forms, which it borrows from archetypes common to different cultures, awakens animist, mystical or spiritual reflexes in the spectator, introducing a transcendence form into the heart of matter.<\/span><\/em><\/p>\n<\/div>\n<div>\n<p><em><span lang=\"EN-US\">Omphalos<\/span><span lang=\"EN-US\"> appears as a sacred architecture, an imaginary sanctuary. <\/span><\/em><\/p>\n<\/div>\n<div>\n<p><em><span lang=\"EN-US\">The work is inspired by traditions that celebrate the passage of time using wax. She feeds her imagination from the architecture of mausoleums, commemorative monuments in different cultures. In reference to the woolen bands that protected the conic stone&nbsp;Omphalos&nbsp;in ancient Greece, Juliette Minchin partially envelops the structure in large shreds of wax placed one after the other, while they were still warm and malleable. Reminding the tradition of vanity, the artist uses a destructive plasticity, a way of sculpting by erasure.<\/span><\/em><\/p>\n<\/div>\n<div>\n<p><em><span lang=\"EN-US\">Through the play of transparency, the tint of skin tone and the protective character offered by wax, the way the artist works it is similar to that of ancient sculptors who wanted to give marble an appearance close to the skin. Wax, always associated with the face and the human body, here takes the form of an architectural clothe. The metal structure gives movement and volume to the wax drapes, like a framework that supports the skin. The &#8220;skin&#8221; then takes on the meaning of its definition in architecture, where it designates the naked surface of the frame, the facade. The artist thus manipulates architectural models as she brings together the rites that inspire her. The crossing of cultures is a way of restoring modernity to an old setting, to vanished rites while offering a new face to architecture where several archetypal forms meet freely.<\/span><\/em><\/p>\n<\/div>\n\n\n\n<div style=\"height:30px\" aria-hidden=\"true\" class=\"wp-block-spacer\"><\/div>\n\n\n\n<figure class=\"wp-block-embed is-type-video is-provider-youtube wp-block-embed-youtube wp-embed-aspect-16-9 wp-has-aspect-ratio\"><div class=\"wp-block-embed__wrapper\">\n<div class=\"ast-oembed-container\" style=\"height: 100%;\"><iframe title=\"BIS 2021 - Entretien avec Juliette Minchin\" width=\"500\" height=\"281\" src=\"https:\/\/www.youtube.com\/embed\/cXoJr16ldL0?feature=oembed\" frameborder=\"0\" allow=\"accelerometer; autoplay; clipboard-write; encrypted-media; gyroscope; picture-in-picture; web-share\" allowfullscreen><\/iframe><\/div>\n<\/div><\/figure>\n\n\n\n<div style=\"height:25px\" aria-hidden=\"true\" class=\"wp-block-spacer\"><\/div>\n\n\n\n<hr class=\"wp-block-separator has-text-color has-background has-ast-global-color-7-background-color has-ast-global-color-7-color is-style-wide\"\/>\n\n\n\n<p><span style=\"color: #b12763;\"><a style=\"color: #b12763;\" href=\"https:\/\/bis-art.com\/index.php\/edition2021-artistes\/\"><strong>&gt; Retour Artistes 2021<\/strong><\/a><\/span><\/p>\n<\/div>\n\n\n\n<div class=\"wp-block-column\">\n<p style=\"text-align: right;\"><strong data-rich-text-format-boundary=\"true\">Omphalos, 2020<\/strong><br data-rich-text-line-break=\"true\" \/>Acier, Cire<br data-rich-text-line-break=\"true\" \/>200 x 200 x 240 cm<br data-rich-text-line-break=\"true\" \/>Courtesy de l\u2019artiste<\/p>\n<\/div>\n<\/div>\n\n\n\n<div style=\"height:60px\" aria-hidden=\"true\" class=\"wp-block-spacer\"><\/div>\n","protected":false},"excerpt":{"rendered":"<p>Juliette Minchin N\u00e9e en 1992Vit et travaille \u00e0 Paris Juliette Minchin vit \u00e0 Paris o\u00f9 elle d\u00e9veloppe sa pratique de la sculpture, de l\u2019installation, de la vid\u00e9o et du dessin. Dipl\u00f4m\u00e9e de l\u2019\u00c9cole nationale Sup\u00e9rieure des Arts D\u00e9coratifs en sc\u00e9nographie et des Beaux-Arts de Paris, elle met en sc\u00e8ne ses \u0153uvres en travaillant la mati\u00e8re, &hellip;<\/p>\n<p class=\"read-more\"> <a class=\"\" href=\"https:\/\/bis-art.com\/index.php\/juliette-minchin\/\"> <span class=\"screen-reader-text\">Juliette Minchin<\/span> Lire la suite \u00bb<\/a><\/p>\n","protected":false},"author":1,"featured_media":0,"parent":0,"menu_order":0,"comment_status":"closed","ping_status":"closed","template":"","meta":{"site-sidebar-layout":"default","site-content-layout":"default","ast-global-header-display":"","ast-main-header-display":"","ast-hfb-above-header-display":"","ast-hfb-below-header-display":"","ast-hfb-mobile-header-display":"","site-post-title":"disabled","ast-breadcrumbs-content":"disabled","ast-featured-img":"","footer-sml-layout":"","theme-transparent-header-meta":"default","adv-header-id-meta":"","stick-header-meta":"default","header-above-stick-meta":"","header-main-stick-meta":"","header-below-stick-meta":""},"_links":{"self":[{"href":"https:\/\/bis-art.com\/index.php\/wp-json\/wp\/v2\/pages\/1466"}],"collection":[{"href":"https:\/\/bis-art.com\/index.php\/wp-json\/wp\/v2\/pages"}],"about":[{"href":"https:\/\/bis-art.com\/index.php\/wp-json\/wp\/v2\/types\/page"}],"author":[{"embeddable":true,"href":"https:\/\/bis-art.com\/index.php\/wp-json\/wp\/v2\/users\/1"}],"replies":[{"embeddable":true,"href":"https:\/\/bis-art.com\/index.php\/wp-json\/wp\/v2\/comments?post=1466"}],"version-history":[{"count":6,"href":"https:\/\/bis-art.com\/index.php\/wp-json\/wp\/v2\/pages\/1466\/revisions"}],"predecessor-version":[{"id":3571,"href":"https:\/\/bis-art.com\/index.php\/wp-json\/wp\/v2\/pages\/1466\/revisions\/3571"}],"wp:attachment":[{"href":"https:\/\/bis-art.com\/index.php\/wp-json\/wp\/v2\/media?parent=1466"}],"curies":[{"name":"wp","href":"https:\/\/api.w.org\/{rel}","templated":true}]}}