{"id":1469,"date":"2021-06-06T14:15:09","date_gmt":"2021-06-06T12:15:09","guid":{"rendered":"https:\/\/bis-art.com\/?page_id=1469"},"modified":"2023-01-11T12:46:32","modified_gmt":"2023-01-11T11:46:32","slug":"florian-pugnaire-david-raffini","status":"publish","type":"page","link":"https:\/\/bis-art.com\/index.php\/florian-pugnaire-david-raffini\/","title":{"rendered":"Florian Pugnaire David Raffini"},"content":{"rendered":"\n<div style=\"height:60px\" aria-hidden=\"true\" class=\"wp-block-spacer\"><\/div>\n\n\n\n<div class=\"wp-block-columns\">\n<div class=\"wp-block-column\">\n<h2 class=\"p1\"><span style=\"color: #b12763;\">Florian Pugnaire<\/span><br \/><span style=\"color: #b12763;\">David Raffini<\/span><\/h2>\n<p class=\"p3\">N\u00e9s en 1980 et 1982<br \/>Vivent et travaillent \u00e0 Bruxelles, Belgique..<\/p>\n<p style=\"font-weight: 400;\">Les deux artistes se sont rencontr\u00e9s durant leurs \u00e9tudes \u00e0 la Villa Arson, Nice, o\u00f9 ils ont \u00e9t\u00e9 dipl\u00f4m\u00e9s. Ils collaborent sur di\ufb00\u00e9rents projets depuis 2006. Ils produisent simultan\u00e9ment des projets personnels et les projets en duo. Leur duo est marqu\u00e9 par la probl\u00e9matique de la sculpture comme &#8220;work event&#8221; et \u00e9galement par un penchant pour l&#8217;avenir des objets industriels.<\/p>\n<p style=\"font-weight: 400;\">L\u2019\u0153uvre <em>L\u2019onde<\/em> \u00e9voque le retentissement d\u2019une onde de choc. La premi\u00e8re t\u00f4le arbore en son centre un impact produisant une violente d\u00e9formation de la mati\u00e8re et, dans son sillage, d\u2019autres plaques semblent peu \u00e0 peu se redresser. L\u2019impact initial se r\u00e9percute de l\u2019une \u00e0 l\u2019autre jusqu\u2019\u00e0 la derni\u00e8re, indemne, disparaissant progressivement dans une inexorable d\u00e9gressivit\u00e9.<\/p>\n<p style=\"font-weight: 400;\">La sculpture s\u2019inscrit donc au c\u0153ur de leur pratique en duo, qui se d\u00e9ploie le plus souvent dans les champs de la sculpture, de l\u2019installation et de la vid\u00e9o, par la mise en sc\u00e8ne de proc\u00e9d\u00e9s de transformation de la mati\u00e8re orchestr\u00e9s de mani\u00e8re m\u00e9canique, chor\u00e9graphique ou cin\u00e9matographique. Mais ici aucun m\u00e9canisme ne g\u00e9n\u00e8re le mouvement, aucun film ne t\u00e9moigne du processus : la m\u00e9tamorphose se d\u00e9voile en une image fig\u00e9e dans l\u2019espace et dans le temps.<\/p>\n<p style=\"font-weight: 400;\">\u00ab L\u2019onde \u00bb n\u2019est pas simplement une image arr\u00eat\u00e9e, mais la repr\u00e9sentation d\u2019une p\u00e9riode de temps dans l\u2019espace. \u00c0 hauteur d\u2019homme, elle mat\u00e9rialise une distance parcourue dans un temps donn\u00e9, ou l\u2019inverse.<\/p>\n<p>\u00a0<\/p>\n\n\n\n<hr class=\"wp-block-separator has-text-color has-background has-ast-global-color-7-background-color has-ast-global-color-7-color is-style-wide\"\/>\n\n\n\n<p style=\"font-weight: 400;\"><em>Born in 1980 and 1982. Live and work in Brussels, Belgium.<\/em><\/p>\n<p style=\"font-weight: 400;\"><em>Both artists met during their studies at the Villa Arson, Nice, where they graduated. They have been collaborating on di\ufb00erent projects since 2006. They simultaneously produce personal projects and duo projects. Their duo is marked by the problematic of sculpture as a &#8220;work event&#8221; and also by a penchant for the future of industrial objects.<\/em><\/p>\n<p style=\"font-weight: 400;\"><em>The work L&#8217;onde evokes the sound of a shock wave. The first plate has an impact in its centre that produces a violent deformation of the material and, in its wake, other plates seem to straighten out little by little. The initial impact reverberates from one to the next until the last, unscathed, gradually disappears in an inexorable degression.<\/em><\/p>\n<p style=\"font-weight: 400;\"><em>Sculpture is thus at the heart of their duo practice, which most often unfolds in the fields of sculpture, installation and video, through the staging of processes of transformation of matter orchestrated in a mechanical, choreographic or cinematographic manner. But here no mechanism generates the movement, no film bears witness to the process: the metamorphosis is revealed in an image frozen in space and time.<\/em><\/p>\n<p style=\"font-weight: 400;\"><em>The &#8220;wave&#8221; is not simply a still image, but the representation of a period of time in space. At human height, it materialises a distance travelled in a given time, or the reverse.<\/em><\/p>\n<p><\/p>\n\n\n\n<hr class=\"wp-block-separator has-text-color has-background has-ast-global-color-7-background-color has-ast-global-color-7-color is-style-wide\"\/>\n\n\n\n<p><span style=\"color: #b12763;\"><a style=\"color: #b12763;\" href=\"https:\/\/bis-art.com\/index.php\/edition2021-artistes\/\"><strong>&gt; Retour Artistes 2021<\/strong><\/a><\/span><\/p>\n<\/div>\n\n\n\n<div class=\"wp-block-column\">\n<div class=\"wp-block-image is-style-default\"><figure class=\"alignright size-large\"><img loading=\"lazy\" width=\"400\" height=\"300\" src=\"https:\/\/bis-art.com\/wp-content\/uploads\/2021\/07\/BIS2021_Florian-PUGNAIRE-et-David-RAFFINI_L-onde_2017_photo-Francois-Fernandez_BD.jpg\" alt=\"\" class=\"wp-image-1793\" srcset=\"https:\/\/bis-art.com\/wp-content\/uploads\/2021\/07\/BIS2021_Florian-PUGNAIRE-et-David-RAFFINI_L-onde_2017_photo-Francois-Fernandez_BD.jpg 400w, https:\/\/bis-art.com\/wp-content\/uploads\/2021\/07\/BIS2021_Florian-PUGNAIRE-et-David-RAFFINI_L-onde_2017_photo-Francois-Fernandez_BD-300x225.jpg 300w\" sizes=\"(max-width: 400px) 100vw, 400px\" \/><figcaption><strong>Onde, 2017<\/strong><br>Inox Poli-miroir et IPN<br>200 x 100 x 360 cm<br>Courtesy <a href=\"https:\/\/bis-art.com\/index.php\/ceysson-benetiere\/\"><span style=\"color:#b12763\" class=\"has-inline-color\">Ceysson &amp; B\u00e9n\u00e9ti\u00e8re<\/span><\/a><br>Photo Fran\u00e7ois Fernandez<\/figcaption><\/figure><\/div>\n<\/div>\n<\/div>\n\n\n\n<div style=\"height:60px\" aria-hidden=\"true\" class=\"wp-block-spacer\"><\/div>\n\n\n\n<p><\/p>\n","protected":false},"excerpt":{"rendered":"<p>Florian PugnaireDavid Raffini N\u00e9s en 1980 et 1982Vivent et travaillent \u00e0 Bruxelles, Belgique.. Les deux artistes se sont rencontr\u00e9s durant leurs \u00e9tudes \u00e0 la Villa Arson, Nice, o\u00f9 ils ont \u00e9t\u00e9 dipl\u00f4m\u00e9s. Ils collaborent sur di\ufb00\u00e9rents projets depuis 2006. Ils produisent simultan\u00e9ment des projets personnels et les projets en duo. Leur duo est marqu\u00e9 par &hellip;<\/p>\n<p class=\"read-more\"> <a class=\"\" href=\"https:\/\/bis-art.com\/index.php\/florian-pugnaire-david-raffini\/\"> <span class=\"screen-reader-text\">Florian Pugnaire David Raffini<\/span> Lire la suite \u00bb<\/a><\/p>\n","protected":false},"author":1,"featured_media":0,"parent":0,"menu_order":0,"comment_status":"closed","ping_status":"closed","template":"","meta":{"site-sidebar-layout":"default","site-content-layout":"default","ast-global-header-display":"","ast-main-header-display":"","ast-hfb-above-header-display":"","ast-hfb-below-header-display":"","ast-hfb-mobile-header-display":"","site-post-title":"disabled","ast-breadcrumbs-content":"disabled","ast-featured-img":"","footer-sml-layout":"","theme-transparent-header-meta":"default","adv-header-id-meta":"","stick-header-meta":"default","header-above-stick-meta":"","header-main-stick-meta":"","header-below-stick-meta":""},"_links":{"self":[{"href":"https:\/\/bis-art.com\/index.php\/wp-json\/wp\/v2\/pages\/1469"}],"collection":[{"href":"https:\/\/bis-art.com\/index.php\/wp-json\/wp\/v2\/pages"}],"about":[{"href":"https:\/\/bis-art.com\/index.php\/wp-json\/wp\/v2\/types\/page"}],"author":[{"embeddable":true,"href":"https:\/\/bis-art.com\/index.php\/wp-json\/wp\/v2\/users\/1"}],"replies":[{"embeddable":true,"href":"https:\/\/bis-art.com\/index.php\/wp-json\/wp\/v2\/comments?post=1469"}],"version-history":[{"count":7,"href":"https:\/\/bis-art.com\/index.php\/wp-json\/wp\/v2\/pages\/1469\/revisions"}],"predecessor-version":[{"id":2379,"href":"https:\/\/bis-art.com\/index.php\/wp-json\/wp\/v2\/pages\/1469\/revisions\/2379"}],"wp:attachment":[{"href":"https:\/\/bis-art.com\/index.php\/wp-json\/wp\/v2\/media?parent=1469"}],"curies":[{"name":"wp","href":"https:\/\/api.w.org\/{rel}","templated":true}]}}