{"id":1484,"date":"2021-06-06T14:35:28","date_gmt":"2021-06-06T12:35:28","guid":{"rendered":"https:\/\/bis-art.com\/?page_id=1484"},"modified":"2023-01-10T17:40:18","modified_gmt":"2023-01-10T16:40:18","slug":"scenocosme","status":"publish","type":"page","link":"https:\/\/bis-art.com\/index.php\/scenocosme\/","title":{"rendered":"Scenocosme"},"content":{"rendered":"\n<div style=\"height:60px\" aria-hidden=\"true\" class=\"wp-block-spacer\"><\/div>\n\n\n\n<div class=\"wp-block-columns\">\n<div class=\"wp-block-column\">\n<h2 class=\"p1\"><span style=\"color: #b12763;\">Ana\u00efs met den Ancxt<\/span><\/h2>\n<p class=\"p2\">N\u00e9e en 1981<\/p>\n<h2 class=\"p1\"><span style=\"color: #b12763;\">Gr\u00e9gory Lasserre<\/span><\/h2>\n<p class=\"p2\">N\u00e9 en 1976<\/p>\n<div>\n<p class=\"Paragraphestandard\">Vivent et travaillent \u00e0 Saint-Etienne<\/p>\n<\/div>\n<div>\n<p class=\"Paragraphestandard\"><span style=\"font-size: 1rem;\">Le couple d\u2019artistes Scenocosme r\u00e9unit Gr\u00e9gory Lasserre et Ana\u00efs met den Ancxt. Ils vivent et travaillent ensemble depuis 2003 en France en r\u00e9gion Rh\u00f4ne-Alpes. Leurs cr\u00e9ations singuli\u00e8res prennent forme \u00e0 travers diverses expressions : installations interactives, art plastique, art num\u00e9rique, art sonore, performances collectives, etc&#8230; En distillant la technologie num\u00e9rique, ils en font ressortir des essences de r\u00eave et de po\u00e9sie, ils en utilisent ainsi la partie vivante, sensible voire fragile.<\/span><\/p>\n<\/div>\n<div>\n<p class=\"Paragraphestandard\">Artistes plasticiens, ils d\u00e9tournent diverses technologies pour cr\u00e9er des \u0153uvres d\u2019art contemporaines. Ils d\u00e9veloppent la notion d\u2019interactivit\u00e9, par laquelle l\u2019\u0153uvre existe et \u00e9volue gr\u00e2ce aux relations corporelles et sociales des spectateurs. Ils r\u00e9alisent d\u2019\u00e9tonnantes hybridations entre technologies et \u00e9l\u00e9ments vivants ou naturels. La plupart de leurs \u0153uvres interactives per\u00e7oivent diverses relations invisibles entre les corps et l\u2019environnement. Ils rendent sensibles les variations \u00e9nerg\u00e9tiques infimes des \u00eatres-vivants en proposant des mises en sc\u00e8ne interactives o\u00f9 les spectateurs partagent des exp\u00e9riences sensorielles extraordinaires.<\/p>\n<\/div>\n<div>\n<p class=\"Paragraphestandard\">Lorsqu\u2019ils con\u00e7oivent leurs \u0153uvres interactives, ils explorent les capacit\u00e9s que leurs offrent les technologies afin de dessiner des relations sensibles au sein de cr\u00e9ations capables d\u2019augmenter nos sens et nos perceptions. Leur processus artistique se caract\u00e9rise par l\u2019introduction d\u2019\u00e9l\u00e9ments naturels dans leurs installations artistiques et technologiques, tels que des plantes, des pierres, de l\u2019eau, du bois, le corps humain. Ils s\u2019int\u00e9ressent aux influences \u00e9nerg\u00e9tiques des corps vivants en tant que sources d\u2019interactions possibles comme l\u2019\u00e9nergie \u00e9lectrostatique et la chaleur.<\/p>\n<\/div>\n<div>\n<p class=\"Paragraphestandard\">Leurs \u0153uvres sont pr\u00e9sent\u00e9es dans de nombreux mus\u00e9es, centres d\u2019art contemporain et festivals d\u2019art num\u00e9rique dans le monde. Ils ont \u00e9galement re\u00e7u plusieurs prix internationaux pour leurs \u0153uvres interactives.&nbsp;<\/p>\n<p><\/p>\n<\/div>\n\n\n\n<hr class=\"wp-block-separator has-text-color has-background has-ast-global-color-7-background-color has-ast-global-color-7-color is-style-wide\"\/>\n\n\n\n<div>\n<p class=\"Paragraphestandard\"><em><span lang=\"EN-US\">Born in 1976 and 1981. Live and work in Saint-Etienne<\/span><\/em><\/p>\n<\/div>\n<div>\n<p class=\"Paragraphestandard\"><em><span lang=\"EN-US\">The artist couple Scenocosme is Gr\u00e9gory Lasserre and Ana\u00efs met den Ancxt. They have been living and working together since 2003 in the Rh\u00f4ne-Alpes region of France. Their singular creations take shape through various expressions: interactive installations, plastic art, digital art, sound art, collective performances, etc&#8230; By distilling digital technology, they bring out the essence of dreams and poetry, using the living, sensitive and even fragile part of it.<\/span><\/em><\/p>\n<\/div>\n<div>\n<p class=\"Paragraphestandard\"><em><span lang=\"EN-US\">As visual artists, they divert various technologies to create contemporary works of art. They develop the notion of interactivity, by which the work exists and evolves thanks to the spectators&#8217; physical and social relationships. They create astonishing hybrids between technologies and living or natural elements. Most of their interactive works perceive various invisible relationships between bodies and the environment. They make the minute energetic variations of living beings sensitive by proposing interactive stagings where the spectators share extraordinary sensory experiences.<\/span><\/em><\/p>\n<\/div>\n<div>\n<p class=\"Paragraphestandard\"><em><span lang=\"EN-US\">When designing their interactive works, they explore the capabilities of technology to draw sensitive relationships in creations that enhance our senses and perceptions. Their artistic process is characterised by the introduction of natural elements in their artistic and technological installations, such as plants, stones, water, wood, the human body. They are interested in the energetic influences of living bodies as possible sources of interaction such as electrostatic energy and heat.<\/span><\/em><\/p>\n<\/div>\n<div>\n<p class=\"Standard\"><em><span lang=\"EN-US\">Their artworks are shown in several museums, contemporary art centers and digital art\u00a0<\/span><span lang=\"EN-US\" style=\"font-size: 1rem;\">festivals in the world.\u00a0 <\/span><span lang=\"EN-US\" style=\"font-size: 1rem;\">They have also received several international awards for their interactive works.<\/span><\/em><\/p>\n<\/div>\n\n\n\n<div style=\"height:30px\" aria-hidden=\"true\" class=\"wp-block-spacer\"><\/div>\n\n\n\n<figure class=\"wp-block-embed is-type-video is-provider-youtube wp-block-embed-youtube wp-embed-aspect-16-9 wp-has-aspect-ratio\"><div class=\"wp-block-embed__wrapper\">\n<div class=\"ast-oembed-container\" style=\"height: 100%;\"><iframe title=\"BIS 2021 - Entretien avec Sc\u00e9nocosme\" width=\"500\" height=\"281\" src=\"https:\/\/www.youtube.com\/embed\/Pfin-hc9sNg?feature=oembed\" frameborder=\"0\" allow=\"accelerometer; autoplay; clipboard-write; encrypted-media; gyroscope; picture-in-picture; web-share\" allowfullscreen><\/iframe><\/div>\n<\/div><\/figure>\n\n\n\n<div style=\"height:20px\" aria-hidden=\"true\" class=\"wp-block-spacer\"><\/div>\n\n\n\n<hr class=\"wp-block-separator has-text-color has-background has-ast-global-color-7-background-color has-ast-global-color-7-color is-style-wide\"\/>\n\n\n\n<p><span style=\"color: #b12763;\"><a style=\"color: #b12763;\" href=\"https:\/\/bis-art.com\/index.php\/edition2021-artistes\/\"><strong>&gt; Retour Artistes 2021<\/strong><\/a><\/span><\/p>\n<\/div>\n\n\n\n<div class=\"wp-block-column\">\n<div class=\"wp-block-image is-style-default\"><figure class=\"alignright size-large\"><img loading=\"lazy\" width=\"400\" height=\"280\" src=\"https:\/\/bis-art.com\/wp-content\/uploads\/2021\/07\/BIS2021_SCENOCOSME-Gregory-LASSERRE-et-Anais-MET-DEN-ANCXT_Phonofolium_2011_photo-Francois-Fernandez_BD.jpg\" alt=\"\" class=\"wp-image-1735\" srcset=\"https:\/\/bis-art.com\/wp-content\/uploads\/2021\/07\/BIS2021_SCENOCOSME-Gregory-LASSERRE-et-Anais-MET-DEN-ANCXT_Phonofolium_2011_photo-Francois-Fernandez_BD.jpg 400w, https:\/\/bis-art.com\/wp-content\/uploads\/2021\/07\/BIS2021_SCENOCOSME-Gregory-LASSERRE-et-Anais-MET-DEN-ANCXT_Phonofolium_2011_photo-Francois-Fernandez_BD-300x210.jpg 300w\" sizes=\"(max-width: 400px) 100vw, 400px\" \/><figcaption><strong>Phonofolium, 2011<\/strong><br>Arbuste interactif et sonore<br>Dimensions variables<br>Courtesy du couple d\u2019artistes et de la galerie Mitterrand<br>Photo Fran\u00e7ois Fernandez<\/figcaption><\/figure><\/div>\n<\/div>\n<\/div>\n\n\n\n<div style=\"height:60px\" aria-hidden=\"true\" class=\"wp-block-spacer\"><\/div>\n\n\n\n<div style=\"height:60px\" aria-hidden=\"true\" class=\"wp-block-spacer\"><\/div>\n\n\n\n<p><\/p>\n","protected":false},"excerpt":{"rendered":"<p>Ana\u00efs met den Ancxt N\u00e9e en 1981 Gr\u00e9gory Lasserre N\u00e9 en 1976 Vivent et travaillent \u00e0 Saint-Etienne Le couple d\u2019artistes Scenocosme r\u00e9unit Gr\u00e9gory Lasserre et Ana\u00efs met den Ancxt. Ils vivent et travaillent ensemble depuis 2003 en France en r\u00e9gion Rh\u00f4ne-Alpes. Leurs cr\u00e9ations singuli\u00e8res prennent forme \u00e0 travers diverses expressions : installations interactives, art plastique, &hellip;<\/p>\n<p class=\"read-more\"> <a class=\"\" href=\"https:\/\/bis-art.com\/index.php\/scenocosme\/\"> <span class=\"screen-reader-text\">Scenocosme<\/span> Lire la suite \u00bb<\/a><\/p>\n","protected":false},"author":1,"featured_media":0,"parent":0,"menu_order":0,"comment_status":"closed","ping_status":"closed","template":"","meta":{"site-sidebar-layout":"default","site-content-layout":"default","ast-global-header-display":"","ast-main-header-display":"","ast-hfb-above-header-display":"","ast-hfb-below-header-display":"","ast-hfb-mobile-header-display":"","site-post-title":"disabled","ast-breadcrumbs-content":"disabled","ast-featured-img":"","footer-sml-layout":"","theme-transparent-header-meta":"default","adv-header-id-meta":"","stick-header-meta":"default","header-above-stick-meta":"","header-main-stick-meta":"","header-below-stick-meta":""},"_links":{"self":[{"href":"https:\/\/bis-art.com\/index.php\/wp-json\/wp\/v2\/pages\/1484"}],"collection":[{"href":"https:\/\/bis-art.com\/index.php\/wp-json\/wp\/v2\/pages"}],"about":[{"href":"https:\/\/bis-art.com\/index.php\/wp-json\/wp\/v2\/types\/page"}],"author":[{"embeddable":true,"href":"https:\/\/bis-art.com\/index.php\/wp-json\/wp\/v2\/users\/1"}],"replies":[{"embeddable":true,"href":"https:\/\/bis-art.com\/index.php\/wp-json\/wp\/v2\/comments?post=1484"}],"version-history":[{"count":7,"href":"https:\/\/bis-art.com\/index.php\/wp-json\/wp\/v2\/pages\/1484\/revisions"}],"predecessor-version":[{"id":2322,"href":"https:\/\/bis-art.com\/index.php\/wp-json\/wp\/v2\/pages\/1484\/revisions\/2322"}],"wp:attachment":[{"href":"https:\/\/bis-art.com\/index.php\/wp-json\/wp\/v2\/media?parent=1484"}],"curies":[{"name":"wp","href":"https:\/\/api.w.org\/{rel}","templated":true}]}}