{"id":1493,"date":"2021-06-06T14:51:34","date_gmt":"2021-06-06T12:51:34","guid":{"rendered":"https:\/\/bis-art.com\/?page_id=1493"},"modified":"2024-08-03T09:04:37","modified_gmt":"2024-08-03T07:04:37","slug":"delphine-wibaux","status":"publish","type":"page","link":"https:\/\/bis-art.com\/index.php\/delphine-wibaux\/","title":{"rendered":"Delphine Wibaux"},"content":{"rendered":"\n<div style=\"height:60px\" aria-hidden=\"true\" class=\"wp-block-spacer\"><\/div>\n\n\n\n<div class=\"wp-block-columns\">\n<div class=\"wp-block-column\">\n<h2 class=\"p1\"><span style=\"color: #b12763;\">Delphine Wibaux<\/span><\/h2>\n<p class=\"p3\">N\u00e9e en 1990<br>Vit et travaille \u00e0 Marseille<\/p>\n<p style=\"font-weight: 400;\">Delphine Wibaux sort dipl\u00f4m\u00e9e de l\u2019\u00c9cole Sup\u00e9rieure d\u2019Arts et de Design Marseille-M\u00e9diterran\u00e9e en 2014. Depuis, elle a collabor\u00e9 avec la Fondation Luma, les Ateliers Medicis, la Collection Lambert, le Parc Saint L\u00e9ger, les Capucins ou encore le mus\u00e9e Dauphinois. \u00c0 l&#8217;international, elle a d\u00e9velopp\u00e9 ses recherches au Japon, en Chine, en Lettonie ainsi qu&#8217;en G\u00e9orgie dans le cadre de Tbilisi Art Fair.<\/p>\n<p style=\"font-weight: 400;\">Travaillant, selon les projets, seule ou en collaboration, Delphine Wibaux utilise diff\u00e9rents mediums &#8211; image, sculpture, installation, \u00e9criture, son &#8211; afin de mettre au point ce qu\u2019elle nomme des Captations. Attentive aux signaux faibles, elle cherche de mani\u00e8re sensible \u00e0 raviver le sens et la perception \u00e0 l&#8217;\u00e9gard du vivant.<\/p>\n<p style=\"font-weight: 400;\">L\u2019artiste est laur\u00e9ate du prix 2018 des galeries Art-O-Rama, qui a \u00e9t\u00e9 suivi d&#8217;un solo show puis de l\u2019\u00e9dition d\u2019une monographie sur son travail, avec en prologue un texte de Jean-Christophe Bailly. Fin 2019, ce dernier la convie au s\u00e9minaire du Jeu de Paume intitul\u00e9 \u00ab&nbsp;Voir le temps venir&nbsp;\u00bb. Selon lui, le temps est \u00ab&nbsp;le commun d\u00e9nominateur de ses interventions, lesquelles peuvent appara\u00eetre comme des \u00e9tats de forme saisis dans leur devenir au sein de processus parfois tr\u00e8s longs. Les donn\u00e9es des sciences de la nature, un vif sentiment du dehors, une \u00e9criture de traces discr\u00e8tes et enfin une d\u00e9licatesse d\u2019approche remarquable font penser \u00e0 une forme d\u2019art nouvelle, po\u00e9tique et bricol\u00e9e, dont l\u2019inscription dans l\u2019espace rel\u00e8ve d\u2019une sorte de jardinage in\u00e9dit.&nbsp;\u00bb<\/p>\n<p style=\"font-weight: 400;\">Cette sculpture, imagin\u00e9e pour BIS, nomm\u00e9e \u00ab&nbsp;T\u00e9moin souple&nbsp;\u00bb et d\u00e9pos\u00e9e sur les graviers, dialogue avec deux arbres gardiens &#8211; rhizomes de ce jardinage in\u00e9dit. L&#8217;image r\u00e9v\u00e8le la cime d\u2019un arbre ou de racines, en intime relation avec les fossiles pr\u00e9sents au sein du calcaire.<\/p>\n<p><\/p>\n\n\n\n<hr class=\"wp-block-separator has-text-color has-background has-ast-global-color-7-background-color has-ast-global-color-7-color is-style-wide\"\/>\n\n\n\n<p style=\"font-weight: 400;\"><em>Born in 1991. Lives and works in Marseille<\/em><\/p>\n<p style=\"font-weight: 400;\"><em>Delphine Wibaux graduated from the \u00c9cole Sup\u00e9rieure d&#8217;Arts et de Design Marseille-M\u00e9diterran\u00e9e in 2014. She has since collaborated with the Luma Foundation, the Ateliers Medicis, the Collection Lambert, the Parc Saint L\u00e9ger, the Capucins and the Mus\u00e9e Dauphinois, amongst others. Internationally, the artist has developed her research in Japan, in China, in Latvia and in Georgia for Tbilisi Art Fair.<\/em><\/p>\n<p style=\"font-weight: 400;\"><em>Working alone or in collaboration with others, depending on the project, Delphine Wibaux uses different mediums &#8211; images, sculptures, installations, writing, sounds &#8211; to develop what she calls Captations. Attentive to weak signals, she seeks, in a sensitive, manner to restore meaning and perception to the living.<\/em><\/p>\n<p style=\"font-weight: 400;\"><em>The artist won the Art-O-Rama gallery prize, which was followed by a solo show in 2018, and a monograph has been published on her work, with a text by Jean-Christophe Bailly. At the end of 2019, he invited her to the Jeu de Paume seminar entitled &#8220;Voir le temps venir&#8221;. According to him, time is &#8220;the common denominator of her interventions, which can appear as states of form captured during their evolution within what are sometimes very long processes. Data from the natural sciences, a keen impression of the outside, a writing of discrete imprints and, finally, a remarkable delicacy of approach make one think of\u0300 a new, poetic and bricolage art form, whose inscription in space constitutes a kind of unprecedented gardening.&#8221;<\/em><\/p>\n<p style=\"font-weight: 400;\"><em>This sculpture imagined for BIS, called &#8220;T\u00e9moin souple&#8221;, and placed on gravel, dialogues with two guardian trees &#8211; rootstocks from this new gardening. The image reveals the crown of a tree or roots, in an intimate relationship with the fossils present within the limestone.<\/em><\/p>\n<p><\/p>\n\n\n\n<hr class=\"wp-block-separator has-text-color has-background has-ast-global-color-7-background-color has-ast-global-color-7-color is-style-wide\"\/>\n\n\n\n<p><span style=\"color: #b12763;\"><a style=\"color: #b12763;\" href=\"https:\/\/bis-art.com\/index.php\/edition2021-artistes\/\"><strong>&gt; Retour Artistes 2021<\/strong><\/a><\/span><\/p>\n<\/div>\n\n\n\n<div class=\"wp-block-column\">\n<p style=\"text-align: right;\"><strong data-rich-text-format-boundary=\"true\">T\u00e9moin souple, cimes, 2021<\/strong><br data-rich-text-line-break=\"true\" \/>Pigments, pierre calcaire fossilis\u00e9e<br data-rich-text-line-break=\"true\" \/>34 x 27 x 10 cm<br data-rich-text-line-break=\"true\" \/>Courtesy de l\u2019artiste\u00a0<\/p>\n<\/div>\n<\/div>\n\n\n\n<div style=\"height:60px\" aria-hidden=\"true\" class=\"wp-block-spacer\"><\/div>\n","protected":false},"excerpt":{"rendered":"<p>Delphine Wibaux N\u00e9e en 1990Vit et travaille \u00e0 Marseille Delphine Wibaux sort dipl\u00f4m\u00e9e de l\u2019\u00c9cole Sup\u00e9rieure d\u2019Arts et de Design Marseille-M\u00e9diterran\u00e9e en 2014. Depuis, elle a collabor\u00e9 avec la Fondation Luma, les Ateliers Medicis, la Collection Lambert, le Parc Saint L\u00e9ger, les Capucins ou encore le mus\u00e9e Dauphinois. \u00c0 l&#8217;international, elle a d\u00e9velopp\u00e9 ses recherches &hellip;<\/p>\n<p class=\"read-more\"> <a class=\"\" href=\"https:\/\/bis-art.com\/index.php\/delphine-wibaux\/\"> <span class=\"screen-reader-text\">Delphine Wibaux<\/span> Lire la suite \u00bb<\/a><\/p>\n","protected":false},"author":1,"featured_media":0,"parent":0,"menu_order":0,"comment_status":"closed","ping_status":"closed","template":"","meta":{"site-sidebar-layout":"default","site-content-layout":"default","ast-global-header-display":"","ast-main-header-display":"","ast-hfb-above-header-display":"","ast-hfb-below-header-display":"","ast-hfb-mobile-header-display":"","site-post-title":"disabled","ast-breadcrumbs-content":"disabled","ast-featured-img":"","footer-sml-layout":"","theme-transparent-header-meta":"default","adv-header-id-meta":"","stick-header-meta":"default","header-above-stick-meta":"","header-main-stick-meta":"","header-below-stick-meta":""},"_links":{"self":[{"href":"https:\/\/bis-art.com\/index.php\/wp-json\/wp\/v2\/pages\/1493"}],"collection":[{"href":"https:\/\/bis-art.com\/index.php\/wp-json\/wp\/v2\/pages"}],"about":[{"href":"https:\/\/bis-art.com\/index.php\/wp-json\/wp\/v2\/types\/page"}],"author":[{"embeddable":true,"href":"https:\/\/bis-art.com\/index.php\/wp-json\/wp\/v2\/users\/1"}],"replies":[{"embeddable":true,"href":"https:\/\/bis-art.com\/index.php\/wp-json\/wp\/v2\/comments?post=1493"}],"version-history":[{"count":4,"href":"https:\/\/bis-art.com\/index.php\/wp-json\/wp\/v2\/pages\/1493\/revisions"}],"predecessor-version":[{"id":3575,"href":"https:\/\/bis-art.com\/index.php\/wp-json\/wp\/v2\/pages\/1493\/revisions\/3575"}],"wp:attachment":[{"href":"https:\/\/bis-art.com\/index.php\/wp-json\/wp\/v2\/media?parent=1493"}],"curies":[{"name":"wp","href":"https:\/\/api.w.org\/{rel}","templated":true}]}}