{"id":1660,"date":"2021-06-14T16:39:55","date_gmt":"2021-06-14T14:39:55","guid":{"rendered":"https:\/\/bis-art.com\/?page_id=1660"},"modified":"2023-05-30T10:57:09","modified_gmt":"2023-05-30T08:57:09","slug":"galeries-lafayette","status":"publish","type":"page","link":"https:\/\/bis-art.com\/index.php\/galeries-lafayette\/","title":{"rendered":"Galeries Lafayette"},"content":{"rendered":"\n<div style=\"height:60px\" aria-hidden=\"true\" class=\"wp-block-spacer\"><\/div>\n\n\n\n<div class=\"wp-block-columns\">\n<div class=\"wp-block-column\" style=\"flex-basis:33.33%\">\n<figure class=\"wp-block-image size-large\"><img loading=\"lazy\" width=\"1024\" height=\"205\" src=\"https:\/\/bis-art.com\/wp-content\/uploads\/2023\/05\/Bandeau-GL-1024x205.png\" alt=\"\" class=\"wp-image-2536\" srcset=\"https:\/\/bis-art.com\/wp-content\/uploads\/2023\/05\/Bandeau-GL-1024x205.png 1024w, https:\/\/bis-art.com\/wp-content\/uploads\/2023\/05\/Bandeau-GL-300x60.png 300w, https:\/\/bis-art.com\/wp-content\/uploads\/2023\/05\/Bandeau-GL-768x154.png 768w, https:\/\/bis-art.com\/wp-content\/uploads\/2023\/05\/Bandeau-GL.png 1200w\" sizes=\"(max-width: 1024px) 100vw, 1024px\" \/><\/figure>\n<\/div>\n\n\n\n<div class=\"wp-block-column\" style=\"flex-basis:66.66%\">\n<div class=\"page\" title=\"Page 1\">\n<div class=\"section\">\n<div class=\"layoutArea\">\n<div class=\"column\">\n<h2><span style=\"color: #4b86c7;\">Les Galeries Lafayette<\/span><\/h2>\n<p>Partenaire de BIS depuis sa cr\u00e9ation en 2018, le groupe Galeries Lafayette est heureux de renouveler son soutien \u00e0 la troisi\u00e8me \u00e9dition de la Biennale Saint-Paul de Vence.<\/p>\n<p>Depuis toujours, le Groupe a fait de l\u2019acc\u00e8s \u00e0 la cr\u00e9ation sous toutes ses formes \u2013 mode, arts appliqu\u00e9s, design \u2013 l\u2019une des valeurs fondatrices de son identit\u00e9. Il porte avec conviction l\u2019engagement centenaire de ses fondateurs, convaincus que le pouls de la soci\u00e9t\u00e9 se prend au poignet de ses artistes. Le Groupe est heureux de partager cette vocation avec la Biennale Saint-Paul de Vence, qui r\u00e9unit grand public et sc\u00e8ne artistique \u00e9mergente autour d\u2019une programmation unique et multidisciplinaire, \u00e0 l\u2019image de la cr\u00e9ation d\u2019aujourd\u2019hui.<\/p>\n<h3><span style=\"color: #4b86c7;\">\u00c0 propos du groupe Galeries Lafayette<\/span><\/h3>\n<p>Sp\u00e9cialiste de la mode, implant\u00e9 au c\u0153ur des villes, le groupe Galeries Lafayette est un groupe marchand, familial, priv\u00e9, h\u00e9ritier de 130 ans d\u2019une histoire b\u00e2tie dans le commerce et la distribution. Acteur engag\u00e9 pour offrir le meilleur du commerce et de la cr\u00e9ation et employeur priv\u00e9 de premier plan en France avec 11&nbsp;000 collaborateurs, le Groupe a pour vocation d\u2019agir comme une r\u00e9f\u00e9rence d\u2019un commerce omnicanal et responsable au service de ses clients, et de contribuer au rayonnement de l\u2019Art de Vivre \u00e0 la fran\u00e7aise. Avec des ventes au d\u00e9tail de 4,5 milliards d\u2019euros, le Groupe b\u00e9n\u00e9ficie aujourd\u2019hui d\u2019une reconnaissance internationale reposant sur ses marques embl\u00e9matiques&nbsp;: Galeries Lafayette, BHV MARAIS, La Redoute, Eataly Paris Marais, Galeries Lafayette-Royal Quartz Paris, Louis Pion, Mauboussin et BazarChic. Il accompagne la transformation patrimoniale, digitale et cr\u00e9ative de celles-ci avec le concours de Citynove et Lafayette Anticipations &#8211; Fondation d\u2019entreprise Galeries Lafayette.<\/p>\n<p>Depuis toujours, le groupe Galeries Lafayette consid\u00e8re qu\u2019il est de sa responsabilit\u00e9 de susciter l\u2019\u00e9motion et de d\u00e9mocratiser l\u2019acc\u00e8s \u00e0 la culture \u00e0 travers ses magasins. De Gabrielle Chanel \u00e0 Pierre Paulin, de Louis Majorelle \u00e0 Charlotte Perriand, de Marcel Duchamp \u00e0 David Lynch, le Groupe agit comme m\u00e9diateur entre des artistes embl\u00e9matiques, de jeunes cr\u00e9ateurs prometteurs et le grand public.<\/p>\n<p>En invitant artistes, designers et architectes \u00e0 concevoir des lieux chaleureux, ouverts et po\u00e9tiques, le groupe Galeries Lafayette fait de ses marques des destinations de shopping autant que de plaisir. En 2010, le Groupe a souhait\u00e9 s\u2019engager davantage dans le tissu culturel et renforcer son r\u00f4le actif aupr\u00e8s des artistes en portant son regard sur les institutions et la vie culturelle des villes dans lesquelles ses magasins sont implant\u00e9s : une politique de m\u00e9c\u00e9nat ambitieuse et p\u00e9renne soutient ainsi des projets artistiques innovants. En 2013, le Groupe a cr\u00e9\u00e9 sa Fondation d\u2019entreprise d\u2019int\u00e9r\u00eat g\u00e9n\u00e9ral, Lafayette Anticipations, traduisant \u00e0 grande \u00e9chelle son engagement en faveur des artistes et de la cr\u00e9ation, et participant pleinement \u00e0 l\u2019attractivit\u00e9 culturelle de la ville de Paris.<\/p>\n<p>Plus d\u2019informations sur <a href=\"http:\/\/www.groupegalerieslafayette.fr\/\">groupegalerieslafayette.fr<\/a>, sur <a href=\"https:\/\/fr.linkedin.com\/company\/groupe-galeries-lafayette?original_referer=https%3A%2F%2Fwww.google.com%2F\" data-wplink-edit=\"true\">LinkedIn<\/a>, sur Instagram (@groupegalerieslafayette) et sur Twitter (<a href=\"https:\/\/twitter.com\/galeries_laf\">@Galeries_Laf<\/a>)<\/p>\n<p><\/p>\n<\/div>\n<\/div>\n<\/div>\n<\/div>\n\n\n\n<hr class=\"wp-block-separator has-text-color has-background has-ast-global-color-0-background-color has-ast-global-color-0-color is-style-wide\"\/>\n\n\n\n<p style=\"font-weight: 400;\"><span style=\"color: #4b86c7;\"><em><strong>Galeries Lafayette<\/strong><\/em><\/span><\/p>\n<div class=\"page\" title=\"Page 2\">\n<div class=\"section\">\n<div class=\"layoutArea\">\n<div class=\"column\">\n<p><em>As partner since 2018, the Galeries Lafayette group renews its support to the third edition of BIS, the Saint-Paul de Vence International Biennial. From its very beginnings, the Group has made its responsibility to arouse emotion and make culture more accessible through its stores. By embracing the long-lasting vision of its founders, the Group is convinced that the pulse of society is taken at the wrist of its artists. The Group is pleased to share its commitment to creation with the Biennial of Saint-Paul de Vence, which brings together the public and the emerging art scene around unique and multidisciplinary programme.<\/em><\/p>\n<\/div>\n<\/div>\n<\/div>\n<\/div>\n<p style=\"font-weight: 400;\"><span style=\"color: #4b86c7;\"><em><strong>About Galeries Lafayette group<\/strong><\/em><\/span><\/p>\n<div class=\"page\" title=\"Page 2\">\n<div class=\"section\">\n<div class=\"layoutArea\">\n<div class=\"column\">\n<p><em>Specialised in city-centre fashion retailing, the Galeries Lafayette group is a family-run private group, with 130 years\u2019 history in commerce and retail. A key player committed to provide the best possible experience in retail and creation and a major private employer in France with 11,000 employees, the Group is committed to setting the standard as an omni-channel and responsible retailer that puts the customer first and is actively engaged in promoting the French \u201cArt of Living\u201d. With retail sales of Euros 4.5 billion, the Group enjoys international recognition through its iconic brands: Galeries Lafayette, BHV MARAIS, La Redoute, Eataly Paris Marais, Galeries Lafayette-Royal Quartz Paris, Louis Pion, Mauboussin and BazarChic. The Group supports the brands in their asset, digital and creative transformation through Citynove and Lafayette Anticipations &#8211; Galeries Lafayette Corporate Foundation.<\/em><\/p>\n<p><em>From its very beginnings, the Galeries Lafayette group has made it its responsibility to arouse emotion and make culture more accessible through its stores. From Gabrielle Chanel, Pierre Paulin and Louis Majorelle to Charlotte <span style=\"font-size: 1rem; background-color: rgba(255, 255, 255, 0);\">Perriand, Marcel Duchamp and David Lynch, the Group acts as a bridge between iconic artists, young designers and the wider public. By inviting artists, designers and architects to design welcoming, open, poetic locations, the Galeries Lafayette group has created stores that are popular destinations as much for shopping as for pure enjoyment. In 2010, the Group wanted to further its involvement in the cultural fabric and extend the active role it plays among artists by focusing on the institutions and cultural life in the cities in which its stores are located with an ambitious, long-term patronage strategy to support innovative artistic projects. In 2013, the Group created a corporate foundation, Lafayette Anticipations, demonstrating its deep-rooted commitment to supporting artists and creativity by directly enhancing the cultural appeal of the city of Paris.<\/span><\/em><\/p>\n<\/div>\n<\/div>\n<\/div>\n<\/div>\n<div class=\"page\" title=\"Page 3\">\n<div class=\"section\">\n<div class=\"layoutArea\">\n<div class=\"column\">\n<p><em>More information on <a href=\"http:\/\/www.groupegalerieslafayette.fr\/\" target=\"_blank\" rel=\"noopener\"><span style=\"color: #4b86c7;\">groupegalerieslafayette.com<\/span><\/a>, on <a href=\"https:\/\/fr.linkedin.com\/company\/groupe-galeries-lafayette?original_referer=https%3A%2F%2Fwww.google.com%2F\" target=\"_blank\" rel=\"noopener\"><span style=\"color: #4b86c7;\">LinkedIn,<\/span><\/a> on Instagram (@groupegalerieslafayette) and on Twitter (@Galeries_Laf)<\/em><\/p>\n<\/div>\n<\/div>\n<\/div>\n<\/div>\n<\/div>\n<\/div>\n\n\n\n<div style=\"height:60px\" aria-hidden=\"true\" class=\"wp-block-spacer\"><\/div>\n\n\n\n<p><\/p>\n","protected":false},"excerpt":{"rendered":"<p>Les Galeries Lafayette Partenaire de BIS depuis sa cr\u00e9ation en 2018, le groupe Galeries Lafayette est heureux de renouveler son soutien \u00e0 la troisi\u00e8me \u00e9dition de la Biennale Saint-Paul de Vence. Depuis toujours, le Groupe a fait de l\u2019acc\u00e8s \u00e0 la cr\u00e9ation sous toutes ses formes \u2013 mode, arts appliqu\u00e9s, design \u2013 l\u2019une des valeurs &hellip;<\/p>\n<p class=\"read-more\"> <a class=\"\" href=\"https:\/\/bis-art.com\/index.php\/galeries-lafayette\/\"> <span class=\"screen-reader-text\">Galeries Lafayette<\/span> Lire la suite \u00bb<\/a><\/p>\n","protected":false},"author":1,"featured_media":0,"parent":0,"menu_order":0,"comment_status":"closed","ping_status":"closed","template":"","meta":{"site-sidebar-layout":"default","site-content-layout":"default","ast-global-header-display":"","ast-main-header-display":"","ast-hfb-above-header-display":"","ast-hfb-below-header-display":"","ast-hfb-mobile-header-display":"","site-post-title":"disabled","ast-breadcrumbs-content":"","ast-featured-img":"","footer-sml-layout":"","theme-transparent-header-meta":"default","adv-header-id-meta":"","stick-header-meta":"default","header-above-stick-meta":"","header-main-stick-meta":"","header-below-stick-meta":""},"_links":{"self":[{"href":"https:\/\/bis-art.com\/index.php\/wp-json\/wp\/v2\/pages\/1660"}],"collection":[{"href":"https:\/\/bis-art.com\/index.php\/wp-json\/wp\/v2\/pages"}],"about":[{"href":"https:\/\/bis-art.com\/index.php\/wp-json\/wp\/v2\/types\/page"}],"author":[{"embeddable":true,"href":"https:\/\/bis-art.com\/index.php\/wp-json\/wp\/v2\/users\/1"}],"replies":[{"embeddable":true,"href":"https:\/\/bis-art.com\/index.php\/wp-json\/wp\/v2\/comments?post=1660"}],"version-history":[{"count":7,"href":"https:\/\/bis-art.com\/index.php\/wp-json\/wp\/v2\/pages\/1660\/revisions"}],"predecessor-version":[{"id":2811,"href":"https:\/\/bis-art.com\/index.php\/wp-json\/wp\/v2\/pages\/1660\/revisions\/2811"}],"wp:attachment":[{"href":"https:\/\/bis-art.com\/index.php\/wp-json\/wp\/v2\/media?parent=1660"}],"curies":[{"name":"wp","href":"https:\/\/api.w.org\/{rel}","templated":true}]}}