{"id":1668,"date":"2021-06-14T17:00:52","date_gmt":"2021-06-14T15:00:52","guid":{"rendered":"https:\/\/bis-art.com\/?page_id=1668"},"modified":"2023-05-27T17:20:19","modified_gmt":"2023-05-27T15:20:19","slug":"domaine-du-mas-de-pierre","status":"publish","type":"page","link":"https:\/\/bis-art.com\/index.php\/domaine-du-mas-de-pierre\/","title":{"rendered":"Domaine du Mas de Pierre"},"content":{"rendered":"\n<div style=\"height:60px\" aria-hidden=\"true\" class=\"wp-block-spacer\"><\/div>\n\n\n\n<div class=\"wp-block-columns\">\n<div class=\"wp-block-column\" style=\"flex-basis:33.33%\">\n<figure class=\"wp-block-image size-large is-style-default\"><img loading=\"lazy\" width=\"971\" height=\"1024\" src=\"https:\/\/bis-art.com\/wp-content\/uploads\/2021\/06\/Logo-DMDP-Version-Original-971x1024.png\" alt=\"\" class=\"wp-image-1655\" srcset=\"https:\/\/bis-art.com\/wp-content\/uploads\/2021\/06\/Logo-DMDP-Version-Original-971x1024.png 971w, https:\/\/bis-art.com\/wp-content\/uploads\/2021\/06\/Logo-DMDP-Version-Original-284x300.png 284w, https:\/\/bis-art.com\/wp-content\/uploads\/2021\/06\/Logo-DMDP-Version-Original-768x810.png 768w, https:\/\/bis-art.com\/wp-content\/uploads\/2021\/06\/Logo-DMDP-Version-Original.png 1280w\" sizes=\"(max-width: 971px) 100vw, 971px\" \/><\/figure>\n<\/div>\n\n\n\n<div class=\"wp-block-column\" style=\"flex-basis:66.66%\">\n<h2>Domaine du Mas de Pierre<\/h2>\n<p>Situ\u00e9 dans un jardin m\u00e9diterran\u00e9en de 4 hectares, au pied des remparts de Saint-Paul de Vence, le Domaine du Mas de Pierre est un Resort &amp; Spa intimiste et luxueux. L&#8217;\u00e9tablissement est compos\u00e9 de 9 bastides proven\u00e7ales comprenant 76 chambres et suites luxueuses avec leur propre jardin ou terrasse. Parmi elles, la Bastide des Fleurs qui propose 6 suites et suites junior, r\u00e9serv\u00e9es aux adultes. Cet endroit exceptionnel allie le charme d&#8217;un espace unique \u00e0 des services d&#8217;un h\u00f4tel de luxe. Le restaurant gastronomique de l&#8217;\u00e9tablissement, La Table de Pierre, est dirig\u00e9 par le chef Maxime Leconte, un v\u00e9ritable globetrotter qui marie parfaitement les saveurs du monde avec des plats proven\u00e7aux. Le second restaurant de l\u2019\u00e9tablissement, le bistrot Lis Orto, propose des plats authentiques de la r\u00e9gion dans une atmosph\u00e8re rappelant les c\u00e9l\u00e8bres bistrots de Nice.<\/p>\n<p>Depuis la r\u00e9ouverture du Domaine du Mas de Pierre au printemps 2021, un spa de 2 000 m\u00b2 a \u00e9t\u00e9 ajout\u00e9 aux nombreux services propos\u00e9s par l&#8217;\u00e9tablissement. Celui-ci dispose d\u2019un espace bien-\u00eatre avec une salle de sport enti\u00e8rement \u00e9quip\u00e9e, une piscine int\u00e9rieure chauff\u00e9e (avec jets d&#8217;hydromassage, nage \u00e0 contre-courant, aquabike&#8230;), 2 saunas, un hammam, une grotte de neige, un salon et un jacuzzi ext\u00e9rieur. Des soins et massages sont dispens\u00e9s dans 12 salles de soins d\u00e9di\u00e9es situ\u00e9es au 1er \u00e9tage,\u00a0<\/p>\n<p>L&#8217;un des points forts de cette r\u00e9novation r\u00e9cente est le lagon qui se distingue comme un v\u00e9ritable paradis entre la mer et les montagnes. Une oasis cach\u00e9e et bord\u00e9e d\u2019une vraie plage, d\u2019une cascade et d\u2019un toboggan sous les palmiers. Une atmosph\u00e8re d\u2019\u00eele fantastique \u00e0 vivre \u00e0 deux ou en famille.<\/p>\n<p>Afin d\u2019offrir un moment de magie \u00e0 toute la famille, le Jardin d&#8217;Alice a \u00e9t\u00e9 cr\u00e9\u00e9. Gr\u00e2ce \u00e0 son aire de jeux directement inspir\u00e9e de l&#8217;univers fantastique de Lewis Carroll et ses 3 remorques avec des activit\u00e9s sp\u00e9cifiques, l&#8217;\u00e9quipe d&#8217;animation pourra s&#8217;occuper des enfants du matin au soir.<\/p>\n<p>Plus d&#8217;informations sur <span style=\"color: #4b86c7;\"><a style=\"color: #4b86c7;\" href=\"https:\/\/www.lemasdepierre.com\" target=\"_blank\" rel=\"noopener\">https:\/\/www.lemasdepierre.com<\/a><\/span><\/p>\n<p>\u00a0<\/p>\n\n\n\n<hr class=\"wp-block-separator has-text-color has-background has-ast-global-color-0-background-color has-ast-global-color-0-color is-style-wide\"\/>\n\n\n\n<p><em>Located in a 4-ha Mediterranean garden, at the foot of the ramparts of Saint-Paul de Vence, the Domaine du Mas de Pierre is an intimate and luxurious Resort &amp; Spa. The establishment is composed of 9 Provencal bastides with 76 luxurious rooms and suites with their own garden or terrace. Among them, the Bastide des Fleurs offers 6 suites and junior suites, reserved for adults. This exceptional place combines the charm of a unique space with the services of a luxury hotel. The establishment&#8217;s gourmet restaurant, La Table de Pierre, is directed by chef Maxime Leconte, a true globetrotter who perfectly blends world flavors with Provencal dishes. The second restaurant of the establishment, the bistro Lis Orto, proposes authentic dishes of the region in an atmosphere reminiscent of the famous bistros of Nice.<\/em><\/p>\n<p><em>Since the reopening of the Domaine du Mas de Pierre in the spring of 2021, a 2,000-sqmt spa has been added to the many services offered by the property. It features a wellness area with a fully equipped fitness, a heated indoor pool (with hydromassage jets, counter-current swimming, aquabike&#8230;), 2 saunas, a steam room, a snow cave, a lounge and an outdoor jacuzzi. Treatments and massages are provided in 12 dedicated treatment rooms located on the 1st floor.<\/em><\/p>\n<p><em>One of the highlights of this recent renovation is the lagoon pool, which stands out as a true paradise between land and see. A hidden oasis bordered by a fine sandy beach, a waterfall and a slide under the palm trees. A fantastic island atmosphere to be experienced with the other half, or with the family.<\/em><\/p>\n<p><em>In order to offer a moment of magic to the whole family, Alice&#8217;s Garden has been created. Thanks to its playground directly inspired by the fantastic universe of Lewis Carroll and its 3 trailers with specific activities, the animation team will be able to take care of the children from morning to night.<\/em><\/p>\n<p><em>More informations: <span style=\"color: #4b86c7;\"><a style=\"color: #4b86c7;\" href=\"https:\/\/www.lemasdepierre.com\" target=\"_blank\" rel=\"noopener\">https:\/\/www.lemasdepierre.com<\/a><\/span><\/em><\/p>\n<p>\u00a0<\/p>\n<p>\u00a0<\/p>\n<\/div>\n<\/div>\n\n\n\n<div style=\"height:60px\" aria-hidden=\"true\" class=\"wp-block-spacer\"><\/div>\n","protected":false},"excerpt":{"rendered":"<p>Domaine du Mas de Pierre Situ\u00e9 dans un jardin m\u00e9diterran\u00e9en de 4 hectares, au pied des remparts de Saint-Paul de Vence, le Domaine du Mas de Pierre est un Resort &amp; Spa intimiste et luxueux. L&#8217;\u00e9tablissement est compos\u00e9 de 9 bastides proven\u00e7ales comprenant 76 chambres et suites luxueuses avec leur propre jardin ou terrasse. Parmi &hellip;<\/p>\n<p class=\"read-more\"> <a class=\"\" href=\"https:\/\/bis-art.com\/index.php\/domaine-du-mas-de-pierre\/\"> <span class=\"screen-reader-text\">Domaine du Mas de Pierre<\/span> Lire la suite \u00bb<\/a><\/p>\n","protected":false},"author":1,"featured_media":0,"parent":0,"menu_order":0,"comment_status":"closed","ping_status":"closed","template":"","meta":{"site-sidebar-layout":"default","site-content-layout":"default","ast-global-header-display":"","ast-main-header-display":"","ast-hfb-above-header-display":"","ast-hfb-below-header-display":"","ast-hfb-mobile-header-display":"","site-post-title":"disabled","ast-breadcrumbs-content":"","ast-featured-img":"","footer-sml-layout":"","theme-transparent-header-meta":"default","adv-header-id-meta":"","stick-header-meta":"default","header-above-stick-meta":"","header-main-stick-meta":"","header-below-stick-meta":""},"_links":{"self":[{"href":"https:\/\/bis-art.com\/index.php\/wp-json\/wp\/v2\/pages\/1668"}],"collection":[{"href":"https:\/\/bis-art.com\/index.php\/wp-json\/wp\/v2\/pages"}],"about":[{"href":"https:\/\/bis-art.com\/index.php\/wp-json\/wp\/v2\/types\/page"}],"author":[{"embeddable":true,"href":"https:\/\/bis-art.com\/index.php\/wp-json\/wp\/v2\/users\/1"}],"replies":[{"embeddable":true,"href":"https:\/\/bis-art.com\/index.php\/wp-json\/wp\/v2\/comments?post=1668"}],"version-history":[{"count":4,"href":"https:\/\/bis-art.com\/index.php\/wp-json\/wp\/v2\/pages\/1668\/revisions"}],"predecessor-version":[{"id":2551,"href":"https:\/\/bis-art.com\/index.php\/wp-json\/wp\/v2\/pages\/1668\/revisions\/2551"}],"wp:attachment":[{"href":"https:\/\/bis-art.com\/index.php\/wp-json\/wp\/v2\/media?parent=1668"}],"curies":[{"name":"wp","href":"https:\/\/api.w.org\/{rel}","templated":true}]}}