{"id":1672,"date":"2021-06-14T17:05:10","date_gmt":"2021-06-14T15:05:10","guid":{"rendered":"https:\/\/bis-art.com\/?page_id=1672"},"modified":"2023-05-27T17:24:49","modified_gmt":"2023-05-27T15:24:49","slug":"appia-art-assurance","status":"publish","type":"page","link":"https:\/\/bis-art.com\/index.php\/appia-art-assurance\/","title":{"rendered":"Appia Art &#038; Assurance"},"content":{"rendered":"\n<div style=\"height:60px\" aria-hidden=\"true\" class=\"wp-block-spacer\"><\/div>\n\n\n\n<div class=\"wp-block-columns\">\n<div class=\"wp-block-column\" style=\"flex-basis:33.33%\">\n<figure class=\"wp-block-image size-large is-style-default\"><img loading=\"lazy\" width=\"314\" height=\"307\" src=\"https:\/\/bis-art.com\/wp-content\/uploads\/2021\/06\/APPIA_Logo_ROND_FB.jpeg\" alt=\"\" class=\"wp-image-1656\" srcset=\"https:\/\/bis-art.com\/wp-content\/uploads\/2021\/06\/APPIA_Logo_ROND_FB.jpeg 314w, https:\/\/bis-art.com\/wp-content\/uploads\/2021\/06\/APPIA_Logo_ROND_FB-300x293.jpeg 300w\" sizes=\"(max-width: 314px) 100vw, 314px\" \/><\/figure>\n<\/div>\n\n\n\n<div class=\"wp-block-column\" style=\"flex-basis:66.66%\">\n<h2><span style=\"color: #4b86c7;\">APPIA Art &amp; Assurance<\/span><\/h2>\n<p>\u00a0<\/p>\n<p>Edouard Bernard et Hadrien Brissaud sont les co-fondateurs de la soci\u00e9t\u00e9 de courtage en assurance Appia Art &amp; Assurance.<\/p>\n<p>Amateurs et collectionneurs, nous nous consacrons exclusivement \u00e0 l\u2019assurance d\u2019\u0153uvres d\u2019art, d\u2019objets de collection et de lieux d\u2019exposition. Courtier Ind\u00e9pendant nous \u00e9laborons des contrats d\u2019assurance sur-mesure pour nos clients\u00a0: galeries, commissaires-priseurs, mais aussi particuliers et institutions priv\u00e9es.<\/p>\n<p>Arch\u00e9ologie, art ancien ou art moderne et contemporain, timbres, montres, bijoux, cave \u00e0 vins, pi\u00e8ces design, voitures anciennes, Appia Art &amp; Assurance assure toutes sortes d\u2019\u0153uvres et d\u2019objets.<\/p>\n<p>L\u2019assurance des objets d\u2019art et de collection, ou des biens culturels n\u2019est possible que parce qu\u2019il existe une personne physique ou morale qui a la charge et la responsabilit\u00e9 de cet objet d\u2019art. Les \u0153uvres d\u2019art sont appel\u00e9es \u00e0 changer de main, \u00e0 passer d\u2019une collection \u00e0 une autre et un jour peut-\u00eatre \u00e0 rejoindre un mus\u00e9e qui aura la charge de les exposer, de les faire conna\u00eetre et de les pr\u00eater \u00e0 travers le monde. Le m\u00e9tier de courtier sp\u00e9cialis\u00e9 dans l\u2019assurance des acteurs du monde culturel est donc d\u2019identifier ces propri\u00e9taires et d\u00e9positaires d\u2019objets d\u2019art, de les accompagner et de les conseiller pour r\u00e9pondre correctement au risque dont ils sont les d\u00e9positaires.<\/p>\n<p>Enfin nous sommes tr\u00e8s heureux d\u2019apporter notre soutien \u00e0 la Biennale de Saint Paul de Vence depuis sa premi\u00e8re \u00e9dition. Nous sommes intimement persuad\u00e9s que c\u2019est aussi notre m\u00e9tier d\u2019accompagner et de soutenir nos clients dans leur projet pour que l\u2019assurance soit une solution et jamais un frein \u00e0 la r\u00e9alisation de projets culturels et artistiques.<\/p>\n<p>Plus d&#8217;informations sur <span style=\"color: #4b86c7;\"><a style=\"color: #4b86c7;\" href=\"http:\/\/www.appia-art.fr\" target=\"_blank\" rel=\"noopener\">http:\/\/www.appia-art.fr<\/a><\/span><\/p>\n<p>\u00a0<\/p>\n\n\n\n<hr class=\"wp-block-separator has-text-color has-background has-ast-global-color-0-background-color has-ast-global-color-0-color is-style-wide\"\/>\n\n\n\n<p style=\"font-weight: 400;\"><em>Edouard Bernard and Hadrien Brissaud are the co-founders of Appia Art &amp; Assurance.<\/em><\/p>\n<p style=\"font-weight: 400;\"><em>As art lovers and collectors, we are exclusively dedicated to the insurance of artworks, collectors&#8217; items and exhibition venues. As an independent broker, we develop tailor-made insurance policies for our clients: galleries, auctioneers, but also private individuals and institutions.<\/em><\/p>\n<p style=\"font-weight: 400;\"><em>Archaeology, ancient art or modern and contemporary art, stamps, watches, jewellery, wine cellars, design pieces, vintage cars, Appia Art &amp; Assurance ensures all kinds of works and objects.<\/em><\/p>\n<p style=\"font-weight: 400;\"><em>The insurance of artworks and collectors&#8217; items, or cultural property, is only possible because there is a natural or legal person who is in charge of and responsible for this art object. Artworks are bound to change hands, to pass from one collection to another and one day perhaps to join a museum which will be responsible for exhibiting them, making them known and lending them throughout the world. The job of a broker, specialized in the insurance of cultural players, is therefore to identify these owners and custodians of art objects, to accompany them and to advise them in order to respond correctly to the risk of which they are custodians.<\/em><\/p>\n<p style=\"font-weight: 400;\"><em>Finally, we are very happy to support the Biennale de Saint Paul de Vence since its inception. We are firmly convinced that it is also our duty to accompany and support our clients in their projects so that insurance can be a solution and never an obstacle to the realization of cultural and artistic projects.<\/em><\/p>\n<p><em>More information on <a href=\"http:\/\/www.appia-art.fr\" target=\"_blank\" rel=\"noopener\">http:\/\/www.appia-art.fr<\/a><\/em><\/p>\n\n\n\n<p><\/p>\n<\/div>\n<\/div>\n\n\n\n<div style=\"height:60px\" aria-hidden=\"true\" class=\"wp-block-spacer\"><\/div>\n","protected":false},"excerpt":{"rendered":"<p>APPIA Art &amp; Assurance \u00a0 Edouard Bernard et Hadrien Brissaud sont les co-fondateurs de la soci\u00e9t\u00e9 de courtage en assurance Appia Art &amp; Assurance. Amateurs et collectionneurs, nous nous consacrons exclusivement \u00e0 l\u2019assurance d\u2019\u0153uvres d\u2019art, d\u2019objets de collection et de lieux d\u2019exposition. Courtier Ind\u00e9pendant nous \u00e9laborons des contrats d\u2019assurance sur-mesure pour nos clients\u00a0: galeries, commissaires-priseurs, &hellip;<\/p>\n<p class=\"read-more\"> <a class=\"\" href=\"https:\/\/bis-art.com\/index.php\/appia-art-assurance\/\"> <span class=\"screen-reader-text\">Appia Art &#038; Assurance<\/span> Lire la suite \u00bb<\/a><\/p>\n","protected":false},"author":1,"featured_media":0,"parent":0,"menu_order":0,"comment_status":"closed","ping_status":"closed","template":"","meta":{"site-sidebar-layout":"default","site-content-layout":"default","ast-global-header-display":"","ast-main-header-display":"","ast-hfb-above-header-display":"","ast-hfb-below-header-display":"","ast-hfb-mobile-header-display":"","site-post-title":"disabled","ast-breadcrumbs-content":"","ast-featured-img":"","footer-sml-layout":"","theme-transparent-header-meta":"default","adv-header-id-meta":"","stick-header-meta":"default","header-above-stick-meta":"","header-main-stick-meta":"","header-below-stick-meta":""},"_links":{"self":[{"href":"https:\/\/bis-art.com\/index.php\/wp-json\/wp\/v2\/pages\/1672"}],"collection":[{"href":"https:\/\/bis-art.com\/index.php\/wp-json\/wp\/v2\/pages"}],"about":[{"href":"https:\/\/bis-art.com\/index.php\/wp-json\/wp\/v2\/types\/page"}],"author":[{"embeddable":true,"href":"https:\/\/bis-art.com\/index.php\/wp-json\/wp\/v2\/users\/1"}],"replies":[{"embeddable":true,"href":"https:\/\/bis-art.com\/index.php\/wp-json\/wp\/v2\/comments?post=1672"}],"version-history":[{"count":4,"href":"https:\/\/bis-art.com\/index.php\/wp-json\/wp\/v2\/pages\/1672\/revisions"}],"predecessor-version":[{"id":2554,"href":"https:\/\/bis-art.com\/index.php\/wp-json\/wp\/v2\/pages\/1672\/revisions\/2554"}],"wp:attachment":[{"href":"https:\/\/bis-art.com\/index.php\/wp-json\/wp\/v2\/media?parent=1672"}],"curies":[{"name":"wp","href":"https:\/\/api.w.org\/{rel}","templated":true}]}}