{"id":1674,"date":"2021-06-14T17:09:50","date_gmt":"2021-06-14T15:09:50","guid":{"rendered":"https:\/\/bis-art.com\/?page_id=1674"},"modified":"2023-05-27T17:55:19","modified_gmt":"2023-05-27T15:55:19","slug":"transports-longue","status":"publish","type":"page","link":"https:\/\/bis-art.com\/index.php\/transports-longue\/","title":{"rendered":"Transports Longu\u00e9"},"content":{"rendered":"\n<div style=\"height:60px\" aria-hidden=\"true\" class=\"wp-block-spacer\"><\/div>\n\n\n\n<div class=\"wp-block-columns\">\n<div class=\"wp-block-column\" style=\"flex-basis:33.33%\">\n<figure class=\"wp-block-image size-large is-style-default\"><img loading=\"lazy\" width=\"261\" height=\"90\" src=\"https:\/\/bis-art.com\/wp-content\/uploads\/2021\/06\/logo-TransportsLongue\u0301.png\" alt=\"\" class=\"wp-image-1657\"\/><\/figure>\n<\/div>\n\n\n\n<div class=\"wp-block-column\" style=\"flex-basis:66.66%\">\n<h2>Transports Longu\u00e9<\/h2>\n<p>C\u2019est un coup de foudre qui fit na\u00eetre les Transports Longu\u00e9. Nous sommes \u00e0 la fin des ann\u00e9es 1980 . Agn\u00e8s, fille de transporteur d\u00e9m\u00e9nageur, et Patrice Longu\u00e9 tomb\u00e9 amoureux de Vence, se sont rencontr\u00e9s lors de leurs \u00e9tudes de qualification en transport et logistique.<\/p>\n<p>L\u2019endroit \u00e9tait id\u00e9al, et la reprise d\u2019une petite soci\u00e9t\u00e9 locale de d\u00e9m\u00e9nagement l\u2019aboutissement d\u2019un r\u00eave commun.<br \/>Ann\u00e9es apr\u00e8s ann\u00e9es, le s\u00e9rieux et le labeur firent le reste. Travailler, transporter, prendre soin des clients dans une micro r\u00e9gion vou\u00e9e \u00e0 l\u2019art et au bien vivre, fit de la maison Longu\u00e9 une entit\u00e9 incontournable en pays Ven\u00e7ois.<\/p>\n<p>La proximit\u00e9 et l\u2019int\u00e9r\u00eat des artistes locaux pour le travail bien fait, devint vite une \u00e9vidence.<\/p>\n<p>Aujourd\u2019hui les transports Longu\u00e9, dirig\u00e9s par leur fils S\u00e9bastien, \u00e9lev\u00e9 depuis sa tendre enfance dans l\u2019atmosph\u00e8re et la rigueur de la perfection exig\u00e9e, continue avec professionnalisme le transport, les transferts et le conditionnement des chefs d\u2019\u0153uvres de nos plus grands artistes r\u00e9gionaux.<br \/>\u00c9lev\u00e9e dans l\u2019univers des plus grands, sa fid\u00e8le \u00e9quipe d\u2019enfants de la ville, a grandi en travaillant pour Arman, Tobiasse ,Franta, Ritchie, Fahri, Cesar, Ben, Aim\u00e9 Maeght, Alphonse Chave, Sagasta&#8230;<br \/>En passant par tous les chemins entre Vence et St Paul, parcourus par Matisse, Chagall, Raoul Dufy, Braque, Mir\u00f3, Giacometti &#8230;<\/p>\n<p>Le transport de l\u2019art ne s\u2019est pas improvis\u00e9. Il est devenu une \u00e9vidence tant nous en \u00e9tions ses contemporains et t\u00e9moins directs. Sortir des sentiers battus,\u00a0affr\u00e9ter, conditionner, mener a bien nos missions \u00e0 travers la France et le monde, est depuis, devenu notre credo !<\/p>\n<p>C\u2019est avec fiert\u00e9 et bienveillance que nous sommes partenaires techniques de la Biennale internationale Saint-Paul de Vence depuis la 2e \u00e9dition .<\/p>\n<p>Plus de renseignements sur <span style=\"color: #4b86c7;\"><a style=\"color: #4b86c7;\" href=\"https:\/\/www.transports-longue.com\" target=\"_blank\" rel=\"noopener\">https:\/\/www.transports-longue.com<\/a><\/span><\/p>\n<p>\u00a0<\/p>\n\n\n\n<hr class=\"wp-block-separator has-text-color has-background has-ast-global-color-0-background-color has-ast-global-color-0-color is-style-wide\"\/>\n\n\n\n<p><em>It was love at first sight that gave birth to Transports Longu\u00e9. It was the end of the 1980s. Agn\u00e8s, the daughter of a removal operator, and Patrice Longu\u00e9, who had fallen in love with Vence, met while studying for a qualification in transport and logistics.<\/em><br \/><br \/><em>The location was ideal, and taking over a small local removals company was the culmination of a shared dream.<\/em><br \/><em>Year after year, hard work and dedication did the rest. Working, transporting and looking after customers in a micro region devoted to art and good living made Maison Longu\u00e9 an essential part of the Ven\u00e7ois region.<\/em><br \/><br \/><em>The proximity and interest of local artists in a job well done soon became obvious.<\/em><br \/><br \/><em>Today, transport Longu\u00e9, managed by their son S\u00e9bastien, brought up since his childhood in the atmosphere and rigour of the perfection demanded, continues with professionalism the transport, transfers and packaging of the masterpieces of our greatest regional artists.<\/em><br \/><em>Brought up in the world of the greats, his loyal team of city kids grew up working for Arman, Tobiasse ,Franta, Ritchie, Fahri, Cesar, Ben, Aim\u00e9 Maeght, Alphonse Chave, Sagasta&#8230;<\/em><br \/><em>Taking in all the paths between Vence and St Paul, travelled by Matisse, Chagall, Raoul Dufy, Braque, Mir\u00f3, Giacometti&#8230;<\/em><br \/><br \/><em>Transporting art is not something you can improvise. It became a matter of course, so much so that we were its contemporaries and direct witnesses. Going off the beaten track, chartering, packing and carrying out our missions throughout France and the world have since become our credo!<\/em><br \/><br \/><em>It is with pride and goodwill that we have been technical partners of the Saint-Paul de Vence International Biennial since its 2nd edition.<\/em><\/p>\n<p><em>More information on <span style=\"color: #4b86c7;\"><a style=\"color: #4b86c7;\" href=\"https:\/\/www.transports-longue.com\" target=\"_blank\" rel=\"noopener\">https:\/\/www.transports-longue.com<\/a><\/span><\/em><em><br \/><\/em><\/p>\n<\/div>\n<\/div>\n\n\n\n<div style=\"height:60px\" aria-hidden=\"true\" class=\"wp-block-spacer\"><\/div>\n","protected":false},"excerpt":{"rendered":"<p>Transports Longu\u00e9 C\u2019est un coup de foudre qui fit na\u00eetre les Transports Longu\u00e9. Nous sommes \u00e0 la fin des ann\u00e9es 1980 . Agn\u00e8s, fille de transporteur d\u00e9m\u00e9nageur, et Patrice Longu\u00e9 tomb\u00e9 amoureux de Vence, se sont rencontr\u00e9s lors de leurs \u00e9tudes de qualification en transport et logistique. L\u2019endroit \u00e9tait id\u00e9al, et la reprise d\u2019une petite &hellip;<\/p>\n<p class=\"read-more\"> <a class=\"\" href=\"https:\/\/bis-art.com\/index.php\/transports-longue\/\"> <span class=\"screen-reader-text\">Transports Longu\u00e9<\/span> Lire la suite \u00bb<\/a><\/p>\n","protected":false},"author":1,"featured_media":0,"parent":0,"menu_order":0,"comment_status":"closed","ping_status":"closed","template":"","meta":{"site-sidebar-layout":"default","site-content-layout":"default","ast-global-header-display":"","ast-main-header-display":"","ast-hfb-above-header-display":"","ast-hfb-below-header-display":"","ast-hfb-mobile-header-display":"","site-post-title":"disabled","ast-breadcrumbs-content":"","ast-featured-img":"","footer-sml-layout":"","theme-transparent-header-meta":"default","adv-header-id-meta":"","stick-header-meta":"default","header-above-stick-meta":"","header-main-stick-meta":"","header-below-stick-meta":""},"_links":{"self":[{"href":"https:\/\/bis-art.com\/index.php\/wp-json\/wp\/v2\/pages\/1674"}],"collection":[{"href":"https:\/\/bis-art.com\/index.php\/wp-json\/wp\/v2\/pages"}],"about":[{"href":"https:\/\/bis-art.com\/index.php\/wp-json\/wp\/v2\/types\/page"}],"author":[{"embeddable":true,"href":"https:\/\/bis-art.com\/index.php\/wp-json\/wp\/v2\/users\/1"}],"replies":[{"embeddable":true,"href":"https:\/\/bis-art.com\/index.php\/wp-json\/wp\/v2\/comments?post=1674"}],"version-history":[{"count":2,"href":"https:\/\/bis-art.com\/index.php\/wp-json\/wp\/v2\/pages\/1674\/revisions"}],"predecessor-version":[{"id":2564,"href":"https:\/\/bis-art.com\/index.php\/wp-json\/wp\/v2\/pages\/1674\/revisions\/2564"}],"wp:attachment":[{"href":"https:\/\/bis-art.com\/index.php\/wp-json\/wp\/v2\/media?parent=1674"}],"curies":[{"name":"wp","href":"https:\/\/api.w.org\/{rel}","templated":true}]}}