{"id":1807,"date":"2021-07-04T15:06:53","date_gmt":"2021-07-04T13:06:53","guid":{"rendered":"https:\/\/bis-art.com\/?page_id=1807"},"modified":"2023-01-11T12:29:15","modified_gmt":"2023-01-11T11:29:15","slug":"edition2021-les-galeries-partenaires","status":"publish","type":"page","link":"https:\/\/bis-art.com\/index.php\/edition2021-les-galeries-partenaires\/","title":{"rendered":"Edition2021 Les Galeries Partenaires"},"content":{"rendered":"\n<div style=\"height:60px\" aria-hidden=\"true\" class=\"wp-block-spacer\"><\/div>\n\n\n<h2><span style=\"color: #b12763;\">\u00c9dition 2021<br \/>Les galeries partenaires de la Biennale<\/span><\/h2>\n\n\n<div style=\"height:60px\" aria-hidden=\"true\" class=\"wp-block-spacer\"><\/div>\n\n\n\n<div class=\"wp-block-columns\">\n<div class=\"wp-block-column\" style=\"flex-basis:33.33%\">\n<figure class=\"wp-block-image size-medium\"><img loading=\"lazy\" width=\"300\" height=\"44\" src=\"https:\/\/bis-art.com\/wp-content\/uploads\/2021\/07\/Logo-Galerie-TB-300x44.png\" alt=\"\" class=\"wp-image-1808\" srcset=\"https:\/\/bis-art.com\/wp-content\/uploads\/2021\/07\/Logo-Galerie-TB-300x44.png 300w, https:\/\/bis-art.com\/wp-content\/uploads\/2021\/07\/Logo-Galerie-TB.png 400w\" sizes=\"(max-width: 300px) 100vw, 300px\" \/><\/figure>\n<\/div>\n\n\n\n<div class=\"wp-block-column\" style=\"flex-basis:66.66%\">\n<h3><span style=\"color: #b12763;\"><a style=\"color: #b12763;\" href=\"https:\/\/bis-art.com\/index.php\/galerie-thomas-bernard\/\">&gt; Galerie Thomas Bernard<\/a><\/span><\/h3>\n<div class=\"page\" title=\"Page 26\">\n<div class=\"layoutArea\">\n<div class=\"column\">\n<p>13, rue des Arquebusiers<br \/>75003 Paris <br \/><span style=\"font-size: 1rem;\">pr\u00e9sente <span style=\"color: #b12763;\"><a style=\"color: #b12763;\" href=\"https:\/\/bis-art.com\/index.php\/kevin-rouillard\/\">Kevin Rouillard<\/a><\/span><\/span><\/p>\n<\/div>\n<\/div>\n<\/div>\n<\/div>\n<\/div>\n\n\n\n<hr class=\"wp-block-separator has-text-color has-background has-ast-global-color-7-background-color has-ast-global-color-7-color is-style-wide\"\/>\n\n\n\n<div class=\"wp-block-columns\">\n<div class=\"wp-block-column\" style=\"flex-basis:33.33%\">\n<figure class=\"wp-block-image size-medium\"><img loading=\"lazy\" width=\"300\" height=\"212\" src=\"https:\/\/bis-art.com\/wp-content\/uploads\/2021\/07\/Logo-CAB-300x212.jpg\" alt=\"\" class=\"wp-image-1810\" srcset=\"https:\/\/bis-art.com\/wp-content\/uploads\/2021\/07\/Logo-CAB-300x212.jpg 300w, https:\/\/bis-art.com\/wp-content\/uploads\/2021\/07\/Logo-CAB.jpg 400w\" sizes=\"(max-width: 300px) 100vw, 300px\" \/><\/figure>\n<\/div>\n\n\n\n<div class=\"wp-block-column\" style=\"flex-basis:66.66%\">\n<div class=\"layoutArea\">\n<div class=\"column\">\n<h3><span style=\"color: #b12763;\"><a style=\"color: #b12763;\" href=\"https:\/\/bis-art.com\/index.php\/fondation-cab\/\">&gt; Fondation CAB<\/a><\/span><\/h3>\n<\/div>\n<\/div>\n<div class=\"layoutArea\">\n<div class=\"column\">\n<p>Chemin des Trioux <br \/>06570 Saint-Paul de Vence<br \/>pr\u00e9sente <span style=\"color: #b12763;\"><a style=\"color: #b12763;\" href=\"https:\/\/bis-art.com\/index.php\/charlotte-vander-borght\/\">Charlotte vander Borght<\/a><\/span><\/p>\n<\/div>\n<\/div>\n<\/div>\n<\/div>\n\n\n\n<hr class=\"wp-block-separator has-text-color has-background has-ast-global-color-7-background-color has-ast-global-color-7-color is-style-wide\"\/>\n\n\n\n<div class=\"wp-block-columns\">\n<div class=\"wp-block-column\" style=\"flex-basis:33.33%\">\n<figure class=\"wp-block-image size-medium\"><img loading=\"lazy\" width=\"300\" height=\"25\" src=\"https:\/\/bis-art.com\/wp-content\/uploads\/2021\/07\/Logo-CB-300x25.jpg\" alt=\"\" class=\"wp-image-1811\" srcset=\"https:\/\/bis-art.com\/wp-content\/uploads\/2021\/07\/Logo-CB-300x25.jpg 300w, https:\/\/bis-art.com\/wp-content\/uploads\/2021\/07\/Logo-CB-1024x84.jpg 1024w, https:\/\/bis-art.com\/wp-content\/uploads\/2021\/07\/Logo-CB-768x63.jpg 768w, https:\/\/bis-art.com\/wp-content\/uploads\/2021\/07\/Logo-CB-1536x126.jpg 1536w, https:\/\/bis-art.com\/wp-content\/uploads\/2021\/07\/Logo-CB.jpg 1772w\" sizes=\"(max-width: 300px) 100vw, 300px\" \/><\/figure>\n<\/div>\n\n\n\n<div class=\"wp-block-column\" style=\"flex-basis:66.66%\">\n<h3><a href=\"https:\/\/bis-art.com\/index.php\/ceysson-benetiere\/\"><span style=\"color: #b12763;\">&gt; Ceysson &amp; B\u00e9n\u00e9ti\u00e8re<\/span><\/a><\/h3>\n<p>23, rue du Renard <br \/>75004 Paris<br \/><span style=\"font-size: 1rem;\">pr\u00e9sente <span style=\"color: #b12763;\"><a style=\"color: #b12763;\" href=\"https:\/\/bis-art.com\/index.php\/aurelie-petrel\/\">Aur\u00e9lie Petrel<\/a><\/span> et <a href=\"https:\/\/bis-art.com\/index.php\/florian-pugnaire-david-raffini\/\"><span style=\"color: #b12763;\">Florent Pugnaire &amp; David Raffini<\/span><\/a><\/span><\/p>\n<\/div>\n<\/div>\n\n\n\n<hr class=\"wp-block-separator has-text-color has-background has-ast-global-color-7-background-color has-ast-global-color-7-color is-style-wide\"\/>\n\n\n\n<div class=\"wp-block-columns\">\n<div class=\"wp-block-column\" style=\"flex-basis:33.33%\">\n<figure class=\"wp-block-image size-medium\"><img loading=\"lazy\" width=\"300\" height=\"32\" src=\"https:\/\/bis-art.com\/wp-content\/uploads\/2021\/07\/logo-galerie-LG-300x32.jpg\" alt=\"\" class=\"wp-image-1812\" srcset=\"https:\/\/bis-art.com\/wp-content\/uploads\/2021\/07\/logo-galerie-LG-300x32.jpg 300w, https:\/\/bis-art.com\/wp-content\/uploads\/2021\/07\/logo-galerie-LG.jpg 400w\" sizes=\"(max-width: 300px) 100vw, 300px\" \/><\/figure>\n<\/div>\n\n\n\n<div class=\"wp-block-column\" style=\"flex-basis:66.66%\">\n<h3><span style=\"color: #b12763;\"><a style=\"color: #b12763;\" href=\"https:\/\/bis-art.com\/index.php\/galerie-laurent-godin\/\">&gt; Galerie Laurent Godin<\/a><\/span><\/h3>\n<p>36 bis, rue Eug\u00e8ne Oudin\u00e9<br \/>75013 Paris<br \/><span style=\"font-size: 1rem;\">pr\u00e9sente <span style=\"color: #b12763;\"><a style=\"color: #b12763;\" href=\"https:\/\/bis-art.com\/index.php\/gonzalo-lebrija\/\">Gonzalo Lebrija<\/a><\/span><\/span><\/p>\n<\/div>\n<\/div>\n\n\n\n<hr class=\"wp-block-separator has-text-color has-background has-ast-global-color-7-background-color has-ast-global-color-7-color is-style-wide\"\/>\n\n\n\n<div class=\"wp-block-columns\">\n<div class=\"wp-block-column\" style=\"flex-basis:33.33%\">\n<figure class=\"wp-block-image size-medium\"><img loading=\"lazy\" width=\"300\" height=\"22\" src=\"https:\/\/bis-art.com\/wp-content\/uploads\/2021\/07\/Logo-GM-300x22.png\" alt=\"\" class=\"wp-image-1815\" srcset=\"https:\/\/bis-art.com\/wp-content\/uploads\/2021\/07\/Logo-GM-300x22.png 300w, https:\/\/bis-art.com\/wp-content\/uploads\/2021\/07\/Logo-GM-1024x74.png 1024w, https:\/\/bis-art.com\/wp-content\/uploads\/2021\/07\/Logo-GM-768x55.png 768w, https:\/\/bis-art.com\/wp-content\/uploads\/2021\/07\/Logo-GM-1536x111.png 1536w, https:\/\/bis-art.com\/wp-content\/uploads\/2021\/07\/Logo-GM.png 1634w\" sizes=\"(max-width: 300px) 100vw, 300px\" \/><\/figure>\n<\/div>\n\n\n\n<div class=\"wp-block-column\" style=\"flex-basis:66.66%\">\n<h3><span style=\"color: #b12763;\"><a style=\"color: #b12763;\" href=\"https:\/\/bis-art.com\/index.php\/galerie-mitterrand\/\">&gt; Galerie Mitterrand<\/a><\/span><\/h3>\n<p>79 rue du Temple<br \/>75003 Paris<br \/><span style=\"font-size: 1rem;\">pr\u00e9sente <span style=\"color: #b12763;\"><a style=\"color: #b12763;\" href=\"https:\/\/bis-art.com\/index.php\/scenocosme\/\">Sc\u00e9nocosme : Gr\u00e9gory Lasserre &amp; Ana\u00efs met den Ancxt<\/a><\/span><\/span><\/p>\n<\/div>\n<\/div>\n\n\n\n<hr class=\"wp-block-separator has-text-color has-background has-ast-global-color-7-background-color has-ast-global-color-7-color is-style-wide\"\/>\n\n\n\n<div class=\"wp-block-columns\">\n<div class=\"wp-block-column\" style=\"flex-basis:33.33%\">\n<figure class=\"wp-block-image size-medium\"><img loading=\"lazy\" width=\"300\" height=\"128\" src=\"https:\/\/bis-art.com\/wp-content\/uploads\/2023\/01\/Logo-Papillon-300x128.jpg\" alt=\"\" class=\"wp-image-2359\" srcset=\"https:\/\/bis-art.com\/wp-content\/uploads\/2023\/01\/Logo-Papillon-300x128.jpg 300w, https:\/\/bis-art.com\/wp-content\/uploads\/2023\/01\/Logo-Papillon-768x328.jpg 768w, https:\/\/bis-art.com\/wp-content\/uploads\/2023\/01\/Logo-Papillon.jpg 800w\" sizes=\"(max-width: 300px) 100vw, 300px\" \/><\/figure>\n<\/div>\n\n\n\n<div class=\"wp-block-column\" style=\"flex-basis:66.66%\">\n<h3><span style=\"color: #b12763;\"><a style=\"color: #b12763;\" href=\"https:\/\/bis-art.com\/index.php\/galerie-papillon\/\">&gt; Galerie Papillon<\/a><\/span><\/h3>\n<p>13, rue Chapon<br \/>75003 Paris<br \/><span style=\"font-size: 1rem;\">pr\u00e9sente <span style=\"color: #b12763;\"><a style=\"color: #b12763;\" href=\"https:\/\/bis-art.com\/index.php\/linda-sanchez\/\">Linda Sanchez<\/a><\/span> et <a href=\"https:\/\/bis-art.com\/index.php\/charles-le-hyaric\/\"><span style=\"color: #b12763;\">Charles Le Hyaric<\/span><\/a><\/span><\/p>\n<\/div>\n<\/div>\n\n\n\n<hr class=\"wp-block-separator has-text-color has-background has-ast-global-color-7-background-color has-ast-global-color-7-color is-style-wide\"\/>\n\n\n\n<div class=\"wp-block-columns\">\n<div class=\"wp-block-column\" style=\"flex-basis:33.33%\">\n<figure class=\"wp-block-image size-medium\"><img loading=\"lazy\" width=\"300\" height=\"92\" src=\"https:\/\/bis-art.com\/wp-content\/uploads\/2021\/07\/Logo-galerie-sator-300x92.jpg\" alt=\"\" class=\"wp-image-1817\" srcset=\"https:\/\/bis-art.com\/wp-content\/uploads\/2021\/07\/Logo-galerie-sator-300x92.jpg 300w, https:\/\/bis-art.com\/wp-content\/uploads\/2021\/07\/Logo-galerie-sator-1024x315.jpg 1024w, https:\/\/bis-art.com\/wp-content\/uploads\/2021\/07\/Logo-galerie-sator-768x236.jpg 768w, https:\/\/bis-art.com\/wp-content\/uploads\/2021\/07\/Logo-galerie-sator-1536x472.jpg 1536w, https:\/\/bis-art.com\/wp-content\/uploads\/2021\/07\/Logo-galerie-sator-2048x629.jpg 2048w\" sizes=\"(max-width: 300px) 100vw, 300px\" \/><\/figure>\n<\/div>\n\n\n\n<div class=\"wp-block-column\" style=\"flex-basis:66.66%\">\n<h3><span style=\"color: #b12763;\"><a style=\"color: #b12763;\" href=\"https:\/\/bis-art.com\/index.php\/galerie-sator\/\">&gt; Galerie Sator<\/a><\/span><\/h3>\n<p>8, passage des Gravilliers<br \/>75003 Paris<br \/><span style=\"font-size: 1rem;\">pr\u00e9sente <span style=\"color: #b12763;\"><a style=\"color: #b12763;\" href=\"https:\/\/bis-art.com\/index.php\/kokou-ferdinand-makouvia\/\">Kokou Ferdinand Makouvia<\/a><\/span><\/span><\/p>\n<\/div>\n<\/div>\n\n\n\n<hr class=\"wp-block-separator has-text-color has-background has-ast-global-color-7-background-color has-ast-global-color-7-color is-style-wide\"\/>\n\n\n\n<div class=\"wp-block-columns\">\n<div class=\"wp-block-column\" style=\"flex-basis:33.33%\">\n<figure class=\"wp-block-image size-medium\"><img loading=\"lazy\" width=\"300\" height=\"67\" src=\"https:\/\/bis-art.com\/wp-content\/uploads\/2021\/07\/logo-semiose-300x67.jpg\" alt=\"\" class=\"wp-image-1818\" srcset=\"https:\/\/bis-art.com\/wp-content\/uploads\/2021\/07\/logo-semiose-300x67.jpg 300w, https:\/\/bis-art.com\/wp-content\/uploads\/2021\/07\/logo-semiose-1024x228.jpg 1024w, https:\/\/bis-art.com\/wp-content\/uploads\/2021\/07\/logo-semiose-768x171.jpg 768w, https:\/\/bis-art.com\/wp-content\/uploads\/2021\/07\/logo-semiose-1536x342.jpg 1536w, https:\/\/bis-art.com\/wp-content\/uploads\/2021\/07\/logo-semiose.jpg 1716w\" sizes=\"(max-width: 300px) 100vw, 300px\" \/><\/figure>\n<\/div>\n\n\n\n<div class=\"wp-block-column\" style=\"flex-basis:66.66%\">\n<h3><span style=\"color: #b12763;\"><a style=\"color: #b12763;\" href=\"https:\/\/bis-art.com\/index.php\/semiose\/\">&gt; Semiose<\/a><\/span><\/h3>\n<p>44, rue Quincanpoix<br \/>75004 Paris<br \/>pr\u00e9sente <span style=\"color: #b12763;\"><a style=\"color: #b12763;\" href=\"https:\/\/bis-art.com\/index.php\/stefan-rinck\/\">Stefan Rinck <\/a><\/span>avec Sorry We&#8217;re Closed<\/p>\n\n\n\n<p><\/p>\n<\/div>\n<\/div>\n\n\n\n<hr class=\"wp-block-separator has-text-color has-background has-ast-global-color-7-background-color has-ast-global-color-7-color is-style-wide\"\/>\n\n\n\n<div class=\"wp-block-columns\">\n<div class=\"wp-block-column\" style=\"flex-basis:33.33%\">\n<figure class=\"wp-block-image size-medium\"><img loading=\"lazy\" width=\"300\" height=\"194\" src=\"https:\/\/bis-art.com\/wp-content\/uploads\/2021\/07\/Logo-swac-300x194.jpg\" alt=\"\" class=\"wp-image-1819\" srcset=\"https:\/\/bis-art.com\/wp-content\/uploads\/2021\/07\/Logo-swac-300x194.jpg 300w, https:\/\/bis-art.com\/wp-content\/uploads\/2021\/07\/Logo-swac.jpg 400w\" sizes=\"(max-width: 300px) 100vw, 300px\" \/><\/figure>\n<\/div>\n\n\n\n<div class=\"wp-block-column\" style=\"flex-basis:66.66%\">\n<h3><span style=\"color: #b12763;\"><a style=\"color: #b12763;\" href=\"https:\/\/bis-art.com\/index.php\/sorry-were-closed\/\">&gt; Sorry We\u2019re Closed<\/a><\/span><\/h3>\n<p>Rue de la R\u00e9gence , 67 <br \/>1000 Bruxelles<br \/>pr\u00e9sente <span style=\"color: #b12763;\"><a style=\"color: #b12763;\" href=\"https:\/\/bis-art.com\/index.php\/stefan-rinck\/\">Stefan Rinck <\/a><\/span>avec Semiose<\/p>\n<\/div>\n<\/div>\n\n\n\n<hr class=\"wp-block-separator has-text-color has-background has-ast-global-color-7-background-color has-ast-global-color-7-color is-style-wide\"\/>\n\n\n\n<div class=\"wp-block-columns\">\n<div class=\"wp-block-column\" style=\"flex-basis:33.33%\">\n<figure class=\"wp-block-image size-medium\"><img loading=\"lazy\" width=\"300\" height=\"300\" src=\"https:\/\/bis-art.com\/wp-content\/uploads\/2021\/07\/LOGO-GW-300x300.png\" alt=\"\" class=\"wp-image-1820\" srcset=\"https:\/\/bis-art.com\/wp-content\/uploads\/2021\/07\/LOGO-GW-300x300.png 300w, https:\/\/bis-art.com\/wp-content\/uploads\/2021\/07\/LOGO-GW-1024x1024.png 1024w, https:\/\/bis-art.com\/wp-content\/uploads\/2021\/07\/LOGO-GW-150x150.png 150w, https:\/\/bis-art.com\/wp-content\/uploads\/2021\/07\/LOGO-GW-768x767.png 768w, https:\/\/bis-art.com\/wp-content\/uploads\/2021\/07\/LOGO-GW-1536x1534.png 1536w, https:\/\/bis-art.com\/wp-content\/uploads\/2021\/07\/LOGO-GW.png 2000w\" sizes=\"(max-width: 300px) 100vw, 300px\" \/><\/figure>\n<\/div>\n\n\n\n<div class=\"wp-block-column\" style=\"flex-basis:66.66%\">\n<div class=\"layoutArea\">\n<div class=\"column\">\n<h3><span style=\"color: #b12763;\"><a style=\"color: #b12763;\" href=\"https:\/\/bis-art.com\/index.php\/galerie-jocelyn-wolf\/\">&gt; Galerie Jocelyn Wolff<\/a><\/span><\/h3>\n<\/div>\n<\/div>\n<div class=\"layoutArea\">\n<div class=\"column\">\n<p>43, rue de la Commune de Paris <br \/>93230 Romainville<br \/><span style=\"font-size: 1rem;\">pr\u00e9sente <span style=\"color: #b12763;\">Elodie Seguin<\/span><\/span><\/p>\n<\/div>\n<\/div>\n<\/div>\n<\/div>\n\n\n\n<hr class=\"wp-block-separator has-text-color has-background has-ast-global-color-7-background-color has-ast-global-color-7-color is-style-wide\"\/>\n\n\n\n<div class=\"wp-block-columns\">\n<div class=\"wp-block-column\" style=\"flex-basis:33.33%\">\n<figure class=\"wp-block-image size-medium\"><img loading=\"lazy\" width=\"300\" height=\"23\" src=\"https:\/\/bis-art.com\/wp-content\/uploads\/2021\/07\/Logo-ZB-Gallery-300x23.png\" alt=\"\" class=\"wp-image-1821\" srcset=\"https:\/\/bis-art.com\/wp-content\/uploads\/2021\/07\/Logo-ZB-Gallery-300x23.png 300w, https:\/\/bis-art.com\/wp-content\/uploads\/2021\/07\/Logo-ZB-Gallery.png 400w\" sizes=\"(max-width: 300px) 100vw, 300px\" \/><\/figure>\n<\/div>\n\n\n\n<div class=\"wp-block-column\" style=\"flex-basis:66.66%\">\n<h3><span style=\"color: #b12763;\"><a style=\"color: #b12763;\" href=\"https:\/\/bis-art.com\/index.php\/zidoun-bossuyt-gallery\/\">&gt; Zidoun-Bossuyt Gallery<\/a><\/span><\/h3>\n<p>6, rue Saint Ulric<br \/>L-2651 Luxembourg<br \/><span style=\"font-size: 1rem;\">pr\u00e9sente <span style=\"color: #b12763;\"><a style=\"color: #b12763;\" href=\"https:\/\/bis-art.com\/index.php\/martine-feipel-jean-bechameil\/\">Martine Feipel &amp; Jean Bechameil<\/a><\/span><\/span><\/p>\n<\/div>\n<\/div>\n\n\n\n<hr class=\"wp-block-separator has-text-color has-background has-ast-global-color-7-background-color has-ast-global-color-7-color is-style-wide\"\/>\n\n\n<p style=\"text-align: right;\"><span style=\"color: #b12763;\"><a style=\"color: #b12763;\" href=\"https:\/\/bis-art.com\/index.php\/edition2021\/\"><strong>\u00c9dition 2021 &gt;<\/strong><\/a><\/span><\/p>\n\n\n<div style=\"height:60px\" aria-hidden=\"true\" class=\"wp-block-spacer\"><\/div>\n","protected":false},"excerpt":{"rendered":"<p>\u00c9dition 2021Les galeries partenaires de la Biennale &gt; Galerie Thomas Bernard 13, rue des Arquebusiers75003 Paris pr\u00e9sente Kevin Rouillard &gt; Fondation CAB Chemin des Trioux 06570 Saint-Paul de Vencepr\u00e9sente Charlotte vander Borght &gt; Ceysson &amp; B\u00e9n\u00e9ti\u00e8re 23, rue du Renard 75004 Parispr\u00e9sente Aur\u00e9lie Petrel et Florent Pugnaire &amp; David Raffini &gt; Galerie Laurent Godin 36 &hellip;<\/p>\n<p class=\"read-more\"> <a class=\"\" href=\"https:\/\/bis-art.com\/index.php\/edition2021-les-galeries-partenaires\/\"> <span class=\"screen-reader-text\">Edition2021 Les Galeries Partenaires<\/span> Lire la suite \u00bb<\/a><\/p>\n","protected":false},"author":1,"featured_media":0,"parent":0,"menu_order":0,"comment_status":"closed","ping_status":"closed","template":"","meta":{"site-sidebar-layout":"default","site-content-layout":"default","ast-global-header-display":"","ast-main-header-display":"","ast-hfb-above-header-display":"","ast-hfb-below-header-display":"","ast-hfb-mobile-header-display":"","site-post-title":"disabled","ast-breadcrumbs-content":"disabled","ast-featured-img":"","footer-sml-layout":"","theme-transparent-header-meta":"default","adv-header-id-meta":"","stick-header-meta":"default","header-above-stick-meta":"","header-main-stick-meta":"","header-below-stick-meta":""},"_links":{"self":[{"href":"https:\/\/bis-art.com\/index.php\/wp-json\/wp\/v2\/pages\/1807"}],"collection":[{"href":"https:\/\/bis-art.com\/index.php\/wp-json\/wp\/v2\/pages"}],"about":[{"href":"https:\/\/bis-art.com\/index.php\/wp-json\/wp\/v2\/types\/page"}],"author":[{"embeddable":true,"href":"https:\/\/bis-art.com\/index.php\/wp-json\/wp\/v2\/users\/1"}],"replies":[{"embeddable":true,"href":"https:\/\/bis-art.com\/index.php\/wp-json\/wp\/v2\/comments?post=1807"}],"version-history":[{"count":15,"href":"https:\/\/bis-art.com\/index.php\/wp-json\/wp\/v2\/pages\/1807\/revisions"}],"predecessor-version":[{"id":2360,"href":"https:\/\/bis-art.com\/index.php\/wp-json\/wp\/v2\/pages\/1807\/revisions\/2360"}],"wp:attachment":[{"href":"https:\/\/bis-art.com\/index.php\/wp-json\/wp\/v2\/media?parent=1807"}],"curies":[{"name":"wp","href":"https:\/\/api.w.org\/{rel}","templated":true}]}}