{"id":1843,"date":"2021-07-04T18:20:35","date_gmt":"2021-07-04T16:20:35","guid":{"rendered":"https:\/\/bis-art.com\/?page_id=1843"},"modified":"2023-01-11T14:05:12","modified_gmt":"2023-01-11T13:05:12","slug":"fondation-cab","status":"publish","type":"page","link":"https:\/\/bis-art.com\/index.php\/fondation-cab\/","title":{"rendered":"Fondation CAB"},"content":{"rendered":"\n<div style=\"height:60px\" aria-hidden=\"true\" class=\"wp-block-spacer\"><\/div>\n\n\n\n<div class=\"wp-block-columns\">\n<div class=\"wp-block-column\" style=\"flex-basis:66.66%\">\n<h2><span style=\"color: #b12763;\">Fondation CAB Saint-Paul de Vence<\/span><\/h2>\n\n\n\n<div style=\"height:60px\" aria-hidden=\"true\" class=\"wp-block-spacer\"><\/div>\n\n\n\n<p>La Fondation CAB \u00e0 Bruxelles, espace non lucratif enti\u00e8rement d\u00e9di\u00e9 \u00e0 la mise en valeur de l\u2019art minimal et conceptuel international et fond\u00e9 en 2012 par le collectionneur belge Hubert Bonnet, inaugure en juin 2021, son second lieu \u00e0 Saint-Paul-de-Vence.<\/p>\n<p>La Fondation CAB Saint-Paul-de-Vence, install\u00e9e dans un superbe b\u00e2timent des ann\u00e9es 50, a pour objectif de poursuivre la mission de la Fondation \u00e0 travers une double programmation: la pr\u00e9sentation de la collection permanente de la Fondation et les expositions th\u00e9matiques et saisonni\u00e8res. \u00c0 cela s\u2019ajoute un programme d\u2019artistes en r\u00e9sidence pour la saison hivernale.<\/p>\n<p>Enti\u00e8rement r\u00e9nov\u00e9e par Charles Zana, architecte et d\u00e9corateur d\u2019int\u00e9rieur fran\u00e7ais, la Fondation CAB Saint-Paul-de-Vence dispose de plusieurs espaces d\u2019exposition, d\u2019une librairie-boutique et d\u2019un restaurant. Cern\u00e9e d\u2019un jardin arbor\u00e9 avec vue sur le cap d\u2019Antibes, quatre chambres d\u2019h\u00f4tes uniques ainsi qu\u2019une maison d\u00e9montable Jean Prouv\u00e9 viennent compl\u00e9ter l\u2019exp\u00e9rience offerte aux visiteurs.<\/p>\n<p>Pr\u00e9sente <a href=\"https:\/\/bis-art.com\/index.php\/charlotte-vander-borght\/\"><span style=\"color: #b12763;\">Charlotte vander Borght.<\/span><\/a><\/p>\n<p>\u00a0<\/p>\n\n\n\n<hr class=\"wp-block-separator has-text-color has-background has-ast-global-color-7-background-color has-ast-global-color-7-color is-style-wide\"\/>\n\n\n\n<p style=\"font-weight: 400;\"><em>CAB Foundation in Brussels, a non-profit space entirely dedicated to the promotion of international minimal and conceptual art, founded in 2012 by the Belgian collector Hubert Bonnet, inaugurates its second place in Saint-Paul-de-Vence in June 2021.<\/em><\/p>\n<p style=\"font-weight: 400;\"><em>The CAB Saint-Paul-de-Vence Foundation, housed in a building from the 1950s, aims to pursue the Foundation&#8217;s mission through a dual program: the presentation of the Foundation&#8217;s permanent collection and seasonal exhibitions. Added to this is an Artist-in-Residence program for the winter season.<\/em><\/p>\n<p style=\"font-weight: 400;\"><em>Completely renovated by Charles Zana, French architect, and interior designer, the Foundation CAB Saint-Paul-de-Vence has several exhibition spaces, a shop\/bookshop, and a restaurant. Surrounded by a tree-lined garden with a view of the Cap d&#8217;Antibes, four unique guest rooms, and a Jean Prouv\u00e9 dismountable house complete the experience offered to visitors.<\/em><\/p>\n<p><em>Presents\u00a0<a href=\"https:\/\/bis-art.com\/index.php\/charlotte-vander-borght\/\"><span style=\"color: #b12763;\">Charlotte vander Borght.<\/span><\/a><\/em><\/p>\n<p>\u00a0<\/p>\n\n\n\n<hr class=\"wp-block-separator has-text-color has-background has-ast-global-color-7-background-color has-ast-global-color-7-color is-style-wide\"\/>\n<\/div>\n\n\n\n<div class=\"wp-block-column\" style=\"flex-basis:33.33%\">\n<div class=\"wp-block-image is-style-default\"><figure class=\"alignright size-large\"><img loading=\"lazy\" width=\"400\" height=\"267\" src=\"https:\/\/bis-art.com\/wp-content\/uploads\/2021\/07\/Fondation-CAB_Courtesy-de-la-Fondation-CAB_\u00a9Anthony-Lanneretonne.jpg\" alt=\"\" class=\"wp-image-1844\" srcset=\"https:\/\/bis-art.com\/wp-content\/uploads\/2021\/07\/Fondation-CAB_Courtesy-de-la-Fondation-CAB_\u00a9Anthony-Lanneretonne.jpg 400w, https:\/\/bis-art.com\/wp-content\/uploads\/2021\/07\/Fondation-CAB_Courtesy-de-la-Fondation-CAB_\u00a9Anthony-Lanneretonne-300x200.jpg 300w\" sizes=\"(max-width: 400px) 100vw, 400px\" \/><figcaption><br><strong>Fondation CAB<\/strong><br>Chemin des Trioux<br>06570 Saint-Paul de Vence<br><a href=\"http:\/\/www.fondationcab.com\" target=\"_blank\" rel=\"noreferrer noopener\"><span style=\"color:#b12763\" class=\"has-inline-color\">www.fondationcab.com<\/span><\/a><br>Courtesy Fondation CAB<br>Photo \u00a9 Anthony Lanneretonne<\/figcaption><\/figure><\/div>\n\n\n\n<p><\/p>\n<\/div>\n<\/div>\n\n\n<p><span style=\"color: #b12763;\"><a style=\"color: #b12763;\" href=\"https:\/\/bis-art.com\/index.php\/edition2021-les-galeries-partenaires\/\"><strong>&gt; \u00c9dition 2021 &#8211; Les Galeries Partenaires<\/strong><\/a><\/span><\/p>\n\n\n<div style=\"height:60px\" aria-hidden=\"true\" class=\"wp-block-spacer\"><\/div>\n\n\n\n<p><\/p>\n","protected":false},"excerpt":{"rendered":"<p>Fondation CAB Saint-Paul de Vence La Fondation CAB \u00e0 Bruxelles, espace non lucratif enti\u00e8rement d\u00e9di\u00e9 \u00e0 la mise en valeur de l\u2019art minimal et conceptuel international et fond\u00e9 en 2012 par le collectionneur belge Hubert Bonnet, inaugure en juin 2021, son second lieu \u00e0 Saint-Paul-de-Vence. La Fondation CAB Saint-Paul-de-Vence, install\u00e9e dans un superbe b\u00e2timent des &hellip;<\/p>\n<p class=\"read-more\"> <a class=\"\" href=\"https:\/\/bis-art.com\/index.php\/fondation-cab\/\"> <span class=\"screen-reader-text\">Fondation CAB<\/span> Lire la suite \u00bb<\/a><\/p>\n","protected":false},"author":1,"featured_media":0,"parent":0,"menu_order":0,"comment_status":"closed","ping_status":"closed","template":"","meta":{"site-sidebar-layout":"default","site-content-layout":"default","ast-global-header-display":"","ast-main-header-display":"","ast-hfb-above-header-display":"","ast-hfb-below-header-display":"","ast-hfb-mobile-header-display":"","site-post-title":"disabled","ast-breadcrumbs-content":"disabled","ast-featured-img":"","footer-sml-layout":"","theme-transparent-header-meta":"default","adv-header-id-meta":"","stick-header-meta":"default","header-above-stick-meta":"","header-main-stick-meta":"","header-below-stick-meta":""},"_links":{"self":[{"href":"https:\/\/bis-art.com\/index.php\/wp-json\/wp\/v2\/pages\/1843"}],"collection":[{"href":"https:\/\/bis-art.com\/index.php\/wp-json\/wp\/v2\/pages"}],"about":[{"href":"https:\/\/bis-art.com\/index.php\/wp-json\/wp\/v2\/types\/page"}],"author":[{"embeddable":true,"href":"https:\/\/bis-art.com\/index.php\/wp-json\/wp\/v2\/users\/1"}],"replies":[{"embeddable":true,"href":"https:\/\/bis-art.com\/index.php\/wp-json\/wp\/v2\/comments?post=1843"}],"version-history":[{"count":7,"href":"https:\/\/bis-art.com\/index.php\/wp-json\/wp\/v2\/pages\/1843\/revisions"}],"predecessor-version":[{"id":2400,"href":"https:\/\/bis-art.com\/index.php\/wp-json\/wp\/v2\/pages\/1843\/revisions\/2400"}],"wp:attachment":[{"href":"https:\/\/bis-art.com\/index.php\/wp-json\/wp\/v2\/media?parent=1843"}],"curies":[{"name":"wp","href":"https:\/\/api.w.org\/{rel}","templated":true}]}}