{"id":1853,"date":"2021-07-04T19:00:02","date_gmt":"2021-07-04T17:00:02","guid":{"rendered":"https:\/\/bis-art.com\/?page_id=1853"},"modified":"2023-01-11T14:03:38","modified_gmt":"2023-01-11T13:03:38","slug":"ceysson-benetiere","status":"publish","type":"page","link":"https:\/\/bis-art.com\/index.php\/ceysson-benetiere\/","title":{"rendered":"Ceysson &#038; B\u00e9n\u00e9ti\u00e8re"},"content":{"rendered":"\n<div style=\"height:60px\" aria-hidden=\"true\" class=\"wp-block-spacer\"><\/div>\n\n\n\n<div class=\"wp-block-columns\">\n<div class=\"wp-block-column\" style=\"flex-basis:66.66%\">\n<h2><span style=\"color: #b12763;\">Ceysson &amp; B\u00e9n\u00e9ti\u00e8re<\/span><\/h2>\n\n\n\n<div style=\"height:60px\" aria-hidden=\"true\" class=\"wp-block-spacer\"><\/div>\n\n\n\n<p class=\"p1\"><span class=\"s1\">Fond\u00e9e, \u00e0 Saint-\u00c9tienne, en 2006, par Fran\u00e7ois Ceysson et Lo\u00efc B\u00e9n\u00e9ti\u00e8re, rejoint par Bernard Ceysson, conseiller artistique, la galerie Ceysson &amp; B\u00e9n\u00e9ti\u00e8re a d\u00e9velopp\u00e9 ses implantations, dans un premier temps, en Europe francophone\u00a0: \u00e0 Luxembourg, Paris puis Gen\u00e8ve. \u00c0 Luxembourg, outre l\u2019espace de Luxembourg (ville) la galerie dispose d\u00e9sormais, \u00e0 Wandhaff \/ Windhof, pr\u00e8s de Koerich, d\u2019un vaste lieu de 1 400 m2 dont plus de 1 200 m2 sont consacr\u00e9s aux seules expositions. <\/span><\/p>\n<p class=\"p1\"><span class=\"s1\">Multiplier les espaces d\u2019exposition n\u2019est, chez nous, ni une obsession ni un but en soi. Il s\u2019agit de mieux servir nos collectionneurs dont nous appr\u00e9cions la confiance qu\u2019ils nous accordent. Il s\u2019agit, surtout, dans le contexte o\u00f9 se d\u00e9veloppe et se diffuse, aujourd\u2019hui, la cr\u00e9ation artistique, de montrer mieux les artistes que nous avons d\u00e9cid\u00e9 de promouvoir parce que nous sommes convaincus de leur talent et, pour certains d\u2019entre eux, les protagonistes du moment Supports \/ Surfaces, de leur importance historique. <\/span><\/p>\n<p class=\"p1\"><span class=\"s1\">Les artistes que l\u2019on peut rassembler sous la d\u00e9nomination quelque peu r\u00e9ductrice, tant leurs \u0153uvres t\u00e9moignent d\u2019une singularit\u00e9 forte et exceptionnelle, mais commode, du \u00ab\u00a0Moment Supports \/ Surfaces\u00a0\u00bb ont certes constitu\u00e9 l\u2019ultime avant-garde de la modernit\u00e9, mais ils ont ouvert la voie non seulement aux artistes des g\u00e9n\u00e9rations suivantes qui, gr\u00e2ce \u00e0 eux, ont pu renoncer aux jeux st\u00e9riles de la r\u00e9p\u00e9tition sans fin du \u00ab\u00a0dernier tableau\u00a0\u00bb pour renouer avec un art pouvant attester que ce ne sont pas seulement des \u00ab\u00a0attitudes\u00a0\u00bb qui g\u00e9n\u00e8rent des formes, des fables et des figures. <\/span><\/p>\n<p class=\"p1\"><span class=\"s1\">L\u2019art est un moyen et un objet de connaissance. Il permet d\u2019\u00eatre au monde et de le penser. C\u2019est ce qu\u2019ont manifest\u00e9, dans et par leurs \u0153uvres, ces artistes. C\u2019est ce \u00e0 quoi s\u2019emploient les artistes plus jeunes, am\u00e9ricains et fran\u00e7ais, dont nous sommes fiers de pouvoir pr\u00e9senter les \u0153uvres. Ils frayent la voie, hors de la postmodernit\u00e9, hors du contemporain compris comme un avatar des ismes de nagu\u00e8re, \u00e0 une nouvelles modernit\u00e9 qui ne s\u2019apparente en rien au \u00ab\u00a0modernisme\u00a0\u00bb achev\u00e9.<\/span><\/p>\n<p>Pr\u00e9sente <span style=\"font-size: 1rem;\"><span style=\"color: #b12763;\"><a style=\"color: #b12763;\" href=\"https:\/\/bis-art.com\/index.php\/aurelie-petrel\/\">Aur\u00e9lie Petrel<\/a> <\/span>et <a href=\"https:\/\/bis-art.com\/index.php\/florian-pugnaire-david-raffini\/\"><span style=\"color: #b12763;\">Florian Pugnaire &amp; David Raffini<\/span><\/a><\/span><\/p>\n<p>\u00a0<\/p>\n\n\n\n<hr class=\"wp-block-separator has-text-color has-background has-ast-global-color-7-background-color has-ast-global-color-7-color is-style-wide\"\/>\n\n\n\n<p style=\"font-weight: 400;\"><em>Founded in Saint-\u00c9tienne in 2006 by Fran\u00e7ois Ceysson and Lo\u00efc B\u00e9n\u00e9ti\u00e8re, joined by Bernard Ceysson, artistic advisor, the Ceysson &amp; B\u00e9n\u00e9ti\u00e8re gallery has developed its locations, initially in French-speaking Europe: in Luxembourg, Paris and Geneva.<\/em><\/p>\n<p style=\"font-weight: 400;\"><em>By multiplying its exhibition spaces, the gallery is committed to better serving collectors, but also to better showing the artists it supports, for whom the &#8220;Supports\/Surfaces Moment&#8221; constitutes the ultimate avant-garde of modernity.\u00a0<\/em><\/p>\n<p style=\"font-weight: 400;\"><em>Art is a means and an object of knowledge. It allows us to be in the world and to think about it. This is what these artists manifested in and through their works. This is what the younger American and French artists, whose works we are proud to be able to present, are working towards. They are paving the way, out of postmodernity, out of the contemporary understood as an avatar of the isms of yesteryear, to a new modernity that is in no way similar to completed &#8220;modernism&#8221;.<\/em><\/p>\n<p><em>Presents <span style=\"font-size: 1rem;\"><span style=\"color: #b12763;\"><a style=\"color: #b12763;\" href=\"https:\/\/bis-art.com\/index.php\/aurelie-petrel\/\">Aur\u00e9lie Petrel<\/a> <\/span>et <a href=\"https:\/\/bis-art.com\/index.php\/florian-pugnaire-david-raffini\/\"><span style=\"color: #b12763;\">Florian Pugnaire &amp; David Raffini<\/span><\/a><\/span><\/em><\/p>\n<p>\u00a0<\/p>\n\n\n\n<hr class=\"wp-block-separator has-text-color has-background has-ast-global-color-7-background-color has-ast-global-color-7-color is-style-wide\"\/>\n<\/div>\n\n\n\n<div class=\"wp-block-column\" style=\"flex-basis:33.33%\">\n<figure class=\"wp-block-image size-large\"><img loading=\"lazy\" width=\"800\" height=\"534\" src=\"https:\/\/bis-art.com\/wp-content\/uploads\/2023\/01\/Galerie-Ceysson-Benetiere.jpg\" alt=\"\" class=\"wp-image-2337\" srcset=\"https:\/\/bis-art.com\/wp-content\/uploads\/2023\/01\/Galerie-Ceysson-Benetiere.jpg 800w, https:\/\/bis-art.com\/wp-content\/uploads\/2023\/01\/Galerie-Ceysson-Benetiere-300x200.jpg 300w, https:\/\/bis-art.com\/wp-content\/uploads\/2023\/01\/Galerie-Ceysson-Benetiere-768x513.jpg 768w\" sizes=\"(max-width: 800px) 100vw, 800px\" \/><figcaption><strong>Ceysson &amp; B\u00e9n\u00e9ti\u00e8re<\/strong><br>3, rue du Renard<br>75004 Paris<br><a href=\"http:\/\/www.ceyssonbenetiere.com\" target=\"_blank\" rel=\"noreferrer noopener\"><span style=\"color:#b12763\" class=\"has-inline-color\">www.ceyssonbenetiere.com<\/span><\/a><br>Courtesy Ceysson &amp; B\u00e9n\u00e9ti\u00e8re<br>Photo \u00a9Aur\u00e9lien Mole<\/figcaption><\/figure>\n<\/div>\n<\/div>\n\n\n<p><a href=\"https:\/\/bis-art.com\/index.php\/edition2021-les-galeries-partenaires\/\"><strong><span style=\"color: #b12763;\">&gt; \u00c9dition 2021 &#8211; Les Galeries Partenaires<\/span><\/strong><\/a><\/p>\n\n\n<div style=\"height:61px\" aria-hidden=\"true\" class=\"wp-block-spacer\"><\/div>\n\n\n\n<div style=\"height:60px\" aria-hidden=\"true\" class=\"wp-block-spacer\"><\/div>\n\n\n\n<p><\/p>\n","protected":false},"excerpt":{"rendered":"<p>Ceysson &amp; B\u00e9n\u00e9ti\u00e8re Fond\u00e9e, \u00e0 Saint-\u00c9tienne, en 2006, par Fran\u00e7ois Ceysson et Lo\u00efc B\u00e9n\u00e9ti\u00e8re, rejoint par Bernard Ceysson, conseiller artistique, la galerie Ceysson &amp; B\u00e9n\u00e9ti\u00e8re a d\u00e9velopp\u00e9 ses implantations, dans un premier temps, en Europe francophone\u00a0: \u00e0 Luxembourg, Paris puis Gen\u00e8ve. \u00c0 Luxembourg, outre l\u2019espace de Luxembourg (ville) la galerie dispose d\u00e9sormais, \u00e0 Wandhaff \/ &hellip;<\/p>\n<p class=\"read-more\"> <a class=\"\" href=\"https:\/\/bis-art.com\/index.php\/ceysson-benetiere\/\"> <span class=\"screen-reader-text\">Ceysson &#038; B\u00e9n\u00e9ti\u00e8re<\/span> Lire la suite \u00bb<\/a><\/p>\n","protected":false},"author":1,"featured_media":0,"parent":0,"menu_order":0,"comment_status":"closed","ping_status":"closed","template":"","meta":{"site-sidebar-layout":"default","site-content-layout":"default","ast-global-header-display":"","ast-main-header-display":"","ast-hfb-above-header-display":"","ast-hfb-below-header-display":"","ast-hfb-mobile-header-display":"","site-post-title":"disabled","ast-breadcrumbs-content":"disabled","ast-featured-img":"","footer-sml-layout":"","theme-transparent-header-meta":"default","adv-header-id-meta":"","stick-header-meta":"default","header-above-stick-meta":"","header-main-stick-meta":"","header-below-stick-meta":""},"_links":{"self":[{"href":"https:\/\/bis-art.com\/index.php\/wp-json\/wp\/v2\/pages\/1853"}],"collection":[{"href":"https:\/\/bis-art.com\/index.php\/wp-json\/wp\/v2\/pages"}],"about":[{"href":"https:\/\/bis-art.com\/index.php\/wp-json\/wp\/v2\/types\/page"}],"author":[{"embeddable":true,"href":"https:\/\/bis-art.com\/index.php\/wp-json\/wp\/v2\/users\/1"}],"replies":[{"embeddable":true,"href":"https:\/\/bis-art.com\/index.php\/wp-json\/wp\/v2\/comments?post=1853"}],"version-history":[{"count":5,"href":"https:\/\/bis-art.com\/index.php\/wp-json\/wp\/v2\/pages\/1853\/revisions"}],"predecessor-version":[{"id":2397,"href":"https:\/\/bis-art.com\/index.php\/wp-json\/wp\/v2\/pages\/1853\/revisions\/2397"}],"wp:attachment":[{"href":"https:\/\/bis-art.com\/index.php\/wp-json\/wp\/v2\/media?parent=1853"}],"curies":[{"name":"wp","href":"https:\/\/api.w.org\/{rel}","templated":true}]}}