{"id":1862,"date":"2021-07-04T19:17:38","date_gmt":"2021-07-04T17:17:38","guid":{"rendered":"https:\/\/bis-art.com\/?page_id=1862"},"modified":"2023-01-11T14:13:27","modified_gmt":"2023-01-11T13:13:27","slug":"galerie-mitterrand","status":"publish","type":"page","link":"https:\/\/bis-art.com\/index.php\/galerie-mitterrand\/","title":{"rendered":"Galerie Mitterrand"},"content":{"rendered":"\n<div style=\"height:60px\" aria-hidden=\"true\" class=\"wp-block-spacer\"><\/div>\n\n\n\n<div class=\"wp-block-columns\">\n<div class=\"wp-block-column\" style=\"flex-basis:66.66%\">\n<div class=\"page\" title=\"Page 26\">\n<div class=\"layoutArea\">\n<div class=\"column\">\n<h2><span style=\"color: #b12763;\">Galerie Mitterrand<\/span><\/h2>\n<\/div>\n<\/div>\n<\/div>\n\n\n\n<div style=\"height:60px\" aria-hidden=\"true\" class=\"wp-block-spacer\"><\/div>\n\n\n\n<p>Cr\u00e9\u00e9e en 1988 par Jean-Gabriel\u00a0Mitterrand\u00a0et install\u00e9e dans un h\u00f4tel particulier du\u00a0Marais, la Galerie\u00a0Mitterrand\u00a0offre depuis 30 ans une place pr\u00e9pond\u00e9rante \u00e0 la sculpture et \u00e0 des artistes historiques ayant d\u00e9but\u00e9 leur activit\u00e9 \u00e0 partir de 1960.\u00a0\u00a0<\/p>\n<p>En collaborant avec les artistes, leur succession ou en r\u00e9unissant des ensembles d\u2019\u0153uvres rares provenant de collections particuli\u00e8res, l\u2019objectif de la programmation est de remettre en lumi\u00e8re la singularit\u00e9 et la pertinence d\u2019artistes ayant particip\u00e9 \u00e0 l\u2019histoire r\u00e9cente de la sculpture contemporaine. Depuis sa cr\u00e9ation, la Galerie\u00a0Mitterrand\u00a0a pu exposer et soutenir l\u2019\u0153uvre d\u2019artistes incontournables tels que Niki de Saint Phalle, Allan McCollum, Keith Sonnier, Tony Oursler, Carlos Cruz-Diez \u2026<\/p>\n<p>Plus r\u00e9cemment, la Galerie Mitterrand a \u00e9largi son programme a des nouveaux artistes en s\u2019affranchissant des limites d\u2019\u00e2ge, des origines et des supports. Ce d\u00e9cloisonnement n\u00e9cessaire permet de refl\u00e9ter l\u2019incroyable complexit\u00e9 et diversit\u00e9 de la cr\u00e9ation artistique au XXI\u00e8me Si\u00e8cle.<\/p>\n<p>La Galerie Mitterrand n\u2019a cess\u00e9 de promouvoir des \u0153uvres d\u2019art essentielles \u00e0 notre compr\u00e9hension de l\u2019histoire de l\u2019art r\u00e9cente. Avec l\u2019arriv\u00e9e d\u2019artistes tels que Mark di Suvero, Dennis Oppenheim ou encore Vaclav Pozarek, la Galerie Mitterrand ouvre un nouveau chapitre de sa programmation \u00e0 une nouvelle g\u00e9n\u00e9ration d\u2019artistes d\u2019horizons diff\u00e9rents qui explorent l\u2019histoire des formes et des techniques \u00e0 travers une analyse personnelle de nos soci\u00e9t\u00e9s contemporaines. Les artistes Marie Hazard, Kamrooz Aram, Wallen Mapondera et Pedro Reyes rejoignent ainsi le programme de la galerie en 2021 et 2022.<\/p>\n<p>Pr\u00e9sente <span style=\"color: #b12763;\"><a style=\"color: #b12763;\" href=\"https:\/\/bis-art.com\/index.php\/scenocosme\/\"><span style=\"font-size: 1rem;\">Sc\u00e9nocosme : Gr\u00e9gory Lasserre &amp; Ana\u00efs met den Ancxt<\/span><\/a><\/span><\/p>\n<p>\u00a0<\/p>\n\n\n\n<hr class=\"wp-block-separator has-text-color has-background has-ast-global-color-7-background-color has-ast-global-color-7-color is-style-wide\"\/>\n\n\n\n<p style=\"font-weight: 400;\"><em>Founded in 1988 by Jean-Gabriel Mitterrand and currently located in a privately-owned townhouse in Paris\u2019 Marais district, Galerie Mitterrand is dedicated to showcasing contemporary sculpture and historically significant artists who started their career from the 1960s onwards.<\/em><\/p>\n<p style=\"font-weight: 400;\"><em>By collaborating with artists or their estates, the gallery aims to highlight the singularity and pertinence of artists who have contributed to the recent history of contemporary art. Since its creation, Galerie Mitterrand has been exhibiting and supporting the work of international artists such as Niki de Saint Phalle, Allan McCollum, Keith Sonnier, Tony Oursler, Carlos Cruz-Diez among others.<\/em><\/p>\n<p style=\"font-weight: 400;\"><em>More recently, Galerie Mitterrand has expanded its artistic program to the world and to young artists by welcoming different new artistic mediums. This necessary opening up allowed us to reflect the incredible complexity and diversity of the 21st century artistic creation.<\/em><\/p>\n<p><em>Presents\u00a0<span style=\"color: #b12763;\"><a style=\"color: #b12763;\" href=\"https:\/\/bis-art.com\/index.php\/scenocosme\/\"><span style=\"font-size: 1rem;\">Sc\u00e9nocosme : Gr\u00e9gory Lasserre &amp; Ana\u00efs met den Ancxt<\/span><\/a><\/span><\/em><\/p>\n<p>\u00a0<\/p>\n\n\n\n<hr class=\"wp-block-separator has-text-color has-background has-ast-global-color-7-background-color has-ast-global-color-7-color is-style-wide\"\/>\n\n\n\n<p><a href=\"https:\/\/bis-art.com\/index.php\/edition2021-les-galeries-partenaires\/\"><strong><span style=\"color: #b12763;\">&gt; \u00c9dition 2021 &#8211; \u00a0Les Galeries Partenaires<\/span><\/strong><\/a><\/p>\n\n\n\n<p><\/p>\n<\/div>\n\n\n\n<div class=\"wp-block-column\" style=\"flex-basis:33.33%\">\n<div class=\"wp-block-image is-style-default\"><figure class=\"alignright size-large\"><img loading=\"lazy\" width=\"400\" height=\"267\" src=\"https:\/\/bis-art.com\/wp-content\/uploads\/2021\/07\/Galerie-Mitterand-Paris_Courtesy-de-la-Galerie-Mitterrand_\u00a9Aurelien-Mole.jpg\" alt=\"\" class=\"wp-image-1863\" srcset=\"https:\/\/bis-art.com\/wp-content\/uploads\/2021\/07\/Galerie-Mitterand-Paris_Courtesy-de-la-Galerie-Mitterrand_\u00a9Aurelien-Mole.jpg 400w, https:\/\/bis-art.com\/wp-content\/uploads\/2021\/07\/Galerie-Mitterand-Paris_Courtesy-de-la-Galerie-Mitterrand_\u00a9Aurelien-Mole-300x200.jpg 300w\" sizes=\"(max-width: 400px) 100vw, 400px\" \/><figcaption><strong>Galerie Mitterand<\/strong><br>79 rue du Temple<br>75003 Paris<br><a href=\"http:\/\/www.galeriemitterrand.com\" target=\"_blank\" rel=\"noreferrer noopener\"><span style=\"color:#b12763\" class=\"has-inline-color\">www.galeriemitterrand.com<\/span><\/a><br>COurtesy Galerie Mitterand<br>Photo \u00a9 Aurelien Mole<\/figcaption><\/figure><\/div>\n<\/div>\n<\/div>\n\n\n\n<div style=\"height:60px\" aria-hidden=\"true\" class=\"wp-block-spacer\"><\/div>\n\n\n\n<p><\/p>\n","protected":false},"excerpt":{"rendered":"<p>Galerie Mitterrand Cr\u00e9\u00e9e en 1988 par Jean-Gabriel\u00a0Mitterrand\u00a0et install\u00e9e dans un h\u00f4tel particulier du\u00a0Marais, la Galerie\u00a0Mitterrand\u00a0offre depuis 30 ans une place pr\u00e9pond\u00e9rante \u00e0 la sculpture et \u00e0 des artistes historiques ayant d\u00e9but\u00e9 leur activit\u00e9 \u00e0 partir de 1960.\u00a0\u00a0 En collaborant avec les artistes, leur succession ou en r\u00e9unissant des ensembles d\u2019\u0153uvres rares provenant de collections particuli\u00e8res, &hellip;<\/p>\n<p class=\"read-more\"> <a class=\"\" href=\"https:\/\/bis-art.com\/index.php\/galerie-mitterrand\/\"> <span class=\"screen-reader-text\">Galerie Mitterrand<\/span> Lire la suite \u00bb<\/a><\/p>\n","protected":false},"author":1,"featured_media":0,"parent":0,"menu_order":0,"comment_status":"closed","ping_status":"closed","template":"","meta":{"site-sidebar-layout":"default","site-content-layout":"default","ast-global-header-display":"","ast-main-header-display":"","ast-hfb-above-header-display":"","ast-hfb-below-header-display":"","ast-hfb-mobile-header-display":"","site-post-title":"disabled","ast-breadcrumbs-content":"disabled","ast-featured-img":"","footer-sml-layout":"","theme-transparent-header-meta":"default","adv-header-id-meta":"","stick-header-meta":"default","header-above-stick-meta":"","header-main-stick-meta":"","header-below-stick-meta":""},"_links":{"self":[{"href":"https:\/\/bis-art.com\/index.php\/wp-json\/wp\/v2\/pages\/1862"}],"collection":[{"href":"https:\/\/bis-art.com\/index.php\/wp-json\/wp\/v2\/pages"}],"about":[{"href":"https:\/\/bis-art.com\/index.php\/wp-json\/wp\/v2\/types\/page"}],"author":[{"embeddable":true,"href":"https:\/\/bis-art.com\/index.php\/wp-json\/wp\/v2\/users\/1"}],"replies":[{"embeddable":true,"href":"https:\/\/bis-art.com\/index.php\/wp-json\/wp\/v2\/comments?post=1862"}],"version-history":[{"count":3,"href":"https:\/\/bis-art.com\/index.php\/wp-json\/wp\/v2\/pages\/1862\/revisions"}],"predecessor-version":[{"id":2404,"href":"https:\/\/bis-art.com\/index.php\/wp-json\/wp\/v2\/pages\/1862\/revisions\/2404"}],"wp:attachment":[{"href":"https:\/\/bis-art.com\/index.php\/wp-json\/wp\/v2\/media?parent=1862"}],"curies":[{"name":"wp","href":"https:\/\/api.w.org\/{rel}","templated":true}]}}