{"id":1872,"date":"2021-07-04T19:41:27","date_gmt":"2021-07-04T17:41:27","guid":{"rendered":"https:\/\/bis-art.com\/?page_id=1872"},"modified":"2023-01-11T14:21:06","modified_gmt":"2023-01-11T13:21:06","slug":"semiose","status":"publish","type":"page","link":"https:\/\/bis-art.com\/index.php\/semiose\/","title":{"rendered":"Semiose"},"content":{"rendered":"\n<div style=\"height:60px\" aria-hidden=\"true\" class=\"wp-block-spacer\"><\/div>\n\n\n\n<div class=\"wp-block-columns\">\n<div class=\"wp-block-column\" style=\"flex-basis:66.66%\">\n<div class=\"page\" title=\"Page 26\">\n<div class=\"layoutArea\">\n<div class=\"column\">\n<h2><span style=\"color: #b12763;\">Semiose<\/span><\/h2>\n<\/div>\n<\/div>\n<\/div>\n\n\n\n<div style=\"height:60px\" aria-hidden=\"true\" class=\"wp-block-spacer\"><\/div>\n\n\n\n<p>Fond\u00e9e en 2007, Semiose s&#8217;est impos\u00e9e d&#8217;embl\u00e9e dans le paysage artistique comme une galerie \u00e0 la programmation ancr\u00e9e dans les marges. Nourrie de cultures underground, elle d\u00e9fend des formes et des id\u00e9es n\u00e9es dans les franges politiques, sociales ou g\u00e9ographiques.<\/p>\n<p>La pratique citationnelle constitue un rep\u00e8re commun aux artistes et soul\u00e8ve des questions complexes li\u00e9es \u00e0 la\u00a0fabrication\u00a0des images et \u00e0 leur diffusion, le r\u00f4le et le sens des archives, la culture visuelle au sens large. Semiose promeut une esth\u00e9tique fond\u00e9e sur les questions du go\u00fbt et, par suite, des hi\u00e9rarchies culturelles.\u00a0<\/p>\n<p>Semiose est \u00e9galement une maison d&#8217;\u00e9ditions. Disponibles internationalement, plus d\u2019une centaine de titres ont paru \u00e0 ce jour, parmi lesquels des monographies, des livres d\u2019artistes, des \u00e9crits et essais, un magazine et une collection d\u2019albums de coloriage d\u2019artistes.<\/p>\n<p style=\"text-align: left;\">Pr\u00e9sente <span style=\"color: #b12763;\"><a style=\"color: #b12763;\" href=\"https:\/\/bis-art.com\/index.php\/stefan-rinck\/\"><span style=\"font-size: 1rem;\">Stefan Rinck<\/span><\/a><\/span> avec <span style=\"font-size: 1rem;\"><span style=\"color: #b12763;\">Sorry We\u2019re Closed<\/span>\u00a0<\/span><\/p>\n<p>\u00a0<\/p>\n\n\n\n<hr class=\"wp-block-separator has-text-color has-background has-ast-global-color-7-background-color has-ast-global-color-7-color is-style-wide\"\/>\n\n\n\n<p style=\"font-weight: 400;\"><em>Founded in 2007, Semiose established itself in the artistic landscape as a gallery, whose aesthetic values are rooted on the margins of art. Nourished by underground culture, the gallery is committed to forms and ideas born in the political, social and geographical fringes.\u00a0<\/em><\/p>\n<p style=\"font-weight: 400;\"><em>The practice of citation is a common reference point for the roster of artists and raises complex issues related to the production and dissemination of images, the role and purpose of archives and visual culture in the broadest sense. Semiose champions an aesthetic based on questions of taste and consequently of cultural hierarchies.\u00a0<\/em><\/p>\n<p style=\"font-weight: 400;\"><em>Semiose is also a publishing house. Internationally available, more than a hundred titles have been published to date, including monographs, books by artists, written works and essays, an on-going magazine and a collection of coloring books.\u00a0\u00a0<\/em><\/p>\n<p><em>Presents\u00a0<span style=\"color: #b12763;\"><a style=\"color: #b12763;\" href=\"https:\/\/bis-art.com\/index.php\/stefan-rinck\/\"><span style=\"font-size: 1rem;\">Stefan Rinck<\/span><\/a><\/span> with\u00a0<span style=\"font-size: 1rem;\"><span style=\"color: #b12763;\">Sorry We\u2019re Closed<\/span>\u00a0<\/span><\/em><\/p>\n<p>\u00a0<\/p>\n\n\n\n<hr class=\"wp-block-separator has-text-color has-background has-ast-global-color-7-background-color has-ast-global-color-7-color is-style-wide\"\/>\n\n\n\n<p><a href=\"https:\/\/bis-art.com\/index.php\/edition2021-les-galeries-partenaires\/\"><strong><span style=\"color: #b12763;\">&gt; \u00c9dition 2021 &#8211; Les Galeries Partenaires<\/span><\/strong><\/a><\/p>\n<\/div>\n\n\n\n<div class=\"wp-block-column\" style=\"flex-basis:33.33%\">\n<figure class=\"wp-block-image size-large is-resized\"><img loading=\"lazy\" src=\"https:\/\/bis-art.com\/wp-content\/uploads\/2023\/01\/Galerie-Ceysson-Benetiere.jpg\" alt=\"\" class=\"wp-image-2337\" width=\"406\" height=\"271\" srcset=\"https:\/\/bis-art.com\/wp-content\/uploads\/2023\/01\/Galerie-Ceysson-Benetiere.jpg 800w, https:\/\/bis-art.com\/wp-content\/uploads\/2023\/01\/Galerie-Ceysson-Benetiere-300x200.jpg 300w, https:\/\/bis-art.com\/wp-content\/uploads\/2023\/01\/Galerie-Ceysson-Benetiere-768x513.jpg 768w\" sizes=\"(max-width: 406px) 100vw, 406px\" \/><figcaption><strong>Semiose<\/strong><br>44, rue Quincanpoix<br>75004 Paris<br><a href=\"http:\/\/www.semiose.com\" target=\"_blank\" rel=\"noreferrer noopener\"><span style=\"color:#b12763\" class=\"has-inline-color\">www.semiose.com<\/span><\/a><br>Courtesy Galerie Sator<br>Photo \u00a9 Aur\u00e9lien Mole<\/figcaption><\/figure>\n<\/div>\n<\/div>\n\n\n\n<div style=\"height:60px\" aria-hidden=\"true\" class=\"wp-block-spacer\"><\/div>\n\n\n\n<p><\/p>\n","protected":false},"excerpt":{"rendered":"<p>Semiose Fond\u00e9e en 2007, Semiose s&#8217;est impos\u00e9e d&#8217;embl\u00e9e dans le paysage artistique comme une galerie \u00e0 la programmation ancr\u00e9e dans les marges. Nourrie de cultures underground, elle d\u00e9fend des formes et des id\u00e9es n\u00e9es dans les franges politiques, sociales ou g\u00e9ographiques. La pratique citationnelle constitue un rep\u00e8re commun aux artistes et soul\u00e8ve des questions complexes &hellip;<\/p>\n<p class=\"read-more\"> <a class=\"\" href=\"https:\/\/bis-art.com\/index.php\/semiose\/\"> <span class=\"screen-reader-text\">Semiose<\/span> Lire la suite \u00bb<\/a><\/p>\n","protected":false},"author":1,"featured_media":0,"parent":0,"menu_order":0,"comment_status":"closed","ping_status":"closed","template":"","meta":{"site-sidebar-layout":"default","site-content-layout":"default","ast-global-header-display":"","ast-main-header-display":"","ast-hfb-above-header-display":"","ast-hfb-below-header-display":"","ast-hfb-mobile-header-display":"","site-post-title":"disabled","ast-breadcrumbs-content":"disabled","ast-featured-img":"","footer-sml-layout":"","theme-transparent-header-meta":"default","adv-header-id-meta":"","stick-header-meta":"default","header-above-stick-meta":"","header-main-stick-meta":"","header-below-stick-meta":""},"_links":{"self":[{"href":"https:\/\/bis-art.com\/index.php\/wp-json\/wp\/v2\/pages\/1872"}],"collection":[{"href":"https:\/\/bis-art.com\/index.php\/wp-json\/wp\/v2\/pages"}],"about":[{"href":"https:\/\/bis-art.com\/index.php\/wp-json\/wp\/v2\/types\/page"}],"author":[{"embeddable":true,"href":"https:\/\/bis-art.com\/index.php\/wp-json\/wp\/v2\/users\/1"}],"replies":[{"embeddable":true,"href":"https:\/\/bis-art.com\/index.php\/wp-json\/wp\/v2\/comments?post=1872"}],"version-history":[{"count":6,"href":"https:\/\/bis-art.com\/index.php\/wp-json\/wp\/v2\/pages\/1872\/revisions"}],"predecessor-version":[{"id":2409,"href":"https:\/\/bis-art.com\/index.php\/wp-json\/wp\/v2\/pages\/1872\/revisions\/2409"}],"wp:attachment":[{"href":"https:\/\/bis-art.com\/index.php\/wp-json\/wp\/v2\/media?parent=1872"}],"curies":[{"name":"wp","href":"https:\/\/api.w.org\/{rel}","templated":true}]}}