{"id":1875,"date":"2021-07-04T20:56:18","date_gmt":"2021-07-04T18:56:18","guid":{"rendered":"https:\/\/bis-art.com\/?page_id=1875"},"modified":"2023-01-11T14:24:51","modified_gmt":"2023-01-11T13:24:51","slug":"sorry-were-closed","status":"publish","type":"page","link":"https:\/\/bis-art.com\/index.php\/sorry-were-closed\/","title":{"rendered":"Sorry We\u2019re Closed"},"content":{"rendered":"\n<div style=\"height:60px\" aria-hidden=\"true\" class=\"wp-block-spacer\"><\/div>\n\n\n\n<div class=\"wp-block-columns\">\n<div class=\"wp-block-column\" style=\"flex-basis:66.66%\">\n<div class=\"page\" title=\"Page 26\">\n<div class=\"layoutArea\">\n<div class=\"column\">\n<h2><span style=\"color: #b12763;\">Sorry We\u2019re Closed<\/span><\/h2>\n<\/div>\n<\/div>\n<\/div>\n\n\n\n<div style=\"height:60px\" aria-hidden=\"true\" class=\"wp-block-spacer\"><\/div>\n\n\n\n<p>Sorry We&#8217;re Closed est une galerie d&#8217;art contemporain cr\u00e9\u00e9e par S\u00e9bastien Janssen en 2008.<\/p>\n<p>La galerie se concentre sur les artistes \u00e0 mi-carri\u00e8re et \u00e9mergents de Belgique et de l&#8217;\u00e9tranger.<\/p>\n<p>Depuis 2021, la galerie est situ\u00e9e dans un nouvel espace de 400 m\u00e8tres carr\u00e9s, 39 rue des Minimes au centre de Bruxelles.<\/p>\n<p>La galerie maintient un programme d&#8217;exposition diversifi\u00e9 avec des expositions solo des artistes de la galerie ainsi que des expositions de groupe et des projets sp\u00e9ciaux comme l&#8217;\u00e9dition de bijoux d&#8217;artistes ou la pr\u00e9sentation de la photographie vernaculaire.<\/p>\n<p>Pr\u00e9sente <span style=\"color: #b12763;\">Stefan Rinck<\/span> avec <span style=\"color: #b12763;\"><a style=\"color: #b12763;\" href=\"https:\/\/bis-art.com\/index.php\/semiose\/\">Semiose<\/a><\/span>\u00a0<\/p>\n<p>\u00a0<\/p>\n\n\n\n<hr class=\"wp-block-separator has-text-color has-background has-ast-global-color-7-background-color has-ast-global-color-7-color is-style-wide\"\/>\n\n\n\n<p style=\"font-weight: 400;\"><em>Sorry We\u2019re Closed is a contemporary art gallery created by S\u00e9bastien Janssen in 2008. <\/em><\/p>\n<p style=\"font-weight: 400;\"><em>The focus of the gallery is upon mid-career and emerging artists from Belgium and abroad. <\/em><\/p>\n<p style=\"font-weight: 400;\"><em>Since 2021 the gallery is located in a new 400 meter square space, 39 rue des Minimes in the center of Brussels. <\/em><\/p>\n<p style=\"font-weight: 400;\"><em>T<\/em><em>he gallery maintains a diverse exhibition program with solo exhibitions of the gallery artists as well as group exhibitions and special projects as editing artists jewels or showing vernacular photography.<\/em><\/p>\n<p style=\"font-weight: 400;\"><em>Presents <span style=\"color: #b12763;\">Stefan Rinck<\/span> with\u00a0<span style=\"color: #b12763;\"><a style=\"color: #b12763;\" href=\"https:\/\/bis-art.com\/index.php\/semiose\/\">Semiose<\/a><\/span>\u00a0<\/em><\/p>\n<p>\u00a0<\/p>\n\n\n\n<hr class=\"wp-block-separator has-text-color has-background has-ast-global-color-7-background-color has-ast-global-color-7-color is-style-wide\"\/>\n\n\n\n<p><a href=\"https:\/\/bis-art.com\/index.php\/edition2021-les-galeries-partenaires\/\"><strong><span style=\"color: #b12763;\">&gt; \u00c9dition 2021 &#8211; Les Galeries Partenaires<\/span><\/strong><\/a><\/p>\n<\/div>\n\n\n\n<div class=\"wp-block-column\" style=\"flex-basis:33.33%\">\n<div class=\"wp-block-image is-style-default\"><figure class=\"alignright size-large\"><img loading=\"lazy\" width=\"400\" height=\"267\" src=\"https:\/\/bis-art.com\/wp-content\/uploads\/2021\/07\/Sorry-We-re-Closed-Courtesy-Galerie-Sorry-Were-Closed_\u00a9-Gabriela-Declercq.jpg\" alt=\"\" class=\"wp-image-1876\" srcset=\"https:\/\/bis-art.com\/wp-content\/uploads\/2021\/07\/Sorry-We-re-Closed-Courtesy-Galerie-Sorry-Were-Closed_\u00a9-Gabriela-Declercq.jpg 400w, https:\/\/bis-art.com\/wp-content\/uploads\/2021\/07\/Sorry-We-re-Closed-Courtesy-Galerie-Sorry-Were-Closed_\u00a9-Gabriela-Declercq-300x200.jpg 300w\" sizes=\"(max-width: 400px) 100vw, 400px\" \/><figcaption><strong>Sorry We&#8217;re Closed<\/strong><br>Rue de la R\u00e9gence , 67<br>1000 Bruxelles<br><a href=\"http:\/\/www.sorrywereclosed.com\" target=\"_blank\" rel=\"noreferrer noopener\"><span style=\"color:#b12763\" class=\"has-inline-color\">www.sorrywereclosed.com<\/span><\/a><br>Courtesy Sorry We&#8217;re Closed<br>Photo \u00a9 Gabriela Declercq<\/figcaption><\/figure><\/div>\n\n\n\n<p><\/p>\n<\/div>\n<\/div>\n\n\n\n<div style=\"height:60px\" aria-hidden=\"true\" class=\"wp-block-spacer\"><\/div>\n\n\n\n<p><\/p>\n","protected":false},"excerpt":{"rendered":"<p>Sorry We\u2019re Closed Sorry We&#8217;re Closed est une galerie d&#8217;art contemporain cr\u00e9\u00e9e par S\u00e9bastien Janssen en 2008. La galerie se concentre sur les artistes \u00e0 mi-carri\u00e8re et \u00e9mergents de Belgique et de l&#8217;\u00e9tranger. Depuis 2021, la galerie est situ\u00e9e dans un nouvel espace de 400 m\u00e8tres carr\u00e9s, 39 rue des Minimes au centre de Bruxelles. &hellip;<\/p>\n<p class=\"read-more\"> <a class=\"\" href=\"https:\/\/bis-art.com\/index.php\/sorry-were-closed\/\"> <span class=\"screen-reader-text\">Sorry We\u2019re Closed<\/span> Lire la suite \u00bb<\/a><\/p>\n","protected":false},"author":1,"featured_media":0,"parent":0,"menu_order":0,"comment_status":"closed","ping_status":"closed","template":"","meta":{"site-sidebar-layout":"default","site-content-layout":"default","ast-global-header-display":"","ast-main-header-display":"","ast-hfb-above-header-display":"","ast-hfb-below-header-display":"","ast-hfb-mobile-header-display":"","site-post-title":"disabled","ast-breadcrumbs-content":"disabled","ast-featured-img":"","footer-sml-layout":"","theme-transparent-header-meta":"default","adv-header-id-meta":"","stick-header-meta":"default","header-above-stick-meta":"","header-main-stick-meta":"","header-below-stick-meta":""},"_links":{"self":[{"href":"https:\/\/bis-art.com\/index.php\/wp-json\/wp\/v2\/pages\/1875"}],"collection":[{"href":"https:\/\/bis-art.com\/index.php\/wp-json\/wp\/v2\/pages"}],"about":[{"href":"https:\/\/bis-art.com\/index.php\/wp-json\/wp\/v2\/types\/page"}],"author":[{"embeddable":true,"href":"https:\/\/bis-art.com\/index.php\/wp-json\/wp\/v2\/users\/1"}],"replies":[{"embeddable":true,"href":"https:\/\/bis-art.com\/index.php\/wp-json\/wp\/v2\/comments?post=1875"}],"version-history":[{"count":3,"href":"https:\/\/bis-art.com\/index.php\/wp-json\/wp\/v2\/pages\/1875\/revisions"}],"predecessor-version":[{"id":2411,"href":"https:\/\/bis-art.com\/index.php\/wp-json\/wp\/v2\/pages\/1875\/revisions\/2411"}],"wp:attachment":[{"href":"https:\/\/bis-art.com\/index.php\/wp-json\/wp\/v2\/media?parent=1875"}],"curies":[{"name":"wp","href":"https:\/\/api.w.org\/{rel}","templated":true}]}}