{"id":1881,"date":"2021-07-04T21:14:01","date_gmt":"2021-07-04T19:14:01","guid":{"rendered":"https:\/\/bis-art.com\/?page_id=1881"},"modified":"2023-01-11T14:28:17","modified_gmt":"2023-01-11T13:28:17","slug":"galerie-jocelyn-wolf","status":"publish","type":"page","link":"https:\/\/bis-art.com\/index.php\/galerie-jocelyn-wolf\/","title":{"rendered":"Galerie Jocelyn Wolf"},"content":{"rendered":"\n<div style=\"height:60px\" aria-hidden=\"true\" class=\"wp-block-spacer\"><\/div>\n\n\n\n<div class=\"wp-block-columns\">\n<div class=\"wp-block-column\" style=\"flex-basis:66.66%\">\n<div class=\"page\" title=\"Page 26\">\n<div class=\"layoutArea\">\n<div class=\"column\">\n<h2><span style=\"color: #b12763;\">Galerie Jocelyn Wolff<\/span><\/h2>\n<\/div>\n<\/div>\n<\/div>\n\n\n\n<div style=\"height:60px\" aria-hidden=\"true\" class=\"wp-block-spacer\"><\/div>\n\n\n\n<div class=\"page\" title=\"Page 1\">\n<div class=\"layoutArea\">\n<div class=\"column\">\n<p>En 2003, la galerie Jocelyn Wolff a ouvert dans l\u2019Est de Paris, \u00e0 Belleville un petit espace avec une exposition personnelle de Clemens von Wedemeyer.<\/p>\n<p>La majorit\u00e9 des artistes repr\u00e9sent\u00e9s par la galerie y ont fait leurs d\u00e9buts. En 2006, la galerie a d\u00e9m\u00e9nag\u00e9 pour un espace plus grand dans le m\u00eame quartier qui, depuis, est devenu le lieu d\u2019\u00e9mergence pour les jeunes galeries et l\u2019un des plus vibrants et dynamiques de la ville.<\/p>\n<p>Si le travail d\u2019accompagnement d\u2019artistes \u00e9mergents est au c\u0153ur du projet artistique de la Galerie Jocelyn Wolff, son engagement dans la promotion d\u2019artistes historiques majeurs a permis de mettre en place un dialogue trans-g\u00e9n\u00e9rationnel fertile, en pleine coh\u00e9rence avec les valeurs qui nous animent.<\/p>\n<p>En 2019, la galerie Jocelyn Wolff ouvre un second espace \u00e0 Romainville, dans la nouvelle forme de collaboration Komunuma (communaut\u00e9 en Esperanto). Il r\u00e9uni quatre galeries d&#8217;art contemporaine, une fondation priv\u00e9e et une association d\u2019artistes dans plusieurs b\u00e2timents tous situ\u00e9s dans un ancien site industriel. Il souhaite accompagner le mouvement de m\u00e9tamorphose de notre m\u00e9galopole dans le XXI\u00e8me si\u00e8cle, que l&#8217;on appelle Le Grand Paris.<\/p>\n<p>La galerie participe aux grandes foires internationales telles que Art Basel, Art Basel Miami Beach, Art Basel Hong Kong, Artissima, FIAC Paris, ArteBA Buenos Aires, ARCO Madrid, MiArt Milan&#8230;<\/p>\n<p><span style=\"font-size: 1rem;\">Pr\u00e9sente <span style=\"color: #b12763;\"><a style=\"color: #b12763;\" href=\"https:\/\/bis-art.com\/index.php\/elodie-seguin\/\">Elodie Seguin<\/a><\/span><\/span><\/p>\n<p>\u00a0<\/p>\n<\/div>\n<\/div>\n<\/div>\n\n\n\n<hr class=\"wp-block-separator has-text-color has-background has-ast-global-color-7-background-color has-ast-global-color-7-color is-style-wide\"\/>\n\n\n\n<div>\n<p><em><span lang=\"EN-US\">In 2003, Galerie Jocelyn Wolff opened in a very small, remote space in Belleville of East Paris with a solo show by Clemens von Wedemeyer. <\/span><\/em><\/p>\n<\/div>\n<div>\n<p><em><span lang=\"EN-US\">Most represented artists made their debuts with Galerie Jocelyn Wolff. Initially focusing on revealing emerging artists, the gallery gradually engaged in the promotion of key historical artists whose positions had been undervalued. <\/span><\/em><\/p>\n<\/div>\n<div>\n<p><em><span lang=\"EN-US\">In 2019, the gallery opens a second space in Romainville, in the new form of collaboration, Komunuma (community in Esperanto). It gathers four contemporary art galleries, one private foundation and one artist\u2019s association in different spaces, all located in same large former industrial plant: it wishes to accompany the movement and metamorphosis of our megalopolis in the XXI century, called le Grand Paris.<\/span><\/em><\/p>\n<p><em>Presents <span style=\"color: #b12763;\"><a style=\"color: #b12763;\" href=\"https:\/\/bis-art.com\/index.php\/elodie-seguin\/\">Elodie Seguin<\/a><\/span><\/em><\/p>\n<p>\u00a0<\/p>\n<\/div>\n\n\n\n<hr class=\"wp-block-separator has-text-color has-background has-ast-global-color-7-background-color has-ast-global-color-7-color is-style-wide\"\/>\n\n\n\n<p><\/p>\n\n\n\n<p><a href=\"https:\/\/bis-art.com\/index.php\/edition2021-les-galeries-partenaires\/\"><strong><span style=\"color: #b12763;\">&gt; \u00c9dition 2021 &#8211; Les Galeries Partenaires<\/span><\/strong><\/a><\/p>\n\n\n\n<p> <\/p>\n<\/div>\n\n\n\n<div class=\"wp-block-column\" style=\"flex-basis:33.33%\">\n<figure class=\"wp-block-image size-large\"><img loading=\"lazy\" width=\"800\" height=\"351\" src=\"https:\/\/bis-art.com\/wp-content\/uploads\/2023\/01\/Galerie-Jocelyn-Wolff.jpg\" alt=\"\" class=\"wp-image-2353\" srcset=\"https:\/\/bis-art.com\/wp-content\/uploads\/2023\/01\/Galerie-Jocelyn-Wolff.jpg 800w, https:\/\/bis-art.com\/wp-content\/uploads\/2023\/01\/Galerie-Jocelyn-Wolff-300x132.jpg 300w, https:\/\/bis-art.com\/wp-content\/uploads\/2023\/01\/Galerie-Jocelyn-Wolff-768x337.jpg 768w\" sizes=\"(max-width: 800px) 100vw, 800px\" \/><figcaption><strong>Galerie Jocelyn Wolff<\/strong><br>43, rue de la Commune de Paris<br>93230 Romainville<br><a href=\"http:\/\/www.galeriewolff.com\" target=\"_blank\" rel=\"noreferrer noopener\">www.galeriewolff.com<\/a><br>Courtesy de la Galerie Jocelyn Wolff<br>Photo \u00a9 Fran\u00e7ois Doury<\/figcaption><\/figure>\n<\/div>\n<\/div>\n\n\n\n<div style=\"height:60px\" aria-hidden=\"true\" class=\"wp-block-spacer\"><\/div>\n","protected":false},"excerpt":{"rendered":"<p>Galerie Jocelyn Wolff En 2003, la galerie Jocelyn Wolff a ouvert dans l\u2019Est de Paris, \u00e0 Belleville un petit espace avec une exposition personnelle de Clemens von Wedemeyer. La majorit\u00e9 des artistes repr\u00e9sent\u00e9s par la galerie y ont fait leurs d\u00e9buts. En 2006, la galerie a d\u00e9m\u00e9nag\u00e9 pour un espace plus grand dans le m\u00eame &hellip;<\/p>\n<p class=\"read-more\"> <a class=\"\" href=\"https:\/\/bis-art.com\/index.php\/galerie-jocelyn-wolf\/\"> <span class=\"screen-reader-text\">Galerie Jocelyn Wolf<\/span> Lire la suite \u00bb<\/a><\/p>\n","protected":false},"author":1,"featured_media":0,"parent":0,"menu_order":0,"comment_status":"closed","ping_status":"closed","template":"","meta":{"site-sidebar-layout":"default","site-content-layout":"default","ast-global-header-display":"","ast-main-header-display":"","ast-hfb-above-header-display":"","ast-hfb-below-header-display":"","ast-hfb-mobile-header-display":"","site-post-title":"disabled","ast-breadcrumbs-content":"disabled","ast-featured-img":"","footer-sml-layout":"","theme-transparent-header-meta":"default","adv-header-id-meta":"","stick-header-meta":"default","header-above-stick-meta":"","header-main-stick-meta":"","header-below-stick-meta":""},"_links":{"self":[{"href":"https:\/\/bis-art.com\/index.php\/wp-json\/wp\/v2\/pages\/1881"}],"collection":[{"href":"https:\/\/bis-art.com\/index.php\/wp-json\/wp\/v2\/pages"}],"about":[{"href":"https:\/\/bis-art.com\/index.php\/wp-json\/wp\/v2\/types\/page"}],"author":[{"embeddable":true,"href":"https:\/\/bis-art.com\/index.php\/wp-json\/wp\/v2\/users\/1"}],"replies":[{"embeddable":true,"href":"https:\/\/bis-art.com\/index.php\/wp-json\/wp\/v2\/comments?post=1881"}],"version-history":[{"count":3,"href":"https:\/\/bis-art.com\/index.php\/wp-json\/wp\/v2\/pages\/1881\/revisions"}],"predecessor-version":[{"id":2413,"href":"https:\/\/bis-art.com\/index.php\/wp-json\/wp\/v2\/pages\/1881\/revisions\/2413"}],"wp:attachment":[{"href":"https:\/\/bis-art.com\/index.php\/wp-json\/wp\/v2\/media?parent=1881"}],"curies":[{"name":"wp","href":"https:\/\/api.w.org\/{rel}","templated":true}]}}