{"id":1886,"date":"2021-07-04T21:21:55","date_gmt":"2021-07-04T19:21:55","guid":{"rendered":"https:\/\/bis-art.com\/?page_id=1886"},"modified":"2023-01-11T14:31:21","modified_gmt":"2023-01-11T13:31:21","slug":"zidoun-bossuyt-gallery","status":"publish","type":"page","link":"https:\/\/bis-art.com\/index.php\/zidoun-bossuyt-gallery\/","title":{"rendered":"Zidoun-Bossuyt Gallery"},"content":{"rendered":"\n<div style=\"height:60px\" aria-hidden=\"true\" class=\"wp-block-spacer\"><\/div>\n\n\n\n<div class=\"wp-block-columns\">\n<div class=\"wp-block-column\" style=\"flex-basis:66.66%\">\n<div class=\"page\" title=\"Page 26\">\n<div class=\"layoutArea\">\n<div class=\"column\">\n<h2><span style=\"color: #b12763;\">Zidoun-Bossuyt Gallery<\/span><\/h2>\n<\/div>\n<\/div>\n<\/div>\n\n\n\n<div style=\"height:60px\" aria-hidden=\"true\" class=\"wp-block-spacer\"><\/div>\n\n\n\n<p>La galerie Zidoun-Bossuyt est une des plus importants galeries internationales \u00e0 Luxembourg. Elle propose un programme vari\u00e9, tant des expositions individuelles que de groupe ainsi que des projets historiques.<\/p>\n<p>En 2013 Nordine Zidoun et Audrey Bossuyt se sont associ\u00e9s pour former une nouvelle galerie qui refl\u00e8te leurs origines et exp\u00e9riences respectives. Nordine Zidoun a d\u2019abord ouvert une galerie d\u2019art \u00e0 Paris pour venir \u00e0 Luxembourg en 2008.\u00a0 Audrey Bossuyt est une ancienne conseill\u00e8re d\u2019art ind\u00e9pendante qui a commenc\u00e9 sa carri\u00e8re dans le monde de l\u2019art en travaillant \u00e0 la galerie Xavier Hufkens \u00e0 Brussels pendant 6 ans.<\/p>\n<p>Le coeur de la programmation de la galerie \u00e9tait alors les artistes \u00e9mergents Afro-Americains. La galerie est connue pour avoir introduit certains des artistes Afro-Americains les plus influents \u00e0 Luxembourg \u00e0 un moment o\u00f9 ils n\u2019\u00e9taient encore que relativement peu connus comme par exemple Terry Adkins, Noel Anderson, Njideka Akunyili Crosby, Wangechi Mutu et Jeff Sonhouse.<\/p>\n<p>En Avril 2015, la galerie a d\u00e9m\u00e9nag\u00e9 au 6 rue Saint-Ulric dans un immeuble du quartier historique du Grund. Trouver un espace authentique et id\u00e9alement situ\u00e9 a pris du temps au duo, le challenge primordial \u00e9tait de trouver du volume qui permettrait d\u2019accueillir des artistes de renoms. La r\u00e9novation et la r\u00e9habilitation principale du b\u00e2timent a \u00e9t\u00e9 confi\u00e9e \u00e0 l\u2019architecte Luxembourgeois Stefano Moreno. Le nouvel espace a permis l\u2019expansion du programme artistique de la galerie en pr\u00e9sentant de nouveaux artistes comme Danny Fox, Jayson Musson, Tomokazu Matsuyama et Summer Wheat.<\/p>\n<p>La galerie organise 6 expositions par an et publie 3 catalogues par an. A c\u00f4t\u00e9 de son programme d\u2019art contemporain, la galerie organise r\u00e9guli\u00e8rement des expositions historiques : Jean-Michel Basquiat en 2016, Jean Dubuffet en 2017 et Keith Haring en 2019. \u00a0Ces expositions sans pr\u00e9c\u00e9dent \u00e0 Luxembourg ont re\u00e7u le haut patronage du Premier Ministre et du Ministre de la Culture de Luxembourg et refl\u00e8tent le projet culturel de la galerie qui a pour but d\u2019offrir le meilleur de l\u2019art contemporain aux collectionneurs et au grand public en contribuant, \u00e0 son niveau, \u00e0 \u00a0mettre le Luxembourg sur la carte mondiale de l\u2019art contemporain.<\/p>\n<p>Pr\u00e9sente <span style=\"color: #b12763;\"><a style=\"color: #b12763;\" href=\"https:\/\/bis-art.com\/index.php\/martine-feipel-jean-bechameil\/\"><span style=\"font-size: 1rem;\">Martine Feipel &amp; Jean Bechameil<\/span><\/a><\/span><\/p>\n<p>\u00a0<\/p>\n\n\n\n<hr class=\"wp-block-separator has-text-color has-background has-ast-global-color-7-background-color has-ast-global-color-7-color is-style-wide\"\/>\n\n\n\n<p style=\"font-weight: 400;\"><em>Zidoun-Bossuyt Gallery is the leading gallery in Luxembourg for contemporary art. The gallery offers a diverse exhibition program with solo exhibitions of the gallery artists as well as group exhibitions and special historical projects.\u00a0<\/em><\/p>\n<p style=\"font-weight: 400;\"><em>In 2013 Nordine Zidoun and Audrey Bossuyt joined forces to form a new gallery which reflects well their respective origins and experiences.<\/em><\/p>\n<p style=\"font-weight: 400;\"><em>The gallery organizes six exhibitions a year and publishes three catalogs a year. Alongside its contemporary program the gallery holds one historical show every\u00a02 years: Jean-Michel Basquiat in 2016, Jean Dubuffet in 2017 and Keith Haring in 2019.These exhibitions were placed under the patronage of the Prime Minister and Minister of Culture of Luxembourg and reinforced the strong international positioning of the gallery in the art world and its willingness to put Luxembourg as an important location for the promotion of contemporary art on the European map.<\/em><\/p>\n<p><em>Presents\u00a0<span style=\"color: #b12763;\"><a style=\"color: #b12763;\" href=\"https:\/\/bis-art.com\/index.php\/martine-feipel-jean-bechameil\/\"><span style=\"font-size: 1rem;\">Martine Feipel &amp; Jean Bechameil<\/span><\/a><\/span><\/em><\/p>\n<p>\u00a0<\/p>\n\n\n\n<hr class=\"wp-block-separator has-text-color has-background has-ast-global-color-7-background-color has-ast-global-color-7-color is-style-wide\"\/>\n\n\n\n<p><a href=\"https:\/\/bis-art.com\/index.php\/edition2021-les-galeries-partenaires\/\"><strong><span style=\"color: #b12763;\">&gt; \u00c9dition 2021 &#8211; Les Galeries Partenaires<\/span><\/strong><\/a><\/p>\n<\/div>\n\n\n\n<div class=\"wp-block-column\" style=\"flex-basis:33.33%\">\n<figure class=\"wp-block-image size-large\"><img loading=\"lazy\" width=\"800\" height=\"600\" src=\"https:\/\/bis-art.com\/wp-content\/uploads\/2023\/01\/Galerie-Zidoun-Bossuyt.jpg\" alt=\"\" class=\"wp-image-2356\" srcset=\"https:\/\/bis-art.com\/wp-content\/uploads\/2023\/01\/Galerie-Zidoun-Bossuyt.jpg 800w, https:\/\/bis-art.com\/wp-content\/uploads\/2023\/01\/Galerie-Zidoun-Bossuyt-300x225.jpg 300w, https:\/\/bis-art.com\/wp-content\/uploads\/2023\/01\/Galerie-Zidoun-Bossuyt-768x576.jpg 768w\" sizes=\"(max-width: 800px) 100vw, 800px\" \/><figcaption><strong>Zidoun-Bossuyt Gallery<\/strong><br>6, rue Saint Ulric<br>L-2651 Luxembourg<br><a href=\"http:\/\/www.zidoun-bossuyt.com\" target=\"_blank\" rel=\"noreferrer noopener\"><span style=\"color:#b12763\" class=\"has-inline-color\">www.zidoun-bossuyt.com<\/span><\/a><br>Courtesy Zidoun-Bossuyt Gallery<br>Photo \u00a9 Studio R\u00e9mi Villaggi<\/figcaption><\/figure>\n<\/div>\n<\/div>\n\n\n\n<div style=\"height:60px\" aria-hidden=\"true\" class=\"wp-block-spacer\"><\/div>\n","protected":false},"excerpt":{"rendered":"<p>Zidoun-Bossuyt Gallery La galerie Zidoun-Bossuyt est une des plus importants galeries internationales \u00e0 Luxembourg. Elle propose un programme vari\u00e9, tant des expositions individuelles que de groupe ainsi que des projets historiques. En 2013 Nordine Zidoun et Audrey Bossuyt se sont associ\u00e9s pour former une nouvelle galerie qui refl\u00e8te leurs origines et exp\u00e9riences respectives. Nordine Zidoun &hellip;<\/p>\n<p class=\"read-more\"> <a class=\"\" href=\"https:\/\/bis-art.com\/index.php\/zidoun-bossuyt-gallery\/\"> <span class=\"screen-reader-text\">Zidoun-Bossuyt Gallery<\/span> Lire la suite \u00bb<\/a><\/p>\n","protected":false},"author":1,"featured_media":0,"parent":0,"menu_order":0,"comment_status":"closed","ping_status":"closed","template":"","meta":{"site-sidebar-layout":"default","site-content-layout":"default","ast-global-header-display":"","ast-main-header-display":"","ast-hfb-above-header-display":"","ast-hfb-below-header-display":"","ast-hfb-mobile-header-display":"","site-post-title":"disabled","ast-breadcrumbs-content":"disabled","ast-featured-img":"","footer-sml-layout":"","theme-transparent-header-meta":"default","adv-header-id-meta":"","stick-header-meta":"default","header-above-stick-meta":"","header-main-stick-meta":"","header-below-stick-meta":""},"_links":{"self":[{"href":"https:\/\/bis-art.com\/index.php\/wp-json\/wp\/v2\/pages\/1886"}],"collection":[{"href":"https:\/\/bis-art.com\/index.php\/wp-json\/wp\/v2\/pages"}],"about":[{"href":"https:\/\/bis-art.com\/index.php\/wp-json\/wp\/v2\/types\/page"}],"author":[{"embeddable":true,"href":"https:\/\/bis-art.com\/index.php\/wp-json\/wp\/v2\/users\/1"}],"replies":[{"embeddable":true,"href":"https:\/\/bis-art.com\/index.php\/wp-json\/wp\/v2\/comments?post=1886"}],"version-history":[{"count":5,"href":"https:\/\/bis-art.com\/index.php\/wp-json\/wp\/v2\/pages\/1886\/revisions"}],"predecessor-version":[{"id":2416,"href":"https:\/\/bis-art.com\/index.php\/wp-json\/wp\/v2\/pages\/1886\/revisions\/2416"}],"wp:attachment":[{"href":"https:\/\/bis-art.com\/index.php\/wp-json\/wp\/v2\/media?parent=1886"}],"curies":[{"name":"wp","href":"https:\/\/api.w.org\/{rel}","templated":true}]}}