{"id":1976,"date":"2021-08-14T17:01:57","date_gmt":"2021-08-14T15:01:57","guid":{"rendered":"https:\/\/bis-art.com\/?page_id=1976"},"modified":"2021-08-14T17:01:57","modified_gmt":"2021-08-14T15:01:57","slug":"mediation-artistique","status":"publish","type":"page","link":"https:\/\/bis-art.com\/index.php\/mediation-artistique\/","title":{"rendered":"M\u00e9diation artistique"},"content":{"rendered":"\n<div style=\"height:60px\" aria-hidden=\"true\" class=\"wp-block-spacer\"><\/div>\n\n\n\n<div class=\"wp-block-columns\">\n<div class=\"wp-block-column\" style=\"flex-basis:66.66%\">\n<h2><strong>M\u00e9diation artistique<\/strong><\/h2>\n<p>Tout au long de l\u2019e\u0301te\u0301, du lundi au samedi, de 14h30 \u00e0 18h30, retrouvez les me\u0301diateurs artistiques de B.I.S dans les rues du village. <br \/>Ces jeunes artistes, e\u0301tudiants en art, pre\u0301sentent les \u0153uvres de la Biennale le long du parcours et proposent des ateliers, activite\u0301s de\u0301couvertes et partages de pratiques artistiques.<\/p>\n<p>\u00a0\u00a0<\/p>\n<h3>Visites guid\u00e9es<\/h3>\n<p>Rendez-vous les lundi, mardi, jeudi et vendredi, \u00e0 16h00 devant l&#8217;Office de Tourisme de Saint-Paul de Vence (2, rue Grande) pour une visite guid\u00e9e de l&#8217;exposition, en acc\u00e8s libre, avec les m\u00e9diateurs de B.I.S.<\/p>\n<p>\u00a0\u00a0<\/p>\n<h3>Ateliers<\/h3>\n<p>BIS propose chaque jour, jusqu\u2019au 28 ao\u00fbt, des ateliers de pratique artistique anim\u00e9s par les m\u00e9diateurs de la Biennale.<br \/>Les ateliers commencent par un parcours de dix minutes dans le village \u00e0 la d\u00e9couverte des \u0153uvres pr\u00e9sent\u00e9es par la Biennale.<\/p>\n<p>Lundi, mardi, jeudi et vendredi : <span style=\"color: #b12763;\">activit\u00e9 de dessin<\/span> de 14h30 \u00e0 15h30<br \/>Mercredi et samedi : <span style=\"color: #b12763;\">atelier de modelage<\/span> de 14h30 \u00e0 17h00<\/p>\n<p>Exp\u00e9rimentation de nouvelles formes, lib\u00e9ration du geste artistique des enfants :\u00a0 \u201cDans l\u2019art aucune r\u00e9ponse n\u2019est mauvaise\u201d\u00a0 insiste Aude, une des quatre m\u00e9diateurs de la Biennale.<\/p>\n<p>Rendez-vous dans la cour de l\u2019Espace Verdet, Place de l\u2019Hospice \u00e0 Saint-Paul de Vence.<br \/>Ateliers gratuits \u2013 R\u00e9servation souhait\u00e9e :\u00a0<span style=\"color: #b12763;\"><a style=\"color: #b12763;\" href=\"mailto:bis@bis-art.com\">bis@bis-art.com<\/a><\/span><\/p>\n<\/div>\n\n\n\n<div class=\"wp-block-column\" style=\"flex-basis:33.33%\">\n<figure class=\"wp-block-image size-large is-style-default\"><img loading=\"lazy\" width=\"800\" height=\"572\" src=\"https:\/\/bis-art.com\/wp-content\/uploads\/2021\/08\/BIS-AtelierDessin-2.jpg\" alt=\"\" class=\"wp-image-1977\" srcset=\"https:\/\/bis-art.com\/wp-content\/uploads\/2021\/08\/BIS-AtelierDessin-2.jpg 800w, https:\/\/bis-art.com\/wp-content\/uploads\/2021\/08\/BIS-AtelierDessin-2-300x215.jpg 300w, https:\/\/bis-art.com\/wp-content\/uploads\/2021\/08\/BIS-AtelierDessin-2-768x549.jpg 768w\" sizes=\"(max-width: 800px) 100vw, 800px\" \/><\/figure>\n<\/div>\n<\/div>\n\n\n\n<div style=\"height:60px\" aria-hidden=\"true\" class=\"wp-block-spacer\"><\/div>\n\n\n\n<p><\/p>\n","protected":false},"excerpt":{"rendered":"<p>M\u00e9diation artistique Tout au long de l\u2019e\u0301te\u0301, du lundi au samedi, de 14h30 \u00e0 18h30, retrouvez les me\u0301diateurs artistiques de B.I.S dans les rues du village. Ces jeunes artistes, e\u0301tudiants en art, pre\u0301sentent les \u0153uvres de la Biennale le long du parcours et proposent des ateliers, activite\u0301s de\u0301couvertes et partages de pratiques artistiques. \u00a0\u00a0 Visites &hellip;<\/p>\n<p class=\"read-more\"> <a class=\"\" href=\"https:\/\/bis-art.com\/index.php\/mediation-artistique\/\"> <span class=\"screen-reader-text\">M\u00e9diation artistique<\/span> Lire la suite \u00bb<\/a><\/p>\n","protected":false},"author":1,"featured_media":0,"parent":0,"menu_order":0,"comment_status":"closed","ping_status":"closed","template":"","meta":{"site-sidebar-layout":"default","site-content-layout":"default","ast-global-header-display":"","ast-main-header-display":"","ast-hfb-above-header-display":"","ast-hfb-below-header-display":"","ast-hfb-mobile-header-display":"","site-post-title":"disabled","ast-breadcrumbs-content":"disabled","ast-featured-img":"","footer-sml-layout":"","theme-transparent-header-meta":"default","adv-header-id-meta":"","stick-header-meta":"default","header-above-stick-meta":"","header-main-stick-meta":"","header-below-stick-meta":""},"_links":{"self":[{"href":"https:\/\/bis-art.com\/index.php\/wp-json\/wp\/v2\/pages\/1976"}],"collection":[{"href":"https:\/\/bis-art.com\/index.php\/wp-json\/wp\/v2\/pages"}],"about":[{"href":"https:\/\/bis-art.com\/index.php\/wp-json\/wp\/v2\/types\/page"}],"author":[{"embeddable":true,"href":"https:\/\/bis-art.com\/index.php\/wp-json\/wp\/v2\/users\/1"}],"replies":[{"embeddable":true,"href":"https:\/\/bis-art.com\/index.php\/wp-json\/wp\/v2\/comments?post=1976"}],"version-history":[{"count":3,"href":"https:\/\/bis-art.com\/index.php\/wp-json\/wp\/v2\/pages\/1976\/revisions"}],"predecessor-version":[{"id":1981,"href":"https:\/\/bis-art.com\/index.php\/wp-json\/wp\/v2\/pages\/1976\/revisions\/1981"}],"wp:attachment":[{"href":"https:\/\/bis-art.com\/index.php\/wp-json\/wp\/v2\/media?parent=1976"}],"curies":[{"name":"wp","href":"https:\/\/api.w.org\/{rel}","templated":true}]}}