{"id":2047,"date":"2023-01-03T18:47:09","date_gmt":"2023-01-03T17:47:09","guid":{"rendered":"https:\/\/bis-art.com\/?page_id=2047"},"modified":"2024-08-03T11:02:54","modified_gmt":"2024-08-03T09:02:54","slug":"edition2021","status":"publish","type":"page","link":"https:\/\/bis-art.com\/index.php\/edition2021\/","title":{"rendered":"Edition2021"},"content":{"rendered":"\n<div style=\"height:60px\" aria-hidden=\"true\" class=\"wp-block-spacer\"><\/div>\n\n\n<h2><span style=\"color: #b12763;\">Retour sur l&#8217;\u00c9dition 2021<\/span><\/h2>\n<p><\/p>\n\n\n<div class=\"wp-block-columns are-vertically-aligned-top\">\n<div class=\"wp-block-column is-vertically-aligned-top\" style=\"flex-basis:25%\">\n<figure class=\"wp-block-image size-large\"><img loading=\"lazy\" width=\"266\" height=\"800\" src=\"https:\/\/bis-art.com\/wp-content\/uploads\/2024\/08\/GUIRAN-007-B.I.S.2021_Photo-Francois-Fernandez.jpg\" alt=\"\" class=\"wp-image-3601\" srcset=\"https:\/\/bis-art.com\/wp-content\/uploads\/2024\/08\/GUIRAN-007-B.I.S.2021_Photo-Francois-Fernandez.jpg 266w, https:\/\/bis-art.com\/wp-content\/uploads\/2024\/08\/GUIRAN-007-B.I.S.2021_Photo-Francois-Fernandez-100x300.jpg 100w\" sizes=\"(max-width: 266px) 100vw, 266px\" \/><\/figure>\n<\/div>\n\n\n\n<div class=\"wp-block-column is-vertically-aligned-top\" style=\"flex-basis:50%\">\n<p>Soucieux de promouvoir la jeune cr\u00e9ation contemporaine lors de cette seconde \u00e9dition, le <span style=\"color: #b12763;\"><a style=\"color: #b12763;\" href=\"https:\/\/bis-art.com\/index.php\/edition2021-commissariat-artistique\/\">commissariat<\/a> <\/span>de la Biennale Internationale de Saint-Paul de Vence a fait appel \u00e0 un r\u00e9seau de galeries, fran\u00e7aises et internationales, et \u00e0 des conservateurs r\u00e9gionaux engag\u00e9s.<\/p>\n<p>La collaboration de tous ces acteurs du monde de l\u2019art, et leurs pr\u00e9cieux soutiens dans l\u2019\u00e9laboration de cette exposition d\u2019envergure, a permis de pr\u00e9senter plus d\u2019une quarantaine de candidatures \u00e0 un<span style=\"color: #b12763;\"><a style=\"color: #b12763;\" href=\"https:\/\/bis-art.com\/index.php\/edition2021-jury\/\"> jury<\/a><\/span> constitu\u00e9 de professionnels du secteur culturel, de conservateurs du patrimoine et de collectionneurs, avec la pr\u00e9sence attentive de Catherine Issert (Commissaire de la Biennale 2021), Mathilde Dalmas (Commissaire g\u00e9n\u00e9rale de la Biennale 2021), et Julien Gradelet (R\u00e9gisseur d\u2019\u0153uvres).<\/p>\n<p>Le choix d\u2019une s\u00e9lection en coll\u00e9gialit\u00e9 a \u00e9t\u00e9 port\u00e9 par un projet scientifique ambitieux qui r\u00e9pondait \u00e0 la fois \u00e0 la volont\u00e9 de s\u2019inscrire dans une politique culturelle de pr\u00e9sentation des \u0153uvres dans l\u2019espace public, mais aussi de d\u00e9couverte d\u2019<span style=\"color: #b12763;\"><a style=\"color: #b12763;\" href=\"https:\/\/bis-art.com\/index.php\/edition2021-artistes\/\">artistes<\/a> <\/span>actuels par tous les publics :<\/p>\n<p>Awena Cozannet<br>Martine Feipel &amp; Jean Bechameil <br>St\u00e9phane Guiran<br>Gonzalo Lebrija <br>Quentin Lefranc<br>Charles Le Hyaric <br>Kokou Ferdinand Makouvia<span class=\"Apple-converted-space\">&nbsp;<br><\/span>Juliette Minchin<br>Aur\u00e9lie P\u00e9trel<br>Florian Pugnaire &amp; David Raffini<span class=\"Apple-converted-space\">&nbsp;<br><\/span>Stefan Rinck<br>Kevin Rouillard<br>Linda Sanchez<br>Pierre-Alexandre Savriacouty<br>Scenocosme : Gr\u00e9gory Lasserre &amp; Ana\u00efs met den Ancxt<br>Elodie Seguin<br>Charlotte vander Borght<span class=\"Apple-converted-space\"><br><\/span>Delphine Wibaux<\/p>\n<p>Nous avons confort\u00e9 et \u00e9tendu nos <span style=\"color: #b12763;\"><a style=\"color: #b12763;\" href=\"https:\/\/bis-art.com\/index.php\/edition2021-remerciements\/\">partenariats institutionnels ou priv\u00e9s<\/a><\/span> et accueilli de nouveaux m\u00e9c\u00e8nes.&nbsp;<\/p>\n<p><span style=\"color: #b12763;\"><strong>&nbsp;<br>\u00ab Avec 18 artistes, c\u2019est probablement l\u2019une des plus petites biennales du monde, mais c\u2019est aussi une des plus sympahiques. D\u2019abord parce qu\u2019ils sont tous jeunes, ce qui fait du bien \u00e0 tous ceux qui, malgr\u00e9 le respect qu\u2019on porte aux dinosaures de l\u2019art contemporain, ont envie de frais ; ensuite parce qu\u2019elle incite \u00e0 la d\u00e9ambulation dans l\u2019un des tr\u00e8s jolis villages de Provence : Saint-Paul-de-Vence.\u00bb<br>Harry Bellet &#8211; le Monde &#8211; 01\/07\/2021<\/strong><\/span><\/p>\n<p><\/p>\n\n\n\n<hr class=\"wp-block-separator has-text-color has-background has-ast-global-color-7-background-color has-ast-global-color-7-color is-style-wide\"\/>\n\n\n\n<p style=\"font-weight: 400;\"><em>Engaged to promote young contemporary creation during this second edition, the curators of the International Biennial of Saint-Paul de Vence have called upon a network of French and international galleries and committed regional curators.<\/em><\/p>\n<p style=\"font-weight: 400;\"><em>The collaboration of all these players in the art world, and their invaluable support in the development of this large-scale exhibition, made it possible to present more than forty applications to a jury made up of professionals from the cultural sector, heritage curators and collectors:<\/em><\/p>\n<p style=\"font-weight: 400;\"><em>The choice of a collegial selection is supported by an ambitious scientific project which responds both to the desire to be part of a cultural policy of presenting works in the public space, but also to allow the discovery of emerging artists by all audiences.<\/em><\/p>\n<p><em>We have strengthened and extended our institutional and private partnerships and welcomed new sponsors.&nbsp;<\/em><\/p>\n<p><strong><span style=\"color: #b12763;\"><em>&#8220;With 18 artists, it is probably one of the smallest biennials in the world, but it is also one of the nicest. Firstly, because they are all young, which is good for all those who, despite the respect we have for the dinosaurs of contemporary art, want to be fresh; and secondly, because it encourages you to wander around one of the very pretty villages of Provence: Saint-Paul-de-Vence.&#8221;<\/em><\/span><\/strong><br><strong><span style=\"color: #b12763;\"><em>Harry Bellet &#8211; le Monde &#8211; 01\/07\/2021<\/em><\/span><\/strong><\/p>\n<p><\/p>\n<\/div>\n\n\n\n<div class=\"wp-block-column is-vertically-aligned-top\" style=\"flex-basis:25%\">\n<p style=\"text-align: right;\"><span style=\"color: #b12763;\"><strong><a style=\"color: #b12763;\" href=\"https:\/\/bis-art.com\/index.php\/edition2021-commissariat-artistique\/\">\u00c9dition 2021<\/a><\/strong><\/span><\/p>\n<p style=\"text-align: right;\"><span style=\"color: #b12763;\"><strong><a style=\"color: #b12763;\" href=\"https:\/\/bis-art.com\/index.php\/edition2021-commissariat-artistique\/\">Le commissariat <\/a><a style=\"color: #b12763;\" href=\"https:\/\/bis-art.com\/index.php\/edition2021-commissariat-artistique\/\">artistique &gt;<\/a><\/strong><\/span><br><span style=\"color: #b12763;\"><strong><a style=\"color: #b12763;\" href=\"https:\/\/bis-art.com\/index.php\/edition2021-jury\/\">Le jury &gt;<\/a><br><a style=\"color: #b12763;\" href=\"https:\/\/bis-art.com\/index.php\/edition2021-artistes\/\">Les artistes et les oeuvres &gt;<\/a><\/strong><\/span><br><span style=\"color: #b12763;\"><strong><a style=\"color: #b12763;\" href=\"https:\/\/bis-art.com\/index.php\/edition2021-une-galerie-un-artiste\/\">Le parcours &#8220;une galerie &#8211; un artiste&#8221; &gt;<\/a><br><a style=\"color: #b12763;\" href=\"https:\/\/bis-art.com\/index.php\/edition2021-remerciements\/\">Nos remerciements &gt;<\/a><\/strong><\/span><\/p>\n<\/div>\n<\/div>\n\n\n\n<div style=\"height:25px\" aria-hidden=\"true\" class=\"wp-block-spacer\"><\/div>\n\n\n\n<div style=\"height:60px\" aria-hidden=\"true\" class=\"wp-block-spacer\"><\/div>\n","protected":false},"excerpt":{"rendered":"<p>Retour sur l&#8217;\u00c9dition 2021 Soucieux de promouvoir la jeune cr\u00e9ation contemporaine lors de cette seconde \u00e9dition, le commissariat de la Biennale Internationale de Saint-Paul de Vence a fait appel \u00e0 un r\u00e9seau de galeries, fran\u00e7aises et internationales, et \u00e0 des conservateurs r\u00e9gionaux engag\u00e9s. La collaboration de tous ces acteurs du monde de l\u2019art, et leurs &hellip;<\/p>\n<p class=\"read-more\"> <a class=\"\" href=\"https:\/\/bis-art.com\/index.php\/edition2021\/\"> <span class=\"screen-reader-text\">Edition2021<\/span> Lire la suite \u00bb<\/a><\/p>\n","protected":false},"author":1,"featured_media":0,"parent":0,"menu_order":0,"comment_status":"closed","ping_status":"closed","template":"","meta":{"site-sidebar-layout":"default","site-content-layout":"default","ast-global-header-display":"","ast-main-header-display":"","ast-hfb-above-header-display":"","ast-hfb-below-header-display":"","ast-hfb-mobile-header-display":"","site-post-title":"disabled","ast-breadcrumbs-content":"","ast-featured-img":"","footer-sml-layout":"","theme-transparent-header-meta":"","adv-header-id-meta":"","stick-header-meta":"","header-above-stick-meta":"","header-main-stick-meta":"","header-below-stick-meta":""},"_links":{"self":[{"href":"https:\/\/bis-art.com\/index.php\/wp-json\/wp\/v2\/pages\/2047"}],"collection":[{"href":"https:\/\/bis-art.com\/index.php\/wp-json\/wp\/v2\/pages"}],"about":[{"href":"https:\/\/bis-art.com\/index.php\/wp-json\/wp\/v2\/types\/page"}],"author":[{"embeddable":true,"href":"https:\/\/bis-art.com\/index.php\/wp-json\/wp\/v2\/users\/1"}],"replies":[{"embeddable":true,"href":"https:\/\/bis-art.com\/index.php\/wp-json\/wp\/v2\/comments?post=2047"}],"version-history":[{"count":15,"href":"https:\/\/bis-art.com\/index.php\/wp-json\/wp\/v2\/pages\/2047\/revisions"}],"predecessor-version":[{"id":3608,"href":"https:\/\/bis-art.com\/index.php\/wp-json\/wp\/v2\/pages\/2047\/revisions\/3608"}],"wp:attachment":[{"href":"https:\/\/bis-art.com\/index.php\/wp-json\/wp\/v2\/media?parent=2047"}],"curies":[{"name":"wp","href":"https:\/\/api.w.org\/{rel}","templated":true}]}}