{"id":2083,"date":"2023-01-04T08:49:13","date_gmt":"2023-01-04T07:49:13","guid":{"rendered":"https:\/\/bis-art.com\/?page_id=2083"},"modified":"2023-01-10T14:51:23","modified_gmt":"2023-01-10T13:51:23","slug":"edition2021-jury","status":"publish","type":"page","link":"https:\/\/bis-art.com\/index.php\/edition2021-jury\/","title":{"rendered":"Edition2021 Jury"},"content":{"rendered":"\n<div style=\"height:60px\" aria-hidden=\"true\" class=\"wp-block-spacer\"><\/div>\n\n\n<h2><span style=\"color: #b12763;\"><b>\u00c9dition 2021 &#8211; Le jury<\/b><\/span><\/h2>\n\n\n<div class=\"wp-block-columns\">\n<div class=\"wp-block-column\" style=\"flex-basis:66.66%\">\n<div class=\"page\" title=\"Page 12\">\n<div class=\"section\">\n<div class=\"layoutArea\">\n<div class=\"column\">\n<p>Le jury constitu\u00e9 de professionnels du secteur culturel, de conservateurs du patrimoine et de collectionneurs, dont voici la constitution, s&#8217;est r\u00e9uni fin janvier 2021 :<br \/><em>The jury, made up of professionals from the cultural sector, heritage curators and collectors, met at the end of January 2021 :<\/em><\/p>\n<p><strong>Pr\u00e9sident de l\u2019association BIS<\/strong><br \/>Olivier Kaeppelin<\/p>\n<p><strong>Collectionneur<\/strong><br \/>Laurent Bergoin<\/p>\n<p><strong>Fondation CAB \u2013 Bruxelles et Saint-Paul de Vence<\/strong> <br \/>Hubert Bonnet<\/p>\n<p><strong>Conservatrice g\u00e9n\u00e9rale\u00a0du Patrimoine &#8211; Directrice des mus\u00e9es nationaux du XXe si\u00e8cle des Alpes-Maritimes<\/strong><br \/>Anne Dopffer<\/p>\n<p><strong>Directrice du Narcissio,\u00a0espace d\u2019art contemporain \u00e0 Nice<\/strong> <br \/>Florence Forterre<\/p>\n<\/div>\n<div class=\"column\">\n<p><strong>Directrice du Mus\u00e9e Matisse \u00e0 Nice<\/strong><br \/>Claudine Grammont<\/p>\n<p><strong>Conservatrice du patrimoine &#8211; Mus\u00e9e Fernand L\u00e9ger \u00e0 Biot<\/strong><br \/>Julie Guttierez<\/p>\n<p><strong>Adjointe d\u00e9l\u00e9gu\u00e9e \u00e0 la Culture Saint-Paul de Vence<\/strong><br \/>Catherine Houz\u00e9<\/p>\n<p><strong>Journaliste et historienne d\u2019art<\/strong><br \/>Virginie Huet<\/p>\n<p><strong>Collectionneuse et Architecte Saint-Paul de Vence<\/strong> <br \/>Jacqueline Morabito<\/p>\n<p><strong>Avec la pr\u00e9sence attentive de : <\/strong><\/p>\n<p><strong>Commissaire de la Biennale 2021<\/strong><br \/>Catherine Issert<\/p>\n<p><strong>Commissaire g\u00e9n\u00e9rale de la Biennale 2021<\/strong> <br \/>Mathilde Dalmas<\/p>\n<p><strong>R\u00e9gisseur d\u2019\u0153uvres<\/strong><br \/>Julien Gradelet<\/p>\n<\/div>\n<\/div>\n<\/div>\n<\/div>\n<\/div>\n\n\n\n<div class=\"wp-block-column\" style=\"flex-basis:33.33%\">\n<h4 style=\"text-align: right;\">&nbsp;<\/h4>\n<h4 style=\"text-align: right;\"><span style=\"color: #4b86c7;\"><strong><a style=\"color: #4b86c7;\" href=\"https:\/\/bis-art.com\/index.php\/edition2021\/\"><span style=\"color: #b12763;\">\u00c9dition 2021 &gt;<\/span><\/a><\/strong><\/span><\/h4>\n<h4 style=\"text-align: right;\"><span style=\"color: #b12763;\"><strong><a style=\"color: #b12763;\" href=\"https:\/\/bis-art.com\/index.php\/edition2021-commissariat-artistique\/\">Le commissariat artistique &gt;<\/a><br><a style=\"color: #b12763;\" href=\"https:\/\/bis-art.com\/index.php\/edition2021-artistes\/\">Les artistes et les oeuvres &gt;<\/a><\/strong><\/span><br><span style=\"color: #b12763;\"><strong><a style=\"color: #b12763;\" href=\"https:\/\/bis-art.com\/index.php\/edition2021-une-galerie-un-artiste\/\">Le parcours &#8220;une galerie &#8211; un artiste&#8221; &gt;<\/a><br><a style=\"color: #b12763;\" href=\"https:\/\/bis-art.com\/index.php\/edition2021-remerciements\/\">Nos remerciements &gt;<\/a><\/strong><\/span><\/h4>\n\n\n\n<p><\/p>\n<\/div>\n<\/div>\n\n\n\n<div style=\"height:100px\" aria-hidden=\"true\" class=\"wp-block-spacer\"><\/div>\n","protected":false},"excerpt":{"rendered":"<p>\u00c9dition 2021 &#8211; Le jury Le jury constitu\u00e9 de professionnels du secteur culturel, de conservateurs du patrimoine et de collectionneurs, dont voici la constitution, s&#8217;est r\u00e9uni fin janvier 2021 :The jury, made up of professionals from the cultural sector, heritage curators and collectors, met at the end of January 2021 : Pr\u00e9sident de l\u2019association BISOlivier &hellip;<\/p>\n<p class=\"read-more\"> <a class=\"\" href=\"https:\/\/bis-art.com\/index.php\/edition2021-jury\/\"> <span class=\"screen-reader-text\">Edition2021 Jury<\/span> Lire la suite \u00bb<\/a><\/p>\n","protected":false},"author":1,"featured_media":0,"parent":0,"menu_order":0,"comment_status":"closed","ping_status":"closed","template":"","meta":{"site-sidebar-layout":"default","site-content-layout":"default","ast-global-header-display":"","ast-main-header-display":"","ast-hfb-above-header-display":"","ast-hfb-below-header-display":"","ast-hfb-mobile-header-display":"","site-post-title":"disabled","ast-breadcrumbs-content":"","ast-featured-img":"","footer-sml-layout":"","theme-transparent-header-meta":"","adv-header-id-meta":"","stick-header-meta":"","header-above-stick-meta":"","header-main-stick-meta":"","header-below-stick-meta":""},"_links":{"self":[{"href":"https:\/\/bis-art.com\/index.php\/wp-json\/wp\/v2\/pages\/2083"}],"collection":[{"href":"https:\/\/bis-art.com\/index.php\/wp-json\/wp\/v2\/pages"}],"about":[{"href":"https:\/\/bis-art.com\/index.php\/wp-json\/wp\/v2\/types\/page"}],"author":[{"embeddable":true,"href":"https:\/\/bis-art.com\/index.php\/wp-json\/wp\/v2\/users\/1"}],"replies":[{"embeddable":true,"href":"https:\/\/bis-art.com\/index.php\/wp-json\/wp\/v2\/comments?post=2083"}],"version-history":[{"count":5,"href":"https:\/\/bis-art.com\/index.php\/wp-json\/wp\/v2\/pages\/2083\/revisions"}],"predecessor-version":[{"id":2282,"href":"https:\/\/bis-art.com\/index.php\/wp-json\/wp\/v2\/pages\/2083\/revisions\/2282"}],"wp:attachment":[{"href":"https:\/\/bis-art.com\/index.php\/wp-json\/wp\/v2\/media?parent=2083"}],"curies":[{"name":"wp","href":"https:\/\/api.w.org\/{rel}","templated":true}]}}