{"id":2090,"date":"2023-01-04T09:28:58","date_gmt":"2023-01-04T08:28:58","guid":{"rendered":"https:\/\/bis-art.com\/?page_id=2090"},"modified":"2023-01-11T13:44:07","modified_gmt":"2023-01-11T12:44:07","slug":"edition2021-remerciements","status":"publish","type":"page","link":"https:\/\/bis-art.com\/index.php\/edition2021-remerciements\/","title":{"rendered":"Edition2021 Remerciements"},"content":{"rendered":"\n<div style=\"height:60px\" aria-hidden=\"true\" class=\"wp-block-spacer\"><\/div>\n\n\n<h2><span style=\"color: #b12763;\">Edition 2021 &#8211; Nos remerciements<\/span><\/h2>\n\n\n<div class=\"wp-block-columns\">\n<div class=\"wp-block-column\" style=\"flex-basis:66.66%\">\n<div class=\"column\">\n<p>Cette deuxi\u00e8me \u00e9dition a \u00e9t\u00e9 r\u00e9alis\u00e9e avec le concours de<br><em>This second edition was produced with the support of<\/em><\/p>\n<p><span style=\"color: #b12763;\"><a style=\"color: #b12763;\" href=\"https:\/\/www.maregionsud.fr\" target=\"_blank\" rel=\"noopener\">R\u00e9gion Sud Provence-Alpes-C\u00f4te d\u2019Azur<\/a><\/span><br><span style=\"color: #b12763;\"><a style=\"color: #b12763;\" href=\"https:\/\/www.departement06.fr\/\" target=\"_blank\" rel=\"noopener\">D\u00e9partement des Alpes-Maritimes<\/a> <\/span><br><span style=\"color: #b12763;\"><a style=\"color: #b12763;\" href=\"https:\/\/saintpauldevence.org\" target=\"_blank\" rel=\"noopener\">Commune Saint-Paul de Vence<\/a><\/span><\/p>\n<p><span style=\"color: #b12763;\"><a style=\"color: #b12763;\" href=\"https:\/\/bis-art.com\/index.php\/galeries-lafayette\/\" target=\"_blank\" rel=\"noopener\">Groupe Galeries Lafayette<\/a><\/span><br><span style=\"color: #b12763;\"><a style=\"color: #b12763;\" href=\"https:\/\/bis-art.com\/index.php\/ferret\/\" target=\"_blank\" rel=\"noopener\">Maison Ferret<\/a><\/span><br><span style=\"color: #b12763;\"><a style=\"color: #b12763;\" href=\"https:\/\/bis-art.com\/index.php\/domaine-du-mas-de-pierre\/\" target=\"_blank\" rel=\"noopener\">Domaine du Mas de Pierre<\/a><\/span><br><span style=\"color: #b12763;\"><a style=\"color: #b12763;\" href=\"https:\/\/bis-art.com\/index.php\/appia-art-assurance\/\" target=\"_blank\" rel=\"noopener\">Appia Art &amp; Assurance<\/a><\/span><br><span style=\"color: #b12763;\"><a style=\"color: #b12763;\" href=\"https:\/\/bis-art.com\/index.php\/transports-longue\/\" target=\"_blank\" rel=\"noopener\">Transports Longu\u00e9<\/a><\/span><br><span style=\"color: #b12763;\"><a style=\"color: #b12763;\" href=\"http:\/\/www.comitedesgaleriesdart.com\" target=\"_blank\" rel=\"noopener\">Comit\u00e9 Professionnel des Galeries d\u2019Art<\/a> <\/span><br><span style=\"color: #b12763;\"><a style=\"color: #b12763;\" href=\"https:\/\/www.saint-pauldevence.com\" target=\"_blank\" rel=\"noopener\">Office de Tourisme de&nbsp;Saint-Paul de Vence<\/a><\/span><\/p>\n<p style=\"text-align: left;\"><span style=\"color: #b12763;\"><a style=\"color: #b12763;\" href=\"http:\/\/www.la-colombe-dor.com\" target=\"_blank\" rel=\"noopener\">La Colombe d\u2019Or<\/a><br><a style=\"color: #b12763;\" href=\"https:\/\/www.facebook.com\/crossoversummer\" target=\"_blank\" rel=\"noopener\">Crossover<\/a><br><a style=\"color: #b12763;\" href=\"https:\/\/festivalsaintpauldevence.com\" target=\"_blank\" rel=\"noopener\">Festival de Saint-Paul de Vence<\/a> <br><a style=\"color: #b12763;\" href=\"https:\/\/www.fondation-maeght.com\" target=\"_blank\" rel=\"noopener\">La fondation Maeght<\/a> <br><a style=\"color: #b12763;\" href=\"https:\/\/www.saint-pauldevence.com\" target=\"_blank\" rel=\"noopener\">Office de tourisme de Saint-Paul de Vence<\/a> <br><a style=\"color: #b12763;\" href=\"https:\/\/www.la-strada.net\" target=\"_blank\" rel=\"noopener\">La Strada<\/a> <br><a style=\"color: #b12763;\" href=\"https:\/\/www.restaurant-letilleul.com\" target=\"_blank\" rel=\"noopener\">Restaurant le Tilleul<\/a><\/span><\/p>\n<p><\/p>\n<\/div>\n\n\n\n<hr class=\"wp-block-separator has-text-color has-background has-ast-global-color-7-background-color has-ast-global-color-7-color is-style-wide\"\/>\n\n\n\n<p>Que les artistes, galeries et institutions qui ont eu \u00e0 c\u0153ur de participer \u00e0 cette exposition par leurs g\u00e9n\u00e9reux pr\u00eats, trouvent ici l\u2019expression de notre profonde gratitude :<br data-rich-text-line-break=\"true\" \/><em>We would like to express our deepest gratitude to the artists, galleries and institutions that have generously lent to this exhibition :<\/em><\/p>\n<p>Awena Cozannet<br data-rich-text-line-break=\"true\" \/>Martine Feipel &amp; Jean Bechameil<br data-rich-text-line-break=\"true\" \/>St\u00e9phane Guiran<br data-rich-text-line-break=\"true\" \/>Gonzalo Lebrija<br data-rich-text-line-break=\"true\" \/>Quentin Lefranc<br data-rich-text-line-break=\"true\" \/>Charles Le Hyaric<br data-rich-text-line-break=\"true\" \/>Kokou Ferdinand Makouvia Juliette Minchin<br data-rich-text-line-break=\"true\" \/>Aur\u00e9lie P\u00e9trel<br data-rich-text-line-break=\"true\" \/>Florian Pugnaire &amp; David Raffini<br data-rich-text-line-break=\"true\" \/>Stefan Rinck<br data-rich-text-line-break=\"true\" \/>Kevin Rouillard<br data-rich-text-line-break=\"true\" \/>Linda Sanchez<br data-rich-text-line-break=\"true\" \/>Pierre-Alexandre Savriacouty<br data-rich-text-line-break=\"true\" \/>Scenocosme : Gr\u00e9gory Lasserre &amp; Ana\u00efs met den Ancxt<br data-rich-text-line-break=\"true\" \/>\u00c9lodie Seguin<br data-rich-text-line-break=\"true\" \/>Charlotte vander Borght<br data-rich-text-line-break=\"true\" \/>Delphine Wibaux<\/p>\n<h3><span style=\"color: #b12763;\">\u00c9dition 2021 : Les galeries partenaires<\/span>\u00a0<\/h3>\n<p>Belgique<br data-rich-text-line-break=\"true\" \/>Bruxelles, <span style=\"color: #b12763;\"><a style=\"color: #b12763;\" href=\"https:\/\/bis-art.com\/index.php\/sorry-were-closed\/\" target=\"_blank\" rel=\"noreferrer noopener\">Sorry We\u2019re Closed Gallery<\/a><\/span><\/p>\n<p>France<br data-rich-text-line-break=\"true\" \/>Paris, <span style=\"color: #b12763;\"><a style=\"color: #b12763;\" href=\"https:\/\/bis-art.com\/index.php\/ceysson-benetiere\/\" target=\"_blank\" rel=\"noreferrer noopener\">galerie Ceysson &amp; B\u00e9n\u00e9ti\u00e8re<\/a><\/span><br data-rich-text-line-break=\"true\" \/>Paris, <span style=\"color: #b12763;\"><a style=\"color: #b12763;\" href=\"https:\/\/bis-art.com\/index.php\/galerie-jocelyn-wolf\/\" target=\"_blank\" rel=\"noreferrer noopener\">galerie Jocelyn Wolff<\/a><\/span><br data-rich-text-line-break=\"true\" \/>Paris, <span style=\"color: #b12763;\"><a style=\"color: #b12763;\" href=\"https:\/\/bis-art.com\/index.php\/galerie-laurent-godin\/\" target=\"_blank\" rel=\"noreferrer noopener\">galerie Laurent Godin<\/a><\/span><br data-rich-text-line-break=\"true\" \/>Paris, <span style=\"color: #b12763;\"><a style=\"color: #b12763;\" href=\"https:\/\/bis-art.com\/index.php\/galerie-mitterrand\/\" target=\"_blank\" rel=\"noreferrer noopener\">galerie Mitterrand<\/a><\/span><br data-rich-text-line-break=\"true\" \/>Paris, <span style=\"color: #b12763;\"><a style=\"color: #b12763;\" href=\"https:\/\/bis-art.com\/index.php\/galerie-papillon\/\" target=\"_blank\" rel=\"noreferrer noopener\">galerie Papillon<\/a><\/span><br data-rich-text-line-break=\"true\" \/>Paris, <span style=\"color: #b12763;\"><a style=\"color: #b12763;\" href=\"https:\/\/bis-art.com\/index.php\/galerie-sator\/\" target=\"_blank\" rel=\"noreferrer noopener\">galerie Sator<\/a><\/span><br data-rich-text-line-break=\"true\" \/>Paris, <a href=\"https:\/\/bis-art.com\/index.php\/semiose\/\" target=\"_blank\" rel=\"noopener\"><span style=\"color: #b12763;\">galerie Semiose<\/span><\/a><br data-rich-text-line-break=\"true\" \/>Paris, <span style=\"color: #b12763;\"><a style=\"color: #b12763;\" href=\"https:\/\/bis-art.com\/index.php\/galerie-thomas-bernard\/\" target=\"_blank\" rel=\"noreferrer noopener\">galerie Thomas Bernard<\/a><\/span><br data-rich-text-line-break=\"true\" \/>Saint-Paul de Vence, <span style=\"color: #b12763;\"><a style=\"color: #b12763;\" href=\"https:\/\/bis-art.com\/index.php\/fondation-cab\/\" target=\"_blank\" rel=\"noreferrer noopener\">Fondation CAB<\/a><\/span><\/p>\n<p>Luxembourg<br data-rich-text-line-break=\"true\" \/>Luxembourg, <a href=\"http:\/\/www.zidoun-bossuyt.com\" target=\"_blank\" rel=\"noreferrer noopener\"><span style=\"color: #b12763;\">Zidoun-Bossuyt Gallery<\/span><\/a><\/p>\n<p>\u00a0<\/p>\n\n\n\n<hr class=\"wp-block-separator has-text-color has-background has-ast-global-color-7-background-color has-ast-global-color-7-color is-style-wide\"\/>\n\n\n\n<p>Nos remerciements s\u2019adressent \u00e9galement \u00e0 toutes les personnes qui ont particip\u00e9 \u00e0 la r\u00e9alisation de cette exposition par leur soutien, par leur contribution, ou par leur aide attentive.<br><em>We would also like to thank all those who have contributed to the realisation of this exhibition through their support, their contribution, or their attentive help.<\/em><\/p>\n<\/div>\n\n\n\n<div class=\"wp-block-column\" style=\"flex-basis:33.33%\">\n<h4 style=\"text-align: right;\"><span style=\"color: #b12763;\"><strong><a style=\"color: #b12763;\" href=\"https:\/\/bis-art.com\/index.php\/edition2021\/\">\u00c9dition 2021 &gt;<\/a><\/strong><\/span><\/h4>\n<h4 style=\"text-align: right;\"><span style=\"color: #b12763;\"><strong><a style=\"color: #b12763;\" href=\"https:\/\/bis-art.com\/index.php\/edition2021-commissariat-artistique\/\">Le commissariat <\/a><a style=\"color: #b12763;\" href=\"https:\/\/bis-art.com\/index.php\/edition2021-commissariat-artistique\/\">artistique &gt;<\/a><\/strong><\/span><br><span style=\"color: #b12763;\"><strong><a style=\"color: #b12763;\" href=\"https:\/\/bis-art.com\/index.php\/edition2021-jury\/\">Le jury &gt;<\/a><br><a style=\"color: #b12763;\" href=\"https:\/\/bis-art.com\/index.php\/edition2021-artistes\/\">Les artistes et les oeuvres &gt;<\/a><\/strong><\/span><br><span style=\"color: #b12763;\"><strong><a style=\"color: #b12763;\" href=\"https:\/\/bis-art.com\/index.php\/edition2021-une-galerie-un-artiste\/\">Le parcours &#8220;une galerie &#8211; un artiste&#8221; &gt;<\/a><\/strong><\/span><\/h4>\n\n\n\n<p><\/p>\n<\/div>\n<\/div>\n\n\n\n<div style=\"height:25px\" aria-hidden=\"true\" class=\"wp-block-spacer\"><\/div>\n\n\n\n<div style=\"height:60px\" aria-hidden=\"true\" class=\"wp-block-spacer\"><\/div>\n","protected":false},"excerpt":{"rendered":"<p>Edition 2021 &#8211; Nos remerciements Cette deuxi\u00e8me \u00e9dition a \u00e9t\u00e9 r\u00e9alis\u00e9e avec le concours deThis second edition was produced with the support of R\u00e9gion Sud Provence-Alpes-C\u00f4te d\u2019AzurD\u00e9partement des Alpes-Maritimes Commune Saint-Paul de Vence Groupe Galeries LafayetteMaison FerretDomaine du Mas de PierreAppia Art &amp; AssuranceTransports Longu\u00e9Comit\u00e9 Professionnel des Galeries d\u2019Art Office de Tourisme de&nbsp;Saint-Paul de Vence &hellip;<\/p>\n<p class=\"read-more\"> <a class=\"\" href=\"https:\/\/bis-art.com\/index.php\/edition2021-remerciements\/\"> <span class=\"screen-reader-text\">Edition2021 Remerciements<\/span> Lire la suite \u00bb<\/a><\/p>\n","protected":false},"author":1,"featured_media":0,"parent":0,"menu_order":0,"comment_status":"closed","ping_status":"closed","template":"","meta":{"site-sidebar-layout":"default","site-content-layout":"default","ast-global-header-display":"","ast-main-header-display":"","ast-hfb-above-header-display":"","ast-hfb-below-header-display":"","ast-hfb-mobile-header-display":"","site-post-title":"disabled","ast-breadcrumbs-content":"","ast-featured-img":"","footer-sml-layout":"","theme-transparent-header-meta":"","adv-header-id-meta":"","stick-header-meta":"","header-above-stick-meta":"","header-main-stick-meta":"","header-below-stick-meta":""},"_links":{"self":[{"href":"https:\/\/bis-art.com\/index.php\/wp-json\/wp\/v2\/pages\/2090"}],"collection":[{"href":"https:\/\/bis-art.com\/index.php\/wp-json\/wp\/v2\/pages"}],"about":[{"href":"https:\/\/bis-art.com\/index.php\/wp-json\/wp\/v2\/types\/page"}],"author":[{"embeddable":true,"href":"https:\/\/bis-art.com\/index.php\/wp-json\/wp\/v2\/users\/1"}],"replies":[{"embeddable":true,"href":"https:\/\/bis-art.com\/index.php\/wp-json\/wp\/v2\/comments?post=2090"}],"version-history":[{"count":13,"href":"https:\/\/bis-art.com\/index.php\/wp-json\/wp\/v2\/pages\/2090\/revisions"}],"predecessor-version":[{"id":2391,"href":"https:\/\/bis-art.com\/index.php\/wp-json\/wp\/v2\/pages\/2090\/revisions\/2391"}],"wp:attachment":[{"href":"https:\/\/bis-art.com\/index.php\/wp-json\/wp\/v2\/media?parent=2090"}],"curies":[{"name":"wp","href":"https:\/\/api.w.org\/{rel}","templated":true}]}}