{"id":2233,"date":"2023-01-09T21:05:18","date_gmt":"2023-01-09T20:05:18","guid":{"rendered":"https:\/\/bis-art.com\/?page_id=2233"},"modified":"2023-01-11T14:40:42","modified_gmt":"2023-01-11T13:40:42","slug":"edition2018","status":"publish","type":"page","link":"https:\/\/bis-art.com\/index.php\/edition2018\/","title":{"rendered":"Edition2018"},"content":{"rendered":"\n<div style=\"height:60px\" aria-hidden=\"true\" class=\"wp-block-spacer\"><\/div>\n\n\n<h2><span style=\"color: #e41871;\">Retour sur l&#8217;\u00c9dition 2018<\/span><\/h2>\n<p><\/p>\n\n\n<div class=\"wp-block-columns are-vertically-aligned-top\">\n<div class=\"wp-block-column is-vertically-aligned-top\" style=\"flex-basis:25%\">\n<figure class=\"wp-block-image size-large\"><img loading=\"lazy\" width=\"175\" height=\"700\" src=\"https:\/\/bis-art.com\/wp-content\/uploads\/2023\/01\/BIS2018-Antony-Gormley-BigSwitch.jpg\" alt=\"\" class=\"wp-image-2245\" srcset=\"https:\/\/bis-art.com\/wp-content\/uploads\/2023\/01\/BIS2018-Antony-Gormley-BigSwitch.jpg 175w, https:\/\/bis-art.com\/wp-content\/uploads\/2023\/01\/BIS2018-Antony-Gormley-BigSwitch-75x300.jpg 75w\" sizes=\"(max-width: 175px) 100vw, 175px\" \/><\/figure>\n\n\n\n<p class=\"has-small-font-size\">Antony Gormley &#8211; Big Switch, 2014<\/p>\n<\/div>\n\n\n\n<div class=\"wp-block-column is-vertically-aligned-top\" style=\"flex-basis:50%\">\n<p>Les <span style=\"color: #e41871;\"><a style=\"color: #e41871;\" href=\"https:\/\/bis-art.com\/index.php\/edition2018-artistes\/\">artistes<\/a><\/span> choisis par le commissariat artistique ont investit une vingtaine d\u2019espaces publics du village, et notamment ses remparts :<\/p>\n<p>Vincent Barr\u00e9<br \/>Jan Fabre<br \/>Antony Gormley<br \/>Wang Keping<br \/>Arik L\u00e9vy<br \/>Vincent Mauger<br \/>Tania Mouraud<br \/>David Nash<br \/>Jean-Pierre Raynaud<br \/>Vladimir Skoda<br \/>Agn\u00e8s Thurnauer<br \/>Morgane Tschiember<br \/>Henk Visch<\/p>\n<p>Un <span style=\"color: #e41871;\"><a style=\"color: #e41871;\" href=\"https:\/\/bis-art.com\/index.php\/edition2018-jury\/\">jury<\/a><\/span> a valid\u00e9 le choix des artistes invit\u00e9s et s\u00e9lectionn\u00e9, parmi les dossiers re\u00e7us suite \u00e0 notre appel \u00e0 candidature, quatre jeunes artistes :<span class=\"Apple-converted-space\">\u00a0<\/span><\/p>\n<p>Simon B\u00e9rard<br \/>Isabelle Giovacchini<br \/>Quentin Spohn<br \/>Gabrielle Conilh de Beyssac<\/p>\n<p>Leur pr\u00e9sence dans cette manifestation nous tenait particuli\u00e8rement \u00e0 c\u0153ur comme un t\u00e9moignage de l\u2019importance du lien entre diff\u00e9rentes g\u00e9n\u00e9rations d\u2019artistes.<\/p>\n<p style=\"font-weight: 400;\"><strong><span style=\"color: #e41871;\">\u00ab\u00a0En privil\u00e9giant la d\u00e9couverte au d\u00e9tour d\u2019un angle, d\u2019une place, sans jamais jouer la carte d\u00e9monstrative, cette premi\u00e8re \u00e9dition BIS a su rester \u00e0 l\u2019\u00e9chelle du village, il s\u2019en d\u00e9gage une certaine po\u00e9sie en harmonie avec l\u2019esprit du lieu. Ce n\u2019est pas la moindre de ses qualit\u00e9s, outre le choix des pi\u00e8ces qui d\u00e9note une volont\u00e9 de montrer la sculpture contemporaine dans sa diversit\u00e9.\u00a0\u00bb<\/span><\/strong><br \/><span style=\"color: #e41871;\"><strong>St\u00e9phane Renault &#8211; Le Journal des Arts &#8211; 06\/07\/2018<i><br \/><\/i><\/strong><\/span><\/p>\n<p>\u00a0<\/p>\n\n\n\n<hr class=\"wp-block-separator has-text-color has-background has-ast-global-color-6-background-color has-ast-global-color-6-color is-style-wide\"\/>\n\n\n\n<p><em>The artists chosen by the curatorial team took over twenty public spaces in the village, including its ramparts.<\/em><\/p>\n<p><em>A jury validated the choice of invited artists and selected four young artists from the documents received following our call for applications.<\/em><\/p>\n<p><em>Their presence in this event was particularly important to us as a testimony to the importance of the link between different generations of artists.<\/em><\/p>\n<p><span style=\"color: #e41871;\"><em><strong>&#8220;By favouring the discovery of a corner, a square, without ever playing the demonstrative card, this first BIS edition was able to remain on the scale of the village, it emanates a certain poetry in harmony with the spirit of the place. This is not the least of its qualities, in addition to the choice of pieces which shows a desire to show contemporary sculpture in its diversity.<\/strong><\/em><\/span><br \/><span style=\"color: #e41871;\"><em><strong>St\u00e9phane Renault &#8211; Le Journal des Arts &#8211; 06\/07\/2018<\/strong><\/em><\/span><\/p>\n<\/div>\n\n\n\n<div class=\"wp-block-column is-vertically-aligned-top\" style=\"flex-basis:25%\">\n<p style=\"text-align: right;\"><span style=\"color: #e41871;\"><strong><span style=\"color: #e41871;\">\u00c9dition 2018<\/span><\/strong><\/span><\/p>\n<p style=\"text-align: right;\"><span style=\"color: #e41871;\"><strong><a style=\"color: #e41871;\" href=\"https:\/\/bis-art.com\/index.php\/edition2018-jury\/\">Le jury &gt;<\/a><br><a style=\"color: #e41871;\" href=\"https:\/\/bis-art.com\/index.php\/edition2018-artistes\/\">Les artistes et les oeuvres &gt;<\/a><\/strong><\/span><br><span style=\"color: #e41871;\"><strong><a style=\"color: #e41871;\" href=\"https:\/\/bis-art.com\/index.php\/edition2018-nos-remerciements\/\">Nos remerciements &gt;<\/a><\/strong><\/span><\/p>\n\n\n\n<p><\/p>\n<\/div>\n<\/div>\n\n\n\n<div style=\"height:25px\" aria-hidden=\"true\" class=\"wp-block-spacer\"><\/div>\n\n\n\n<div style=\"height:60px\" aria-hidden=\"true\" class=\"wp-block-spacer\"><\/div>\n","protected":false},"excerpt":{"rendered":"<p>Retour sur l&#8217;\u00c9dition 2018 Antony Gormley &#8211; Big Switch, 2014 Les artistes choisis par le commissariat artistique ont investit une vingtaine d\u2019espaces publics du village, et notamment ses remparts : Vincent Barr\u00e9Jan FabreAntony GormleyWang KepingArik L\u00e9vyVincent MaugerTania MouraudDavid NashJean-Pierre RaynaudVladimir SkodaAgn\u00e8s ThurnauerMorgane TschiemberHenk Visch Un jury a valid\u00e9 le choix des artistes invit\u00e9s et s\u00e9lectionn\u00e9, &hellip;<\/p>\n<p class=\"read-more\"> <a class=\"\" href=\"https:\/\/bis-art.com\/index.php\/edition2018\/\"> <span class=\"screen-reader-text\">Edition2018<\/span> Lire la suite \u00bb<\/a><\/p>\n","protected":false},"author":1,"featured_media":0,"parent":0,"menu_order":0,"comment_status":"closed","ping_status":"closed","template":"","meta":{"site-sidebar-layout":"default","site-content-layout":"default","ast-global-header-display":"","ast-main-header-display":"","ast-hfb-above-header-display":"","ast-hfb-below-header-display":"","ast-hfb-mobile-header-display":"","site-post-title":"disabled","ast-breadcrumbs-content":"","ast-featured-img":"","footer-sml-layout":"","theme-transparent-header-meta":"","adv-header-id-meta":"","stick-header-meta":"","header-above-stick-meta":"","header-main-stick-meta":"","header-below-stick-meta":""},"_links":{"self":[{"href":"https:\/\/bis-art.com\/index.php\/wp-json\/wp\/v2\/pages\/2233"}],"collection":[{"href":"https:\/\/bis-art.com\/index.php\/wp-json\/wp\/v2\/pages"}],"about":[{"href":"https:\/\/bis-art.com\/index.php\/wp-json\/wp\/v2\/types\/page"}],"author":[{"embeddable":true,"href":"https:\/\/bis-art.com\/index.php\/wp-json\/wp\/v2\/users\/1"}],"replies":[{"embeddable":true,"href":"https:\/\/bis-art.com\/index.php\/wp-json\/wp\/v2\/comments?post=2233"}],"version-history":[{"count":9,"href":"https:\/\/bis-art.com\/index.php\/wp-json\/wp\/v2\/pages\/2233\/revisions"}],"predecessor-version":[{"id":3609,"href":"https:\/\/bis-art.com\/index.php\/wp-json\/wp\/v2\/pages\/2233\/revisions\/3609"}],"wp:attachment":[{"href":"https:\/\/bis-art.com\/index.php\/wp-json\/wp\/v2\/media?parent=2233"}],"curies":[{"name":"wp","href":"https:\/\/api.w.org\/{rel}","templated":true}]}}