{"id":2441,"date":"2023-05-01T11:28:30","date_gmt":"2023-05-01T09:28:30","guid":{"rendered":"https:\/\/bis-art.com\/?page_id=2441"},"modified":"2024-08-02T17:56:27","modified_gmt":"2024-08-02T15:56:27","slug":"2023-edito-commissariat-artistique","status":"publish","type":"page","link":"https:\/\/bis-art.com\/index.php\/2023-edito-commissariat-artistique\/","title":{"rendered":"2023 Edito commissariat artistique"},"content":{"rendered":"\n<div style=\"height:60px\" aria-hidden=\"true\" class=\"wp-block-spacer\"><\/div>\n\n\n<h2>Au hasard des oiseaux*<\/h2>\n\n\n<blockquote class=\"wp-block-quote\"><p><em>\u00ab Nous sommes attach\u00e9s aux oiseaux, depuis longtemps et par des liens de toutes sortes : par l\u2019\u00e9merveillement, la curiosit\u00e9, la chasse, les rites&#8230; Par la langue aussi, car la virtuosit\u00e9 des oiseaux et leur fa\u00e7on d\u2019enchanter les paysages posent aux hommes la question de leurs propres langages, de ce que leur parole \u00e0 eux sait d\u00e9poser de bien dans le monde. L\u2019histoire de la po\u00e9sie est d\u2019ailleurs en grande partie consacr\u00e9e \u00e0 dire et entretenir ces attachements. \u00bb<\/em><\/p><cite><em>Marielle Mac\u00e9<\/em><\/cite><\/blockquote>\n\n\n\n<div class=\"wp-block-columns\">\n<div class=\"wp-block-column\" style=\"flex-basis:66.66%\">\n<p>Alors que les oiseaux ont toujours \u00e9t\u00e9 pr\u00e9sents, dans nos oreilles et sous nos yeux, dans les campagnes et dans les villes, force est de constater que depuis plusieurs ann\u00e9es, ils se font rares. Les \u00e9v\u00e9nements r\u00e9cents, qui ont profond\u00e9ment bouscul\u00e9 le monde, ont eu pour cons\u00e9quence de leur redonner une place dans le paysage, accusant par la m\u00eame leur progressive disparition. Symbole de libert\u00e9, d\u2019une circulation qui s\u2019affranchit des fronti\u00e8res, des g\u00e9ographies, des pouvoirs et des Hommes, ils sont \u00e9galement devenu les sentinelles d\u2019une nature en p\u00e9ril qu\u2019il est urgent de pr\u00e9server et de prot\u00e9ger, en t\u00e9moignent les alertes sur les extinctions imminentes de certaines des 11 000 esp\u00e8ces r\u00e9pertori\u00e9es et leurs millions d\u2019individus.<\/p>\n<p>Consid\u00e9rer les oiseaux nous incite \u00e0 repenser notre rapport au vivant mais aussi \u00e0 l\u2019autre. A la fois proches et lointains, ils nous sont aussi \u00e9trangers que familiers. Nous cohabitons sur un m\u00eame territoire, nous partageons une m\u00eame terre et un m\u00eame ciel mais nous ne parlons pas le m\u00eame langage. Nous les observons et les \u00e9coutons pour tenter de les comprendre. Inutile d\u2019\u00eatre sp\u00e9cialiste pour appr\u00e9cier leurs chants ou contempler leurs nu\u00e9es migratoires. Ils nous enthousiasment, notre attachement est profond. Peut-\u00eatre la r\u00e9ciproque est-elle juste ?<\/p>\n<p>Objets de mythes et de l\u00e9gendes, de rites et de myst\u00e8res, tour \u00e0 tour proies ou compagnons, les oiseaux, dans leur singularit\u00e9 et leur diversit\u00e9, attisent la curiosit\u00e9 et impr\u00e8gnent nos imaginaires collectifs depuis des mill\u00e9naires. De fait, ils ont toujours \u00e9t\u00e9 sujet d\u2019\u00e9merveillement et de fascination pour les cr\u00e9ateurs et penseurs du monde entier, artistes, po\u00e8tes, conteurs, \u00e9crivains, philosophes, cin\u00e9astes, musiciens, architectes, etc.<\/p>\n<p>Parce qu\u2019ils continuent d\u2019\u00eatre aujourd\u2019hui encore une source d\u2019inspiration, l\u2019\u00e9dition 2023 de la Biennale d\u2019art contemporain de Saint Paul de Vence est d\u00e9di\u00e9e aux oiseaux, de tous bords et de tous horizons. Quelques douze artistes d\u2019origines et de g\u00e9n\u00e9rations diff\u00e9rentes explorent ces figures ail\u00e9es selon une approche personnelle et une pluralit\u00e9 de m\u00e9diums -sculpture, installation, son, tapisserie, vid\u00e9o-. Ces \u0153uvres, existantes ou produites pour l\u2019occasion, se d\u00e9ploient dans l\u2019espace public, \u00e0 m\u00eame les rues de ce village historique o\u00f9 le temps d\u2019un \u00e9t\u00e9, remparts -Alex Ayed, Xavier Veilhan-, clocher -Tadashi Kawamata-, places -Jean-Marie Appriou, Katia Kameli, John Cornu, Caroline Mesquita-, chapelle -Giulia Andreani-, rond-point -Anna Hula\u010dov\u00e1- arbres -James Webb, Tadashi Kawamata- ou encore macadam -Petrit Halilaj- deviennent les perchoirs temporaires de la pr\u00e9sence po\u00e9tique et fantasm\u00e9e de ces messagers artistiques. A l\u2019abri, Diana Thater investit l\u2019Espace Verdet avec une installation immersive. Un parcours \u00e0 ciel ouvert con\u00e7u \u00e0 la fois comme une invitation \u00e0 la d\u00e9ambulation, \u00e0 la r\u00eaverie, \u00e0 l\u2019\u00e9merveillement et \u00e0 une prise de conscience pour ressentir le monde.<\/p>\n<p>Empruntant \u00e0 la prose de Jacques Pr\u00e9vert \u2013 amoureux des oiseaux et de Saint-Paul \u2013 le titre choisi pour cette biennale &#8211; \u00abAu hasard des oiseaux\u00bb &#8211; souligne l\u2019attachement \u00e0 cette dimension d\u2019inconnu et d\u2019al\u00e9atoire n\u00e9cessaire \u00e0 toute aventure digne de ce nom.<span class=\"Apple-converted-space\">&nbsp;<\/span><\/p>\n<p><b>Ludovic Delalande et Claire Staebler<br><\/b>Commissaires artistiques<\/p>\n\n\n\n<div style=\"height:30px\" aria-hidden=\"true\" class=\"wp-block-spacer\"><\/div>\n\n\n\n<p><em>*&nbsp;Au hasard des oiseaux &#8211; Jacques Pr\u00e9vert &#8211; Paroles &#8211; \u00a9 \u00c9ditions GALLIMARD<\/em><\/p>\n\n\n\n<hr class=\"wp-block-separator has-text-color has-background has-ast-global-color-0-background-color has-ast-global-color-0-color is-style-wide\"\/>\n\n\n\n<div style=\"height:20px\" aria-hidden=\"true\" class=\"wp-block-spacer\"><\/div>\n\n\n\n<p><strong><span style=\"color: #4b86c7;\"><a style=\"color: #4b86c7;\" href=\"https:\/\/bis-art.com\/index.php\/2023-commissaires-artistiques\/\">&gt; Commissaires artistiques<\/a><br \/><a style=\"color: #4b86c7;\" href=\"https:\/\/bis-art.com\/index.php\/jacques-prevert\/\">&gt; Jacques Pr\u00e9vert et Saint-Paul de Vence<\/a><br \/><a href=\"https:\/\/bis-art.com\/index.php\/edition2023\/\">&gt; Retour \u00c9dition 2023<\/a><\/span><\/strong><\/p>\n\n\n\n<p><\/p>\n<\/div>\n\n\n\n<div class=\"wp-block-column\" style=\"flex-basis:33.33%\">\n<figure class=\"wp-block-image size-large\"><img loading=\"lazy\" width=\"1000\" height=\"616\" src=\"https:\/\/bis-art.com\/wp-content\/uploads\/2023\/05\/BIS_2023_Visuel_oiseau.jpg\" alt=\"\" class=\"wp-image-2442\" srcset=\"https:\/\/bis-art.com\/wp-content\/uploads\/2023\/05\/BIS_2023_Visuel_oiseau.jpg 1000w, https:\/\/bis-art.com\/wp-content\/uploads\/2023\/05\/BIS_2023_Visuel_oiseau-300x185.jpg 300w, https:\/\/bis-art.com\/wp-content\/uploads\/2023\/05\/BIS_2023_Visuel_oiseau-768x473.jpg 768w\" sizes=\"(max-width: 1000px) 100vw, 1000px\" \/><\/figure>\n<\/div>\n<\/div>\n\n\n\n<div style=\"height:100px\" aria-hidden=\"true\" class=\"wp-block-spacer\"><\/div>\n","protected":false},"excerpt":{"rendered":"<p>Au hasard des oiseaux* \u00ab Nous sommes attach\u00e9s aux oiseaux, depuis longtemps et par des liens de toutes sortes : par l\u2019\u00e9merveillement, la curiosit\u00e9, la chasse, les rites&#8230; Par la langue aussi, car la virtuosit\u00e9 des oiseaux et leur fa\u00e7on d\u2019enchanter les paysages posent aux hommes la question de leurs propres langages, de ce que &hellip;<\/p>\n<p class=\"read-more\"> <a class=\"\" href=\"https:\/\/bis-art.com\/index.php\/2023-edito-commissariat-artistique\/\"> <span class=\"screen-reader-text\">2023 Edito commissariat artistique<\/span> Lire la suite \u00bb<\/a><\/p>\n","protected":false},"author":1,"featured_media":0,"parent":0,"menu_order":0,"comment_status":"closed","ping_status":"closed","template":"","meta":{"site-sidebar-layout":"default","site-content-layout":"default","ast-global-header-display":"","ast-main-header-display":"","ast-hfb-above-header-display":"","ast-hfb-below-header-display":"","ast-hfb-mobile-header-display":"","site-post-title":"disabled","ast-breadcrumbs-content":"","ast-featured-img":"","footer-sml-layout":"","theme-transparent-header-meta":"","adv-header-id-meta":"","stick-header-meta":"","header-above-stick-meta":"","header-main-stick-meta":"","header-below-stick-meta":""},"_links":{"self":[{"href":"https:\/\/bis-art.com\/index.php\/wp-json\/wp\/v2\/pages\/2441"}],"collection":[{"href":"https:\/\/bis-art.com\/index.php\/wp-json\/wp\/v2\/pages"}],"about":[{"href":"https:\/\/bis-art.com\/index.php\/wp-json\/wp\/v2\/types\/page"}],"author":[{"embeddable":true,"href":"https:\/\/bis-art.com\/index.php\/wp-json\/wp\/v2\/users\/1"}],"replies":[{"embeddable":true,"href":"https:\/\/bis-art.com\/index.php\/wp-json\/wp\/v2\/comments?post=2441"}],"version-history":[{"count":5,"href":"https:\/\/bis-art.com\/index.php\/wp-json\/wp\/v2\/pages\/2441\/revisions"}],"predecessor-version":[{"id":3540,"href":"https:\/\/bis-art.com\/index.php\/wp-json\/wp\/v2\/pages\/2441\/revisions\/3540"}],"wp:attachment":[{"href":"https:\/\/bis-art.com\/index.php\/wp-json\/wp\/v2\/media?parent=2441"}],"curies":[{"name":"wp","href":"https:\/\/api.w.org\/{rel}","templated":true}]}}