{"id":2555,"date":"2023-05-27T17:42:54","date_gmt":"2023-05-27T15:42:54","guid":{"rendered":"https:\/\/bis-art.com\/?page_id=2555"},"modified":"2023-05-27T17:46:03","modified_gmt":"2023-05-27T15:46:03","slug":"credit-agricole-provence-cote-dazur","status":"publish","type":"page","link":"https:\/\/bis-art.com\/index.php\/credit-agricole-provence-cote-dazur\/","title":{"rendered":"Cr\u00e9dit Agricole Provence C\u00f4te d&#8217;Azur"},"content":{"rendered":"\n<div style=\"height:60px\" aria-hidden=\"true\" class=\"wp-block-spacer\"><\/div>\n\n\n\n<div class=\"wp-block-columns\">\n<div class=\"wp-block-column\" style=\"flex-basis:33.33%\">\n<figure class=\"wp-block-image size-large is-style-default\"><img loading=\"lazy\" width=\"1024\" height=\"1024\" src=\"https:\/\/bis-art.com\/wp-content\/uploads\/2023\/05\/Logo-CA-1024x1024.jpg\" alt=\"\" class=\"wp-image-2538\" srcset=\"https:\/\/bis-art.com\/wp-content\/uploads\/2023\/05\/Logo-CA-1024x1024.jpg 1024w, https:\/\/bis-art.com\/wp-content\/uploads\/2023\/05\/Logo-CA-300x300.jpg 300w, https:\/\/bis-art.com\/wp-content\/uploads\/2023\/05\/Logo-CA-150x150.jpg 150w, https:\/\/bis-art.com\/wp-content\/uploads\/2023\/05\/Logo-CA-768x768.jpg 768w, https:\/\/bis-art.com\/wp-content\/uploads\/2023\/05\/Logo-CA-1536x1536.jpg 1536w, https:\/\/bis-art.com\/wp-content\/uploads\/2023\/05\/Logo-CA.jpg 1887w\" sizes=\"(max-width: 1024px) 100vw, 1024px\" \/><\/figure>\n<\/div>\n\n\n\n<div class=\"wp-block-column\" style=\"flex-basis:66.66%\">\n<h2>Cr\u00e9dit Agricole Provence C\u00f4te d&#8217;Azur<\/h2>\n<p>La Caisse Locale de Cr\u00e9dit Agricole de Cagnes s\u2019associe naturellement \u00e0 la mise en valeur du patrimoine de notre territoire et \u00e0 la promotion de la cr\u00e9ation artistique.<\/p>\n<p>V\u00e9ritable ode \u00e0 la pr\u00e9servation des esp\u00e8ces et \u00e0 la protection de l\u2019environnement, cette exposition est \u00e9galement g\u00e9n\u00e9ratrice de lien social de par son accessibilit\u00e9 venant ainsi \u00e0 la rencontre des valeurs du Cr\u00e9dit Agricole.<\/p>\n<p>Pascale VIALE<br \/>Pr\u00e9sidente<\/p>\n<p>Plus d&#8217;informations sur <a href=\"http:\/\/www.credit-agricole.fr\" target=\"_blank\" rel=\"noopener\">www.credit-agricole.fr<\/a><\/p>\n<p>\u00a0<\/p>\n\n\n\n<hr class=\"wp-block-separator has-text-color has-background has-ast-global-color-0-background-color has-ast-global-color-0-color is-style-wide\"\/>\n\n\n\n<p>T<em>he Caisse Locale de Cr\u00e9dit Agricole de Cagnes is a natural partner in showcasing our region&#8217;s heritage and promoting artistic creation.<\/em><\/p>\n<p><em>A true ode to the preservation of species and the protection of the environment, this exhibition also creates social links through its accessibility, in keeping with the values of Cr\u00e9dit Agricole.<\/em><\/p>\n<p><em>Pascale VIALE<\/em><br \/><em>Chairman<\/em><\/p>\n<p>More informations on <a href=\"http:\/\/www.credit-agricole.fr\" target=\"_blank\" rel=\"noopener\">www.credit-agricole.fr<\/a><\/p>\n\n\n\n<p><\/p>\n<\/div>\n<\/div>\n\n\n\n<div style=\"height:60px\" aria-hidden=\"true\" class=\"wp-block-spacer\"><\/div>\n","protected":false},"excerpt":{"rendered":"<p>Cr\u00e9dit Agricole Provence C\u00f4te d&#8217;Azur La Caisse Locale de Cr\u00e9dit Agricole de Cagnes s\u2019associe naturellement \u00e0 la mise en valeur du patrimoine de notre territoire et \u00e0 la promotion de la cr\u00e9ation artistique. V\u00e9ritable ode \u00e0 la pr\u00e9servation des esp\u00e8ces et \u00e0 la protection de l\u2019environnement, cette exposition est \u00e9galement g\u00e9n\u00e9ratrice de lien social de &hellip;<\/p>\n<p class=\"read-more\"> <a class=\"\" href=\"https:\/\/bis-art.com\/index.php\/credit-agricole-provence-cote-dazur\/\"> <span class=\"screen-reader-text\">Cr\u00e9dit Agricole Provence C\u00f4te d&#8217;Azur<\/span> Lire la suite \u00bb<\/a><\/p>\n","protected":false},"author":1,"featured_media":0,"parent":0,"menu_order":0,"comment_status":"closed","ping_status":"closed","template":"","meta":{"site-sidebar-layout":"default","site-content-layout":"default","ast-global-header-display":"","ast-main-header-display":"","ast-hfb-above-header-display":"","ast-hfb-below-header-display":"","ast-hfb-mobile-header-display":"","site-post-title":"disabled","ast-breadcrumbs-content":"","ast-featured-img":"","footer-sml-layout":"","theme-transparent-header-meta":"","adv-header-id-meta":"","stick-header-meta":"","header-above-stick-meta":"","header-main-stick-meta":"","header-below-stick-meta":""},"_links":{"self":[{"href":"https:\/\/bis-art.com\/index.php\/wp-json\/wp\/v2\/pages\/2555"}],"collection":[{"href":"https:\/\/bis-art.com\/index.php\/wp-json\/wp\/v2\/pages"}],"about":[{"href":"https:\/\/bis-art.com\/index.php\/wp-json\/wp\/v2\/types\/page"}],"author":[{"embeddable":true,"href":"https:\/\/bis-art.com\/index.php\/wp-json\/wp\/v2\/users\/1"}],"replies":[{"embeddable":true,"href":"https:\/\/bis-art.com\/index.php\/wp-json\/wp\/v2\/comments?post=2555"}],"version-history":[{"count":2,"href":"https:\/\/bis-art.com\/index.php\/wp-json\/wp\/v2\/pages\/2555\/revisions"}],"predecessor-version":[{"id":2558,"href":"https:\/\/bis-art.com\/index.php\/wp-json\/wp\/v2\/pages\/2555\/revisions\/2558"}],"wp:attachment":[{"href":"https:\/\/bis-art.com\/index.php\/wp-json\/wp\/v2\/media?parent=2555"}],"curies":[{"name":"wp","href":"https:\/\/api.w.org\/{rel}","templated":true}]}}