{"id":2559,"date":"2023-05-27T17:50:48","date_gmt":"2023-05-27T15:50:48","guid":{"rendered":"https:\/\/bis-art.com\/?page_id=2559"},"modified":"2023-05-30T11:01:55","modified_gmt":"2023-05-30T09:01:55","slug":"paprec","status":"publish","type":"page","link":"https:\/\/bis-art.com\/index.php\/paprec\/","title":{"rendered":"Paprec"},"content":{"rendered":"\n<div style=\"height:60px\" aria-hidden=\"true\" class=\"wp-block-spacer\"><\/div>\n\n\n\n<div class=\"wp-block-columns\">\n<div class=\"wp-block-column\" style=\"flex-basis:33.33%\">\n<figure class=\"wp-block-image size-large is-style-default\"><img loading=\"lazy\" width=\"1024\" height=\"875\" src=\"https:\/\/bis-art.com\/wp-content\/uploads\/2023\/05\/PAPREC_Logotype_V_BLACK-1024x875.jpg\" alt=\"\" class=\"wp-image-2540\" srcset=\"https:\/\/bis-art.com\/wp-content\/uploads\/2023\/05\/PAPREC_Logotype_V_BLACK-1024x875.jpg 1024w, https:\/\/bis-art.com\/wp-content\/uploads\/2023\/05\/PAPREC_Logotype_V_BLACK-300x256.jpg 300w, https:\/\/bis-art.com\/wp-content\/uploads\/2023\/05\/PAPREC_Logotype_V_BLACK-768x656.jpg 768w, https:\/\/bis-art.com\/wp-content\/uploads\/2023\/05\/PAPREC_Logotype_V_BLACK-1536x1313.jpg 1536w, https:\/\/bis-art.com\/wp-content\/uploads\/2023\/05\/PAPREC_Logotype_V_BLACK.jpg 1672w\" sizes=\"(max-width: 1024px) 100vw, 1024px\" \/><\/figure>\n<\/div>\n\n\n\n<div class=\"wp-block-column\" style=\"flex-basis:66.66%\">\n<h2>Paprec<\/h2>\n<p>Cr\u00e9\u00e9e en 1994, Paprec est aujourd\u2019hui le leader fran\u00e7ais du recyclage, de la gestion des d\u00e9chets et le\u00a03\u00e8me acteur de la production d\u2019\u00e9nergie verte. Fond\u00e9e par Jean-Luc Petithuguenin, l\u2019entreprise est devenue un acteur incontournable de la transition \u00e9cologique et du d\u00e9veloppement durable.<\/p>\n<p>Avec plus de 13 000 salari\u00e9s, le groupe est \u00e9galement une entreprise citoyenne responsable, engag\u00e9e par ses actions en faveur de la solidarit\u00e9, la sant\u00e9, l\u2019environnement, le sport et la culture.<\/p>\n<p>Depuis 2010, Paprec est notamment m\u00e9c\u00e8ne principal du Ballet de l\u2019Op\u00e9ra national de Paris et d\u00e9veloppe son soutien \u00e0 la cr\u00e9ation artistique pour promouvoir l\u2019art contemporain\u00a0aupr\u00e8s du grand public et des collaborateurs du groupe\u00a0\u00e0 travers diff\u00e9rentes initiatives (expositions, collaborations, r\u00e9sidences, partenariats&#8230;).<\/p>\n<p class=\"p1\">Plus d&#8217;informations sur <a href=\"http:\/\/www.paprec.com\/fr\" target=\"_blank\" rel=\"noopener\">www.paprec.com\/fr<\/a><\/p>\n<p>\u00a0<\/p>\n\n\n\n<hr class=\"wp-block-separator has-text-color has-background has-ast-global-color-0-background-color has-ast-global-color-0-color is-style-wide\"\/>\n\n\n\n<p><em>Founded in 1994, Paprec is now the French leader in recycling and waste management and the 3rd largest producer of green energy. Founded by Jean-Luc Petithuguenin, the company has become a key player in the ecological transition and sustainable development. <\/em><\/p>\n<p><em>With over 13,000 employees, the group is also a responsible corporate citizen, committed through its actions to solidarity, health, the environment, sport and culture. <\/em><\/p>\n<p><em>Since 2010, Paprec has been the main sponsor of the Paris Opera Ballet and is developing its support for artistic creation to promote contemporary art among the general public and Group employees through various initiatives (exhibitions, collaborations, residencies, partnerships, etc.).<\/em><\/p>\n<p><em>More informations on <a href=\"http:\/\/www.paprec.com\/fr\" target=\"_blank\" rel=\"noopener\">www.paprec.com\/fr<\/a><\/em><\/p>\n\n\n\n<p><\/p>\n<\/div>\n<\/div>\n\n\n\n<div style=\"height:60px\" aria-hidden=\"true\" class=\"wp-block-spacer\"><\/div>\n","protected":false},"excerpt":{"rendered":"<p>Paprec Cr\u00e9\u00e9e en 1994, Paprec est aujourd\u2019hui le leader fran\u00e7ais du recyclage, de la gestion des d\u00e9chets et le\u00a03\u00e8me acteur de la production d\u2019\u00e9nergie verte. Fond\u00e9e par Jean-Luc Petithuguenin, l\u2019entreprise est devenue un acteur incontournable de la transition \u00e9cologique et du d\u00e9veloppement durable. Avec plus de 13 000 salari\u00e9s, le groupe est \u00e9galement une entreprise &hellip;<\/p>\n<p class=\"read-more\"> <a class=\"\" href=\"https:\/\/bis-art.com\/index.php\/paprec\/\"> <span class=\"screen-reader-text\">Paprec<\/span> Lire la suite \u00bb<\/a><\/p>\n","protected":false},"author":1,"featured_media":0,"parent":0,"menu_order":0,"comment_status":"closed","ping_status":"closed","template":"","meta":{"site-sidebar-layout":"default","site-content-layout":"default","ast-global-header-display":"","ast-main-header-display":"","ast-hfb-above-header-display":"","ast-hfb-below-header-display":"","ast-hfb-mobile-header-display":"","site-post-title":"disabled","ast-breadcrumbs-content":"","ast-featured-img":"","footer-sml-layout":"","theme-transparent-header-meta":"","adv-header-id-meta":"","stick-header-meta":"","header-above-stick-meta":"","header-main-stick-meta":"","header-below-stick-meta":""},"_links":{"self":[{"href":"https:\/\/bis-art.com\/index.php\/wp-json\/wp\/v2\/pages\/2559"}],"collection":[{"href":"https:\/\/bis-art.com\/index.php\/wp-json\/wp\/v2\/pages"}],"about":[{"href":"https:\/\/bis-art.com\/index.php\/wp-json\/wp\/v2\/types\/page"}],"author":[{"embeddable":true,"href":"https:\/\/bis-art.com\/index.php\/wp-json\/wp\/v2\/users\/1"}],"replies":[{"embeddable":true,"href":"https:\/\/bis-art.com\/index.php\/wp-json\/wp\/v2\/comments?post=2559"}],"version-history":[{"count":4,"href":"https:\/\/bis-art.com\/index.php\/wp-json\/wp\/v2\/pages\/2559\/revisions"}],"predecessor-version":[{"id":2812,"href":"https:\/\/bis-art.com\/index.php\/wp-json\/wp\/v2\/pages\/2559\/revisions\/2812"}],"wp:attachment":[{"href":"https:\/\/bis-art.com\/index.php\/wp-json\/wp\/v2\/media?parent=2559"}],"curies":[{"name":"wp","href":"https:\/\/api.w.org\/{rel}","templated":true}]}}