{"id":2565,"date":"2023-05-27T18:05:12","date_gmt":"2023-05-27T16:05:12","guid":{"rendered":"https:\/\/bis-art.com\/?page_id=2565"},"modified":"2023-06-29T16:35:08","modified_gmt":"2023-06-29T14:35:08","slug":"centre-tcheque-paris","status":"publish","type":"page","link":"https:\/\/bis-art.com\/index.php\/centre-tcheque-paris\/","title":{"rendered":"Centre Tch\u00e8que Paris"},"content":{"rendered":"\n<div style=\"height:60px\" aria-hidden=\"true\" class=\"wp-block-spacer\"><\/div>\n\n\n\n<div class=\"wp-block-columns\">\n<div class=\"wp-block-column\" style=\"flex-basis:33.33%\">\n<figure class=\"wp-block-image size-large is-style-default\"><img loading=\"lazy\" width=\"1024\" height=\"305\" src=\"https:\/\/bis-art.com\/wp-content\/uploads\/2023\/05\/pro-obrazovku-_-PNG-1024x305.png\" alt=\"\" class=\"wp-image-2537\" srcset=\"https:\/\/bis-art.com\/wp-content\/uploads\/2023\/05\/pro-obrazovku-_-PNG-1024x305.png 1024w, https:\/\/bis-art.com\/wp-content\/uploads\/2023\/05\/pro-obrazovku-_-PNG-300x89.png 300w, https:\/\/bis-art.com\/wp-content\/uploads\/2023\/05\/pro-obrazovku-_-PNG-768x229.png 768w, https:\/\/bis-art.com\/wp-content\/uploads\/2023\/05\/pro-obrazovku-_-PNG-1536x458.png 1536w, https:\/\/bis-art.com\/wp-content\/uploads\/2023\/05\/pro-obrazovku-_-PNG-2048x611.png 2048w\" sizes=\"(max-width: 1024px) 100vw, 1024px\" \/><\/figure>\n<\/div>\n\n\n\n<div class=\"wp-block-column\" style=\"flex-basis:66.66%\">\n<h2>Centre Tch\u00e8que Paris<\/h2>\n<p>Le Centre culturel tch\u00e8que de Paris a pour mission de participer au dialogue culturel et artistique franco-tch\u00e8que et promouvoir la culture tch\u00e8que en France. Il si\u00e8ge dans son propre b\u00e2timent au 18 rue Bonaparte dans le 6\u00e8me arrondissement parisien.<\/p>\n<p>Dans la programmation culturelle du Centre tch\u00e8que, la musique classique et ancienne c\u00f4toient la musique contemporaine et le jazz, les arts plastiques se marient \u00e0 la photographie et au design, la litt\u00e9rature alterne le spectacle vivant, le cin\u00e9ma et la science.<\/p>\n<p>Le Centre tch\u00e8que accueille des r\u00e9sidences artistiques, soutient des projets r\u00e9gionaux et op\u00e8re en collaboration avec des partenaires fran\u00e7ais qui sont des acteurs majeurs du monde de la culture. Cette ann\u00e9e le Centre tch\u00e8que soutien la pr\u00e9sence de l&#8217;artiste Anna Hula\u010dov\u00e1 \u00e0 la Biennale Saint-Paul de Vence.<\/p>\n<p>Plus d&#8217;informations sur <a href=\"https:\/\/paris.czechcentres.cz\/fr\/\" target=\"_blank\" rel=\"noopener\">https:\/\/paris.czechcentres.cz\/fr\/<\/a><\/p>\n<p>\u00a0\u00a0<\/p>\n\n\n\n<hr class=\"wp-block-separator has-text-color has-background has-ast-global-color-0-background-color has-ast-global-color-0-color is-style-wide\"\/>\n\n\n\n<p><em>The mission of the Czech Cultural Centre in Paris is to participate in Franco-Czech cultural and artistic dialogue and to promote Czech culture in France. It is housed in its own building at 18 rue Bonaparte in the 6th arrondissement of Paris. <\/em><\/p>\n<p><em>The Czech Centre&#8217;s cultural programme combines classical and early music with contemporary music and jazz, the visual arts with photography and design, and literature with live performance, film and science. <\/em><\/p>\n<p><em>The Czech Centre hosts artistic residencies, supports regional projects and works in collaboration with French partners who are major players in the world of culture. This year the Czech Centre is supporting the presence of the artist Anna Hula\u010dov\u00e1 at the Biennale Saint-Paul de Vence.<\/em><\/p>\n<p><em>More informations on <a href=\"https:\/\/paris.czechcentres.cz\/fr\/\" target=\"_blank\" rel=\"noopener\">https:\/\/paris.czechcentres.cz\/fr\/<\/a><\/em><\/p>\n<\/div>\n<\/div>\n\n\n\n<div style=\"height:60px\" aria-hidden=\"true\" class=\"wp-block-spacer\"><\/div>\n","protected":false},"excerpt":{"rendered":"<p>Centre Tch\u00e8que Paris Le Centre culturel tch\u00e8que de Paris a pour mission de participer au dialogue culturel et artistique franco-tch\u00e8que et promouvoir la culture tch\u00e8que en France. Il si\u00e8ge dans son propre b\u00e2timent au 18 rue Bonaparte dans le 6\u00e8me arrondissement parisien. Dans la programmation culturelle du Centre tch\u00e8que, la musique classique et ancienne c\u00f4toient &hellip;<\/p>\n<p class=\"read-more\"> <a class=\"\" href=\"https:\/\/bis-art.com\/index.php\/centre-tcheque-paris\/\"> <span class=\"screen-reader-text\">Centre Tch\u00e8que Paris<\/span> Lire la suite \u00bb<\/a><\/p>\n","protected":false},"author":1,"featured_media":0,"parent":0,"menu_order":0,"comment_status":"closed","ping_status":"closed","template":"","meta":{"site-sidebar-layout":"default","site-content-layout":"default","ast-global-header-display":"","ast-main-header-display":"","ast-hfb-above-header-display":"","ast-hfb-below-header-display":"","ast-hfb-mobile-header-display":"","site-post-title":"disabled","ast-breadcrumbs-content":"","ast-featured-img":"","footer-sml-layout":"","theme-transparent-header-meta":"","adv-header-id-meta":"","stick-header-meta":"","header-above-stick-meta":"","header-main-stick-meta":"","header-below-stick-meta":""},"_links":{"self":[{"href":"https:\/\/bis-art.com\/index.php\/wp-json\/wp\/v2\/pages\/2565"}],"collection":[{"href":"https:\/\/bis-art.com\/index.php\/wp-json\/wp\/v2\/pages"}],"about":[{"href":"https:\/\/bis-art.com\/index.php\/wp-json\/wp\/v2\/types\/page"}],"author":[{"embeddable":true,"href":"https:\/\/bis-art.com\/index.php\/wp-json\/wp\/v2\/users\/1"}],"replies":[{"embeddable":true,"href":"https:\/\/bis-art.com\/index.php\/wp-json\/wp\/v2\/comments?post=2565"}],"version-history":[{"count":4,"href":"https:\/\/bis-art.com\/index.php\/wp-json\/wp\/v2\/pages\/2565\/revisions"}],"predecessor-version":[{"id":3291,"href":"https:\/\/bis-art.com\/index.php\/wp-json\/wp\/v2\/pages\/2565\/revisions\/3291"}],"wp:attachment":[{"href":"https:\/\/bis-art.com\/index.php\/wp-json\/wp\/v2\/media?parent=2565"}],"curies":[{"name":"wp","href":"https:\/\/api.w.org\/{rel}","templated":true}]}}