{"id":2580,"date":"2023-05-27T18:27:10","date_gmt":"2023-05-27T16:27:10","guid":{"rendered":"https:\/\/bis-art.com\/?page_id=2580"},"modified":"2023-06-12T09:21:51","modified_gmt":"2023-06-12T07:21:51","slug":"2023-galeries-partenaires","status":"publish","type":"page","link":"https:\/\/bis-art.com\/index.php\/2023-galeries-partenaires\/","title":{"rendered":"2023-Galeries Partenaires"},"content":{"rendered":"\n<div style=\"height:60px\" aria-hidden=\"true\" class=\"wp-block-spacer\"><\/div>\n\n\n<h2><span style=\"color: #4b86c7;\">\u00c9dition 2023<br>Les galeries partenaires de la Biennale<\/span><\/h2>\n\n\n<div style=\"height:60px\" aria-hidden=\"true\" class=\"wp-block-spacer\"><\/div>\n\n\n\n<div class=\"wp-block-columns are-vertically-aligned-center\">\n<div class=\"wp-block-column is-vertically-aligned-center\" style=\"flex-basis:33.33%\">\n<div class=\"wp-block-image\"><figure class=\"aligncenter size-medium is-resized\"><a href=\"https:\/\/bis-art.com\/index.php\/galerie-balice-hertling\/\"><img loading=\"lazy\" src=\"https:\/\/bis-art.com\/wp-content\/uploads\/2023\/05\/LogoBaliceHartling-300x101.png\" alt=\"\" class=\"wp-image-2688\" width=\"300\" height=\"101\" srcset=\"https:\/\/bis-art.com\/wp-content\/uploads\/2023\/05\/LogoBaliceHartling-300x101.png 300w, https:\/\/bis-art.com\/wp-content\/uploads\/2023\/05\/LogoBaliceHartling-1024x343.png 1024w, https:\/\/bis-art.com\/wp-content\/uploads\/2023\/05\/LogoBaliceHartling-768x257.png 768w, https:\/\/bis-art.com\/wp-content\/uploads\/2023\/05\/LogoBaliceHartling.png 1244w\" sizes=\"(max-width: 300px) 100vw, 300px\" \/><\/a><\/figure><\/div>\n\n\n\n<p><\/p>\n<\/div>\n\n\n\n<div class=\"wp-block-column is-vertically-aligned-center\" style=\"flex-basis:66.66%\">\n<h3><a href=\"https:\/\/bis-art.com\/index.php\/galerie-balice-hertling\/\"><span style=\"color: #4b86c7;\">&gt; Galerie Balice Hertling<\/span><\/a><\/h3>\n<p class=\"p2\">84 rue des Gravilliers<br>75003 Paris<br><span style=\"font-size: 1rem; background-color: rgba(255, 255, 255, 0);\">repr\u00e9sente <\/span><a href=\"https:\/\/bis-art.com\/index.php\/alex-ayed\/\"><span style=\"color: #4b86c7;\">Alex Ayed<\/span><\/a><\/p>\n\n\n\n<p><\/p>\n<\/div>\n<\/div>\n\n\n\n<div class=\"wp-block-columns are-vertically-aligned-center\">\n<div class=\"wp-block-column is-vertically-aligned-center\" style=\"flex-basis:33.33%\">\n<div class=\"wp-block-image\"><figure class=\"aligncenter size-medium\"><a href=\"https:\/\/bis-art.com\/index.php\/carlier-gebauer\/\"><img loading=\"lazy\" width=\"300\" height=\"52\" src=\"https:\/\/bis-art.com\/wp-content\/uploads\/2023\/05\/LogoCarlierGebauer-300x52.jpg\" alt=\"\" class=\"wp-image-2697\" srcset=\"https:\/\/bis-art.com\/wp-content\/uploads\/2023\/05\/LogoCarlierGebauer-300x52.jpg 300w, https:\/\/bis-art.com\/wp-content\/uploads\/2023\/05\/LogoCarlierGebauer-1024x178.jpg 1024w, https:\/\/bis-art.com\/wp-content\/uploads\/2023\/05\/LogoCarlierGebauer-768x133.jpg 768w, https:\/\/bis-art.com\/wp-content\/uploads\/2023\/05\/LogoCarlierGebauer.jpg 1181w\" sizes=\"(max-width: 300px) 100vw, 300px\" \/><\/a><\/figure><\/div>\n<\/div>\n\n\n\n<div class=\"wp-block-column is-vertically-aligned-center\" style=\"flex-basis:66.66%\">\n<div class=\"layoutArea\">\n<div class=\"column\">\n<h3><span style=\"color: #4b86c7;\"><a style=\"color: #4b86c7;\" href=\"https:\/\/bis-art.com\/index.php\/carlier-gebauer\/\">&gt; <\/a><a style=\"color: #4b86c7;\" href=\"https:\/\/bis-art.com\/index.php\/carlier-gebauer\/\">Carlier Gebauer<\/a><\/span><\/h3>\n<\/div>\n<\/div>\n<div class=\"layoutArea\">\n<div class=\"column\">\n<p>Chemin des Trioux <br>06570 Saint-Paul de Vence<br>repr\u00e9sente <a href=\"https:\/\/bis-art.com\/index.php\/caroline-mesquita\/\">Caroline Mesquita<\/a><\/p>\n<\/div>\n<\/div>\n<\/div>\n<\/div>\n\n\n\n<div class=\"wp-block-columns\">\n<div class=\"wp-block-column\" style=\"flex-basis:33.33%\">\n<div class=\"wp-block-image\"><figure class=\"aligncenter size-medium\"><a href=\"https:\/\/bis-art.com\/index.php\/galerie-imane-fares\/\"><img loading=\"lazy\" width=\"300\" height=\"49\" src=\"https:\/\/bis-art.com\/wp-content\/uploads\/2023\/05\/LogoImaneFares-300x49.png\" alt=\"\" class=\"wp-image-2693\" srcset=\"https:\/\/bis-art.com\/wp-content\/uploads\/2023\/05\/LogoImaneFares-300x49.png 300w, https:\/\/bis-art.com\/wp-content\/uploads\/2023\/05\/LogoImaneFares-1024x169.png 1024w, https:\/\/bis-art.com\/wp-content\/uploads\/2023\/05\/LogoImaneFares-768x126.png 768w, https:\/\/bis-art.com\/wp-content\/uploads\/2023\/05\/LogoImaneFares-1536x253.png 1536w, https:\/\/bis-art.com\/wp-content\/uploads\/2023\/05\/LogoImaneFares-2048x337.png 2048w\" sizes=\"(max-width: 300px) 100vw, 300px\" \/><\/a><\/figure><\/div>\n\n\n\n<p><\/p>\n<\/div>\n\n\n\n<div class=\"wp-block-column\" style=\"flex-basis:66.66%\">\n<h3><span style=\"color: #4b86c7;\"><a style=\"color: #4b86c7;\" href=\"https:\/\/bis-art.com\/index.php\/galerie-imane-fares\/\">&gt; Galerie Imane Far\u00e8s<\/a><\/span><\/h3>\n<p class=\"p2\">41, rue Mazarine<br \/>75006 Paris<br \/>repr\u00e9sente <a href=\"https:\/\/bis-art.com\/index.php\/james-webb\/\">James Webb<\/a><\/p>\n<\/div>\n<\/div>\n\n\n\n<div class=\"wp-block-columns are-vertically-aligned-center\">\n<div class=\"wp-block-column is-vertically-aligned-center\" style=\"flex-basis:33.33%\">\n<div class=\"wp-block-image\"><figure class=\"aligncenter size-medium\"><a href=\"https:\/\/bis-art.com\/index.php\/galerie-max-hetzler\/\"><img loading=\"lazy\" width=\"300\" height=\"29\" src=\"https:\/\/bis-art.com\/wp-content\/uploads\/2023\/05\/LogoMaxHetzler-300x29.jpg\" alt=\"\" class=\"wp-image-2694\" srcset=\"https:\/\/bis-art.com\/wp-content\/uploads\/2023\/05\/LogoMaxHetzler-300x29.jpg 300w, https:\/\/bis-art.com\/wp-content\/uploads\/2023\/05\/LogoMaxHetzler.jpg 595w\" sizes=\"(max-width: 300px) 100vw, 300px\" \/><\/a><\/figure><\/div>\n<\/div>\n\n\n\n<div class=\"wp-block-column is-vertically-aligned-center\" style=\"flex-basis:66.66%\">\n<h3><span style=\"color: #4b86c7;\"><a style=\"color: #4b86c7;\" href=\"https:\/\/bis-art.com\/index.php\/galerie-max-hetzler\/\">&gt; <\/a><a style=\"color: #4b86c7;\" href=\"https:\/\/bis-art.com\/index.php\/galerie-max-hetzler\/\">Galerie Max Hetzler<\/a><\/span><\/h3>\n<p class=\"p1\">46 &amp; 57, rue du Temple<br \/>75004 Paris<br \/><span style=\"font-size: 1rem;\">repr\u00e9sente <\/span><a href=\"https:\/\/bis-art.com\/index.php\/giulia-andreani\/\">Giulia Andreani<\/a><\/p>\n<\/div>\n<\/div>\n\n\n\n<div class=\"wp-block-columns are-vertically-aligned-center\">\n<div class=\"wp-block-column is-vertically-aligned-center\" style=\"flex-basis:33.33%\">\n<div class=\"wp-block-image\"><figure class=\"aligncenter size-medium\"><a href=\"https:\/\/bis-art.com\/index.php\/galerie-hussenot\/\"><img loading=\"lazy\" width=\"300\" height=\"39\" src=\"https:\/\/bis-art.com\/wp-content\/uploads\/2023\/05\/LogoHussenot-300x39.jpg\" alt=\"\" class=\"wp-image-2692\" srcset=\"https:\/\/bis-art.com\/wp-content\/uploads\/2023\/05\/LogoHussenot-300x39.jpg 300w, https:\/\/bis-art.com\/wp-content\/uploads\/2023\/05\/LogoHussenot-1024x134.jpg 1024w, https:\/\/bis-art.com\/wp-content\/uploads\/2023\/05\/LogoHussenot-768x101.jpg 768w, https:\/\/bis-art.com\/wp-content\/uploads\/2023\/05\/LogoHussenot.jpg 1504w\" sizes=\"(max-width: 300px) 100vw, 300px\" \/><\/a><\/figure><\/div>\n<\/div>\n\n\n\n<div class=\"wp-block-column is-vertically-aligned-center\" style=\"flex-basis:66.66%\">\n<h3><span style=\"color: #4b86c7;\"><a style=\"color: #4b86c7;\" href=\"https:\/\/bis-art.com\/index.php\/galerie-hussenot\/\">&gt; <\/a><a style=\"color: #4b86c7;\" href=\"https:\/\/bis-art.com\/index.php\/galerie-hussenot\/\">Galerie Hussenot<\/a><\/span><\/h3>\n<p class=\"p1\">5 bis rue des Haudriettes<br \/>75003 Paris<br \/><span style=\"font-size: 1rem;\">repr\u00e9sente <\/span><a href=\"https:\/\/bis-art.com\/index.php\/diana-thater\/\">Diana Thater<\/a><\/p>\n<\/div>\n<\/div>\n\n\n\n<div class=\"wp-block-columns are-vertically-aligned-center\">\n<div class=\"wp-block-column is-vertically-aligned-center\" style=\"flex-basis:33.33%\">\n<div class=\"wp-block-image\"><figure class=\"aligncenter size-medium\"><a href=\"https:\/\/bis-art.com\/index.php\/hunt-kastner\/\"><img loading=\"lazy\" width=\"300\" height=\"80\" src=\"https:\/\/bis-art.com\/wp-content\/uploads\/2023\/05\/Logohuntkastner-300x80.jpg\" alt=\"\" class=\"wp-image-2691\" srcset=\"https:\/\/bis-art.com\/wp-content\/uploads\/2023\/05\/Logohuntkastner-300x80.jpg 300w, https:\/\/bis-art.com\/wp-content\/uploads\/2023\/05\/Logohuntkastner.jpg 460w\" sizes=\"(max-width: 300px) 100vw, 300px\" \/><\/a><\/figure><\/div>\n<\/div>\n\n\n\n<div class=\"wp-block-column is-vertically-aligned-center\" style=\"flex-basis:66.66%\">\n<h3><span style=\"color: #4b86c7;\"><a style=\"color: #4b86c7;\" href=\"https:\/\/bis-art.com\/index.php\/hunt-kastner\/\">&gt; <\/a><a style=\"color: #4b86c7;\" href=\"https:\/\/bis-art.com\/index.php\/hunt-kastner\/\">Hunt Kastner<\/a><\/span><\/h3>\n<p class=\"p1\">bo\u0159ivojova 85<br>Prague 3 \u2013 \u017ei\u017ekov<br>czech republic<br><span style=\"font-size: 1rem;\">repr\u00e9sente <\/span><a href=\"https:\/\/bis-art.com\/index.php\/anna-hulacova\/\">Anna Hula\u010dov\u00e1<\/a><\/p>\n\n\n\n<p><\/p>\n<\/div>\n<\/div>\n\n\n\n<div class=\"wp-block-columns are-vertically-aligned-center\">\n<div class=\"wp-block-column is-vertically-aligned-center\" style=\"flex-basis:33.33%\">\n<div class=\"wp-block-image\"><figure class=\"aligncenter size-medium\"><a href=\"https:\/\/bis-art.com\/index.php\/galerie-gilla-lorcher\/\"><img loading=\"lazy\" width=\"300\" height=\"69\" src=\"https:\/\/bis-art.com\/wp-content\/uploads\/2023\/05\/LogoGillaLoercher-300x69.png\" alt=\"\" class=\"wp-image-2690\" srcset=\"https:\/\/bis-art.com\/wp-content\/uploads\/2023\/05\/LogoGillaLoercher-300x69.png 300w, https:\/\/bis-art.com\/wp-content\/uploads\/2023\/05\/LogoGillaLoercher.png 467w\" sizes=\"(max-width: 300px) 100vw, 300px\" \/><\/a><\/figure><\/div>\n<\/div>\n\n\n\n<div class=\"wp-block-column is-vertically-aligned-center\" style=\"flex-basis:66.66%\">\n<h3 class=\"p1\"><span style=\"color: #4b86c7;\"><a style=\"color: #4b86c7;\" href=\"https:\/\/bis-art.com\/index.php\/galerie-gilla-lorcher\/\">&gt; Galerie Gilla L\u00f6rcher I Contemporary Art<\/a><\/span><\/h3>\n<p class=\"p1\">Pohlstr. 73<br>10785 Berlin<br>Germany<br><span style=\"font-size: 1rem;\">repr\u00e9sente <\/span><a href=\"https:\/\/bis-art.com\/index.php\/john-cornu\/\">John Cornu<\/a><\/p>\n\n\n\n<p><\/p>\n<\/div>\n<\/div>\n\n\n\n<div class=\"wp-block-columns are-vertically-aligned-center\">\n<div class=\"wp-block-column is-vertically-aligned-center\" style=\"flex-basis:33.33%\">\n<div class=\"wp-block-image\"><figure class=\"aligncenter size-medium\"><a href=\"https:\/\/bis-art.com\/index.php\/mennour\/\"><img loading=\"lazy\" width=\"300\" height=\"32\" src=\"https:\/\/bis-art.com\/wp-content\/uploads\/2023\/05\/LogoMennour-300x32.jpg\" alt=\"\" class=\"wp-image-2704\" srcset=\"https:\/\/bis-art.com\/wp-content\/uploads\/2023\/05\/LogoMennour-300x32.jpg 300w, https:\/\/bis-art.com\/wp-content\/uploads\/2023\/05\/LogoMennour-1024x109.jpg 1024w, https:\/\/bis-art.com\/wp-content\/uploads\/2023\/05\/LogoMennour-768x82.jpg 768w, https:\/\/bis-art.com\/wp-content\/uploads\/2023\/05\/LogoMennour.jpg 1440w\" sizes=\"(max-width: 300px) 100vw, 300px\" \/><\/a><\/figure><\/div>\n<\/div>\n\n\n\n<div class=\"wp-block-column is-vertically-aligned-center\" style=\"flex-basis:66.66%\">\n<h3><span style=\"color: #4b86c7;\"><a style=\"color: #4b86c7;\" href=\"https:\/\/bis-art.com\/index.php\/mennour\/\">&gt; <\/a><a style=\"color: #4b86c7;\" href=\"https:\/\/bis-art.com\/index.php\/mennour\/\">Mennour<\/a><\/span><\/h3>\n<p>47 rue Saint-Andr\u00e9-des-Arts<br>75006 Paris<br>5 rue du Pont-de-Lodi<br>75006, Paris<br>6 rue du Pont-de-Lodi<br>75006, Paris<br>28 avenue Matignon<br>75008, Paris<br>repr\u00e9sente <a href=\"https:\/\/bis-art.com\/index.php\/petrit-halilaj\/\">Petrit Halilaj<\/a> et <a href=\"https:\/\/bis-art.com\/index.php\/tadashi-kawamata\/\">Tadashi Kawamata<\/a><\/p>\n\n\n\n<p><\/p>\n<\/div>\n<\/div>\n\n\n\n<div class=\"wp-block-columns are-vertically-aligned-center\">\n<div class=\"wp-block-column is-vertically-aligned-center\" style=\"flex-basis:33.33%\">\n<div class=\"wp-block-image\"><figure class=\"aligncenter size-large\"><a href=\"https:\/\/bis-art.com\/index.php\/perrotin\/\"><img loading=\"lazy\" width=\"1024\" height=\"474\" src=\"https:\/\/bis-art.com\/wp-content\/uploads\/2023\/05\/LogoPerrotin-1024x474.jpg\" alt=\"\" class=\"wp-image-2696\" srcset=\"https:\/\/bis-art.com\/wp-content\/uploads\/2023\/05\/LogoPerrotin-1024x474.jpg 1024w, https:\/\/bis-art.com\/wp-content\/uploads\/2023\/05\/LogoPerrotin-300x139.jpg 300w, https:\/\/bis-art.com\/wp-content\/uploads\/2023\/05\/LogoPerrotin-768x355.jpg 768w, https:\/\/bis-art.com\/wp-content\/uploads\/2023\/05\/LogoPerrotin-1536x711.jpg 1536w, https:\/\/bis-art.com\/wp-content\/uploads\/2023\/05\/LogoPerrotin-2048x948.jpg 2048w\" sizes=\"(max-width: 1024px) 100vw, 1024px\" \/><\/a><\/figure><\/div>\n<\/div>\n\n\n\n<div class=\"wp-block-column is-vertically-aligned-center\" style=\"flex-basis:66.66%\">\n<h3><span style=\"color: #4b86c7;\"><a style=\"color: #4b86c7;\" href=\"https:\/\/bis-art.com\/index.php\/perrotin\/\">&gt; Perrotin<\/a><\/span><\/h3>\n<p>76 rue de Turenne<br data-rich-text-line-break=\"true\">75003 Paris<br data-rich-text-line-break=\"true\">8 Avenue Matignon<br data-rich-text-line-break=\"true\">75008 Paris<br data-rich-text-line-break=\"true\">2bis Avenue Matignon<br data-rich-text-line-break=\"true\">75008 Paris<br>repr\u00e9sente <a href=\"https:\/\/bis-art.com\/index.php\/jean-marie-appriou\/\">Jean-Marie Appriou<\/a> et <a href=\"https:\/\/bis-art.com\/index.php\/xavier-veilhan\/\">Xavier Veilhan<\/a><\/p>\n<\/div>\n<\/div>\n\n\n\n<hr class=\"wp-block-separator has-text-color has-background has-ast-global-color-0-background-color has-ast-global-color-0-color is-style-wide\"\/>\n\n\n\n<div style=\"height:60px\" aria-hidden=\"true\" class=\"wp-block-spacer\"><\/div>\n","protected":false},"excerpt":{"rendered":"<p>\u00c9dition 2023Les galeries partenaires de la Biennale &gt; Galerie Balice Hertling 84 rue des Gravilliers75003 Parisrepr\u00e9sente Alex Ayed &gt; Carlier Gebauer Chemin des Trioux 06570 Saint-Paul de Vencerepr\u00e9sente Caroline Mesquita &gt; Galerie Imane Far\u00e8s 41, rue Mazarine75006 Parisrepr\u00e9sente James Webb &gt; Galerie Max Hetzler 46 &amp; 57, rue du Temple75004 Parisrepr\u00e9sente Giulia Andreani &gt; Galerie &hellip;<\/p>\n<p class=\"read-more\"> <a class=\"\" href=\"https:\/\/bis-art.com\/index.php\/2023-galeries-partenaires\/\"> <span class=\"screen-reader-text\">2023-Galeries Partenaires<\/span> Lire la suite \u00bb<\/a><\/p>\n","protected":false},"author":1,"featured_media":0,"parent":0,"menu_order":0,"comment_status":"closed","ping_status":"closed","template":"","meta":{"site-sidebar-layout":"default","site-content-layout":"default","ast-global-header-display":"","ast-main-header-display":"","ast-hfb-above-header-display":"","ast-hfb-below-header-display":"","ast-hfb-mobile-header-display":"","site-post-title":"disabled","ast-breadcrumbs-content":"","ast-featured-img":"","footer-sml-layout":"","theme-transparent-header-meta":"","adv-header-id-meta":"","stick-header-meta":"","header-above-stick-meta":"","header-main-stick-meta":"","header-below-stick-meta":""},"_links":{"self":[{"href":"https:\/\/bis-art.com\/index.php\/wp-json\/wp\/v2\/pages\/2580"}],"collection":[{"href":"https:\/\/bis-art.com\/index.php\/wp-json\/wp\/v2\/pages"}],"about":[{"href":"https:\/\/bis-art.com\/index.php\/wp-json\/wp\/v2\/types\/page"}],"author":[{"embeddable":true,"href":"https:\/\/bis-art.com\/index.php\/wp-json\/wp\/v2\/users\/1"}],"replies":[{"embeddable":true,"href":"https:\/\/bis-art.com\/index.php\/wp-json\/wp\/v2\/comments?post=2580"}],"version-history":[{"count":9,"href":"https:\/\/bis-art.com\/index.php\/wp-json\/wp\/v2\/pages\/2580\/revisions"}],"predecessor-version":[{"id":3149,"href":"https:\/\/bis-art.com\/index.php\/wp-json\/wp\/v2\/pages\/2580\/revisions\/3149"}],"wp:attachment":[{"href":"https:\/\/bis-art.com\/index.php\/wp-json\/wp\/v2\/media?parent=2580"}],"curies":[{"name":"wp","href":"https:\/\/api.w.org\/{rel}","templated":true}]}}