{"id":2611,"date":"2023-05-27T19:05:57","date_gmt":"2023-05-27T17:05:57","guid":{"rendered":"https:\/\/bis-art.com\/?page_id=2611"},"modified":"2025-09-15T18:21:40","modified_gmt":"2025-09-15T16:21:40","slug":"giulia-andreani","status":"publish","type":"page","link":"https:\/\/bis-art.com\/index.php\/giulia-andreani\/","title":{"rendered":"Giulia Andreani"},"content":{"rendered":"\n<div style=\"height:60px\" aria-hidden=\"true\" class=\"wp-block-spacer\"><\/div>\n\n\n<h2 class=\"p1\">Giulia Andreani<\/h2>\n\n\n<div class=\"wp-block-columns\">\n<div class=\"wp-block-column\">\n<p class=\"p1\">N\u00e9e en 1985 \u00e0 Venise<br>Vit et travaille \u00e0 Paris<\/p>\n<p class=\"p1\">La pratique de Giulia Andreani s\u2019enracine dans les r\u00e9cits historiques \u2013 histoires fragiles ou trag\u00e9dies \u00e0 \u00e9chelle humaine \u2013 qu\u2019elle d\u00e9busque au gr\u00e9 de ses recherches et des archives qu\u2019elle collecte. L\u2019artiste interroge l\u2019histoire dans ses plis, et r\u00e9-agence en un photomontage unique cette archive visuelle et textuelle dans son travail de peintre. Elle exhume des r\u00e9cits singuliers de femmes aux prises avec la grande histoire, des destins occult\u00e9s hors de toute r\u00e9cup\u00e9ration h\u00e9ro\u00efque. Par l\u2019emploi d\u2019une gamme chromatique unique, le gris de Payne, sa peinture \u00e9voque les rapports de pouvoir dans l\u2019histoire jusque dans l\u2019id\u00e9e de maternit\u00e9.<\/p>\n<p class=\"p1\">Les \u0153uvres de Giulia Andreani sont conserv\u00e9es dans des collections publiques du monde entier dont le Centre Pompidou, Paris ; MASP, Sao Paulo&nbsp;; Fondazione Sandretto Re Rebaudengo, Turin&nbsp;; Biblioth\u00e8que Nationale de France, Paris&nbsp;; FRAC-Poitou Charentes, Angoul\u00eame et Mus\u00e9e National de l\u2019Histoire de l\u2019Immigration, Paris, entre autres.<\/p>\n<p class=\"p1\">Giulia Andreani aura une exposition personnelle \u00e0 la Fondazione Maramotti, Reggio Emilia d\u2019octobre 2023 \u00e0 f\u00e9vrier 2024.<\/p>\n<p class=\"p1\">Les expositions de groupe s\u00e9lectionn\u00e9es incluent Palazzo Grassi, Venise&nbsp;; Fondation Carmignac, Hy\u00e8res&nbsp;; Mus\u00e9e du Consortium, Dijon ; Biennale de Saint-Paul-de-Vence ; et Frac Grand Large, Dunkerque (2023)&nbsp;; Centre Pompidou, Paris ; La 16e Biennale de Lyon, Lyon ; Le Consortium, Dijon&nbsp;; et Mus\u00e9e Dhondt-Dhaenens, Sint-Martens Latem (2022)&nbsp;; Fondazione Sandretto Re Rebaudengo, Turin&nbsp;; et Monnaie de Paris, Paris (2021) ; Mus\u00e9e d\u2019Art Contemporain, Lyon&nbsp;; et Galleria Civica di Trento, The Mart, Trente (2020)&nbsp;; Fonds Lambert, Avignon ; Mus\u00e9e d\u2019Angoul\u00eame, Angoul\u00eame&nbsp;; et MASP, S\u00e3o Paulo (2019) ; Villa M\u00e9diterran\u00e9e, Marseille (2018) ; MAC VAL, Mus\u00e9e D\u00e9partemental du Val de Marne, Vitry-sur Seine (2015)&nbsp;; Palais de Tokyo, Paris (2013).<\/p>\n<p>Giulia Andreani est repr\u00e9sent\u00e9e par la <a href=\"https:\/\/bis-art.com\/index.php\/galerie-max-hetzler\/\">Galerie Max Hetzler<\/a>.<\/p>\n<p><\/p>\n\n\n\n<hr class=\"wp-block-separator has-text-color has-background has-ast-global-color-0-background-color has-ast-global-color-0-color is-style-wide\"\/>\n\n\n\n<p>Giulia Andreani&#8217;s practice is rooted in historical narratives &#8211; fragile stories or tragedies on a human scale &#8211; which she unearths through her research and the archives she collects. The artist interrogates history in its folds, and rearranges this visual and textual archive into a unique photomontage in her work as a painter. She unearths the singular stories of women grappling with history, fates hidden from heroic recuperation. Through the use of a unique chromatic range, Payne grey, her paintings evoke the power relationships in history, right down to the idea of maternity.<\/p>\n<p>Giulia Andreani&#8217;s works are held in public collections around the world, including the Centre Pompidou, Paris; MASP, Sao Paulo; Fondazione Sandretto Re Rebaudengo, Turin; Biblioth\u00e8que Nationale de France, Paris; FRAC-Poitou Charentes, Angoul\u00eame and Mus\u00e9e National de l&#8217;Histoire de l&#8217;Immigration, Paris, among others.<\/p>\n<p>Giulia Andreani will have a solo exhibition at the Fondazione Maramotti, Reggio Emilia from October 2023 to February 2024.<\/p>\n<p>Selected group exhibitions include Palazzo Grassi, Venice; Fondation Carmignac, Hy\u00e8res; Mus\u00e9e du Consortium, Dijon; Biennale de Saint-Paul-de-Vence; and Frac Grand Large, Dunkerque (2023); Centre Pompidou, Paris; La 16e Biennale de Lyon, Lyon; Le Consortium, Dijon; and Mus\u00e9e Dhondt-Dhaenens, Sint-Martens Latem (2022); Fondazione Sandretto Re Rebaudengo, Turin ; and Monnaie de Paris, Paris (2021); Mus\u00e9e d&#8217;Art Contemporain, Lyon; and Galleria Civica di Trento, The Mart, Trento (2020); Fonds Lambert, Avignon; Mus\u00e9e d&#8217;Angoul\u00eame, Angoul\u00eame; and MASP, S\u00e3o Paulo (2019); Villa M\u00e9diterran\u00e9e, Marseille (2018); MAC VAL, Mus\u00e9e D\u00e9partemental du Val de Marne, Vitry-sur Seine (2015); Palais de Tokyo, Paris (2013).<\/p>\n<p><em>Giulia Andreani is represented by <a href=\"https:\/\/bis-art.com\/index.php\/galerie-max-hetzler\/\">Galerie Max Hetzler<\/a>.<\/em><\/p>\n<p><\/p>\n\n\n\n<hr class=\"wp-block-separator has-text-color has-background has-ast-global-color-0-background-color has-ast-global-color-0-color is-style-wide\"\/>\n\n\n\n<p><span style=\"color: #4b86c7;\"><strong><a href=\"https:\/\/bis-art.com\/index.php\/giulia-andreani-tsvi-tsvi\/\">&gt; Tsvi-Tsvi, 2023<\/a><a style=\"color: #4b86c7;\" href=\"https:\/\/bis-art.com\/index.php\/edition-2023-les-artistes\/\"><br>&gt; Retour Liste des artistes<\/a><\/strong><\/span><\/p>\n<\/div>\n\n\n\n<div class=\"wp-block-column\"><\/div>\n<\/div>\n\n\n\n<div style=\"height:60px\" aria-hidden=\"true\" class=\"wp-block-spacer\"><\/div>\n","protected":false},"excerpt":{"rendered":"<p>Giulia Andreani N\u00e9e en 1985 \u00e0 VeniseVit et travaille \u00e0 Paris La pratique de Giulia Andreani s\u2019enracine dans les r\u00e9cits historiques \u2013 histoires fragiles ou trag\u00e9dies \u00e0 \u00e9chelle humaine \u2013 qu\u2019elle d\u00e9busque au gr\u00e9 de ses recherches et des archives qu\u2019elle collecte. L\u2019artiste interroge l\u2019histoire dans ses plis, et r\u00e9-agence en un photomontage unique cette &hellip;<\/p>\n<p class=\"read-more\"> <a class=\"\" href=\"https:\/\/bis-art.com\/index.php\/giulia-andreani\/\"> <span class=\"screen-reader-text\">Giulia Andreani<\/span> Lire la suite \u00bb<\/a><\/p>\n","protected":false},"author":1,"featured_media":0,"parent":0,"menu_order":0,"comment_status":"closed","ping_status":"closed","template":"","meta":{"site-sidebar-layout":"default","site-content-layout":"default","ast-global-header-display":"","ast-main-header-display":"","ast-hfb-above-header-display":"","ast-hfb-below-header-display":"","ast-hfb-mobile-header-display":"","site-post-title":"disabled","ast-breadcrumbs-content":"","ast-featured-img":"","footer-sml-layout":"","theme-transparent-header-meta":"","adv-header-id-meta":"","stick-header-meta":"","header-above-stick-meta":"","header-main-stick-meta":"","header-below-stick-meta":""},"_links":{"self":[{"href":"https:\/\/bis-art.com\/index.php\/wp-json\/wp\/v2\/pages\/2611"}],"collection":[{"href":"https:\/\/bis-art.com\/index.php\/wp-json\/wp\/v2\/pages"}],"about":[{"href":"https:\/\/bis-art.com\/index.php\/wp-json\/wp\/v2\/types\/page"}],"author":[{"embeddable":true,"href":"https:\/\/bis-art.com\/index.php\/wp-json\/wp\/v2\/users\/1"}],"replies":[{"embeddable":true,"href":"https:\/\/bis-art.com\/index.php\/wp-json\/wp\/v2\/comments?post=2611"}],"version-history":[{"count":9,"href":"https:\/\/bis-art.com\/index.php\/wp-json\/wp\/v2\/pages\/2611\/revisions"}],"predecessor-version":[{"id":3611,"href":"https:\/\/bis-art.com\/index.php\/wp-json\/wp\/v2\/pages\/2611\/revisions\/3611"}],"wp:attachment":[{"href":"https:\/\/bis-art.com\/index.php\/wp-json\/wp\/v2\/media?parent=2611"}],"curies":[{"name":"wp","href":"https:\/\/api.w.org\/{rel}","templated":true}]}}