{"id":2614,"date":"2023-05-27T19:09:26","date_gmt":"2023-05-27T17:09:26","guid":{"rendered":"https:\/\/bis-art.com\/?page_id=2614"},"modified":"2023-07-10T17:51:50","modified_gmt":"2023-07-10T15:51:50","slug":"jean-marie-appriou","status":"publish","type":"page","link":"https:\/\/bis-art.com\/index.php\/jean-marie-appriou\/","title":{"rendered":"Jean-Marie Appriou"},"content":{"rendered":"\n<div style=\"height:60px\" aria-hidden=\"true\" class=\"wp-block-spacer\"><\/div>\n\n\n<h2 class=\"p1\">Jean-Marie Appriou<\/h2>\n\n\n<div class=\"wp-block-columns\">\n<div class=\"wp-block-column\">\n<p>N\u00e9 en 1986 \u00e0 Brest, France<br \/>Vit et travaille \u00e0 Paris, France<\/p>\n<p class=\"p1\">C\u2019est avec une remarquable technicit\u00e9 que Jean\u2011Marie Appriou s\u2019empare des mat\u00e9riaux de la sculpture \u2013\u00a0aluminium, bronze, verre, argile, cire\u00a0\u2013 pour projeter des mondes fantastiques peupl\u00e9s de figures humaines, animales ou v\u00e9g\u00e9tales. Ses \u0153uvres souvent imposantes maintiennent n\u00e9anmoins, par leur \u00e9chelle savamment construite, un rapport familier avec le spectateur, comme pour mieux dicter leur inqui\u00e9tante \u00e9tranget\u00e9.<\/p>\n<p class=\"p1\">Son univers plastique, profond\u00e9ment onirique, est empreint de pr\u00e9occupations telluriques, trait\u00e9es sous une perspective originale : celle du l\u00e9gendaire. Chevaux, serpents, criquets, requins ou hippocampes composent un bestiaire charg\u00e9 d\u2019une symbolique puissante. Ils \u00e9voluent dans un domaine de r\u00eaves, une nature merveilleuse qui devient un th\u00e9\u00e2tre de personnages saisissants. Semeurs, cueilleurs, p\u00eacheuses en apn\u00e9e ou apiculteurs, tous incarnent des figures du passage et de la transformation. La transition entre les \u00e9l\u00e9ments \u2013\u00a0de\u00a0l\u2019aquatique \u00e0 l\u2019a\u00e9rien, du souterrain au terrestre\u00a0\u2013 est l\u2019une des th\u00e9matiques centrales du travail de l\u2019artiste.<\/p>\n<p class=\"p1\">Des \u00e2ges archa\u00efques aux civilisations futuristes, entre dinosaures et enfants astronautes, Jean-Marie Appriou livre des visions sur le fil du psych\u00e9d\u00e9lisme, malaxe culture pop et mythologies, de l\u2019Antiquit\u00e9 grecque ou \u00e9gyptienne \u00e0 la science-fiction. Sa sculpture conjugue l\u2019all\u00e9gorique et le sensuel ; l\u2019artiste se pla\u00eet \u00e0 laisser visible l\u2019empreinte de ses doigts sur la mati\u00e8re. Il tisse un r\u00e9cit paradoxal qui r\u00e9unit le pass\u00e9 et le futur, l\u2019id\u00e9el et le sensible, en une s\u00e9rie d\u2019extases hallucinatoires.<\/p>\n<p class=\"p1\">Ses \u0153uvres ont \u00e9t\u00e9 expos\u00e9es \u00e0 la Fondation Louis Vuitton, au Palais de Tokyo, \u00e0 la Fondation Lafayette Anticipations, \u00e0 la Fondation Vincent van Gogh, au Mus\u00e9e des abattoirs, au Mus\u00e9e d\u2019Art Moderne de la Ville de Paris, au Consortium Museum, \u00e0 la Villa M\u00e9dicis et \u00e0 la Biennale de Lyon. Ses \u0153uvres ont fait l\u2019objet d\u2019expositions personnelles au sein des galeries Perrotin, Shanghai ; Jan Kaps, Cologne ; Galerie Eva Presenhuber, Zurich et New York ; Kaikai Kiki, Tokyo ; C L E A R I N G, New York, Bruxelles et Los Angeles ainsi que MASSIMODECARLO, Londres.<\/p>\n<p>Jean-Marie Appriou est repr\u00e9sent\u00e9 par C\u00a0L\u00a0E\u00a0A\u00a0R\u00a0I\u00a0N\u00a0G, Jan Kaps, MASSIMODECARLO, \u00a0 <a href=\"https:\/\/bis-art.com\/index.php\/perrotin\/\">Perrotin<\/a>, \u00a0Galerie Eva Presenhuber. \u00a0\u00a0<\/p>\n<p>\u00a0 \u00a0<\/p>\n\n\n\n<hr class=\"wp-block-separator has-text-color has-background has-ast-global-color-0-background-color has-ast-global-color-0-color is-style-wide\"\/>\n\n\n\n<p><em>Born in 1986 in Brest, France<\/em><br \/><em>Lives and works in Paris, France<\/em><\/p>\n<p><em>Jean-Marie Appriou uses sculpture materials &#8211; aluminium, bronze, glass, clay and wax &#8211; with remarkable technical skill to project fantastic worlds populated by human, animal and plant figures. His often imposing works nevertheless maintain a familiar relationship with the viewer, thanks to their skilfully constructed scale, as if to better dictate their disquieting strangeness.<\/em><\/p>\n<p><em>His deeply dreamlike visual universe is imbued with telluric concerns, treated from an original perspective: that of the legendary. Horses, snakes, locusts, sharks and seahorses make up a bestiary charged with powerful symbolism. They evolve in a realm of dreams, a marvellous nature that becomes a stage for striking characters. Sowers, gatherers, free-diving fisherwomen or beekeepers, they all embody figures of passage and transformation. The transition between the elements &#8211; from aquatic to aerial, from subterranean to terrestrial &#8211; is one of the central themes of the artist&#8217;s work.<\/em><\/p>\n<p><em>From archaic ages to futuristic civilisations, from dinosaurs to child astronauts, Jean-Marie Appriou delivers visions on the edge of psychedelia, mixing pop culture and mythologies, from Greek and Egyptian antiquity to science fiction. His sculpture combines the allegorical and the sensual; the artist likes to leave visible the imprint of his fingers on the material. He weaves a paradoxical narrative that brings together the past and the future, the ideal and the sensible, in a series of hallucinatory ecstasies.<\/em><\/p>\n<p><em>His work has been exhibited at the Fondation Louis Vuitton, the Palais de Tokyo, the Fondation Lafayette Anticipations, the Fondation Vincent van Gogh, the Mus\u00e9e des abattoirs, the Mus\u00e9e d&#8217;Art Moderne de la Ville de Paris, the Consortium Museum, the Villa M\u00e9dicis and the Lyon Biennale. His work has been the subject of solo exhibitions at the following galleries: Perrotin, Shanghai; Jan Kaps, Cologne; Galerie Eva Presenhuber, Zurich and New York; Kaikai Kiki, Tokyo; C\u00a0L\u00a0E\u00a0A\u00a0R\u00a0I\u00a0N\u00a0G,, New York, Brussels and Los Angeles; and MASSIMODECARLO, London.<\/em><\/p>\n<p><em>Jean-Marie Appriou is represented by C\u00a0L\u00a0E\u00a0A\u00a0R\u00a0I\u00a0N\u00a0G, Jan Kaps, MASSIMODECARLO, \u00a0 <a href=\"https:\/\/bis-art.com\/index.php\/perrotin\/\">Perrotin<\/a>, \u00a0Galerie Eva Presenhuber.<\/em><\/p>\n<p>\u00a0 \u00a0<\/p>\n\n\n\n<hr class=\"wp-block-separator has-text-color has-background has-ast-global-color-0-background-color has-ast-global-color-0-color is-style-wide\"\/>\n\n\n\n<p><a href=\"https:\/\/bis-art.com\/index.php\/jean-marie-appriou-primordial-soup-flamingo-i-ii-iii-2023\/\"><span style=\"color: #4b86c7;\"><strong>&gt; Primordial Soup (flamingo I, II, III), 2023<\/strong><\/span><\/a><br \/><span style=\"color: #4b86c7;\"><strong><a style=\"color: #4b86c7;\" href=\"https:\/\/bis-art.com\/index.php\/edition-2023-les-artistes\/\">&gt; Retour Liste des artistes<\/a><\/strong><\/span><\/p>\n<p>\u00a0<\/p>\n<\/div>\n\n\n\n<div class=\"wp-block-column\">\n<div class=\"wp-block-image is-style-default\"><figure class=\"alignright size-large\"><img loading=\"lazy\" width=\"732\" height=\"1024\" src=\"https:\/\/bis-art.com\/wp-content\/uploads\/2023\/05\/JeanMarieAppriou_Courtesy_Perrotin_Photo_Tanguy_Beurdeley-732x1024.jpg\" alt=\"\" class=\"wp-image-2602\" srcset=\"https:\/\/bis-art.com\/wp-content\/uploads\/2023\/05\/JeanMarieAppriou_Courtesy_Perrotin_Photo_Tanguy_Beurdeley-732x1024.jpg 732w, https:\/\/bis-art.com\/wp-content\/uploads\/2023\/05\/JeanMarieAppriou_Courtesy_Perrotin_Photo_Tanguy_Beurdeley-214x300.jpg 214w, https:\/\/bis-art.com\/wp-content\/uploads\/2023\/05\/JeanMarieAppriou_Courtesy_Perrotin_Photo_Tanguy_Beurdeley-768x1075.jpg 768w, https:\/\/bis-art.com\/wp-content\/uploads\/2023\/05\/JeanMarieAppriou_Courtesy_Perrotin_Photo_Tanguy_Beurdeley.jpg 1029w\" sizes=\"(max-width: 732px) 100vw, 732px\" \/><figcaption>Courtesy Perrotin &#8211; Photo Tanguy Beurdeley<\/figcaption><\/figure><\/div>\n\n\n\n<p><\/p>\n<\/div>\n<\/div>\n\n\n\n<div style=\"height:60px\" aria-hidden=\"true\" class=\"wp-block-spacer\"><\/div>\n","protected":false},"excerpt":{"rendered":"<p>Jean-Marie Appriou N\u00e9 en 1986 \u00e0 Brest, FranceVit et travaille \u00e0 Paris, France C\u2019est avec une remarquable technicit\u00e9 que Jean\u2011Marie Appriou s\u2019empare des mat\u00e9riaux de la sculpture \u2013\u00a0aluminium, bronze, verre, argile, cire\u00a0\u2013 pour projeter des mondes fantastiques peupl\u00e9s de figures humaines, animales ou v\u00e9g\u00e9tales. Ses \u0153uvres souvent imposantes maintiennent n\u00e9anmoins, par leur \u00e9chelle savamment construite, &hellip;<\/p>\n<p class=\"read-more\"> <a class=\"\" href=\"https:\/\/bis-art.com\/index.php\/jean-marie-appriou\/\"> <span class=\"screen-reader-text\">Jean-Marie Appriou<\/span> Lire la suite \u00bb<\/a><\/p>\n","protected":false},"author":1,"featured_media":0,"parent":0,"menu_order":0,"comment_status":"closed","ping_status":"closed","template":"","meta":{"site-sidebar-layout":"default","site-content-layout":"default","ast-global-header-display":"","ast-main-header-display":"","ast-hfb-above-header-display":"","ast-hfb-below-header-display":"","ast-hfb-mobile-header-display":"","site-post-title":"disabled","ast-breadcrumbs-content":"","ast-featured-img":"","footer-sml-layout":"","theme-transparent-header-meta":"","adv-header-id-meta":"","stick-header-meta":"","header-above-stick-meta":"","header-main-stick-meta":"","header-below-stick-meta":""},"_links":{"self":[{"href":"https:\/\/bis-art.com\/index.php\/wp-json\/wp\/v2\/pages\/2614"}],"collection":[{"href":"https:\/\/bis-art.com\/index.php\/wp-json\/wp\/v2\/pages"}],"about":[{"href":"https:\/\/bis-art.com\/index.php\/wp-json\/wp\/v2\/types\/page"}],"author":[{"embeddable":true,"href":"https:\/\/bis-art.com\/index.php\/wp-json\/wp\/v2\/users\/1"}],"replies":[{"embeddable":true,"href":"https:\/\/bis-art.com\/index.php\/wp-json\/wp\/v2\/comments?post=2614"}],"version-history":[{"count":11,"href":"https:\/\/bis-art.com\/index.php\/wp-json\/wp\/v2\/pages\/2614\/revisions"}],"predecessor-version":[{"id":3438,"href":"https:\/\/bis-art.com\/index.php\/wp-json\/wp\/v2\/pages\/2614\/revisions\/3438"}],"wp:attachment":[{"href":"https:\/\/bis-art.com\/index.php\/wp-json\/wp\/v2\/media?parent=2614"}],"curies":[{"name":"wp","href":"https:\/\/api.w.org\/{rel}","templated":true}]}}