{"id":2619,"date":"2023-05-27T19:19:33","date_gmt":"2023-05-27T17:19:33","guid":{"rendered":"https:\/\/bis-art.com\/?page_id=2619"},"modified":"2023-07-10T17:57:36","modified_gmt":"2023-07-10T15:57:36","slug":"john-cornu","status":"publish","type":"page","link":"https:\/\/bis-art.com\/index.php\/john-cornu\/","title":{"rendered":"John Cornu"},"content":{"rendered":"\n<div style=\"height:60px\" aria-hidden=\"true\" class=\"wp-block-spacer\"><\/div>\n\n\n<h2 class=\"p1\">John Cornu<\/h2>\n\n\n<div class=\"wp-block-columns\">\n<div class=\"wp-block-column\">\n<p class=\"p1\">N\u00e9 en 1976<br \/>Vit et travaille entre Rennes et Paris<\/p>\n<p class=\"p1\">John Cornu propose une attitude h\u00e9rit\u00e9e du minimalisme et du modernisme (s\u00e9rialit\u00e9, modularit\u00e9, primaut\u00e9 des mat\u00e9riaux) tout en convoquant souvent un rapport fort au contexte (historique, architectural, soci\u00e9tal) et une forme de romantisme contemporain assum\u00e9 (attitude dionysiaque, usure, c\u00e9cit\u00e9, r\u00e9f\u00e9rences \u00e0 diff\u00e9rentes productions sonores, entropie\u2026).<\/p>\n<p class=\"p1\">S\u2019int\u00e9ressant \u00e0 des th\u00e8mes comme les ruines modernes, les logiques de pouvoir ou encore certains \u00e9carts anthropologiques, l\u2019artiste instaure dans ses productions une atmosph\u00e8re \u00e0 la fois po\u00e9tique, cathartique et sans concession. Qu\u2019elles soient sculpturales, performatives ou encore installatives, ces derni\u00e8res confrontent un ensemble de forces paradoxales, et induisent une multiplicit\u00e9 de sens, l\u2019id\u00e9e d\u2019une plurivocit\u00e9.<\/p>\n<p class=\"p1\">Le travail de John Cornu a \u00e9t\u00e9 pr\u00e9sent\u00e9 au sein d\u2019expositions personnelles et collectives en France\u00a0: Institut Giacometti (Paris, FR), Palais de Tokyo et Maison rouge (Paris), CNEAI (Chatou, Paris), Mains d\u2019\u0153uvres (Saint-Ouen), Galerie Edouard-Manet (Gennevilliers), 40mcube\/Hub Hug (Rennes), Frac Bretagne (Rennes), Parvis Centre d\u2019art contemporain (Ibos), Bel ordinaire (Pau), CACN-Centre d\u2019art contemporain (N\u00eemes), Les Trinitaires (Metz), BF15 (Lyon), EAC\u2013Espace de l\u2019Art Concret (Mouans\u2011Sartoux), BBB centre d\u2019art et Abattoirs\u00a0\u2013Frac Midi-Pyr\u00e9n\u00e9es (Toulouse), La Galerie Duchamp \u2013 Centre d\u2019art contemporain (Yvetot), Prieur\u00e9 de Pont-Loup (Moret-sur-Loing), Mus\u00e9e des Beaux-Arts de Rennes et de Calais, Biennale de Lyon ; ainsi qu\u2019\u00e0 l\u2019\u00e9tranger : Nanjo Art Museum (Okinawa, JP), Attic (Bruxelles), Acad\u00e9mie royale des Beaux-Arts (Bruxelles), DBKAproject (Bruxelles), Les Brasseurs (Li\u00e8ge), Sainsbury Center for Visual Arts (Royaume Uni), CIRCA (Montr\u00e9al), MACRO\u2013Museo di Arte contemporanea di Roma (Rome), Chambre blanche (Qu\u00e9bec), ZQM (Berlin) et Nuit Blanche de Montr\u00e9al.<\/p>\n<p class=\"p1\">Cet \u00e9t\u00e9, John Cornu participera au programe AIR\u2013Artist-in-Residence au Nanjo Art Museum \u00e0 Okinawa (JP).<\/p>\n<p>John Cornu est repr\u00e9sent\u00e9 par la <a href=\"https:\/\/bis-art.com\/index.php\/galerie-gilla-lorcher\/\">Galerie Gilla L\u00f6rcher I Contemporary Art<\/a><\/p>\n<p>\u00a0 \u00a0<\/p>\n\n\n\n<hr class=\"wp-block-separator has-text-color has-background has-ast-global-color-0-background-color has-ast-global-color-0-color is-style-wide\"\/>\n\n\n\n<p><em>Born in 1976<\/em><br \/><em>Lives and works between Rennes and Paris<\/em><\/p>\n<p><em>John Cornu adopts an attitude inherited from Minimalism and Modernism (seriality, modularity, the primacy of materials), while often drawing on a strong relationship with context (historical, architectural, societal) and a form of assertive contemporary romanticism (a Dionysian attitude, wear and tear, blindness, references to different sound productions, entropy, etc.). <\/em><\/p>\n<p><em>Interested in themes such as modern ruins, the logic of power and certain anthropological discrepancies, the artist creates an atmosphere in his productions that is at once poetic, cathartic and uncompromising. Whether sculptural, performative or installation-based, his work confronts a range of paradoxical forces, inducing a multiplicity of meanings and the idea of plurivocity. <\/em><\/p>\n<p><em>John Cornu&#8217;s work has been shown in solo and group exhibitions in France: Institut Giacometti (Paris, FR), Palais de Tokyo and Maison rouge (Paris), CNEAI (Chatou, Paris), Mains d&#8217;\u0153uvres (Saint-Ouen), Galerie Edouard-Manet (Gennevilliers), 40mcube\/Hub Hug (Rennes), Frac Bretagne (Rennes), Parvis Centre d&#8217;art contemporain (Ibos), Bel ordinaire (Pau), CACN-Centre d&#8217;art contemporain (N\u00eemes), Les Trinitaires (Metz), BF15 (Lyon), EAC-Espace de l&#8217;Art Concret (Mouans-Sartoux), BBB centre d&#8217;art et Abattoirs -Frac Midi-Pyr\u00e9n\u00e9es (Toulouse), La Galerie Duchamp &#8211; Centre d&#8217;art contemporain (Yvetot), Prieur\u00e9 de Pont-Loup (Moret-sur-Loing), Mus\u00e9e des Beaux-Arts de Rennes et de Calais, Biennale de Lyon ; and abroad: Nanjo Art Museum (Okinawa, JP), Attic (Brussels), Acad\u00e9mie royale des Beaux-Arts (Brussels), DBKAproject (Brussels), Les Brasseurs (Li\u00e8ge), Sainsbury Center for Visual Arts (UK), CIRCA (Montreal), MACRO-Museo di Arte contemporanea di Roma (Rome), Chambre blanche (Quebec), ZQM (Berlin) and Nuit Blanche de Montr\u00e9al. <\/em><\/p>\n<p><em>This summer, John Cornu will take part in the AIR-Artist-in-Residence programme at the Nanjo Art Museum in Okinawa (JP).<\/em><\/p>\n<p><em>John Cornu is represented by <a href=\"https:\/\/bis-art.com\/index.php\/galerie-gilla-lorcher\/\">Galerie Gilla L\u00f6rcher I Contemporary Art<\/a><\/em><\/p>\n<p>\u00a0 \u00a0<\/p>\n\n\n\n<hr class=\"wp-block-separator has-text-color has-background has-ast-global-color-0-background-color has-ast-global-color-0-color is-style-wide\"\/>\n\n\n\n<p><strong><span style=\"color: #4b86c7;\"><a href=\"https:\/\/bis-art.com\/index.php\/john-cornu-urbicande-2023\/\">&gt; Urbicande, 2023<\/a><a style=\"color: #4b86c7;\" href=\"https:\/\/bis-art.com\/index.php\/edition-2023-les-artistes\/\"><br \/>&gt; Retour Liste des artistes<\/a><\/span><\/strong><\/p>\n\n\n\n<p><\/p>\n<\/div>\n\n\n\n<div class=\"wp-block-column\">\n<div class=\"wp-block-image is-style-default\"><figure class=\"alignright size-large\"><img loading=\"lazy\" width=\"768\" height=\"1024\" src=\"https:\/\/bis-art.com\/wp-content\/uploads\/2023\/05\/JohnCornu_Photo_culture_club_studio-768x1024.jpg\" alt=\"\" class=\"wp-image-2601\" srcset=\"https:\/\/bis-art.com\/wp-content\/uploads\/2023\/05\/JohnCornu_Photo_culture_club_studio-768x1024.jpg 768w, https:\/\/bis-art.com\/wp-content\/uploads\/2023\/05\/JohnCornu_Photo_culture_club_studio-225x300.jpg 225w, https:\/\/bis-art.com\/wp-content\/uploads\/2023\/05\/JohnCornu_Photo_culture_club_studio.jpg 1080w\" sizes=\"(max-width: 768px) 100vw, 768px\" \/><figcaption>Photo culture club studio<\/figcaption><\/figure><\/div>\n\n\n\n<p><\/p>\n<\/div>\n<\/div>\n\n\n\n<div style=\"height:60px\" aria-hidden=\"true\" class=\"wp-block-spacer\"><\/div>\n","protected":false},"excerpt":{"rendered":"<p>John Cornu N\u00e9 en 1976Vit et travaille entre Rennes et Paris John Cornu propose une attitude h\u00e9rit\u00e9e du minimalisme et du modernisme (s\u00e9rialit\u00e9, modularit\u00e9, primaut\u00e9 des mat\u00e9riaux) tout en convoquant souvent un rapport fort au contexte (historique, architectural, soci\u00e9tal) et une forme de romantisme contemporain assum\u00e9 (attitude dionysiaque, usure, c\u00e9cit\u00e9, r\u00e9f\u00e9rences \u00e0 diff\u00e9rentes productions sonores, &hellip;<\/p>\n<p class=\"read-more\"> <a class=\"\" href=\"https:\/\/bis-art.com\/index.php\/john-cornu\/\"> <span class=\"screen-reader-text\">John Cornu<\/span> Lire la suite \u00bb<\/a><\/p>\n","protected":false},"author":1,"featured_media":0,"parent":0,"menu_order":0,"comment_status":"closed","ping_status":"closed","template":"","meta":{"site-sidebar-layout":"default","site-content-layout":"default","ast-global-header-display":"","ast-main-header-display":"","ast-hfb-above-header-display":"","ast-hfb-below-header-display":"","ast-hfb-mobile-header-display":"","site-post-title":"disabled","ast-breadcrumbs-content":"","ast-featured-img":"","footer-sml-layout":"","theme-transparent-header-meta":"","adv-header-id-meta":"","stick-header-meta":"","header-above-stick-meta":"","header-main-stick-meta":"","header-below-stick-meta":""},"_links":{"self":[{"href":"https:\/\/bis-art.com\/index.php\/wp-json\/wp\/v2\/pages\/2619"}],"collection":[{"href":"https:\/\/bis-art.com\/index.php\/wp-json\/wp\/v2\/pages"}],"about":[{"href":"https:\/\/bis-art.com\/index.php\/wp-json\/wp\/v2\/types\/page"}],"author":[{"embeddable":true,"href":"https:\/\/bis-art.com\/index.php\/wp-json\/wp\/v2\/users\/1"}],"replies":[{"embeddable":true,"href":"https:\/\/bis-art.com\/index.php\/wp-json\/wp\/v2\/comments?post=2619"}],"version-history":[{"count":6,"href":"https:\/\/bis-art.com\/index.php\/wp-json\/wp\/v2\/pages\/2619\/revisions"}],"predecessor-version":[{"id":3441,"href":"https:\/\/bis-art.com\/index.php\/wp-json\/wp\/v2\/pages\/2619\/revisions\/3441"}],"wp:attachment":[{"href":"https:\/\/bis-art.com\/index.php\/wp-json\/wp\/v2\/media?parent=2619"}],"curies":[{"name":"wp","href":"https:\/\/api.w.org\/{rel}","templated":true}]}}