{"id":2638,"date":"2023-05-27T20:53:54","date_gmt":"2023-05-27T18:53:54","guid":{"rendered":"https:\/\/bis-art.com\/?page_id=2638"},"modified":"2024-08-02T18:26:09","modified_gmt":"2024-08-02T16:26:09","slug":"xavier-veilhan","status":"publish","type":"page","link":"https:\/\/bis-art.com\/index.php\/xavier-veilhan\/","title":{"rendered":"Xavier Veilhan"},"content":{"rendered":"\n<div style=\"height:60px\" aria-hidden=\"true\" class=\"wp-block-spacer\"><\/div>\n\n\n<h2 class=\"p1\">Xavier Veilhan<\/h2>\n\n\n<div class=\"wp-block-columns\">\n<div class=\"wp-block-column\">\n<p class=\"p1\">N\u00e9 en 1963 \u00e0 Lyon<br>Vit et travaille \u00e0 Paris<\/p>\n<p class=\"p1\">Xavier Veilhan d\u00e9veloppe depuis la fin des ann\u00e9es 1980 une d\u00e9marche aux formes multiples (sculpture, peinture, environnement, spectacle, vid\u00e9o, photo) entre classicisme formel et haute technologie.<\/p>\n<p class=\"p1\">Ses \u0153uvres questionnent notre perception et cultivent un int\u00e9r\u00eat pour les espaces de d\u00e9ambulation, souvent \u00e9volutifs, dans lesquels le visiteur devient acteur, comme lors de l\u2019exposition Veilhan Versailles (2009), la s\u00e9rie Architectones (2012-2014) ou Studio Venezia (2017), sa proposition pour le Pavillon fran\u00e7ais de la Biennale de Venise. L\u2019\u0153uvre de Xavier Veilhan s\u2019invite souvent dans l\u2019espace public, avec des sculptures dans de nombreuses villes \u00e0 travers la France et \u00e0 l\u2019\u00e9tranger&nbsp;: Paris, Stockholm, New&nbsp;York, Shanghai et S\u00e9oul, entre autres. Son travail a \u00e9t\u00e9 pr\u00e9sent\u00e9 dans diverses institutions renomm\u00e9es \u00e0 travers le monde, comme le Centre Georges Pompidou (Paris), le Mamco (Gen\u00e8ve), la Phillips Collection (Washington) et le Mori Art Museum (Tokyo)..<\/p>\n<p class=\"p1\">L\u2019oiseau est un sujet r\u00e9current dans l\u2019\u0153uvre de Xavier Veilhan depuis ses premi\u00e8res expositions au d\u00e9but des ann\u00e9es 90. L\u2019int\u00e9r\u00eat pour les oiseaux vient de leur proximit\u00e9. Ce sont des animaux sauvages mais urbains principalement, qui cohabitent les villes avec nous.<\/p>\n<p class=\"p1\">Les recherches sur la repr\u00e9sentation et l\u2019\u00e9chelle de formes souvent arch\u00e9typales sont illustr\u00e9es ici par une repr\u00e9sentation non symbolique et presque anodine de l\u2019animal.<\/p>\n<p class=\"p1\">En combinant les formes multiples de passereaux appara\u00eet une forme g\u00e9n\u00e9rique de l\u2019oiseau. Elle t\u00e9moigne de la puissance de notre imaginaire collectif et de ses liens ind\u00e9niables avec le langage&nbsp;: le mot \u00ab\u2009oiseau\u2009\u00bb d\u00e9finit \u00e0 lui seul l\u2019image et limite l\u2019espace. L\u2019\u0153uvre comble l\u2019espace mental du mot \u00ab\u2009oiseau\u2009\u00bb pour celui qui l\u2019imagine.<\/p>\n<p class=\"p1\">\u00ab\u2009Les objets que je cr\u00e9e sont plus un dispositif visuel qu\u2019ils ne sont une fin en soi. C\u2019est la diff\u00e9rence entre regarder une paire de lunettes et regarder quelque chose \u00e0 travers une paire de lunettes.\u2009\u00bb<\/p>\n<p>Xavier Veilhan est repr\u00e9sent\u00e9 par <a href=\"https:\/\/bis-art.com\/index.php\/perrotin\/\">Perrotin<\/a><\/p>\n<p><\/p>\n\n\n\n<hr class=\"wp-block-separator has-text-color has-background has-ast-global-color-0-background-color has-ast-global-color-0-color is-style-wide\"\/>\n\n\n\n<p><em>Born in Lyon in 1963<\/em><br><em>Lives and works in Paris<\/em><\/p>\n<p><em>Since the late 1980s, Xavier Veilhan has been developing a multi-faceted approach (sculpture, painting, environment, performance, video, photography) that blends formal classicism with high technology.<\/em><\/p>\n<p><em>His works question our perception and cultivate an interest in spaces for wandering, often evolving, in which the visitor becomes an actor, as in the Veilhan Versailles exhibition (2009), the Architectones series (2012-2014) or Studio Venezia (2017), his proposal for the French Pavilion at the Venice Biennale. Xavier Veilhan&#8217;s work is often seen in public spaces, with sculptures in numerous cities across France and abroad: Paris, Stockholm, New York, Shanghai and Seoul, among others. His work has been shown in a number of renowned institutions around the world, including the Centre Georges Pompidou (Paris), the Mamco (Geneva), the Phillips Collection (Washington) and the Mori Art Museum (Tokyo).<\/em><\/p>\n<p><em>Birds have been a recurring theme in Xavier Veilhan&#8217;s work since his first exhibitions in the early 1990s. His interest in birds stems from their proximity. They are wild animals, but mainly urban animals that live in cities with us.<\/em><\/p>\n<p><em>His research into the representation and scale of often archetypal forms is illustrated here by a non-symbolic and almost innocuous representation of the animal.<\/em><\/p>\n<p><em>By combining the multiple shapes of passerines, a generic form of the bird emerges. It testifies to the power of our collective imagination and its undeniable links with language: the word &#8216;bird&#8217; alone defines the image and limits the space. The work fills the mental space of the word &#8216;bird&#8217; for those who imagine it.<\/em><\/p>\n<p><em>&#8220;The objects I create are more a visual device than an end in themselves. It&#8217;s the difference between looking at a pair of glasses and looking at something through a pair of glasses.&#8221;<\/em><\/p>\n<p><em>Xavier Veilhan is represented by <a href=\"https:\/\/bis-art.com\/index.php\/perrotin\/\">Perrotin<\/a><\/em><\/p>\n<p><\/p>\n\n\n\n<hr class=\"wp-block-separator has-text-color has-background has-ast-global-color-0-background-color has-ast-global-color-0-color is-style-wide\"\/>\n\n\n\n<p><span style=\"color: #4b86c7;\"><strong><a href=\"https:\/\/bis-art.com\/index.php\/xavier-veilhan-loiseau-n3-2021\/\">&gt; L\u2019Oiseau n\u00b03, 2021<\/a><a style=\"color: #4b86c7;\" href=\"https:\/\/bis-art.com\/index.php\/edition-2023-les-artistes\/\"><br>&gt; Retour Liste des artistes<\/a><\/strong><\/span><\/p>\n<\/div>\n\n\n\n<div class=\"wp-block-column\">\n<p><\/p>\n<\/div>\n<\/div>\n\n\n\n<div style=\"height:60px\" aria-hidden=\"true\" class=\"wp-block-spacer\"><\/div>\n","protected":false},"excerpt":{"rendered":"<p>Xavier Veilhan N\u00e9 en 1963 \u00e0 LyonVit et travaille \u00e0 Paris Xavier Veilhan d\u00e9veloppe depuis la fin des ann\u00e9es 1980 une d\u00e9marche aux formes multiples (sculpture, peinture, environnement, spectacle, vid\u00e9o, photo) entre classicisme formel et haute technologie. Ses \u0153uvres questionnent notre perception et cultivent un int\u00e9r\u00eat pour les espaces de d\u00e9ambulation, souvent \u00e9volutifs, dans lesquels &hellip;<\/p>\n<p class=\"read-more\"> <a class=\"\" href=\"https:\/\/bis-art.com\/index.php\/xavier-veilhan\/\"> <span class=\"screen-reader-text\">Xavier Veilhan<\/span> Lire la suite \u00bb<\/a><\/p>\n","protected":false},"author":1,"featured_media":0,"parent":0,"menu_order":0,"comment_status":"closed","ping_status":"closed","template":"","meta":{"site-sidebar-layout":"default","site-content-layout":"default","ast-global-header-display":"","ast-main-header-display":"","ast-hfb-above-header-display":"","ast-hfb-below-header-display":"","ast-hfb-mobile-header-display":"","site-post-title":"disabled","ast-breadcrumbs-content":"","ast-featured-img":"","footer-sml-layout":"","theme-transparent-header-meta":"","adv-header-id-meta":"","stick-header-meta":"","header-above-stick-meta":"","header-main-stick-meta":"","header-below-stick-meta":""},"_links":{"self":[{"href":"https:\/\/bis-art.com\/index.php\/wp-json\/wp\/v2\/pages\/2638"}],"collection":[{"href":"https:\/\/bis-art.com\/index.php\/wp-json\/wp\/v2\/pages"}],"about":[{"href":"https:\/\/bis-art.com\/index.php\/wp-json\/wp\/v2\/types\/page"}],"author":[{"embeddable":true,"href":"https:\/\/bis-art.com\/index.php\/wp-json\/wp\/v2\/users\/1"}],"replies":[{"embeddable":true,"href":"https:\/\/bis-art.com\/index.php\/wp-json\/wp\/v2\/comments?post=2638"}],"version-history":[{"count":6,"href":"https:\/\/bis-art.com\/index.php\/wp-json\/wp\/v2\/pages\/2638\/revisions"}],"predecessor-version":[{"id":3550,"href":"https:\/\/bis-art.com\/index.php\/wp-json\/wp\/v2\/pages\/2638\/revisions\/3550"}],"wp:attachment":[{"href":"https:\/\/bis-art.com\/index.php\/wp-json\/wp\/v2\/media?parent=2638"}],"curies":[{"name":"wp","href":"https:\/\/api.w.org\/{rel}","templated":true}]}}