{"id":2653,"date":"2023-05-28T08:58:18","date_gmt":"2023-05-28T06:58:18","guid":{"rendered":"https:\/\/bis-art.com\/?page_id=2653"},"modified":"2023-05-28T08:58:19","modified_gmt":"2023-05-28T06:58:19","slug":"carlier-gebauer","status":"publish","type":"page","link":"https:\/\/bis-art.com\/index.php\/carlier-gebauer\/","title":{"rendered":"Carlier Gebauer"},"content":{"rendered":"\n<div style=\"height:60px\" aria-hidden=\"true\" class=\"wp-block-spacer\"><\/div>\n\n\n\n<div class=\"wp-block-columns\">\n<div class=\"wp-block-column\" style=\"flex-basis:66.66%\">\n<h2 class=\"p1\">Carlier Gebauer<\/h2>\n\n\n\n<div style=\"height:60px\" aria-hidden=\"true\" class=\"wp-block-spacer\"><\/div>\n\n\n\n<p>Bient\u00f4t en ligne<\/p>\n<p>Repr\u00e9sente <a href=\"https:\/\/bis-art.com\/index.php\/caroline-mesquita\/\">Caroline Mesquita<\/a><\/p>\n<p>\u00a0<\/p>\n\n\n\n<hr class=\"wp-block-separator has-text-color has-background has-ast-global-color-0-background-color has-ast-global-color-0-color is-style-wide\"\/>\n\n\n\n<p><i>Coming soon<\/i><\/p>\n<p><em>Presents <a href=\"https:\/\/bis-art.com\/index.php\/caroline-mesquita\/\">Caroline Mesquita<\/a><\/em><\/p>\n<p>\u00a0<\/p>\n\n\n\n<hr class=\"wp-block-separator has-text-color has-background has-ast-global-color-0-background-color has-ast-global-color-0-color is-style-wide\"\/>\n<\/div>\n\n\n\n<div class=\"wp-block-column\" style=\"flex-basis:33.33%\">\n<figure class=\"wp-block-image size-full\"><img loading=\"lazy\" width=\"595\" height=\"794\" src=\"https:\/\/bis-art.com\/wp-content\/uploads\/2023\/05\/CarlierGebauer.jpg\" alt=\"\" class=\"wp-image-2654\" srcset=\"https:\/\/bis-art.com\/wp-content\/uploads\/2023\/05\/CarlierGebauer.jpg 595w, https:\/\/bis-art.com\/wp-content\/uploads\/2023\/05\/CarlierGebauer-225x300.jpg 225w\" sizes=\"(max-width: 595px) 100vw, 595px\" \/><figcaption><strong><br><strong>carlier | gebauer, Berlin<br><\/strong><\/strong>Markgrafenstra\u00dfe 67\u00a0<br>D-10969 Berlin<br><strong>carlier | gebauer, Madrid<br><\/strong>Calle de Jos\u00e9 Mara\u00f1\u00f3n 4<br>28010 Madrid<br><span class=\"has-inline-color has-ast-global-color-0-color\"><a href=\"https:\/\/www.carliergebauer.com\/current\" target=\"_blank\" rel=\"noreferrer noopener\">www.carliergebauer.com<\/a><\/span><br><\/figcaption><\/figure>\n\n\n\n<p><\/p>\n<\/div>\n<\/div>\n\n\n<p><span style=\"color: #4b86c7;\"><a style=\"color: #4b86c7;\" href=\"https:\/\/bis-art.com\/index.php\/2023-galeries-partenaires\/\"><strong>&gt; \u00c9dition 2023 &#8211; Les Galeries Partenaires<\/strong><\/a><\/span><\/p>\n\n\n<div style=\"height:61px\" aria-hidden=\"true\" class=\"wp-block-spacer\"><\/div>\n\n\n\n<div style=\"height:60px\" aria-hidden=\"true\" class=\"wp-block-spacer\"><\/div>\n\n\n\n<p><\/p>\n","protected":false},"excerpt":{"rendered":"<p>Carlier Gebauer Bient\u00f4t en ligne Repr\u00e9sente Caroline Mesquita \u00a0 Coming soon Presents Caroline Mesquita \u00a0 &gt; \u00c9dition 2023 &#8211; Les Galeries Partenaires<\/p>\n","protected":false},"author":1,"featured_media":0,"parent":0,"menu_order":0,"comment_status":"closed","ping_status":"closed","template":"","meta":{"site-sidebar-layout":"default","site-content-layout":"default","ast-global-header-display":"","ast-main-header-display":"","ast-hfb-above-header-display":"","ast-hfb-below-header-display":"","ast-hfb-mobile-header-display":"","site-post-title":"disabled","ast-breadcrumbs-content":"","ast-featured-img":"","footer-sml-layout":"","theme-transparent-header-meta":"","adv-header-id-meta":"","stick-header-meta":"","header-above-stick-meta":"","header-main-stick-meta":"","header-below-stick-meta":""},"_links":{"self":[{"href":"https:\/\/bis-art.com\/index.php\/wp-json\/wp\/v2\/pages\/2653"}],"collection":[{"href":"https:\/\/bis-art.com\/index.php\/wp-json\/wp\/v2\/pages"}],"about":[{"href":"https:\/\/bis-art.com\/index.php\/wp-json\/wp\/v2\/types\/page"}],"author":[{"embeddable":true,"href":"https:\/\/bis-art.com\/index.php\/wp-json\/wp\/v2\/users\/1"}],"replies":[{"embeddable":true,"href":"https:\/\/bis-art.com\/index.php\/wp-json\/wp\/v2\/comments?post=2653"}],"version-history":[{"count":4,"href":"https:\/\/bis-art.com\/index.php\/wp-json\/wp\/v2\/pages\/2653\/revisions"}],"predecessor-version":[{"id":2698,"href":"https:\/\/bis-art.com\/index.php\/wp-json\/wp\/v2\/pages\/2653\/revisions\/2698"}],"wp:attachment":[{"href":"https:\/\/bis-art.com\/index.php\/wp-json\/wp\/v2\/media?parent=2653"}],"curies":[{"name":"wp","href":"https:\/\/api.w.org\/{rel}","templated":true}]}}