{"id":2666,"date":"2023-05-28T09:21:55","date_gmt":"2023-05-28T07:21:55","guid":{"rendered":"https:\/\/bis-art.com\/?page_id=2666"},"modified":"2023-06-12T10:10:07","modified_gmt":"2023-06-12T08:10:07","slug":"galerie-balice-hertling","status":"publish","type":"page","link":"https:\/\/bis-art.com\/index.php\/galerie-balice-hertling\/","title":{"rendered":"Galerie Balice Hertling"},"content":{"rendered":"\n<div style=\"height:60px\" aria-hidden=\"true\" class=\"wp-block-spacer\"><\/div>\n\n\n\n<div class=\"wp-block-columns\">\n<div class=\"wp-block-column\" style=\"flex-basis:66.66%\">\n<h2 class=\"p1\">Galerie Balice Hertling<\/h2>\n\n\n\n<div style=\"height:60px\" aria-hidden=\"true\" class=\"wp-block-spacer\"><\/div>\n\n\n\n<p>Balice Hertling a \u00e9t\u00e9 fond\u00e9 en 2007 par Daniele Balice et Alexander Hertling dans le quartier parisien de Belleville. Depuis, la galerie a accueilli les premi\u00e8res expositions personnelles &#8211; de Pol Taburet, Camille Blatrix, Xinyi Cheng et Isabelle Cornaro parmi d&#8217;autres &#8211; et soutient le travail d\u2019artistes provenant de g\u00e9n\u00e9ration et nationalit\u00e9 diff\u00e9rentes. La diversit\u00e9 des artistes repr\u00e9sent\u00e9s se refl\u00e8te \u00e9galement dans la vari\u00e9t\u00e9 de m\u00e9dium et de supports auquel la galerie donne de la visibilit\u00e9, allant de la peinture \u00e0 la vid\u00e9o, en passant par la performance et la sculpture.\u00a0<\/p>\n<p>En 2017, la galerie principale s\u2019installe dans le Marais \u00e0 Paris.\u00a0<\/p>\n<p>Repr\u00e9sente <a href=\"https:\/\/bis-art.com\/index.php\/alex-ayed\/\">Alex Ayed<\/a><\/p>\n<p>\u00a0<\/p>\n\n\n\n<hr class=\"wp-block-separator has-text-color has-background has-ast-global-color-0-background-color has-ast-global-color-0-color is-style-wide\"\/>\n\n\n\n<p>Balice Hertling was founded in 2007 by Daniele Balice and Alexander Hertling in the Belleville district in Paris. Since then, the gallery has hosted the first solo exhibitions &#8211; of Pol Taburet, Camille Blatrix, Xinyi Cheng and Isabelle Cornaro among others &#8211; and supports the work of artists from different generations and nationalities. The diversity of artists represented is also reflected in the variety of mediums and media to which the gallery gives visibility, ranging from painting to video, performance and sculpture.&nbsp;<\/p>\n<p>In 2017, the main gallery relocated to the Marais in Paris.&nbsp;<\/p>\n<p><em>Presents <a href=\"https:\/\/bis-art.com\/index.php\/alex-ayed\/\">Alex Ayed<\/a><\/em><\/p>\n<p><\/p>\n\n\n\n<hr class=\"wp-block-separator has-text-color has-background has-ast-global-color-0-background-color has-ast-global-color-0-color is-style-wide\"\/>\n<\/div>\n\n\n\n<div class=\"wp-block-column\" style=\"flex-basis:33.33%\">\n<figure class=\"wp-block-image size-large\"><img loading=\"lazy\" width=\"1024\" height=\"683\" src=\"https:\/\/bis-art.com\/wp-content\/uploads\/2023\/05\/GalerieBaliceHartling_\u00a9Jiayun-Deng-1024x683.jpg\" alt=\"\" class=\"wp-image-2651\" srcset=\"https:\/\/bis-art.com\/wp-content\/uploads\/2023\/05\/GalerieBaliceHartling_\u00a9Jiayun-Deng-1024x683.jpg 1024w, https:\/\/bis-art.com\/wp-content\/uploads\/2023\/05\/GalerieBaliceHartling_\u00a9Jiayun-Deng-300x200.jpg 300w, https:\/\/bis-art.com\/wp-content\/uploads\/2023\/05\/GalerieBaliceHartling_\u00a9Jiayun-Deng-768x512.jpg 768w, https:\/\/bis-art.com\/wp-content\/uploads\/2023\/05\/GalerieBaliceHartling_\u00a9Jiayun-Deng.jpg 1440w\" sizes=\"(max-width: 1024px) 100vw, 1024px\" \/><figcaption><strong>Galerie Balice Hertling<\/strong><br>84 rue des Gravilliers<br>75003 Paris<br><a href=\"http:\/\/www.balicehertling.com\" target=\"_blank\" rel=\"noreferrer noopener\">www.balicehertling.com<\/a><br>\u00a9 Jiayun Deng<br><\/figcaption><\/figure>\n\n\n\n<p><\/p>\n<\/div>\n<\/div>\n\n\n<p><span style=\"color: #4b86c7;\"><a style=\"color: #4b86c7;\" href=\"https:\/\/bis-art.com\/index.php\/2023-galeries-partenaires\/\"><strong>&gt; \u00c9dition 2023 &#8211; Les Galeries Partenaires<\/strong><\/a><\/span><\/p>\n\n\n<div style=\"height:61px\" aria-hidden=\"true\" class=\"wp-block-spacer\"><\/div>\n\n\n\n<div style=\"height:60px\" aria-hidden=\"true\" class=\"wp-block-spacer\"><\/div>\n\n\n\n<p><\/p>\n","protected":false},"excerpt":{"rendered":"<p>Galerie Balice Hertling Balice Hertling a \u00e9t\u00e9 fond\u00e9 en 2007 par Daniele Balice et Alexander Hertling dans le quartier parisien de Belleville. Depuis, la galerie a accueilli les premi\u00e8res expositions personnelles &#8211; de Pol Taburet, Camille Blatrix, Xinyi Cheng et Isabelle Cornaro parmi d&#8217;autres &#8211; et soutient le travail d\u2019artistes provenant de g\u00e9n\u00e9ration et nationalit\u00e9 &hellip;<\/p>\n<p class=\"read-more\"> <a class=\"\" href=\"https:\/\/bis-art.com\/index.php\/galerie-balice-hertling\/\"> <span class=\"screen-reader-text\">Galerie Balice Hertling<\/span> Lire la suite \u00bb<\/a><\/p>\n","protected":false},"author":1,"featured_media":0,"parent":0,"menu_order":0,"comment_status":"closed","ping_status":"closed","template":"","meta":{"site-sidebar-layout":"default","site-content-layout":"default","ast-global-header-display":"","ast-main-header-display":"","ast-hfb-above-header-display":"","ast-hfb-below-header-display":"","ast-hfb-mobile-header-display":"","site-post-title":"disabled","ast-breadcrumbs-content":"","ast-featured-img":"","footer-sml-layout":"","theme-transparent-header-meta":"","adv-header-id-meta":"","stick-header-meta":"","header-above-stick-meta":"","header-main-stick-meta":"","header-below-stick-meta":""},"_links":{"self":[{"href":"https:\/\/bis-art.com\/index.php\/wp-json\/wp\/v2\/pages\/2666"}],"collection":[{"href":"https:\/\/bis-art.com\/index.php\/wp-json\/wp\/v2\/pages"}],"about":[{"href":"https:\/\/bis-art.com\/index.php\/wp-json\/wp\/v2\/types\/page"}],"author":[{"embeddable":true,"href":"https:\/\/bis-art.com\/index.php\/wp-json\/wp\/v2\/users\/1"}],"replies":[{"embeddable":true,"href":"https:\/\/bis-art.com\/index.php\/wp-json\/wp\/v2\/comments?post=2666"}],"version-history":[{"count":3,"href":"https:\/\/bis-art.com\/index.php\/wp-json\/wp\/v2\/pages\/2666\/revisions"}],"predecessor-version":[{"id":3156,"href":"https:\/\/bis-art.com\/index.php\/wp-json\/wp\/v2\/pages\/2666\/revisions\/3156"}],"wp:attachment":[{"href":"https:\/\/bis-art.com\/index.php\/wp-json\/wp\/v2\/media?parent=2666"}],"curies":[{"name":"wp","href":"https:\/\/api.w.org\/{rel}","templated":true}]}}