{"id":2668,"date":"2023-05-28T09:30:35","date_gmt":"2023-05-28T07:30:35","guid":{"rendered":"https:\/\/bis-art.com\/?page_id=2668"},"modified":"2023-06-12T09:36:00","modified_gmt":"2023-06-12T07:36:00","slug":"galerie-imane-fares","status":"publish","type":"page","link":"https:\/\/bis-art.com\/index.php\/galerie-imane-fares\/","title":{"rendered":"Galerie Imane Far\u00e8s"},"content":{"rendered":"\n<div style=\"height:60px\" aria-hidden=\"true\" class=\"wp-block-spacer\"><\/div>\n\n\n\n<div class=\"wp-block-columns\">\n<div class=\"wp-block-column\" style=\"flex-basis:66.66%\">\n<h2 class=\"p1\">Galerie Imane Far\u00e8s<\/h2>\n\n\n\n<div style=\"height:60px\" aria-hidden=\"true\" class=\"wp-block-spacer\"><\/div>\n\n\n\n<p>Imane Far\u00e8s fonde en 2010 la galerie \u00e9ponyme \u00e0 Paris, avec pour ambition de valoriser les pratiques d\u2019artistes contemporains du continent africain et des mondes arabes. Cet engagement fort vis-\u00e0-vis de sc\u00e8nes artistiques rarement mises en avant r\u00e9sonne avec sa double identit\u00e9 libanaise et s\u00e9n\u00e9galaise.<\/p>\n<p>La galerie soutient Sinzo Aanza, Basma al-Sharif, Sammy Baloji, Ali Cherri, Emeka Ogboh, Youn\u00e8s Rahmoun et James Webb.<\/p>\n<p>Reconnue par ses pairs comme pr\u00e9curseur de cette transformation des cartographies de l\u2019art, la galerie repr\u00e9sente sept artistes, dont les travaux s\u2019\u00e9tendent \u00e0 un large spectre de m\u00e9diums : installations, \u0153uvre dans l\u2019espace public, film, photographie, dessin, mais aussi \u00e9criture romanesque et th\u00e9\u00e2trale et commissariat d\u2019exposition. Elle organise de mani\u00e8re syst\u00e9matique leurs premi\u00e8res expositions personnelles en France.<\/p>\n<p>Pour accompagner leur travail, elle met un point d\u2019honneur \u00e0 leur apporter un soutien mat\u00e9riel inconditionnel et \u00e0 favoriser l\u2019\u00e9mergence d\u2019un discours critique autour de leurs projets.<\/p>\n<p><span style=\"font-size: 1rem; background-color: rgba(255, 255, 255, 0);\">Repr\u00e9sente <a href=\"https:\/\/bis-art.com\/index.php\/james-webb\/\">James Webb<\/a><\/span><\/p>\n<p><\/p>\n\n\n\n<hr class=\"wp-block-separator has-text-color has-background has-ast-global-color-0-background-color has-ast-global-color-0-color is-style-wide\"\/>\n\n\n\n<p>In 2010, Imane Far\u00e8s founded the eponymous gallery in Paris, with the ambition to promote the practices of contemporary artists from the African continent and the Arab worlds. This strong commitment to artistic scenes that are rarely put forward, resonates with her dual Lebanese and Senegalese identity.<\/p>\n<p>The gallery represents: Sinzo Aanza, Basma al-Sharif, Sammy Baloji, Ali Cherri, Emeka Ogboh, Youn\u00e8s Rahmoun, and James Webb.<\/p>\n<p>The gallery has been recognized by its peers as a precursor of this transformation of the art world\u2019s cartography and now represents seven artists, whose work spans a wide range of media: installation, public sculpture, film, photography, drawing, but also fiction and theatre writing, as well as curating. It systematically organizes these artists\u2019 first solo exhibitions in France.<\/p>\n<p>In order to accompany their work, the gallery makes it a point to provide them with unconditional material support and to encourage the creation of critical discourse around their projects.<\/p>\n<p><em>Presents <span style=\"font-size: 1rem; background-color: rgba(255, 255, 255, 0);\"><a href=\"https:\/\/bis-art.com\/index.php\/james-webb\/\">James Webb<\/a><\/span><\/em><\/p>\n<p><\/p>\n\n\n\n<hr class=\"wp-block-separator has-text-color has-background has-ast-global-color-0-background-color has-ast-global-color-0-color is-style-wide\"\/>\n<\/div>\n\n\n\n<div class=\"wp-block-column\" style=\"flex-basis:33.33%\">\n<figure class=\"wp-block-image size-large\"><img loading=\"lazy\" width=\"1440\" height=\"1046\" src=\"https:\/\/bis-art.com\/wp-content\/uploads\/2023\/06\/GalerieImaneFares_photo_Tadzio.jpg\" alt=\"\" class=\"wp-image-3150\" srcset=\"https:\/\/bis-art.com\/wp-content\/uploads\/2023\/06\/GalerieImaneFares_photo_Tadzio.jpg 1440w, https:\/\/bis-art.com\/wp-content\/uploads\/2023\/06\/GalerieImaneFares_photo_Tadzio-300x218.jpg 300w, https:\/\/bis-art.com\/wp-content\/uploads\/2023\/06\/GalerieImaneFares_photo_Tadzio-768x558.jpg 768w\" sizes=\"(max-width: 1440px) 100vw, 1440px\" \/><figcaption><strong>Galerie Imane Far\u00e8s<br><\/strong>41, rue Mazarine <br>75006 Paris<br><a href=\"http:\/\/www.imanefares.com\" target=\"_blank\" rel=\"noreferrer noopener\">www.imanefares.com<br><\/a>JamesWebb Choose the Universe<br>Photo Tadzio<\/figcaption><\/figure>\n\n\n\n<p><\/p>\n<\/div>\n<\/div>\n\n\n<p><span style=\"color: #4b86c7;\"><a style=\"color: #4b86c7;\" href=\"https:\/\/bis-art.com\/index.php\/2023-galeries-partenaires\/\"><strong>&gt; \u00c9dition 2023 &#8211; Les Galeries Partenaires<\/strong><\/a><\/span><\/p>\n\n\n<div style=\"height:61px\" aria-hidden=\"true\" class=\"wp-block-spacer\"><\/div>\n\n\n\n<div style=\"height:60px\" aria-hidden=\"true\" class=\"wp-block-spacer\"><\/div>\n\n\n\n<p><\/p>\n","protected":false},"excerpt":{"rendered":"<p>Galerie Imane Far\u00e8s Imane Far\u00e8s fonde en 2010 la galerie \u00e9ponyme \u00e0 Paris, avec pour ambition de valoriser les pratiques d\u2019artistes contemporains du continent africain et des mondes arabes. Cet engagement fort vis-\u00e0-vis de sc\u00e8nes artistiques rarement mises en avant r\u00e9sonne avec sa double identit\u00e9 libanaise et s\u00e9n\u00e9galaise. La galerie soutient Sinzo Aanza, Basma al-Sharif, &hellip;<\/p>\n<p class=\"read-more\"> <a class=\"\" href=\"https:\/\/bis-art.com\/index.php\/galerie-imane-fares\/\"> <span class=\"screen-reader-text\">Galerie Imane Far\u00e8s<\/span> Lire la suite \u00bb<\/a><\/p>\n","protected":false},"author":1,"featured_media":0,"parent":0,"menu_order":0,"comment_status":"closed","ping_status":"closed","template":"","meta":{"site-sidebar-layout":"default","site-content-layout":"default","ast-global-header-display":"","ast-main-header-display":"","ast-hfb-above-header-display":"","ast-hfb-below-header-display":"","ast-hfb-mobile-header-display":"","site-post-title":"disabled","ast-breadcrumbs-content":"","ast-featured-img":"","footer-sml-layout":"","theme-transparent-header-meta":"","adv-header-id-meta":"","stick-header-meta":"","header-above-stick-meta":"","header-main-stick-meta":"","header-below-stick-meta":""},"_links":{"self":[{"href":"https:\/\/bis-art.com\/index.php\/wp-json\/wp\/v2\/pages\/2668"}],"collection":[{"href":"https:\/\/bis-art.com\/index.php\/wp-json\/wp\/v2\/pages"}],"about":[{"href":"https:\/\/bis-art.com\/index.php\/wp-json\/wp\/v2\/types\/page"}],"author":[{"embeddable":true,"href":"https:\/\/bis-art.com\/index.php\/wp-json\/wp\/v2\/users\/1"}],"replies":[{"embeddable":true,"href":"https:\/\/bis-art.com\/index.php\/wp-json\/wp\/v2\/comments?post=2668"}],"version-history":[{"count":2,"href":"https:\/\/bis-art.com\/index.php\/wp-json\/wp\/v2\/pages\/2668\/revisions"}],"predecessor-version":[{"id":3154,"href":"https:\/\/bis-art.com\/index.php\/wp-json\/wp\/v2\/pages\/2668\/revisions\/3154"}],"wp:attachment":[{"href":"https:\/\/bis-art.com\/index.php\/wp-json\/wp\/v2\/media?parent=2668"}],"curies":[{"name":"wp","href":"https:\/\/api.w.org\/{rel}","templated":true}]}}