{"id":2671,"date":"2023-05-28T09:37:58","date_gmt":"2023-05-28T07:37:58","guid":{"rendered":"https:\/\/bis-art.com\/?page_id=2671"},"modified":"2023-05-28T09:37:58","modified_gmt":"2023-05-28T07:37:58","slug":"galerie-max-hetzler","status":"publish","type":"page","link":"https:\/\/bis-art.com\/index.php\/galerie-max-hetzler\/","title":{"rendered":"Galerie Max Hetzler"},"content":{"rendered":"\n<div style=\"height:60px\" aria-hidden=\"true\" class=\"wp-block-spacer\"><\/div>\n\n\n\n<div class=\"wp-block-columns\">\n<div class=\"wp-block-column\" style=\"flex-basis:66.66%\">\n<h2 class=\"p1\">Galerie Max Hetzler<\/h2>\n\n\n\n<div style=\"height:60px\" aria-hidden=\"true\" class=\"wp-block-spacer\"><\/div>\n\n\n\n<p>La galerie Max Hetzler est bas\u00e9e en Allemagne depuis plus de 40 ans, d\u2019abord \u00e0 Cologne et depuis 1993 \u00e0 Berlin.<\/p>\n<p>Depuis sa cr\u00e9ation, Max Hetzler a pr\u00e9sent\u00e9 des expositions d&#8217;artistes contemporains \u00e9tablis ou \u00e9mergents et sa programmation n&#8217;a cess\u00e9 d&#8217;\u00e9voluer.<\/p>\n<p>Aujourd\u2019hui pr\u00e9sente \u00e9galement \u00e0 Paris ainsi qu\u2019\u00e0 Londres, elle continue de d\u00e9fendre des artistes de diff\u00e9rentes g\u00e9n\u00e9rations, tels que Bridget Riley, Albert Oehlen, G\u00fcnther F\u00f6rg, Tursic &amp; Mille ou Giulia Andreani. Des artistes de la sc\u00e8ne non occidentale tels que Ernesto Neto (Br\u00e9sil) ou Ai Weiwei (Chine continentale), deux personnalit\u00e9s tr\u00e8s engag\u00e9es au niveau de la libert\u00e9 d\u2019expression ou de la protection de la nature, font \u00e9galement partie du programme. En 2022, la galerie a inaugur\u00e9 une r\u00e9sidence d\u2019artiste et une galerie \u00e0 Marfa (Texas).<\/p>\n<p>La galerie participe aux principales foires internationales, B\u00e2le, Frieze, TEFAF ainsi que leurs \u00e9ditions satellites (Miami, Los Angeles, Hong Kong, Seoul ainsi que Cologne, Chicago ou Dallas) et publie r\u00e9guli\u00e8rement des ouvrages sur ses artistes et ses expositions.<\/p>\n<p><span style=\"font-size: 1rem; background-color: rgba(255, 255, 255, 0);\">Repr\u00e9sente <a href=\"https:\/\/bis-art.com\/index.php\/giulia-andreani\/\">Giulia Andreani<\/a><\/span><\/p>\n<p>\u00a0<\/p>\n\n\n\n<hr class=\"wp-block-separator has-text-color has-background has-ast-global-color-0-background-color has-ast-global-color-0-color is-style-wide\"\/>\n\n\n\n<p>Galerie Max Hetzler has been based in Germany for over 40 years, first in Cologne and since 1993 in Berlin.<br \/>Since its creation, Max Hetzler has presented exhibitions of both established and emerging contemporary artists and its programming has continued to evolve.<br \/>Today it is also present in Paris and London and continues to support artists of different generations, such as Bridget Riley, Albert Oehlen, G\u00fcnther F\u00f6rg, Tursic &amp; Mille and Giulia Andreani. Artists from the non-Western scene such as Ernesto Neto (Brazil) or Ai Weiwei (mainland China), two personalities who are very committed to freedom of expression or the protection of nature, are also part of the program. In 2022, the gallery inaugurated an artist residency and a gallery in Marfa (Texas).<br \/>The gallery participates in the main international fairs, Basel, Frieze, TEFAF and their satellite editions (Miami, Los Angeles, Hong Kong, Seoul as well as Cologne, Chicago or Dallas) and regularly publishes books on its artists and exhibitions.<\/p>\n<p>Ai Weiwei \u2022 Darren Almond \u2022 Giulia Andreani \u2022 Matthew Barney \u2022 Louise Bonnet \u2022 Joe Bradley \u2022 Glenn Brown \u2022 Andr\u00e9 Butzer \u2022 William N. Copley \u2022 Carroll Dunham \u2022 Ida Ekblad \u2022 Jeff Elrod \u2022 Urs Fischer \u2022 Walton Ford \u2022 G\u00fcnther F\u00f6rg \u2022 Katharina Grosse \u2022 Raymond Hains \u2022 Robert Holyhead \u2022 Friedrich Kunath \u2022 Liz Larner \u2022 Inge Mahn \u2022 Michel Majerus \u2022 Marepe \u2022 Beatriz Milhazes \u2022 Ernesto Neto \u2022 Navid Nuur \u2022 Albert Oehlen \u2022 Adam Pendleton \u2022 Richard Prince \u2022 Bridget Riley \u2022 Raphaela Simon \u2022 Thomas Struth \u2022 Tursic &amp; Mille \u2022 Rinus Van de Velde \u2022 Edmund de Waal \u2022 Rebecca Warren \u2022 Christopher Wool \u2022 Zhang Wei \u2022 Toby Ziegler +<\/p>\n<p><em style=\"font-size: 1rem; background-color: rgba(255, 255, 255, 0);\">Presents <a href=\"https:\/\/bis-art.com\/index.php\/giulia-andreani\/\">Giulia Andreani<\/a><\/em><\/p>\n<p>\u00a0<\/p>\n\n\n\n<hr class=\"wp-block-separator has-text-color has-background has-ast-global-color-0-background-color has-ast-global-color-0-color is-style-wide\"\/>\n<\/div>\n\n\n\n<div class=\"wp-block-column\" style=\"flex-basis:33.33%\">\n<figure class=\"wp-block-image size-large\"><img loading=\"lazy\" width=\"1024\" height=\"774\" src=\"https:\/\/bis-art.com\/wp-content\/uploads\/2023\/05\/GalerieMaxHetzler-1024x774.jpg\" alt=\"\" class=\"wp-image-2672\" srcset=\"https:\/\/bis-art.com\/wp-content\/uploads\/2023\/05\/GalerieMaxHetzler-1024x774.jpg 1024w, https:\/\/bis-art.com\/wp-content\/uploads\/2023\/05\/GalerieMaxHetzler-300x227.jpg 300w, https:\/\/bis-art.com\/wp-content\/uploads\/2023\/05\/GalerieMaxHetzler-768x581.jpg 768w, https:\/\/bis-art.com\/wp-content\/uploads\/2023\/05\/GalerieMaxHetzler.jpg 1440w\" sizes=\"(max-width: 1024px) 100vw, 1024px\" \/><figcaption><strong>Galerie Max Hetzler\u00a0<br><\/strong>46 &amp; 57, rue du Temple<br>75004 Paris\u00a0<br><a href=\"http:\/\/www.maxhetzler.com\" target=\"_blank\" rel=\"noreferrer noopener\">www.maxhetzler.com<\/a><\/figcaption><\/figure>\n\n\n\n<p><\/p>\n<\/div>\n<\/div>\n\n\n<p><span style=\"color: #4b86c7;\"><a style=\"color: #4b86c7;\" href=\"https:\/\/bis-art.com\/index.php\/2023-galeries-partenaires\/\"><strong>&gt; \u00c9dition 2023 &#8211; Les Galeries Partenaires<\/strong><\/a><\/span><\/p>\n\n\n<div style=\"height:61px\" aria-hidden=\"true\" class=\"wp-block-spacer\"><\/div>\n\n\n\n<div style=\"height:60px\" aria-hidden=\"true\" class=\"wp-block-spacer\"><\/div>\n\n\n\n<p><\/p>\n","protected":false},"excerpt":{"rendered":"<p>Galerie Max Hetzler La galerie Max Hetzler est bas\u00e9e en Allemagne depuis plus de 40 ans, d\u2019abord \u00e0 Cologne et depuis 1993 \u00e0 Berlin. Depuis sa cr\u00e9ation, Max Hetzler a pr\u00e9sent\u00e9 des expositions d&#8217;artistes contemporains \u00e9tablis ou \u00e9mergents et sa programmation n&#8217;a cess\u00e9 d&#8217;\u00e9voluer. Aujourd\u2019hui pr\u00e9sente \u00e9galement \u00e0 Paris ainsi qu\u2019\u00e0 Londres, elle continue de &hellip;<\/p>\n<p class=\"read-more\"> <a class=\"\" href=\"https:\/\/bis-art.com\/index.php\/galerie-max-hetzler\/\"> <span class=\"screen-reader-text\">Galerie Max Hetzler<\/span> Lire la suite \u00bb<\/a><\/p>\n","protected":false},"author":1,"featured_media":0,"parent":0,"menu_order":0,"comment_status":"closed","ping_status":"closed","template":"","meta":{"site-sidebar-layout":"default","site-content-layout":"default","ast-global-header-display":"","ast-main-header-display":"","ast-hfb-above-header-display":"","ast-hfb-below-header-display":"","ast-hfb-mobile-header-display":"","site-post-title":"disabled","ast-breadcrumbs-content":"","ast-featured-img":"","footer-sml-layout":"","theme-transparent-header-meta":"","adv-header-id-meta":"","stick-header-meta":"","header-above-stick-meta":"","header-main-stick-meta":"","header-below-stick-meta":""},"_links":{"self":[{"href":"https:\/\/bis-art.com\/index.php\/wp-json\/wp\/v2\/pages\/2671"}],"collection":[{"href":"https:\/\/bis-art.com\/index.php\/wp-json\/wp\/v2\/pages"}],"about":[{"href":"https:\/\/bis-art.com\/index.php\/wp-json\/wp\/v2\/types\/page"}],"author":[{"embeddable":true,"href":"https:\/\/bis-art.com\/index.php\/wp-json\/wp\/v2\/users\/1"}],"replies":[{"embeddable":true,"href":"https:\/\/bis-art.com\/index.php\/wp-json\/wp\/v2\/comments?post=2671"}],"version-history":[{"count":2,"href":"https:\/\/bis-art.com\/index.php\/wp-json\/wp\/v2\/pages\/2671\/revisions"}],"predecessor-version":[{"id":2674,"href":"https:\/\/bis-art.com\/index.php\/wp-json\/wp\/v2\/pages\/2671\/revisions\/2674"}],"wp:attachment":[{"href":"https:\/\/bis-art.com\/index.php\/wp-json\/wp\/v2\/media?parent=2671"}],"curies":[{"name":"wp","href":"https:\/\/api.w.org\/{rel}","templated":true}]}}