{"id":2678,"date":"2023-05-28T10:31:15","date_gmt":"2023-05-28T08:31:15","guid":{"rendered":"https:\/\/bis-art.com\/?page_id=2678"},"modified":"2023-05-28T10:31:16","modified_gmt":"2023-05-28T08:31:16","slug":"galerie-gilla-lorcher","status":"publish","type":"page","link":"https:\/\/bis-art.com\/index.php\/galerie-gilla-lorcher\/","title":{"rendered":"Galerie Gilla L\u00f6rcher"},"content":{"rendered":"\n<div style=\"height:60px\" aria-hidden=\"true\" class=\"wp-block-spacer\"><\/div>\n\n\n\n<div class=\"wp-block-columns\">\n<div class=\"wp-block-column\" style=\"flex-basis:66.66%\">\n<h2 class=\"p1\">Galerie Gilla L\u00f6rcher I Contemporary Art<\/h2>\n\n\n\n<div style=\"height:60px\" aria-hidden=\"true\" class=\"wp-block-spacer\"><\/div>\n\n\n\n<p>Bient\u00f4t en ligne.<\/p>\n<p>Repr\u00e9sente <a href=\"https:\/\/bis-art.com\/index.php\/john-cornu\/\">John Cornu<\/a><\/p>\n<p>\u00a0<\/p>\n\n\n\n<hr class=\"wp-block-separator has-text-color has-background has-ast-global-color-0-background-color has-ast-global-color-0-color is-style-wide\"\/>\n\n\n\n<p><em>Coming soon.<\/em><\/p>\n<p><em>Presents <a href=\"https:\/\/bis-art.com\/index.php\/john-cornu\/\">John Cornu<\/a><\/em><\/p>\n<p>\u00a0<\/p>\n\n\n\n<hr class=\"wp-block-separator has-text-color has-background has-ast-global-color-0-background-color has-ast-global-color-0-color is-style-wide\"\/>\n<\/div>\n\n\n\n<div class=\"wp-block-column\" style=\"flex-basis:33.33%\">\n<figure class=\"wp-block-image size-large\"><img loading=\"lazy\" width=\"1024\" height=\"678\" src=\"https:\/\/bis-art.com\/wp-content\/uploads\/2023\/05\/GalerieGillaLoercher_JohnCornu_AtlantesetCariatides_Photo_CHROMA_courtesy_Galerie_Gilla_Loercher_and_the_artist-1024x678.jpg\" alt=\"\" class=\"wp-image-2679\" srcset=\"https:\/\/bis-art.com\/wp-content\/uploads\/2023\/05\/GalerieGillaLoercher_JohnCornu_AtlantesetCariatides_Photo_CHROMA_courtesy_Galerie_Gilla_Loercher_and_the_artist-1024x678.jpg 1024w, https:\/\/bis-art.com\/wp-content\/uploads\/2023\/05\/GalerieGillaLoercher_JohnCornu_AtlantesetCariatides_Photo_CHROMA_courtesy_Galerie_Gilla_Loercher_and_the_artist-300x199.jpg 300w, https:\/\/bis-art.com\/wp-content\/uploads\/2023\/05\/GalerieGillaLoercher_JohnCornu_AtlantesetCariatides_Photo_CHROMA_courtesy_Galerie_Gilla_Loercher_and_the_artist-768x509.jpg 768w, https:\/\/bis-art.com\/wp-content\/uploads\/2023\/05\/GalerieGillaLoercher_JohnCornu_AtlantesetCariatides_Photo_CHROMA_courtesy_Galerie_Gilla_Loercher_and_the_artist.jpg 1440w\" sizes=\"(max-width: 1024px) 100vw, 1024px\" \/><figcaption><strong>Galerie Gilla L\u00f6rcher I Contemporary Art<br><\/strong>Pohlstr. 73<br>10785 Berlin, Germany<br><a href=\"http:\/\/www.galeriegillaloercher.de\" target=\"_blank\" rel=\"noreferrer noopener\">www.galeriegillaloercher.de<\/a><br>John Cornu, Atlantes &amp; Cariatides.<br>At Galerie Gilla Loercher 2022<br>Photo: CHROMA,<br>Courtesy Galerie Gilla Loercher and the artist<br><\/figcaption><\/figure>\n\n\n\n<p><\/p>\n<\/div>\n<\/div>\n\n\n<p><span style=\"color: #4b86c7;\"><a style=\"color: #4b86c7;\" href=\"https:\/\/bis-art.com\/index.php\/2023-galeries-partenaires\/\"><strong>&gt; \u00c9dition 2023 &#8211; Les Galeries Partenaires<\/strong><\/a><\/span><\/p>\n\n\n<div style=\"height:61px\" aria-hidden=\"true\" class=\"wp-block-spacer\"><\/div>\n\n\n\n<div style=\"height:60px\" aria-hidden=\"true\" class=\"wp-block-spacer\"><\/div>\n\n\n\n<p><\/p>\n","protected":false},"excerpt":{"rendered":"<p>Galerie Gilla L\u00f6rcher I Contemporary Art Bient\u00f4t en ligne. Repr\u00e9sente John Cornu \u00a0 Coming soon. Presents John Cornu \u00a0 &gt; \u00c9dition 2023 &#8211; Les Galeries Partenaires<\/p>\n","protected":false},"author":1,"featured_media":0,"parent":0,"menu_order":0,"comment_status":"closed","ping_status":"closed","template":"","meta":{"site-sidebar-layout":"default","site-content-layout":"default","ast-global-header-display":"","ast-main-header-display":"","ast-hfb-above-header-display":"","ast-hfb-below-header-display":"","ast-hfb-mobile-header-display":"","site-post-title":"disabled","ast-breadcrumbs-content":"","ast-featured-img":"","footer-sml-layout":"","theme-transparent-header-meta":"","adv-header-id-meta":"","stick-header-meta":"","header-above-stick-meta":"","header-main-stick-meta":"","header-below-stick-meta":""},"_links":{"self":[{"href":"https:\/\/bis-art.com\/index.php\/wp-json\/wp\/v2\/pages\/2678"}],"collection":[{"href":"https:\/\/bis-art.com\/index.php\/wp-json\/wp\/v2\/pages"}],"about":[{"href":"https:\/\/bis-art.com\/index.php\/wp-json\/wp\/v2\/types\/page"}],"author":[{"embeddable":true,"href":"https:\/\/bis-art.com\/index.php\/wp-json\/wp\/v2\/users\/1"}],"replies":[{"embeddable":true,"href":"https:\/\/bis-art.com\/index.php\/wp-json\/wp\/v2\/comments?post=2678"}],"version-history":[{"count":1,"href":"https:\/\/bis-art.com\/index.php\/wp-json\/wp\/v2\/pages\/2678\/revisions"}],"predecessor-version":[{"id":2680,"href":"https:\/\/bis-art.com\/index.php\/wp-json\/wp\/v2\/pages\/2678\/revisions\/2680"}],"wp:attachment":[{"href":"https:\/\/bis-art.com\/index.php\/wp-json\/wp\/v2\/media?parent=2678"}],"curies":[{"name":"wp","href":"https:\/\/api.w.org\/{rel}","templated":true}]}}