{"id":2681,"date":"2023-05-28T10:38:42","date_gmt":"2023-05-28T08:38:42","guid":{"rendered":"https:\/\/bis-art.com\/?page_id=2681"},"modified":"2023-06-12T09:35:28","modified_gmt":"2023-06-12T07:35:28","slug":"mennour","status":"publish","type":"page","link":"https:\/\/bis-art.com\/index.php\/mennour\/","title":{"rendered":"Mennour"},"content":{"rendered":"\n<div style=\"height:60px\" aria-hidden=\"true\" class=\"wp-block-spacer\"><\/div>\n\n\n\n<div class=\"wp-block-columns\">\n<div class=\"wp-block-column\" style=\"flex-basis:66.66%\">\n<h2 class=\"p1\">Mennour<\/h2>\n\n\n\n<div style=\"height:60px\" aria-hidden=\"true\" class=\"wp-block-spacer\"><\/div>\n\n\n\n<p>Mennour est une galerie d&#8217;art fond\u00e9e \u00e0 Paris en 1999. A travers ses expositions, ses projets d\u00e9velopp\u00e9s en partenariat avec des institutions culturelles, sa pr\u00e9sence dans les grandes foires d&#8217;art internationales et son r\u00e9seau de collaborateurs \u00e0 travers le monde, la galerie est pr\u00e9sente de l&#8217;Asie aux Am\u00e9riques, de l&#8217;Afrique au Moyen-Orient. Elle est aujourd&#8217;hui l&#8217;un des acteurs majeurs de l&#8217;art contemporain et du march\u00e9 de l&#8217;art.<\/p>\n<p>La galerie Mennour repr\u00e9sente une quarantaine d&#8217;artistes vivants et de successions artistiques, parmi les plus significatifs dans le domaine de l&#8217;art moderne et contemporain, dont Daniel Buren, Alicja Kwade, Ugo Rondinone, Camille Henrot, Lee Ufan, Latifa Echakhch, Anish Kapoor, Ann Veronica Janssens, Bertrand Lavier, Zineb Sedira, Douglas Gordon, Mohamed Bourouissa, Huang Yong Ping, Jean Degottex, Judit Reigl, Fran\u00e7ois Morellet. &#8230; \u00e0 certains des plus prometteurs, comme Ymane Chabi-Gara et Dhewadi Hadjab par exemple.<\/p>\n<p>L&#8217;\u00e9nergie que la galerie Mennour consacre \u00e0 la promotion de ses artistes est motiv\u00e9e par la volont\u00e9 de faire se rencontrer diff\u00e9rentes g\u00e9n\u00e9rations d&#8217;artistes et diff\u00e9rentes p\u00e9riodes de l&#8217;histoire de l&#8217;art afin de r\u00e9\u00e9valuer en permanence ce qu&#8217;est la contemporan\u00e9it\u00e9 dans l&#8217;art.<\/p>\n<p>Pour ce faire, l&#8217;\u00e9quipe de la galerie comprend des experts dans les domaines moderne et contemporain, et dans le march\u00e9 de l&#8217;art, ainsi qu&#8217;une \u00e9quipe de recherche et de conservation.<\/p>\n<p>La galerie Mennour est \u00e9galement une maison d&#8217;\u00e9dition. Sous sa marque, de nombreux livres, essais et catalogues ont contribu\u00e9 \u00e0 sa vision et \u00e0 la recherche en histoire de l&#8217;art et ont favoris\u00e9 la diffusion et le partage de l&#8217;art contemporain avec un public plus large.<\/p>\n<p>Le fondateur de la galerie, Kamel Mennour, soutient \u00e9galement la recherche scientifique. En 2015, il a lanc\u00e9 le projet philanthropique HEROES for Imagine, qui vise \u00e0 collecter des fonds pour l&#8217;Institut Imagine, un centre de premier plan dans le monde pour la recherche, les soins et l&#8217;enseignement des maladies g\u00e9n\u00e9tiques. L&#8217;initiative HEROES for Imagine a permis de r\u00e9colter plus de vingt-deux millions d&#8217;euros au fil des ans, somme qui a \u00e9t\u00e9 investie dans le financement de projets strat\u00e9giques et de plateformes technologiques, dont un s\u00e9quenceur d&#8217;ADN n\u00e9cessaire pour diagnostiquer de nouvelles maladies g\u00e9n\u00e9tiques.<\/p>\n<p><span style=\"font-size: 1rem; background-color: rgba(255, 255, 255, 0);\">Repr\u00e9sente <\/span><a href=\"https:\/\/bis-art.com\/index.php\/petrit-halilaj\/\">Petrit Halilaj<\/a> et <a href=\"https:\/\/bis-art.com\/index.php\/tadashi-kawamata\/\">Tadashi Kawamata<\/a><\/p>\n<p><\/p>\n\n\n\n<hr class=\"wp-block-separator has-text-color has-background has-ast-global-color-0-background-color has-ast-global-color-0-color is-style-wide\"\/>\n\n\n\n<p>Mennour is an art gallery founded in Paris in 1999. Through its exhibitions, its projects developed in partnership with cultural institutions, its presence in major international art fairs, and its network of collaborators throughout the world, the gallery is present from Asia to the Americas, and from Africa to the Middle East. Today, it is one of the key actors in contemporary art and the art market.<\/p>\n<p>Gallery Mennour represents about forty living artists and artistic estates, from among the most significant in the field of modern and contemporary art, including Daniel Buren, Alicja Kwade, Ugo Rondinone, Camille Henrot, Lee Ufan, Latifa Echakhch, Anish Kapoor, Ann Veronica Janssens, Bertrand Lavier, Zineb Sedira, Douglas Gordon, Mohamed Bourouissa, Huang Yong Ping, Jean Degottex, Judit Reigl, Fran\u00e7ois Morellet&#8230; to some of the most promising, such as Ymane Chabi-Gara and Dhewadi Hadjab for instance.<\/p>\n<p>The energy that gallery Mennour pours into the promotion of its artists is motivated by a vision of bringing different generations of artists and different periods of art history together in order to permanently reevaluate what contemporaneity is in art.<\/p>\n<p>To do this, the gallery\u2019s team includes experts in the modern and contemporary fields, and in the art market, as well as a research and conservation team.<\/p>\n<p>Gallery Mennour is also a publishing house. Under its imprint, many books, essays, and catalogues have contributed to its vision and to art historical research and have fostered the dissemination and sharing of contemporary art with a wider public.<\/p>\n<p>The gallery\u2019s founder, Kamel Mennour, also supports scientific research. In 2015, he initiated the ongoing philanthropic project HEROES for&nbsp;<em>Imagine<\/em>, which aims to raise money for the Imagine Institute, a leading centre in the world for research, care, and teaching in genetic illnesses. The HEROES for&nbsp;<em>Imagine<\/em><em>&nbsp;<\/em>initiative has raised more than twenty-two million euros over the years, money that has been invested in financing strategic projects and technological platforms, including a DNA sequencer needed for diagnosing new genetic illnesses.<\/p>\n<p><em style=\"font-size: 1rem; background-color: rgba(255, 255, 255, 0);\">Presents <a href=\"https:\/\/bis-art.com\/index.php\/petrit-halilaj\/\">Petrit Halilaj<\/a> and <a href=\"https:\/\/bis-art.com\/index.php\/tadashi-kawamata\/\">Tadashi Kawamata<\/a><\/em><\/p>\n<p><\/p>\n\n\n\n<hr class=\"wp-block-separator has-text-color has-background has-ast-global-color-0-background-color has-ast-global-color-0-color is-style-wide\"\/>\n<\/div>\n\n\n\n<div class=\"wp-block-column\" style=\"flex-basis:33.33%\">\n<figure class=\"wp-block-image size-large\"><img loading=\"lazy\" width=\"1440\" height=\"960\" src=\"https:\/\/bis-art.com\/wp-content\/uploads\/2023\/06\/Mennour_Photo-archives-Mennour.jpg\" alt=\"\" class=\"wp-image-3152\" srcset=\"https:\/\/bis-art.com\/wp-content\/uploads\/2023\/06\/Mennour_Photo-archives-Mennour.jpg 1440w, https:\/\/bis-art.com\/wp-content\/uploads\/2023\/06\/Mennour_Photo-archives-Mennour-300x200.jpg 300w, https:\/\/bis-art.com\/wp-content\/uploads\/2023\/06\/Mennour_Photo-archives-Mennour-768x512.jpg 768w\" sizes=\"(max-width: 1440px) 100vw, 1440px\" \/><figcaption><strong>Mennour<br><\/strong>47 rue Saint-Andr\u00e9-des-Arts<br>75006 Paris<br><a href=\"http:\/\/www.mennour.com\" target=\"_blank\" rel=\"noreferrer noopener\">www.mennour.com<\/a><br>Photo Archives Mennour<\/figcaption><\/figure>\n\n\n\n<p><\/p>\n\n\n\n<p><\/p>\n<\/div>\n<\/div>\n\n\n<p><span style=\"color: #4b86c7;\"><a style=\"color: #4b86c7;\" href=\"https:\/\/bis-art.com\/index.php\/2023-galeries-partenaires\/\"><strong>&gt; \u00c9dition 2023 &#8211; Les Galeries Partenaires<\/strong><\/a><\/span><\/p>\n\n\n<div style=\"height:61px\" aria-hidden=\"true\" class=\"wp-block-spacer\"><\/div>\n\n\n\n<div style=\"height:60px\" aria-hidden=\"true\" class=\"wp-block-spacer\"><\/div>\n\n\n\n<p><\/p>\n","protected":false},"excerpt":{"rendered":"<p>Mennour Mennour est une galerie d&#8217;art fond\u00e9e \u00e0 Paris en 1999. A travers ses expositions, ses projets d\u00e9velopp\u00e9s en partenariat avec des institutions culturelles, sa pr\u00e9sence dans les grandes foires d&#8217;art internationales et son r\u00e9seau de collaborateurs \u00e0 travers le monde, la galerie est pr\u00e9sente de l&#8217;Asie aux Am\u00e9riques, de l&#8217;Afrique au Moyen-Orient. Elle est &hellip;<\/p>\n<p class=\"read-more\"> <a class=\"\" href=\"https:\/\/bis-art.com\/index.php\/mennour\/\"> <span class=\"screen-reader-text\">Mennour<\/span> Lire la suite \u00bb<\/a><\/p>\n","protected":false},"author":1,"featured_media":0,"parent":0,"menu_order":0,"comment_status":"closed","ping_status":"closed","template":"","meta":{"site-sidebar-layout":"default","site-content-layout":"default","ast-global-header-display":"","ast-main-header-display":"","ast-hfb-above-header-display":"","ast-hfb-below-header-display":"","ast-hfb-mobile-header-display":"","site-post-title":"disabled","ast-breadcrumbs-content":"","ast-featured-img":"","footer-sml-layout":"","theme-transparent-header-meta":"","adv-header-id-meta":"","stick-header-meta":"","header-above-stick-meta":"","header-main-stick-meta":"","header-below-stick-meta":""},"_links":{"self":[{"href":"https:\/\/bis-art.com\/index.php\/wp-json\/wp\/v2\/pages\/2681"}],"collection":[{"href":"https:\/\/bis-art.com\/index.php\/wp-json\/wp\/v2\/pages"}],"about":[{"href":"https:\/\/bis-art.com\/index.php\/wp-json\/wp\/v2\/types\/page"}],"author":[{"embeddable":true,"href":"https:\/\/bis-art.com\/index.php\/wp-json\/wp\/v2\/users\/1"}],"replies":[{"embeddable":true,"href":"https:\/\/bis-art.com\/index.php\/wp-json\/wp\/v2\/comments?post=2681"}],"version-history":[{"count":2,"href":"https:\/\/bis-art.com\/index.php\/wp-json\/wp\/v2\/pages\/2681\/revisions"}],"predecessor-version":[{"id":3153,"href":"https:\/\/bis-art.com\/index.php\/wp-json\/wp\/v2\/pages\/2681\/revisions\/3153"}],"wp:attachment":[{"href":"https:\/\/bis-art.com\/index.php\/wp-json\/wp\/v2\/media?parent=2681"}],"curies":[{"name":"wp","href":"https:\/\/api.w.org\/{rel}","templated":true}]}}