{"id":2684,"date":"2023-05-28T10:49:00","date_gmt":"2023-05-28T08:49:00","guid":{"rendered":"https:\/\/bis-art.com\/?page_id=2684"},"modified":"2023-05-28T10:49:01","modified_gmt":"2023-05-28T08:49:01","slug":"perrotin","status":"publish","type":"page","link":"https:\/\/bis-art.com\/index.php\/perrotin\/","title":{"rendered":"Perrotin"},"content":{"rendered":"\n<div style=\"height:60px\" aria-hidden=\"true\" class=\"wp-block-spacer\"><\/div>\n\n\n\n<div class=\"wp-block-columns\">\n<div class=\"wp-block-column\" style=\"flex-basis:66.66%\">\n<h2 class=\"p1\">Perrotin<\/h2>\n\n\n\n<div style=\"height:60px\" aria-hidden=\"true\" class=\"wp-block-spacer\"><\/div>\n\n\n\n<p>Emmanuel Perrotin fonde la galerie Perrotin en 1990 \u00e0 l\u2019\u00e2ge de vingt-et-un ans. Il a depuis ouvert plus de vingt espaces diff\u00e9rents, sur trois continents. Depuis pr\u00e8s de 30 ans, il accompagne des artistes fran\u00e7ais et internationaux dans le d\u00e9veloppement de leurs projets les plus ambitieux.<\/p>\n<p>Pr\u00e9sent dans 7 villes\u00a0bient\u00f4t 8 : Paris, Hong Kong, New York, S\u00e9oul, Tokyo, Shanghai, Duba\u00ef et bient\u00f4t Los Angeles, la totalit\u00e9 de ses espaces repr\u00e9sente une superficie de 7800 m\u00e8tres carr\u00e9s. La galerie repr\u00e9sente une soixantaine d&#8217;artistes et sept estates, et collabore \u00e9galement avec une vingtaine d&#8217;autres artistes contemporains. Au total, la galerie expose des artistes \u00e9tablis et \u00e9mergents de plus de vingt nationalit\u00e9s.<\/p>\n<p><span style=\"font-size: 1rem; background-color: rgba(255, 255, 255, 0);\">Repr\u00e9sente <\/span><a href=\"https:\/\/bis-art.com\/index.php\/jean-marie-appriou\/\">Jean-Marie Appriou<\/a> et <a href=\"https:\/\/bis-art.com\/index.php\/xavier-veilhan\/\">Xavier Veilhan<\/a><\/p>\n<p>\u00a0<\/p>\n\n\n\n<hr class=\"wp-block-separator has-text-color has-background has-ast-global-color-0-background-color has-ast-global-color-0-color is-style-wide\"\/>\n\n\n\n<p>Emmanuel Perrotin founded his first gallery in 1990 at the age of twenty-one. He has worked closely with his roster of artists, some for more than twenty-five years, to help fulfill their ambitious projects. Perrotin has galleries in 7 cities (soon 8): Paris, Hong Kong, New York, Seoul, Tokyo, Shanghai, Dubai and soon Los Angeles totaling 7,800 square meters (84,000 square feet) of exhibition space.\u00a0<\/p>\n<p>Today, Perrotin represents some sixty artists and seven estates hailing from more than 20 different nationalities, and also works on an occasional basis with some twenty other artists.<\/p>\n<p><em style=\"font-size: 1rem; background-color: rgba(255, 255, 255, 0);\">Presents<a href=\"https:\/\/bis-art.com\/index.php\/jean-marie-appriou\/\">Jean-Marie Appriou<\/a> and <a href=\"https:\/\/bis-art.com\/index.php\/xavier-veilhan\/\">Xavier Veilhan<\/a><\/em><\/p>\n<p>\u00a0<\/p>\n\n\n\n<hr class=\"wp-block-separator has-text-color has-background has-ast-global-color-0-background-color has-ast-global-color-0-color is-style-wide\"\/>\n<\/div>\n\n\n\n<div class=\"wp-block-column\" style=\"flex-basis:33.33%\">\n<figure class=\"wp-block-image size-large\"><img loading=\"lazy\" width=\"1024\" height=\"1024\" src=\"https:\/\/bis-art.com\/wp-content\/uploads\/2023\/05\/GaleriePerrotinParis_Photo_Tanguy_Beurdeley_Courtesy_Perrotin-1024x1024.jpg\" alt=\"\" class=\"wp-image-2685\" srcset=\"https:\/\/bis-art.com\/wp-content\/uploads\/2023\/05\/GaleriePerrotinParis_Photo_Tanguy_Beurdeley_Courtesy_Perrotin-1024x1024.jpg 1024w, https:\/\/bis-art.com\/wp-content\/uploads\/2023\/05\/GaleriePerrotinParis_Photo_Tanguy_Beurdeley_Courtesy_Perrotin-300x300.jpg 300w, https:\/\/bis-art.com\/wp-content\/uploads\/2023\/05\/GaleriePerrotinParis_Photo_Tanguy_Beurdeley_Courtesy_Perrotin-150x150.jpg 150w, https:\/\/bis-art.com\/wp-content\/uploads\/2023\/05\/GaleriePerrotinParis_Photo_Tanguy_Beurdeley_Courtesy_Perrotin-768x767.jpg 768w, https:\/\/bis-art.com\/wp-content\/uploads\/2023\/05\/GaleriePerrotinParis_Photo_Tanguy_Beurdeley_Courtesy_Perrotin.jpg 1440w\" sizes=\"(max-width: 1024px) 100vw, 1024px\" \/><figcaption><strong>Perrotin<\/strong><br>76 rue de Turenne<br>75003 Paris<br>8 Avenue Matignon<br>75008 Paris<br>2bis Avenue Matignon<br>75008 Paris<br><a href=\"http:\/\/www.perrotin.com\" target=\"_blank\" rel=\"noreferrer noopener\">www.perrotin.com<\/a><br>Vue de la fa\u00e7ade de la galerie Perrotin <br>dans le Marais,\u00a076 rue de Turenne<br>Photo Tanguy Beurdeley<br>Courtesy of Perrotin.<\/figcaption><\/figure>\n\n\n\n<p><\/p>\n\n\n\n<p><\/p>\n<\/div>\n<\/div>\n\n\n<p><span style=\"color: #4b86c7;\"><a style=\"color: #4b86c7;\" href=\"https:\/\/bis-art.com\/index.php\/2023-galeries-partenaires\/\"><strong>&gt; \u00c9dition 2023 &#8211; Les Galeries Partenaires<\/strong><\/a><\/span><\/p>\n\n\n<div style=\"height:61px\" aria-hidden=\"true\" class=\"wp-block-spacer\"><\/div>\n\n\n\n<div style=\"height:60px\" aria-hidden=\"true\" class=\"wp-block-spacer\"><\/div>\n\n\n\n<p><\/p>\n","protected":false},"excerpt":{"rendered":"<p>Perrotin Emmanuel Perrotin fonde la galerie Perrotin en 1990 \u00e0 l\u2019\u00e2ge de vingt-et-un ans. Il a depuis ouvert plus de vingt espaces diff\u00e9rents, sur trois continents. Depuis pr\u00e8s de 30 ans, il accompagne des artistes fran\u00e7ais et internationaux dans le d\u00e9veloppement de leurs projets les plus ambitieux. Pr\u00e9sent dans 7 villes\u00a0bient\u00f4t 8 : Paris, Hong &hellip;<\/p>\n<p class=\"read-more\"> <a class=\"\" href=\"https:\/\/bis-art.com\/index.php\/perrotin\/\"> <span class=\"screen-reader-text\">Perrotin<\/span> Lire la suite \u00bb<\/a><\/p>\n","protected":false},"author":1,"featured_media":0,"parent":0,"menu_order":0,"comment_status":"closed","ping_status":"closed","template":"","meta":{"site-sidebar-layout":"default","site-content-layout":"default","ast-global-header-display":"","ast-main-header-display":"","ast-hfb-above-header-display":"","ast-hfb-below-header-display":"","ast-hfb-mobile-header-display":"","site-post-title":"disabled","ast-breadcrumbs-content":"","ast-featured-img":"","footer-sml-layout":"","theme-transparent-header-meta":"","adv-header-id-meta":"","stick-header-meta":"","header-above-stick-meta":"","header-main-stick-meta":"","header-below-stick-meta":""},"_links":{"self":[{"href":"https:\/\/bis-art.com\/index.php\/wp-json\/wp\/v2\/pages\/2684"}],"collection":[{"href":"https:\/\/bis-art.com\/index.php\/wp-json\/wp\/v2\/pages"}],"about":[{"href":"https:\/\/bis-art.com\/index.php\/wp-json\/wp\/v2\/types\/page"}],"author":[{"embeddable":true,"href":"https:\/\/bis-art.com\/index.php\/wp-json\/wp\/v2\/users\/1"}],"replies":[{"embeddable":true,"href":"https:\/\/bis-art.com\/index.php\/wp-json\/wp\/v2\/comments?post=2684"}],"version-history":[{"count":1,"href":"https:\/\/bis-art.com\/index.php\/wp-json\/wp\/v2\/pages\/2684\/revisions"}],"predecessor-version":[{"id":2686,"href":"https:\/\/bis-art.com\/index.php\/wp-json\/wp\/v2\/pages\/2684\/revisions\/2686"}],"wp:attachment":[{"href":"https:\/\/bis-art.com\/index.php\/wp-json\/wp\/v2\/media?parent=2684"}],"curies":[{"name":"wp","href":"https:\/\/api.w.org\/{rel}","templated":true}]}}