{"id":2700,"date":"2023-05-28T11:31:56","date_gmt":"2023-05-28T09:31:56","guid":{"rendered":"https:\/\/bis-art.com\/?page_id=2700"},"modified":"2023-05-28T11:31:57","modified_gmt":"2023-05-28T09:31:57","slug":"hunt-kastner","status":"publish","type":"page","link":"https:\/\/bis-art.com\/index.php\/hunt-kastner\/","title":{"rendered":"Hunt Kastner"},"content":{"rendered":"\n<div style=\"height:60px\" aria-hidden=\"true\" class=\"wp-block-spacer\"><\/div>\n\n\n\n<div class=\"wp-block-columns\">\n<div class=\"wp-block-column\" style=\"flex-basis:66.66%\">\n<h2 class=\"p1\">Hunt Kastner<\/h2>\n\n\n\n<div style=\"height:60px\" aria-hidden=\"true\" class=\"wp-block-spacer\"><\/div>\n\n\n\n<p>hunt kastner est une galerie d&#8217;art contemporain situ\u00e9e \u00e0 Prague. Elle a \u00e9t\u00e9 cr\u00e9\u00e9e en 2006 par Camille Hunt et Katherine Kastner en r\u00e9ponse \u00e0 un besoin de repr\u00e9sentation plus professionnelle des artistes tch\u00e8ques, tant au niveau local qu&#8217;\u00e0 l&#8217;\u00e9tranger. \u00c0 l&#8217;\u00e9poque de la cr\u00e9ation de la galerie, il n&#8217;existait pas de tradition \u00e9tablie de galeries commerciales en R\u00e9publique tch\u00e8que pr\u00e9sentant un programme international et soutenant la production et l&#8217;exposition de nouvelles \u0153uvres contemporaines, ou repr\u00e9sentant et promouvant activement le travail des artistes \u00e0 l&#8217;\u00e9tranger. Aujourd&#8217;hui, hunt kastner est une pr\u00e9sence bien connue dans le monde international des galeries d&#8217;art, pr\u00e9sentant un programme de haute qualit\u00e9 \u00e0 Prague, ainsi que dans des foires d&#8217;art prestigieuses \u00e0 travers le monde.\u00a0 Avec une liste de dix-sept artistes, la galerie travaille en \u00e9troite collaboration avec certains des meilleurs et des plus innovants artistes de la jeune g\u00e9n\u00e9ration, des artistes en milieu de carri\u00e8re ainsi qu&#8217;un certain nombre d&#8217;artistes plus \u00e2g\u00e9s qui ont eu une influence durable sur leurs homologues plus jeunes.<\/p>\n<p>La galerie produit 6 \u00e0 8 expositions par an, y compris des expositions individuelles d&#8217;artistes de la galerie et d&#8217;artistes invit\u00e9s, ainsi que des expositions de groupe organis\u00e9es. En 2017, la galerie a \u00e9galement ouvert un espace de projet sur le site qui accueille 2 \u00e0 3 expositions suppl\u00e9mentaires par an.<\/p>\n<p><span style=\"font-size: 1rem; background-color: rgba(255, 255, 255, 0);\">Repr\u00e9sente <a href=\"https:\/\/bis-art.com\/index.php\/anna-hulacova\/\">Anna Hula\u010dov\u00e1<\/a><\/span><\/p>\n<p>\u00a0<\/p>\n\n\n\n<hr class=\"wp-block-separator has-text-color has-background has-ast-global-color-0-background-color has-ast-global-color-0-color is-style-wide\"\/>\n\n\n\n<p>hunt kastner is a contemporary art gallery in Prague that was established in 2006 by Camille Hunt and Katherine Kastner in response to a need for more professional representation of Czech artists both locally and abroad. At the time the gallery was founded there was no established tradition of commercial galleries in the Czech Republic presenting an international program and supporting the production and exhibition of new contemporary work, or who actively represented and promoted artists\u2019 work abroad. Today, hunt kastner is a well-known presence in the international gallery art world, presenting a high-quality program in Prague, as well as at prestigious art fairs around the world.\u00a0 With a roster of seventeen artists, the gallery closely works with some of the best and most innovative artists of the younger generation, mid-career artists as well as a number of older artists who have had an enduring influence on their younger counterparts.<\/p>\n<p>The gallery produces 6-8 exhibitions a year, including solo exhibitions of gallery and invited artists, as well as curated group exhibitions. In 2017, we also opened a project space on site which hosts an additional 2-3 exhibitions per year.<\/p>\n<p><em>Presents <a href=\"https:\/\/bis-art.com\/index.php\/anna-hulacova\/\">Anna Hula\u010dov\u00e1<\/a><\/em><\/p>\n<p>\u00a0<\/p>\n\n\n\n<hr class=\"wp-block-separator has-text-color has-background has-ast-global-color-0-background-color has-ast-global-color-0-color is-style-wide\"\/>\n<\/div>\n\n\n\n<div class=\"wp-block-column\" style=\"flex-basis:33.33%\">\n<figure class=\"wp-block-image size-large\"><img loading=\"lazy\" width=\"1024\" height=\"683\" src=\"https:\/\/bis-art.com\/wp-content\/uploads\/2023\/05\/HuntKastner_photo-Michal-Czanderle-1024x683.jpg\" alt=\"\" class=\"wp-image-2659\" srcset=\"https:\/\/bis-art.com\/wp-content\/uploads\/2023\/05\/HuntKastner_photo-Michal-Czanderle-1024x683.jpg 1024w, https:\/\/bis-art.com\/wp-content\/uploads\/2023\/05\/HuntKastner_photo-Michal-Czanderle-300x200.jpg 300w, https:\/\/bis-art.com\/wp-content\/uploads\/2023\/05\/HuntKastner_photo-Michal-Czanderle-768x512.jpg 768w, https:\/\/bis-art.com\/wp-content\/uploads\/2023\/05\/HuntKastner_photo-Michal-Czanderle.jpg 1440w\" sizes=\"(max-width: 1024px) 100vw, 1024px\" \/><figcaption><strong>Hunt Kastner<\/strong><br>bo\u0159ivojova 85 &#8211; <br>Prague 3 \u2013 \u017ei\u017ekov <br>czech republic<br><a href=\"http:\/\/www.huntkastner.com\" target=\"_blank\" rel=\"noreferrer noopener\">www.huntkastner.com<\/a><a href=\"http:\/\/www.imanefares.com\" target=\"_blank\" rel=\"noreferrer noopener\"><br><\/a>Anna Hulac\u030cova\u0301, Edible, Beautiful, Untamed<br>hunt kastner, 2022<br>Photo Michal Czanderle<\/figcaption><\/figure>\n\n\n\n<p><\/p>\n<\/div>\n<\/div>\n\n\n<p><span style=\"color: #4b86c7;\"><a style=\"color: #4b86c7;\" href=\"https:\/\/bis-art.com\/index.php\/2023-galeries-partenaires\/\"><strong>&gt; \u00c9dition 2023 &#8211; Les Galeries Partenaires<\/strong><\/a><\/span><\/p>\n\n\n<div style=\"height:61px\" aria-hidden=\"true\" class=\"wp-block-spacer\"><\/div>\n\n\n\n<div style=\"height:60px\" aria-hidden=\"true\" class=\"wp-block-spacer\"><\/div>\n\n\n\n<p><\/p>\n","protected":false},"excerpt":{"rendered":"<p>Hunt Kastner hunt kastner est une galerie d&#8217;art contemporain situ\u00e9e \u00e0 Prague. Elle a \u00e9t\u00e9 cr\u00e9\u00e9e en 2006 par Camille Hunt et Katherine Kastner en r\u00e9ponse \u00e0 un besoin de repr\u00e9sentation plus professionnelle des artistes tch\u00e8ques, tant au niveau local qu&#8217;\u00e0 l&#8217;\u00e9tranger. \u00c0 l&#8217;\u00e9poque de la cr\u00e9ation de la galerie, il n&#8217;existait pas de tradition &hellip;<\/p>\n<p class=\"read-more\"> <a class=\"\" href=\"https:\/\/bis-art.com\/index.php\/hunt-kastner\/\"> <span class=\"screen-reader-text\">Hunt Kastner<\/span> Lire la suite \u00bb<\/a><\/p>\n","protected":false},"author":1,"featured_media":0,"parent":0,"menu_order":0,"comment_status":"closed","ping_status":"closed","template":"","meta":{"site-sidebar-layout":"default","site-content-layout":"default","ast-global-header-display":"","ast-main-header-display":"","ast-hfb-above-header-display":"","ast-hfb-below-header-display":"","ast-hfb-mobile-header-display":"","site-post-title":"disabled","ast-breadcrumbs-content":"","ast-featured-img":"","footer-sml-layout":"","theme-transparent-header-meta":"","adv-header-id-meta":"","stick-header-meta":"","header-above-stick-meta":"","header-main-stick-meta":"","header-below-stick-meta":""},"_links":{"self":[{"href":"https:\/\/bis-art.com\/index.php\/wp-json\/wp\/v2\/pages\/2700"}],"collection":[{"href":"https:\/\/bis-art.com\/index.php\/wp-json\/wp\/v2\/pages"}],"about":[{"href":"https:\/\/bis-art.com\/index.php\/wp-json\/wp\/v2\/types\/page"}],"author":[{"embeddable":true,"href":"https:\/\/bis-art.com\/index.php\/wp-json\/wp\/v2\/users\/1"}],"replies":[{"embeddable":true,"href":"https:\/\/bis-art.com\/index.php\/wp-json\/wp\/v2\/comments?post=2700"}],"version-history":[{"count":1,"href":"https:\/\/bis-art.com\/index.php\/wp-json\/wp\/v2\/pages\/2700\/revisions"}],"predecessor-version":[{"id":2701,"href":"https:\/\/bis-art.com\/index.php\/wp-json\/wp\/v2\/pages\/2700\/revisions\/2701"}],"wp:attachment":[{"href":"https:\/\/bis-art.com\/index.php\/wp-json\/wp\/v2\/media?parent=2700"}],"curies":[{"name":"wp","href":"https:\/\/api.w.org\/{rel}","templated":true}]}}