{"id":2998,"date":"2023-06-10T15:55:05","date_gmt":"2023-06-10T13:55:05","guid":{"rendered":"https:\/\/bis-art.com\/?page_id=2998"},"modified":"2023-06-11T10:40:21","modified_gmt":"2023-06-11T08:40:21","slug":"2023-parcours-galerie-otero","status":"publish","type":"page","link":"https:\/\/bis-art.com\/index.php\/2023-parcours-galerie-otero\/","title":{"rendered":"2023-Parcours-Galerie Ot\u00e9ro"},"content":{"rendered":"\n<div style=\"height:60px\" aria-hidden=\"true\" class=\"wp-block-spacer\"><\/div>\n\n\n<h2><span style=\"color: #4b86c7;\">Edition 2023 &#8211; <\/span><span style=\"color: #4b86c7;\">une galerie &#8211; un artiste<\/span><\/h2>\n<h2>Galerie Ot\u00e9ro<\/h2>\n\n\n<div style=\"height:30px\" aria-hidden=\"true\" class=\"wp-block-spacer\"><\/div>\n\n\n\n<div class=\"wp-block-columns\">\n<div class=\"wp-block-column is-vertically-aligned-top\" style=\"flex-basis:33.33%\">\n<div class=\"wp-block-image is-style-default\"><figure class=\"alignleft size-large\"><img loading=\"lazy\" width=\"1440\" height=\"1431\" src=\"https:\/\/bis-art.com\/wp-content\/uploads\/2023\/06\/GalerieOtero_ClaudiePoinsard.jpg\" alt=\"\" class=\"wp-image-2999\" srcset=\"https:\/\/bis-art.com\/wp-content\/uploads\/2023\/06\/GalerieOtero_ClaudiePoinsard.jpg 1440w, https:\/\/bis-art.com\/wp-content\/uploads\/2023\/06\/GalerieOtero_ClaudiePoinsard-300x298.jpg 300w, https:\/\/bis-art.com\/wp-content\/uploads\/2023\/06\/GalerieOtero_ClaudiePoinsard-150x150.jpg 150w, https:\/\/bis-art.com\/wp-content\/uploads\/2023\/06\/GalerieOtero_ClaudiePoinsard-768x763.jpg 768w\" sizes=\"(max-width: 1440px) 100vw, 1440px\" \/><figcaption><strong>Claudie Poinsard<\/strong><br>Cours y vite<br>TM sur toile<br>30 x 30 cm<\/figcaption><\/figure><\/div>\n\n\n\n<p><\/p>\n\n\n\n<p><strong data-rich-text-format-boundary=\"true\">Galerie Ot\u00e9ro<\/strong><br data-rich-text-line-break=\"true\">81 rue Grande<br data-rich-text-line-break=\"true\">06570 Saint-Paul-de-Vence<br data-rich-text-line-break=\"true\"><strong><a href=\"https:\/\/galerie-otero.com\/\" target=\"_blank\" rel=\"noreferrer noopener\">galerie-otero.com<\/a><\/strong><\/p>\n\n\n\n<p><\/p>\n<\/div>\n\n\n\n<div class=\"wp-block-column is-vertically-aligned-top\" style=\"flex-basis:66.66%\">\n<p>La galerie Ot\u00e9ro pr\u00e9sente cet \u00e9t\u00e9 deux artistes, Claudie Poinsard et Fr\u00e9d\u00e9ric Lange, dont les \u0153uvres spontan\u00e9es et d\u2019une grande sensibilit\u00e9 sont centr\u00e9es sur la m\u00e9moire, la nature et les corps.<\/p>\n<p><b>La galerie Ot\u00e9ro pr\u00e9sente Claudie Poinsard<\/b><\/p>\n<p>Claudie Poinsard est n\u00e9e \u00e0 Douala, de l\u2019improbable rencontre entre une jeune camerounaise dont la famille a des origines s\u00e9culaires \u00e0 Bonapriso et un ing\u00e9nieur g\u00e9om\u00e8tre fran\u00e7ais issu des terroirs lorrains et proven\u00e7aux. N\u00e9e entre deux cultures, elle expose sur la sc\u00e8ne internationale une \u0153uvre peinte riche et dense.<\/p>\n<p>Dans son approche plastique, elle envisage des corps aux limites de leur repr\u00e9sentation. Sa th\u00e9matique vise \u00e0 d\u00e9construire la belle forme du corps, celle du double en miroir pour en laisser paraitre la vacuit\u00e9. L\u2019image du corps, fondue ou figur\u00e9e, perdue dans la mati\u00e8re et inscrite dans le trait, se fragmente laissant entrevoir l\u2019arbitraire de son enveloppe. Les axes principaux de son travail appr\u00e9hendent l\u2019humanit\u00e9 moderne : la question des racines, la culture du d\u00e9chet, le culte du beau, la solitude dans l\u2019\u00eatre.<\/p>\n<p>\u00a0<\/p>\n\n\n\n<hr class=\"wp-block-separator has-text-color has-background has-ast-global-color-0-background-color has-ast-global-color-0-color is-style-wide\"\/>\n\n\n\n<p><em>This summer, Galerie Ot\u00e9ro is presenting two artists, Claudie Poinsard and Fr\u00e9d\u00e9ric Lange, whose spontaneous, highly sensitive works focus on memory, nature and the body.<\/em><\/p>\n<p><em><b>Galerie Ot\u00e9ro presents Claudie Poinsard<\/b><\/em><\/p>\n<p><em>Claudie Poinsard was born in Douala, the result of an unlikely meeting between a young Cameroonian woman whose family has centuries-old roots in Bonapriso and a French surveyor with roots in Lorraine and Provence. Born between two cultures, she has exhibited a rich and dense body of work on the international scene.<\/em><\/p>\n<p><em>In her approach to art, she considers bodies at the limits of their representation. Her theme aims to deconstruct the beautiful form of the body, that of the mirrored double, to reveal its emptiness. The image of the body, fused or figurative, lost in the material and inscribed in the line, becomes fragmented, revealing the arbitrariness of its envelope. The main themes of his work reflect modern humanity: the question of roots, the culture of waste, the cult of beauty, the solitude of being.<\/em><\/p>\n\n\n\n<p><\/p>\n<\/div>\n<\/div>\n\n\n\n<hr class=\"wp-block-separator has-text-color has-background has-ast-global-color-0-background-color has-ast-global-color-0-color is-style-wide\"\/>\n\n\n<p><a href=\"https:\/\/bis-art.com\/index.php\/2023-le-parcours-des-galeries\/\"><span style=\"color: #4b86c7;\"><strong>&gt; Retour &nbsp;Le parcours des galeries de Saint-Paul de Vence<\/strong><\/span><\/a><\/p>\n\n\n<div style=\"height:60px\" aria-hidden=\"true\" class=\"wp-block-spacer\"><\/div>\n","protected":false},"excerpt":{"rendered":"<p>Edition 2023 &#8211; une galerie &#8211; un artiste Galerie Ot\u00e9ro Galerie Ot\u00e9ro81 rue Grande06570 Saint-Paul-de-Vencegalerie-otero.com La galerie Ot\u00e9ro pr\u00e9sente cet \u00e9t\u00e9 deux artistes, Claudie Poinsard et Fr\u00e9d\u00e9ric Lange, dont les \u0153uvres spontan\u00e9es et d\u2019une grande sensibilit\u00e9 sont centr\u00e9es sur la m\u00e9moire, la nature et les corps. La galerie Ot\u00e9ro pr\u00e9sente Claudie Poinsard Claudie Poinsard est &hellip;<\/p>\n<p class=\"read-more\"> <a class=\"\" href=\"https:\/\/bis-art.com\/index.php\/2023-parcours-galerie-otero\/\"> <span class=\"screen-reader-text\">2023-Parcours-Galerie Ot\u00e9ro<\/span> Lire la suite \u00bb<\/a><\/p>\n","protected":false},"author":1,"featured_media":0,"parent":0,"menu_order":0,"comment_status":"closed","ping_status":"closed","template":"","meta":{"site-sidebar-layout":"default","site-content-layout":"default","ast-global-header-display":"","ast-main-header-display":"","ast-hfb-above-header-display":"","ast-hfb-below-header-display":"","ast-hfb-mobile-header-display":"","site-post-title":"disabled","ast-breadcrumbs-content":"","ast-featured-img":"","footer-sml-layout":"","theme-transparent-header-meta":"","adv-header-id-meta":"","stick-header-meta":"","header-above-stick-meta":"","header-main-stick-meta":"","header-below-stick-meta":""},"_links":{"self":[{"href":"https:\/\/bis-art.com\/index.php\/wp-json\/wp\/v2\/pages\/2998"}],"collection":[{"href":"https:\/\/bis-art.com\/index.php\/wp-json\/wp\/v2\/pages"}],"about":[{"href":"https:\/\/bis-art.com\/index.php\/wp-json\/wp\/v2\/types\/page"}],"author":[{"embeddable":true,"href":"https:\/\/bis-art.com\/index.php\/wp-json\/wp\/v2\/users\/1"}],"replies":[{"embeddable":true,"href":"https:\/\/bis-art.com\/index.php\/wp-json\/wp\/v2\/comments?post=2998"}],"version-history":[{"count":8,"href":"https:\/\/bis-art.com\/index.php\/wp-json\/wp\/v2\/pages\/2998\/revisions"}],"predecessor-version":[{"id":3080,"href":"https:\/\/bis-art.com\/index.php\/wp-json\/wp\/v2\/pages\/2998\/revisions\/3080"}],"wp:attachment":[{"href":"https:\/\/bis-art.com\/index.php\/wp-json\/wp\/v2\/media?parent=2998"}],"curies":[{"name":"wp","href":"https:\/\/api.w.org\/{rel}","templated":true}]}}