{"id":3012,"date":"2023-06-10T18:44:04","date_gmt":"2023-06-10T16:44:04","guid":{"rendered":"https:\/\/bis-art.com\/?page_id=3012"},"modified":"2023-06-11T10:55:30","modified_gmt":"2023-06-11T08:55:30","slug":"2023-parcours-galerie-catherine-issert","status":"publish","type":"page","link":"https:\/\/bis-art.com\/index.php\/2023-parcours-galerie-catherine-issert\/","title":{"rendered":"2023-Parcours-Galerie Catherine Issert"},"content":{"rendered":"\n<div style=\"height:60px\" aria-hidden=\"true\" class=\"wp-block-spacer\"><\/div>\n\n\n<h2><span style=\"color: #4b86c7;\">Edition 2023 &#8211; <\/span><span style=\"color: #4b86c7;\">une galerie &#8211; un artiste<\/span><\/h2>\n<h2>Galerie Catherine Issert<\/h2>\n\n\n<div style=\"height:30px\" aria-hidden=\"true\" class=\"wp-block-spacer\"><\/div>\n\n\n\n<div class=\"wp-block-columns\">\n<div class=\"wp-block-column is-vertically-aligned-top\" style=\"flex-basis:33.33%\">\n<div class=\"wp-block-image is-style-default\"><figure class=\"alignleft size-large\"><img loading=\"lazy\" width=\"1080\" height=\"1440\" src=\"https:\/\/bis-art.com\/wp-content\/uploads\/2023\/06\/GalerieCatherineIssert_MartinBelou.jpg\" alt=\"\" class=\"wp-image-3013\" srcset=\"https:\/\/bis-art.com\/wp-content\/uploads\/2023\/06\/GalerieCatherineIssert_MartinBelou.jpg 1080w, https:\/\/bis-art.com\/wp-content\/uploads\/2023\/06\/GalerieCatherineIssert_MartinBelou-225x300.jpg 225w, https:\/\/bis-art.com\/wp-content\/uploads\/2023\/06\/GalerieCatherineIssert_MartinBelou-768x1024.jpg 768w\" sizes=\"(max-width: 1080px) 100vw, 1080px\" \/><figcaption><strong><strong>Martin Belou<br><\/strong><\/strong>Chambre, 2021<br>Calebasse, algue, gr\u00e8s, laiton et acier,<br>73x20x44 cm<br>Courtesy de l\u2019artiste et de la galerie Catherine Issert<\/figcaption><\/figure><\/div>\n\n\n\n<p><\/p>\n\n\n\n<p><b>Galerie Catherine Issert<br><\/b>2 route des Serres<br>06570 Saint-Paul-de-Vence<br><span style=\"color: #4b86c7;\"><strong><a style=\"color: #4b86c7;\" href=\"https:\/\/www.galerie-issert.com\" target=\"_blank\" rel=\"noopener\">www.galerie-issert.com<\/a><\/strong><\/span><\/p>\n<p><\/p>\n\n\n\n<p><\/p>\n<\/div>\n\n\n\n<div class=\"wp-block-column is-vertically-aligned-top\" style=\"flex-basis:66.66%\">\n<p>Depuis 1975, la galerie Catherine Issert d\u00e9veloppe une programmation artistique tourn\u00e9e vers les artistes de la sc\u00e8ne contemporaine internationale.\u00a0<\/p>\n<p><b>La galerie Catherine Issert pr\u00e9sente Martin Belou<\/b><\/p>\n<p>Martin Belou (l\u2019Union, 1986) est un artiste qui cr\u00e9e des situations performatives et des exp\u00e9riences utilisant les \u00e9l\u00e9ments (terre, eau, air, feu). Conduit par l\u2019intuition et un savoir-faire artisanal, l\u2019artiste combine sculpture, dessins et mati\u00e8res organiques dans des installations qui parlent souvent de notions universelles li\u00e9es au travail manuel, la tradition et la communaut\u00e9.<\/p>\n<p>En mars 2019, Martin Belou a pr\u00e9sent\u00e9 sa premi\u00e8re exposition personnelle en galerie \u00e0 Marseille chez Catherine Bastide Projects, en partenariat avec Triangle France \u2013 Ast\u00e9rides. Il a \u00e9galement particip\u00e9 \u00e0 l\u2019exposition \u00ab Futur, Ancien, Fugitif \u00bb d\u00e9di\u00e9e \u00e0 la sc\u00e8ne artistique fran\u00e7aise au Palais de Tokyo, Paris ; puis pr\u00e9sent\u00e9 une exposition personnelle \u00e0 la Bernier\/Eliades Gallery en 2020 et \u00e0 la Galerie Catherine Issert, Nota Bene, en juin 2021.\u00a0<\/p>\n<p>\u00a0<\/p>\n\n\n\n<hr class=\"wp-block-separator has-text-color has-background has-ast-global-color-0-background-color has-ast-global-color-0-color is-style-wide\"\/>\n\n\n\n<p><em>Since 1975, Galerie Catherine Issert has been developing an artistic programme focusing on artists from the international contemporary scene.&nbsp;<\/em><\/p>\n<p><em><b>Galerie Catherine Issert presents Martin Belou<\/b><\/em><\/p>\n<p><em>Martin Belou (l&#8217;Union, 1986) is an artist who creates performative situations and experiments using the elements (earth, water, air, fire). Driven by intuition and craftsmanship, the artist combines sculpture, drawing and organic materials in installations that often speak to universal notions of manual labour, tradition and community. <\/em><\/p>\n<p><em>In March 2019, Martin Belou presented his first solo gallery show in Marseille at Catherine Bastide Projects, in partnership with Triangle France &#8211; Ast\u00e9rides. He also took part in the &#8220;Futur, Ancien, Fugitif&#8221; exhibition dedicated to the French art scene at the Palais de Tokyo, Paris; then presented a solo show at Bernier\/Eliades Gallery in 2020 and at Galerie Catherine Issert, Nota Bene, in June 2021.&nbsp;<\/em><\/p>\n\n\n\n<p><\/p>\n<\/div>\n<\/div>\n\n\n\n<hr class=\"wp-block-separator has-text-color has-background has-ast-global-color-0-background-color has-ast-global-color-0-color is-style-wide\"\/>\n\n\n<p><a href=\"https:\/\/bis-art.com\/index.php\/2023-le-parcours-des-galeries\/\"><span style=\"color: #4b86c7;\"><strong>&gt; Retour &nbsp;Le parcours des galeries de Saint-Paul de Vence<\/strong><\/span><\/a><\/p>\n\n\n<div style=\"height:60px\" aria-hidden=\"true\" class=\"wp-block-spacer\"><\/div>\n","protected":false},"excerpt":{"rendered":"<p>Edition 2023 &#8211; une galerie &#8211; un artiste Galerie Catherine Issert Galerie Catherine Issert2 route des Serres06570 Saint-Paul-de-Vencewww.galerie-issert.com Depuis 1975, la galerie Catherine Issert d\u00e9veloppe une programmation artistique tourn\u00e9e vers les artistes de la sc\u00e8ne contemporaine internationale.\u00a0 La galerie Catherine Issert pr\u00e9sente Martin Belou Martin Belou (l\u2019Union, 1986) est un artiste qui cr\u00e9e des situations &hellip;<\/p>\n<p class=\"read-more\"> <a class=\"\" href=\"https:\/\/bis-art.com\/index.php\/2023-parcours-galerie-catherine-issert\/\"> <span class=\"screen-reader-text\">2023-Parcours-Galerie Catherine Issert<\/span> Lire la suite \u00bb<\/a><\/p>\n","protected":false},"author":1,"featured_media":0,"parent":0,"menu_order":0,"comment_status":"closed","ping_status":"closed","template":"","meta":{"site-sidebar-layout":"default","site-content-layout":"default","ast-global-header-display":"","ast-main-header-display":"","ast-hfb-above-header-display":"","ast-hfb-below-header-display":"","ast-hfb-mobile-header-display":"","site-post-title":"disabled","ast-breadcrumbs-content":"","ast-featured-img":"","footer-sml-layout":"","theme-transparent-header-meta":"","adv-header-id-meta":"","stick-header-meta":"","header-above-stick-meta":"","header-main-stick-meta":"","header-below-stick-meta":""},"_links":{"self":[{"href":"https:\/\/bis-art.com\/index.php\/wp-json\/wp\/v2\/pages\/3012"}],"collection":[{"href":"https:\/\/bis-art.com\/index.php\/wp-json\/wp\/v2\/pages"}],"about":[{"href":"https:\/\/bis-art.com\/index.php\/wp-json\/wp\/v2\/types\/page"}],"author":[{"embeddable":true,"href":"https:\/\/bis-art.com\/index.php\/wp-json\/wp\/v2\/users\/1"}],"replies":[{"embeddable":true,"href":"https:\/\/bis-art.com\/index.php\/wp-json\/wp\/v2\/comments?post=3012"}],"version-history":[{"count":4,"href":"https:\/\/bis-art.com\/index.php\/wp-json\/wp\/v2\/pages\/3012\/revisions"}],"predecessor-version":[{"id":3088,"href":"https:\/\/bis-art.com\/index.php\/wp-json\/wp\/v2\/pages\/3012\/revisions\/3088"}],"wp:attachment":[{"href":"https:\/\/bis-art.com\/index.php\/wp-json\/wp\/v2\/media?parent=3012"}],"curies":[{"name":"wp","href":"https:\/\/api.w.org\/{rel}","templated":true}]}}