{"id":3025,"date":"2023-06-11T09:57:42","date_gmt":"2023-06-11T07:57:42","guid":{"rendered":"https:\/\/bis-art.com\/?page_id=3025"},"modified":"2023-06-12T11:57:56","modified_gmt":"2023-06-12T09:57:56","slug":"2023-parcours-galerie-le-capricorne","status":"publish","type":"page","link":"https:\/\/bis-art.com\/index.php\/2023-parcours-galerie-le-capricorne\/","title":{"rendered":"2023-Parcours-Galerie Le Capricorne"},"content":{"rendered":"\n<div style=\"height:60px\" aria-hidden=\"true\" class=\"wp-block-spacer\"><\/div>\n\n\n<h2><span style=\"color: #4b86c7;\">Edition 2023 &#8211; <\/span><span style=\"color: #4b86c7;\">une galerie &#8211; un artiste<\/span><\/h2>\n<h2>Galerie Le Capricorne<\/h2>\n\n\n<div style=\"height:30px\" aria-hidden=\"true\" class=\"wp-block-spacer\"><\/div>\n\n\n\n<div class=\"wp-block-columns\">\n<div class=\"wp-block-column is-vertically-aligned-top\" style=\"flex-basis:33.33%\">\n<div class=\"wp-block-image is-style-default\"><figure class=\"alignleft size-large\"><img loading=\"lazy\" width=\"1080\" height=\"1440\" src=\"https:\/\/bis-art.com\/wp-content\/uploads\/2023\/06\/GalerieLeCapricorne_JeanPierreMillas_Fusion.jpg\" alt=\"\" class=\"wp-image-3026\" srcset=\"https:\/\/bis-art.com\/wp-content\/uploads\/2023\/06\/GalerieLeCapricorne_JeanPierreMillas_Fusion.jpg 1080w, https:\/\/bis-art.com\/wp-content\/uploads\/2023\/06\/GalerieLeCapricorne_JeanPierreMillas_Fusion-225x300.jpg 225w, https:\/\/bis-art.com\/wp-content\/uploads\/2023\/06\/GalerieLeCapricorne_JeanPierreMillas_Fusion-768x1024.jpg 768w\" sizes=\"(max-width: 1080px) 100vw, 1080px\" \/><figcaption><strong>Jean-Pierre Millas<\/strong><\/figcaption><\/figure><\/div>\n\n\n\n<p><\/p>\n\n\n\n<p><b>Galerie Le Capricorne<\/b><br \/>1 &amp; 64 rue Grande<br \/>06570 Saint-Paul-de-Vence<br \/><a href=\"https:\/\/www.galeriecapricorne.com\/\" target=\"_blank\" rel=\"noopener\"><strong>www.galeriecapricorne.com<\/strong><\/a><\/p>\n<p>\u00a0<\/p>\n\n\n\n<p><\/p>\n<\/div>\n\n\n\n<div class=\"wp-block-column is-vertically-aligned-top\" style=\"flex-basis:66.66%\">\n<p>La galerie Le Capricorne pr\u00e9sente depuis plus de 25 ans une collection unique d&#8217;\u0153uvres d&#8217;art moderne et contemporain, dans deux galeries \u00e0 l&#8217;int\u00e9rieur des remparts Rue Grande \u00e0 Saint-Paul de Vence.<\/p>\n<p><b>La galerie Le Capricorne pr\u00e9sente Jean-Pierre Millas<\/b><\/p>\n<p>Jean-Pierre Millas, artiste cr\u00e9ateur plasticien, travaille et vit dans le sud de la France.<br>Influenc\u00e9 par l\u2019abstraction lyrique, en recherche de l\u2019esth\u00e9tique des formes, c\u2019est dans cet univers que ses sculptures prennent vie.<\/p>\n<p><\/p>\n\n\n\n<hr class=\"wp-block-separator has-text-color has-background has-ast-global-color-0-background-color has-ast-global-color-0-color is-style-wide\"\/>\n\n\n\n<p><em>Galerie Le Capricorne has been presenting a unique collection of modern and contemporary art for over 25 years, in two galleries inside the ramparts on Rue Grande in Saint-Paul de Vence.<\/em><\/p>\n<p><em><b>Le Capricorne gallery presents Jean-Pierre Millas<\/b><\/em><\/p>\n<p><em>Jean-Pierre Millas, a creative visual artist, works and lives in the south of France.<\/em><br><em>Influenced by lyrical abstraction and in search of the aesthetics of form, it is in this universe that his sculptures come to life.<\/em><\/p>\n\n\n\n<p><\/p>\n<\/div>\n<\/div>\n\n\n\n<hr class=\"wp-block-separator has-text-color has-background has-ast-global-color-0-background-color has-ast-global-color-0-color is-style-wide\"\/>\n\n\n<p><a href=\"https:\/\/bis-art.com\/index.php\/2023-le-parcours-des-galeries\/\"><span style=\"color: #4b86c7;\"><strong>&gt; Retour &nbsp;Le parcours des galeries de Saint-Paul de Vence<\/strong><\/span><\/a><\/p>\n\n\n<div style=\"height:60px\" aria-hidden=\"true\" class=\"wp-block-spacer\"><\/div>\n","protected":false},"excerpt":{"rendered":"<p>Edition 2023 &#8211; une galerie &#8211; un artiste Galerie Le Capricorne Galerie Le Capricorne1 &amp; 64 rue Grande06570 Saint-Paul-de-Vencewww.galeriecapricorne.com \u00a0 La galerie Le Capricorne pr\u00e9sente depuis plus de 25 ans une collection unique d&#8217;\u0153uvres d&#8217;art moderne et contemporain, dans deux galeries \u00e0 l&#8217;int\u00e9rieur des remparts Rue Grande \u00e0 Saint-Paul de Vence. La galerie Le Capricorne &hellip;<\/p>\n<p class=\"read-more\"> <a class=\"\" href=\"https:\/\/bis-art.com\/index.php\/2023-parcours-galerie-le-capricorne\/\"> <span class=\"screen-reader-text\">2023-Parcours-Galerie Le Capricorne<\/span> Lire la suite \u00bb<\/a><\/p>\n","protected":false},"author":1,"featured_media":0,"parent":0,"menu_order":0,"comment_status":"closed","ping_status":"closed","template":"","meta":{"site-sidebar-layout":"default","site-content-layout":"default","ast-global-header-display":"","ast-main-header-display":"","ast-hfb-above-header-display":"","ast-hfb-below-header-display":"","ast-hfb-mobile-header-display":"","site-post-title":"disabled","ast-breadcrumbs-content":"","ast-featured-img":"","footer-sml-layout":"","theme-transparent-header-meta":"","adv-header-id-meta":"","stick-header-meta":"","header-above-stick-meta":"","header-main-stick-meta":"","header-below-stick-meta":""},"_links":{"self":[{"href":"https:\/\/bis-art.com\/index.php\/wp-json\/wp\/v2\/pages\/3025"}],"collection":[{"href":"https:\/\/bis-art.com\/index.php\/wp-json\/wp\/v2\/pages"}],"about":[{"href":"https:\/\/bis-art.com\/index.php\/wp-json\/wp\/v2\/types\/page"}],"author":[{"embeddable":true,"href":"https:\/\/bis-art.com\/index.php\/wp-json\/wp\/v2\/users\/1"}],"replies":[{"embeddable":true,"href":"https:\/\/bis-art.com\/index.php\/wp-json\/wp\/v2\/comments?post=3025"}],"version-history":[{"count":6,"href":"https:\/\/bis-art.com\/index.php\/wp-json\/wp\/v2\/pages\/3025\/revisions"}],"predecessor-version":[{"id":3161,"href":"https:\/\/bis-art.com\/index.php\/wp-json\/wp\/v2\/pages\/3025\/revisions\/3161"}],"wp:attachment":[{"href":"https:\/\/bis-art.com\/index.php\/wp-json\/wp\/v2\/media?parent=3025"}],"curies":[{"name":"wp","href":"https:\/\/api.w.org\/{rel}","templated":true}]}}