{"id":3031,"date":"2023-06-11T10:05:06","date_gmt":"2023-06-11T08:05:06","guid":{"rendered":"https:\/\/bis-art.com\/?page_id=3031"},"modified":"2023-06-11T11:29:40","modified_gmt":"2023-06-11T09:29:40","slug":"2023-parcours-casa-damor-design","status":"publish","type":"page","link":"https:\/\/bis-art.com\/index.php\/2023-parcours-casa-damor-design\/","title":{"rendered":"2023-Parcours-Casa d\u2019Amor Design"},"content":{"rendered":"\n<div style=\"height:60px\" aria-hidden=\"true\" class=\"wp-block-spacer\"><\/div>\n\n\n<h2><span style=\"color: #4b86c7;\">Edition 2023 &#8211; <\/span><span style=\"color: #4b86c7;\">une galerie &#8211; un artiste<\/span><\/h2>\n<h2>Casa d&#8217;Amor Design<\/h2>\n\n\n<div style=\"height:30px\" aria-hidden=\"true\" class=\"wp-block-spacer\"><\/div>\n\n\n\n<div class=\"wp-block-columns\">\n<div class=\"wp-block-column is-vertically-aligned-top\" style=\"flex-basis:33.33%\">\n<div class=\"wp-block-image is-style-default\"><figure class=\"alignleft size-large\"><img loading=\"lazy\" width=\"1440\" height=\"1434\" src=\"https:\/\/bis-art.com\/wp-content\/uploads\/2023\/06\/CasadAmorDesign_VirginieDelmas.jpg\" alt=\"\" class=\"wp-image-3032\" srcset=\"https:\/\/bis-art.com\/wp-content\/uploads\/2023\/06\/CasadAmorDesign_VirginieDelmas.jpg 1440w, https:\/\/bis-art.com\/wp-content\/uploads\/2023\/06\/CasadAmorDesign_VirginieDelmas-300x300.jpg 300w, https:\/\/bis-art.com\/wp-content\/uploads\/2023\/06\/CasadAmorDesign_VirginieDelmas-150x150.jpg 150w, https:\/\/bis-art.com\/wp-content\/uploads\/2023\/06\/CasadAmorDesign_VirginieDelmas-768x765.jpg 768w\" sizes=\"(max-width: 1440px) 100vw, 1440px\" \/><figcaption><strong>Virginie Delmas<\/strong><br>Rizi\u00e8re, 2022<br>Technique mixte sur toile <br>100cm x 100cm<\/figcaption><\/figure><\/div>\n\n\n\n<p><\/p>\n\n\n\n<p><b>Casa d\u2019Amor Design<\/b><br>62 rue Grande<br>06570 Saint-Paul-de-Vence<br><strong><a href=\"https:\/\/casadamordesign.com\/\" target=\"_blank\" rel=\"noopener\">casadamordesign.com<\/a><\/strong><\/p>\n<p><\/p>\n\n\n\n<p><\/p>\n<\/div>\n\n\n\n<div class=\"wp-block-column is-vertically-aligned-top\" style=\"flex-basis:66.66%\">\n<p>La galerie situ\u00e9e au c\u0153ur du village de Saint-Paul-de-Vence depuis 15 ans a r\u00e9ussi \u00e0 allier \u00ab\u2009l\u2019art contemporain\u2009\u00bb \u00e0 travers de grands artistes internationaux et locaux, avec l\u2019histoire de \u00ab\u2009l\u2019art moderne\u2009\u00bb dans la m\u00e9moire des Grand Maitres.<\/p>\n<p><b>Casa d&#8217;Amor Design pr\u00e9sente Virginie Delmas<\/b><\/p>\n<p>La peinture de Virginie Delmas joue sur les superpositions et fait vibrer la mati\u00e8re pour donner \u00e0 voir la fulgurance d\u2019un moment, en r\u00e9v\u00e9ler la po\u00e9sie, et singulariser l\u2019essence du monde qui nous entoure.<\/p>\n<p>Son travail pictural se nourrit de sa connaissance des grands Maitres, mais surtout de l\u2019observation incessante du monde qui l\u2019entoure, et plus particuli\u00e8rement, de son regard pos\u00e9 les gens.<\/p>\n<p>Ses \u0153uvres se composent autour d\u2019un geste, d\u2019une intention, d\u2019un d\u00e9tail insoup\u00e7onn\u00e9. Chaque fragment de posture, saisi sur le vif, r\u00e9v\u00e8le la po\u00e9sie de l\u2019ordinaire. La vibration d\u2019une couleur, le miroitement d\u2019une lumi\u00e8re, le chatoiement d\u2019une \u00e9toffe, l\u2019iridescence d\u2019un reflet guident l\u2019artiste afin de capter et de transmettre la fulgurance de ces \u00e9clats du monde.<\/p>\n<p><\/p>\n\n\n\n<hr class=\"wp-block-separator has-text-color has-background has-ast-global-color-0-background-color has-ast-global-color-0-color is-style-wide\"\/>\n\n\n\n<p><em>Located in the heart of the village of Saint-Paul-de-Vence for the past 15 years, the gallery has succeeded in combining &#8220;contemporary art&#8221; by major international and local artists, with the history of &#8220;modern art&#8221; in the memory of the Great Masters.<\/em><\/p>\n<p><em><b>Casa d&#8217;Amor Design presents Virginie Delmas<\/b><\/em><\/p>\n<p><em>Virginie Delmas&#8217;s painting plays on superimpositions and makes the material vibrate to reveal the flash of a moment, to reveal its poetry, and to single out the essence of the world around us.<\/em><\/p>\n<p><em>Her pictorial work is nourished by her knowledge of the great Masters, but above all by her incessant observation of the world around her, and more particularly by her way of looking at people.<\/em><\/p>\n<p><em>His works are built around a gesture, an intention, an unsuspected detail. Each fragment of posture, captured on the spot, reveals the poetry of the ordinary. The vibration of a colour, the shimmer of a light, the shimmer of a fabric, the iridescence of a reflection guide the artist in capturing and transmitting the dazzle of these flashes of the world.<\/em><\/p>\n\n\n\n<p><\/p>\n<\/div>\n<\/div>\n\n\n\n<hr class=\"wp-block-separator has-text-color has-background has-ast-global-color-0-background-color has-ast-global-color-0-color is-style-wide\"\/>\n\n\n<p><a href=\"https:\/\/bis-art.com\/index.php\/2023-le-parcours-des-galeries\/\"><span style=\"color: #4b86c7;\"><strong>&gt; Retour &nbsp;Le parcours des galeries de Saint-Paul de Vence<\/strong><\/span><\/a><\/p>\n\n\n<div style=\"height:60px\" aria-hidden=\"true\" class=\"wp-block-spacer\"><\/div>\n","protected":false},"excerpt":{"rendered":"<p>Edition 2023 &#8211; une galerie &#8211; un artiste Casa d&#8217;Amor Design Casa d\u2019Amor Design62 rue Grande06570 Saint-Paul-de-Vencecasadamordesign.com La galerie situ\u00e9e au c\u0153ur du village de Saint-Paul-de-Vence depuis 15 ans a r\u00e9ussi \u00e0 allier \u00ab\u2009l\u2019art contemporain\u2009\u00bb \u00e0 travers de grands artistes internationaux et locaux, avec l\u2019histoire de \u00ab\u2009l\u2019art moderne\u2009\u00bb dans la m\u00e9moire des Grand Maitres. Casa &hellip;<\/p>\n<p class=\"read-more\"> <a class=\"\" href=\"https:\/\/bis-art.com\/index.php\/2023-parcours-casa-damor-design\/\"> <span class=\"screen-reader-text\">2023-Parcours-Casa d\u2019Amor Design<\/span> Lire la suite \u00bb<\/a><\/p>\n","protected":false},"author":1,"featured_media":0,"parent":0,"menu_order":0,"comment_status":"closed","ping_status":"closed","template":"","meta":{"site-sidebar-layout":"default","site-content-layout":"default","ast-global-header-display":"","ast-main-header-display":"","ast-hfb-above-header-display":"","ast-hfb-below-header-display":"","ast-hfb-mobile-header-display":"","site-post-title":"disabled","ast-breadcrumbs-content":"","ast-featured-img":"","footer-sml-layout":"","theme-transparent-header-meta":"","adv-header-id-meta":"","stick-header-meta":"","header-above-stick-meta":"","header-main-stick-meta":"","header-below-stick-meta":""},"_links":{"self":[{"href":"https:\/\/bis-art.com\/index.php\/wp-json\/wp\/v2\/pages\/3031"}],"collection":[{"href":"https:\/\/bis-art.com\/index.php\/wp-json\/wp\/v2\/pages"}],"about":[{"href":"https:\/\/bis-art.com\/index.php\/wp-json\/wp\/v2\/types\/page"}],"author":[{"embeddable":true,"href":"https:\/\/bis-art.com\/index.php\/wp-json\/wp\/v2\/users\/1"}],"replies":[{"embeddable":true,"href":"https:\/\/bis-art.com\/index.php\/wp-json\/wp\/v2\/comments?post=3031"}],"version-history":[{"count":6,"href":"https:\/\/bis-art.com\/index.php\/wp-json\/wp\/v2\/pages\/3031\/revisions"}],"predecessor-version":[{"id":3107,"href":"https:\/\/bis-art.com\/index.php\/wp-json\/wp\/v2\/pages\/3031\/revisions\/3107"}],"wp:attachment":[{"href":"https:\/\/bis-art.com\/index.php\/wp-json\/wp\/v2\/media?parent=3031"}],"curies":[{"name":"wp","href":"https:\/\/api.w.org\/{rel}","templated":true}]}}